{"id":2,"date":"2021-04-22T13:34:32","date_gmt":"2021-04-22T11:34:32","guid":{"rendered":"https:\/\/www2.hu-berlin.de\/crimscapes\/?page_id=2"},"modified":"2021-05-20T14:22:30","modified_gmt":"2021-05-20T12:22:30","slug":"contact","status":"publish","type":"page","link":"https:\/\/www2.hu-berlin.de\/crimscapes\/contact\/","title":{"rendered":"Contact"},"content":{"rendered":"\n<p>For any inquiries or to report a barrier on this website, please get in touch via e-mail to crimscapes [at] hu-berlin.de or use the contact form below.<\/p>\n\n\n\n<h2 class=\"wp-block-heading\" id=\"Barriere\"><img loading=\"lazy\" decoding=\"async\" width=\"30\" height=\"30\" class=\"wp-image-13\" style=\"width: 30px;\" src=\"https:\/\/www2.hu-berlin.de\/crimscapes\/wp-content\/uploads\/2021\/04\/cropped-logo_CrimScapes_cross_CMYK.jpg\" alt=\"\" srcset=\"https:\/\/www2.hu-berlin.de\/crimscapes\/wp-content\/uploads\/2021\/04\/cropped-logo_CrimScapes_cross_CMYK.jpg 512w, https:\/\/www2.hu-berlin.de\/crimscapes\/wp-content\/uploads\/2021\/04\/cropped-logo_CrimScapes_cross_CMYK-300x300.jpg 300w, https:\/\/www2.hu-berlin.de\/crimscapes\/wp-content\/uploads\/2021\/04\/cropped-logo_CrimScapes_cross_CMYK-150x150.jpg 150w, https:\/\/www2.hu-berlin.de\/crimscapes\/wp-content\/uploads\/2021\/04\/cropped-logo_CrimScapes_cross_CMYK-270x270.jpg 270w, https:\/\/www2.hu-berlin.de\/crimscapes\/wp-content\/uploads\/2021\/04\/cropped-logo_CrimScapes_cross_CMYK-192x192.jpg 192w, https:\/\/www2.hu-berlin.de\/crimscapes\/wp-content\/uploads\/2021\/04\/cropped-logo_CrimScapes_cross_CMYK-180x180.jpg 180w, https:\/\/www2.hu-berlin.de\/crimscapes\/wp-content\/uploads\/2021\/04\/cropped-logo_CrimScapes_cross_CMYK-32x32.jpg 32w\" sizes=\"auto, (max-width: 30px) 100vw, 30px\" \/> Digital<\/h2>\n\n\n\n<div class=\"wp-block-contact-form-7-contact-form-selector\">\n<div class=\"wpcf7 no-js\" id=\"wpcf7-f54-o1\" lang=\"en-US\" dir=\"ltr\" data-wpcf7-id=\"54\">\n<div class=\"screen-reader-response\"><p role=\"status\" aria-live=\"polite\" aria-atomic=\"true\"><\/p> <ul><\/ul><\/div>\n<form action=\"\/crimscapes\/wp-json\/wp\/v2\/pages\/2#wpcf7-f54-o1\" method=\"post\" class=\"wpcf7-form init\" aria-label=\"Contact form\" novalidate=\"novalidate\" data-status=\"init\">\n<fieldset class=\"hidden-fields-container\"><input type=\"hidden\" name=\"_wpcf7\" value=\"54\" \/><input type=\"hidden\" name=\"_wpcf7_version\" value=\"6.1.5\" \/><input type=\"hidden\" name=\"_wpcf7_locale\" value=\"en_US\" \/><input type=\"hidden\" name=\"_wpcf7_unit_tag\" value=\"wpcf7-f54-o1\" \/><input type=\"hidden\" name=\"_wpcf7_container_post\" value=\"0\" \/><input type=\"hidden\" name=\"_wpcf7_posted_data_hash\" value=\"\" \/>\n<\/fieldset>\n<p><label> Your name<br \/>\n<span class=\"wpcf7-form-control-wrap\" data-name=\"your-name\"><input size=\"40\" maxlength=\"400\" class=\"wpcf7-form-control wpcf7-text wpcf7-validates-as-required\" aria-required=\"true\" aria-invalid=\"false\" value=\"\" type=\"text\" name=\"your-name\" \/><\/span> <\/label>\n<\/p>\n<p><label> Your email<br \/>\n<span class=\"wpcf7-form-control-wrap\" data-name=\"your-email\"><input size=\"40\" maxlength=\"400\" class=\"wpcf7-form-control wpcf7-email wpcf7-validates-as-required wpcf7-text wpcf7-validates-as-email\" aria-required=\"true\" aria-invalid=\"false\" value=\"\" type=\"email\" name=\"your-email\" \/><\/span> <\/label>\n<\/p>\n<p><label> Subject<br \/>\n<span class=\"wpcf7-form-control-wrap\" data-name=\"your-subject\"><input size=\"40\" maxlength=\"400\" class=\"wpcf7-form-control wpcf7-text wpcf7-validates-as-required\" aria-required=\"true\" aria-invalid=\"false\" value=\"\" type=\"text\" name=\"your-subject\" \/><\/span> <\/label>\n<\/p>\n<p><label> Your message (optional)<br \/>\n<span class=\"wpcf7-form-control-wrap\" data-name=\"your-message\"><textarea cols=\"40\" rows=\"10\" maxlength=\"2000\" class=\"wpcf7-form-control wpcf7-textarea\" aria-invalid=\"false\" name=\"your-message\"><\/textarea><\/span> <\/label>\n<\/p>\n<p><input class=\"wpcf7-form-control wpcf7-submit has-spinner\" type=\"submit\" value=\"Submit\" \/>\n<\/p><div class=\"wpcf7-response-output\" aria-hidden=\"true\"><\/div>\n<\/form>\n<\/div>\n<\/div>\n\n\n\n<h2 class=\"wp-block-heading\"><img loading=\"lazy\" decoding=\"async\" width=\"30\" height=\"30\" class=\"wp-image-13\" style=\"width: 30px;\" src=\"https:\/\/www2.hu-berlin.de\/crimscapes\/wp-content\/uploads\/2021\/04\/cropped-logo_CrimScapes_cross_CMYK.jpg\" alt=\"\" srcset=\"https:\/\/www2.hu-berlin.de\/crimscapes\/wp-content\/uploads\/2021\/04\/cropped-logo_CrimScapes_cross_CMYK.jpg 512w, https:\/\/www2.hu-berlin.de\/crimscapes\/wp-content\/uploads\/2021\/04\/cropped-logo_CrimScapes_cross_CMYK-300x300.jpg 300w, https:\/\/www2.hu-berlin.de\/crimscapes\/wp-content\/uploads\/2021\/04\/cropped-logo_CrimScapes_cross_CMYK-150x150.jpg 150w, https:\/\/www2.hu-berlin.de\/crimscapes\/wp-content\/uploads\/2021\/04\/cropped-logo_CrimScapes_cross_CMYK-270x270.jpg 270w, https:\/\/www2.hu-berlin.de\/crimscapes\/wp-content\/uploads\/2021\/04\/cropped-logo_CrimScapes_cross_CMYK-192x192.jpg 192w, https:\/\/www2.hu-berlin.de\/crimscapes\/wp-content\/uploads\/2021\/04\/cropped-logo_CrimScapes_cross_CMYK-180x180.jpg 180w, https:\/\/www2.hu-berlin.de\/crimscapes\/wp-content\/uploads\/2021\/04\/cropped-logo_CrimScapes_cross_CMYK-32x32.jpg 32w\" sizes=\"auto, (max-width: 30px) 100vw, 30px\" \/> Postal <\/h2>\n\n\n\n<div class=\"wp-block-columns is-layout-flex wp-container-core-columns-is-layout-9d6595d7 wp-block-columns-is-layout-flex\">\n<div class=\"wp-block-column is-layout-flow wp-block-column-is-layout-flow\" style=\"flex-basis:66.66%\">\n<p>Institut f\u00fcr Europ\u00e4ische Ethnologie<br>Humboldt-Universit\u00e4t zu Berlin<br>M\u00f8hrenstra\u00dfe 40\/41<br>10117 Berlin, Germany<\/p>\n<\/div>\n\n\n\n<div class=\"wp-block-column is-layout-flow wp-block-column-is-layout-flow\" style=\"flex-basis:33.33%\">\n<div class=\"wp-block-image\"><figure class=\"aligncenter size-large\"><img loading=\"lazy\" decoding=\"async\" width=\"94\" height=\"94\" src=\"https:\/\/www2.hu-berlin.de\/crimscapes\/wp-content\/uploads\/2021\/05\/husiegel_bw.gif\" alt=\"\" class=\"wp-image-158\"\/><\/figure><\/div>\n<\/div>\n<\/div>\n\n\n\n<div class=\"wp-block-columns is-layout-flex wp-container-core-columns-is-layout-9d6595d7 wp-block-columns-is-layout-flex\">\n<div class=\"wp-block-column is-layout-flow wp-block-column-is-layout-flow\" style=\"flex-basis:66.66%\">\n<p>Institute of Sociology<br>Jagiellonian University<br>Grodzka 52<br>31-044 Krak\u00f3w, Poland<\/p>\n<\/div>\n\n\n\n<div class=\"wp-block-column is-layout-flow wp-block-column-is-layout-flow\" style=\"flex-basis:33.33%\">\n<div class=\"wp-block-image\"><figure class=\"aligncenter size-large\"><img loading=\"lazy\" decoding=\"async\" width=\"400\" height=\"196\" src=\"https:\/\/www2.hu-berlin.de\/crimscapes\/wp-content\/uploads\/2021\/05\/image_preview.jpg\" alt=\"\" class=\"wp-image-157\" srcset=\"https:\/\/www2.hu-berlin.de\/crimscapes\/wp-content\/uploads\/2021\/05\/image_preview.jpg 400w, https:\/\/www2.hu-berlin.de\/crimscapes\/wp-content\/uploads\/2021\/05\/image_preview-300x147.jpg 300w\" sizes=\"auto, (max-width: 400px) 100vw, 400px\" \/><\/figure><\/div>\n<\/div>\n<\/div>\n\n\n\n<div class=\"wp-block-columns is-layout-flex wp-container-core-columns-is-layout-9d6595d7 wp-block-columns-is-layout-flex\">\n<div class=\"wp-block-column is-layout-flow wp-block-column-is-layout-flow\" style=\"flex-basis:66.66%\">\n<p>Cesdip<br>Universit\u00e9 Paris Saclay, CNRS<br>Immeuble Edison, 43 Boulevard Vauban<br>78280 Guyancourt, France<\/p>\n<\/div>\n\n\n\n<div class=\"wp-block-column is-layout-flow wp-block-column-is-layout-flow\" style=\"flex-basis:33.33%\">\n<div class=\"wp-block-image\"><figure class=\"aligncenter size-large\"><img loading=\"lazy\" decoding=\"async\" width=\"387\" height=\"130\" src=\"https:\/\/www2.hu-berlin.de\/crimscapes\/wp-content\/uploads\/2021\/05\/paris.png\" alt=\"\" class=\"wp-image-160\" srcset=\"https:\/\/www2.hu-berlin.de\/crimscapes\/wp-content\/uploads\/2021\/05\/paris.png 387w, https:\/\/www2.hu-berlin.de\/crimscapes\/wp-content\/uploads\/2021\/05\/paris-300x101.png 300w\" sizes=\"auto, (max-width: 387px) 100vw, 387px\" \/><\/figure><\/div>\n<\/div>\n<\/div>\n\n\n\n<div class=\"wp-block-columns is-layout-flex wp-container-core-columns-is-layout-9d6595d7 wp-block-columns-is-layout-flex\">\n<div class=\"wp-block-column is-layout-flow wp-block-column-is-layout-flow\" style=\"flex-basis:66.66%\">\n<p>University of Helsinki<br>Faculty of Social Sciences<br>P.O 18 (Unioninkatu 35)<br>00014 Helsinki, Finland<\/p>\n<\/div>\n\n\n\n<div class=\"wp-block-column is-layout-flow wp-block-column-is-layout-flow\" style=\"flex-basis:33.33%\">\n<div class=\"wp-block-image\"><figure class=\"aligncenter size-large is-resized\"><img loading=\"lazy\" decoding=\"async\" src=\"https:\/\/www2.hu-berlin.de\/crimscapes\/wp-content\/uploads\/2021\/05\/helsinki.jpg\" alt=\"\" class=\"wp-image-161\" width=\"155\" height=\"126\"\/><\/figure><\/div>\n<\/div>\n<\/div>\n\n\n\n<p><\/p>\n","protected":false},"excerpt":{"rendered":"<p>For any inquiries or to report a barrier on this website, please get in touch via e-mail to crimscapes [at] hu-berlin.de or use the contact form below. Digital Postal Institut f\u00fcr Europ\u00e4ische EthnologieHumboldt-Universit\u00e4t zu BerlinM\u00f8hrenstra\u00dfe 40\/4110117 Berlin, Germany Institute of SociologyJagiellonian UniversityGrodzka 5231-044 Krak\u00f3w, Poland CesdipUniversit\u00e9 Paris Saclay, CNRSImmeuble Edison, 43 Boulevard Vauban78280 Guyancourt, France &hellip; <a href=\"https:\/\/www2.hu-berlin.de\/crimscapes\/contact\/\" class=\"more-link\">Continue reading <span class=\"screen-reader-text\">Contact<\/span><\/a><\/p>\n","protected":false},"author":1,"featured_media":0,"parent":0,"menu_order":0,"comment_status":"closed","ping_status":"closed","template":"","meta":{"footnotes":""},"class_list":["post-2","page","type-page","status-publish","hentry"],"_links":{"self":[{"href":"https:\/\/www2.hu-berlin.de\/crimscapes\/wp-json\/wp\/v2\/pages\/2","targetHints":{"allow":["GET"]}}],"collection":[{"href":"https:\/\/www2.hu-berlin.de\/crimscapes\/wp-json\/wp\/v2\/pages"}],"about":[{"href":"https:\/\/www2.hu-berlin.de\/crimscapes\/wp-json\/wp\/v2\/types\/page"}],"author":[{"embeddable":true,"href":"https:\/\/www2.hu-berlin.de\/crimscapes\/wp-json\/wp\/v2\/users\/1"}],"replies":[{"embeddable":true,"href":"https:\/\/www2.hu-berlin.de\/crimscapes\/wp-json\/wp\/v2\/comments?post=2"}],"version-history":[{"count":11,"href":"https:\/\/www2.hu-berlin.de\/crimscapes\/wp-json\/wp\/v2\/pages\/2\/revisions"}],"predecessor-version":[{"id":162,"href":"https:\/\/www2.hu-berlin.de\/crimscapes\/wp-json\/wp\/v2\/pages\/2\/revisions\/162"}],"wp:attachment":[{"href":"https:\/\/www2.hu-berlin.de\/crimscapes\/wp-json\/wp\/v2\/media?parent=2"}],"curies":[{"name":"wp","href":"https:\/\/api.w.org\/{rel}","templated":true}]}}