{"id":3,"date":"2021-04-22T13:34:32","date_gmt":"2021-04-22T11:34:32","guid":{"rendered":"https:\/\/www2.hu-berlin.de\/crimscapes\/?page_id=3"},"modified":"2021-04-30T08:40:26","modified_gmt":"2021-04-30T06:40:26","slug":"privacy","status":"publish","type":"page","link":"https:\/\/www2.hu-berlin.de\/crimscapes\/privacy\/","title":{"rendered":"Privacy Policy"},"content":{"rendered":"\n<h2 class=\"wp-block-heading\">Who we are<\/h2>\n\n\n\n<p>The <em>CrimScapes Project <\/em>is an initiative of scholars of four universities. For more information see the landing or contact page. Our website adress is www.crimscapes.net. <\/p>\n\n\n\n<h2 class=\"wp-block-heading\">What personal data we collect and why we collect it<\/h2>\n\n\n\n<p>In general, this website can be used without the use of personal data. This means that, in general, when you visit and browse this website, no personal data is being collected. By default, the website does not use and store cookies, the comments feature is disabled, and there are no contact forms on the website. We use of web analysis service which uses neither cookies nor your IP address (see additional information below). It is possible that personal data is processed and stored by third parties in the case of third party content embedded on a page of this website (see additional information below). Personal data is processed and collected in any case if you choose to sign up to our mailing list&nbsp;(see additional information below).<\/p>\n\n\n\n<h3 class=\"wp-block-heading\">Web analytics<\/h3>\n\n\n\n<p>We use the web analysis plugin Statify in order to gather very simple web statistics. The web analysis plugin Statify does not make use of cookies and it <a href=\"https:\/\/github.com\/pluginkollektiv\/statify\/wiki\/de-Datenschutzkonform\">does not process and collect IP addresses<\/a> or any other personal data.<\/p>\n\n\n\n<h3 class=\"wp-block-heading\">Embedded content from other websites<\/h3>\n\n\n\n<p>Articles on this site may include embedded content (e.g. audio, videos, images, articles, etc.). Embedded content from other websites behaves in the exact same way as if the visitor has visited the other website.&nbsp;These websites may collect data about you, use cookies, embed additional third-party tracking, and monitor your interaction with that embedded content, including tracking your interaction with the embedded content if you have an account and are logged in to that website.<\/p>\n\n\n\n<h3 class=\"wp-block-heading\">Mailing list<\/h3>\n\n\n\n<p>You can choose to contact us via the contact form or sign up for our mailing list in order to get updates on our activities and get notified about events\/dates especially. If you chose to do so (meaning that you have signed up for the mailing list), your email address and the date and time of the registration are collected and stored. Your name will be collected and saved too, but only if you choose to state it.<\/p>\n\n\n\n<p>The&nbsp;email address is stored in order to be able to send you information. The other personal data that is collected in the registration process is necessary to prevent abuse of the service and the email address. Therefore the double opt-in method is used for the registration process of the mailing list subscription: This means that the registration is only completed when it is confirmed via visiting a web address which is sent via a initial email. The personal data stated above is used only for distributing information via our mailing list. The personal data is not processed for any other use and it is not shared with third parties.<\/p>\n\n\n\n<p>Once you subscribed to the mailing list, you consent to the data processing as stated above. The legal basis for this data processing is article 6 paragraph 1a of the General Data Protection Regulation (GDPR) of the EU. You can revoke your consent any time by signing off of the mailing list. You have the right to request which personal data is stored by us about you and obtain a copy of the data. For such inquiries and other questions, please contact us. <\/p>\n\n\n\n<h2 class=\"wp-block-heading\">How long we retain your data and whom we share your data with<\/h2>\n\n\n\n<p>Personal information is only stored as long as necessary to fulfill the purpose for the storage or in accordance with laws and regulations. In case you&nbsp;registered for the mailing list, the above stated personal data is stored and processed on servers of the Humboldt-Universit\u00e4t zu Berlin (Humboldt University Berlin) as long as we have your consent and you did not revoke it. Your personal data is deleted once they are not necessary for the purpose of the collection and storage anymore. (Your email address is thus only stored as long as you are subscribed to our mailing list.)<\/p>\n\n\n\n<p>The personal data can only be accessed by the administrators and those responsible of this website (see imprint) and, due to technical reasons, also by <a href=\"https:\/\/www.cms.hu-berlin.de\/de\/ueberblick\/mitarbeiter\">the\u00a0administrators of the mailing list service of the\u00a0Computer and Media Service (Computer- und Medienservice)<\/a> of\u00a0the Humboldt-Universit\u00e4t zu Berlin (Humboldt University Berlin). Personal information is not shared with third parties in any case.<\/p>\n\n\n\n<h2 class=\"wp-block-heading\">What rights you have over your data<\/h2>\n\n\n\n<p>In case you have subscribed to the mailing list, you can request to receive an exported file of the personal data we hold about you, including any data you have provided to us. You can also request that we erase any personal data we hold about you. This does not include any data we are obliged to keep for administrative, legal, or security purposes.<\/p>\n\n\n\n<h2 class=\"wp-block-heading\">Contact information<\/h2>\n\n\n\n<p>Who is the responsible for this website is stated in the imprint. <\/p>\n\n\n\n<p>Responsible in accordance with the&nbsp;General Data Protection Regulation (GDPR) of the EU is the president of&nbsp;the Humboldt-Universit\u00e4t zu Berlin (Humboldt University Berlin). Name, address and contact information is stated in article 1 of the <a href=\"https:\/\/www.hu-berlin.de\/de\/hu\/impressum\/datenschutzerklaerung\">privacy policy for the official website of the&nbsp;Humboldt-Universit\u00e4t zu Berlin<\/a>.<\/p>\n\n\n\n<p>The name, address and contact information of the&nbsp;chief privacy officer of&nbsp;the Humboldt-Universit\u00e4t zu Berlin (Humboldt University Berlin)&nbsp;is stated in article 2 of the <a href=\"https:\/\/www.hu-berlin.de\/de\/hu\/impressum\/datenschutzerklaerung\">privacy policy for the official website of the&nbsp;Humboldt-Universit\u00e4t zu Berlin<\/a>.<\/p>\n\n\n\n<h2 class=\"wp-block-heading\">Wer wir sind<\/h2>\n\n\n\n<p><strong class=\"privacy-policy-tutorial\">Textvorschlag: <\/strong>Die Adresse unserer Website ist: https:\/\/www2.hu-berlin.de\/crimscapes.<\/p>\n\n\n\n<h2 class=\"wp-block-heading\">Kommentare<\/h2>\n\n\n\n<p><strong class=\"privacy-policy-tutorial\">Textvorschlag: <\/strong>Wenn Besucher Kommentare auf der Website schreiben, sammeln wir die Daten, die im Kommentar-Formular angezeigt werden, au\u00dferdem die IP-Adresse des Besuchers und den User-Agent-String (damit wird der Browser identifiziert), um die Erkennung von Spam zu unterst\u00fctzen.<\/p>\n\n\n\n<p>Aus deiner E-Mail-Adresse kann eine anonymisierte Zeichenfolge erstellt (auch Hash genannt) und dem Gravatar-Dienst \u00fcbergeben werden, um zu pr\u00fcfen, ob du diesen benutzt. Die Datenschutzerkl\u00e4rung des Gravatar-Dienstes findest du hier: https:\/\/automattic.com\/privacy\/. Nachdem dein Kommentar freigegeben wurde, ist dein Profilbild \u00f6ffentlich im Kontext deines Kommentars sichtbar.<\/p>\n\n\n\n<h2 class=\"wp-block-heading\">Medien<\/h2>\n\n\n\n<p><strong class=\"privacy-policy-tutorial\">Textvorschlag: <\/strong>Wenn du ein registrierter Benutzer bist und Fotos auf diese Website l\u00e4dst, solltest du vermeiden, Fotos mit einem EXIF-GPS-Standort hochzuladen. Besucher dieser Website k\u00f6nnten Fotos, die auf dieser Website gespeichert sind, herunterladen und deren Standort-Informationen extrahieren.<\/p>\n\n\n\n<h2 class=\"wp-block-heading\">Cookies<\/h2>\n\n\n\n<p><strong class=\"privacy-policy-tutorial\">Textvorschlag: <\/strong>Wenn du einen Kommentar auf unserer Website schreibst, kann das eine Einwilligung sein, deinen Namen, E-Mail-Adresse und Website in Cookies zu speichern. Dies ist eine Komfortfunktion, damit du nicht, wenn du einen weiteren Kommentar schreibst, all diese Daten erneut eingeben musst. Diese Cookies werden ein Jahr lang gespeichert.<\/p>\n\n\n\n<p>Falls du ein Konto hast und dich auf dieser Website anmeldest, werden wir ein tempor\u00e4res Cookie setzen, um festzustellen, ob dein Browser Cookies akzeptiert. Dieses Cookie enth\u00e4lt keine personenbezogenen Daten und wird verworfen, wenn du deinen Browser schlie\u00dft.<\/p>\n\n\n\n<p>Wenn du dich anmeldest, werden wir einige Cookies einrichten, um deine Anmeldeinformationen und Anzeigeoptionen zu speichern. Anmelde-Cookies verfallen nach zwei Tagen und Cookies f\u00fcr die Anzeigeoptionen nach einem Jahr. Falls du bei der Anmeldung \u201eAngemeldet bleiben\u201c ausw\u00e4hlst, wird deine Anmeldung zwei Wochen lang aufrechterhalten. Mit der Abmeldung aus deinem Konto werden die Anmelde-Cookies gel\u00f6scht.<\/p>\n\n\n\n<p>Wenn du einen Artikel bearbeitest oder ver\u00f6ffentlichst, wird ein zus\u00e4tzlicher Cookie in deinem Browser gespeichert. Dieser Cookie enth\u00e4lt keine personenbezogenen Daten und verweist nur auf die Beitrags-ID des Artikels, den du gerade bearbeitet hast. Der Cookie verf\u00e4llt nach einem Tag.<\/p>\n\n\n\n<h2 class=\"wp-block-heading\">Eingebettete Inhalte von anderen Websites<\/h2>\n\n\n\n<p><strong class=\"privacy-policy-tutorial\">Textvorschlag: <\/strong>Beitr\u00e4ge auf dieser Website k\u00f6nnen eingebettete Inhalte beinhalten (z.&nbsp;B. Videos, Bilder, Beitr\u00e4ge etc.). Eingebettete Inhalte von anderen Websites verhalten sich exakt so, als ob der Besucher die andere Website besucht h\u00e4tte.<\/p>\n\n\n\n<p>Diese Websites k\u00f6nnen Daten \u00fcber dich sammeln, Cookies benutzen, zus\u00e4tzliche Tracking-Dienste von Dritten einbetten und deine Interaktion mit diesem eingebetteten Inhalt aufzeichnen, inklusive deiner Interaktion mit dem eingebetteten Inhalt, falls du ein Konto hast und auf dieser Website angemeldet bist.<\/p>\n\n\n\n<h2 class=\"wp-block-heading\">Mit wem wir deine Daten teilen<\/h2>\n\n\n\n<p><strong class=\"privacy-policy-tutorial\">Textvorschlag: <\/strong>Wenn du eine Zur\u00fccksetzung des Passworts beantragst, wird deine IP-Adresse in der E-Mail zur Zur\u00fccksetzung enthalten sein.<\/p>\n\n\n\n<h2 class=\"wp-block-heading\">Wie lange wir deine Daten speichern<\/h2>\n\n\n\n<p><strong class=\"privacy-policy-tutorial\">Textvorschlag: <\/strong>Wenn du einen Kommentar schreibst, wird dieser inklusive Metadaten zeitlich unbegrenzt gespeichert. Auf diese Art k\u00f6nnen wir Folgekommentare automatisch erkennen und freigeben, anstatt sie in einer Moderations-Warteschlange festzuhalten.<\/p>\n\n\n\n<p>F\u00fcr Benutzer, die sich auf unserer Website registrieren, speichern wir zus\u00e4tzlich die pers\u00f6nlichen Informationen, die sie in ihren Benutzerprofilen angeben. Alle Benutzer k\u00f6nnen jederzeit ihre pers\u00f6nlichen Informationen einsehen, ver\u00e4ndern oder l\u00f6schen (der Benutzername kann nicht ver\u00e4ndert werden). Administratoren der Website k\u00f6nnen diese Informationen ebenfalls einsehen und ver\u00e4ndern.<\/p>\n\n\n\n<h2 class=\"wp-block-heading\">Welche Rechte du an deinen Daten hast<\/h2>\n\n\n\n<p><strong class=\"privacy-policy-tutorial\">Textvorschlag: <\/strong>Wenn du ein Konto auf dieser Website besitzt oder Kommentare geschrieben hast, kannst du einen Export deiner personenbezogenen Daten bei uns anfordern, inklusive aller Daten, die du uns mitgeteilt hast. Dar\u00fcber hinaus kannst du die L\u00f6schung aller personenbezogenen Daten, die wir von dir gespeichert haben, anfordern. Dies umfasst nicht die Daten, die wir aufgrund administrativer, rechtlicher oder sicherheitsrelevanter Notwendigkeiten aufbewahren m\u00fcssen.<\/p>\n\n\n\n<h2 class=\"wp-block-heading\">Wohin wir deine Daten senden<\/h2>\n\n\n\n<p><strong class=\"privacy-policy-tutorial\">Textvorschlag: <\/strong>Besucher-Kommentare k\u00f6nnten von einem automatisierten Dienst zur Spam-Erkennung untersucht werden.<\/p>\n","protected":false},"excerpt":{"rendered":"<p>Who we are The CrimScapes Project is an initiative of scholars of four universities. For more information see the landing or contact page. Our website adress is www.crimscapes.net. What personal data we collect and why we collect it In general, this website can be used without the use of personal data. This means that, in &hellip; <a href=\"https:\/\/www2.hu-berlin.de\/crimscapes\/privacy\/\" class=\"more-link\">Continue reading <span class=\"screen-reader-text\">Privacy Policy<\/span><\/a><\/p>\n","protected":false},"author":1,"featured_media":0,"parent":0,"menu_order":0,"comment_status":"closed","ping_status":"closed","template":"","meta":{"footnotes":""},"class_list":["post-3","page","type-page","status-publish","hentry"],"_links":{"self":[{"href":"https:\/\/www2.hu-berlin.de\/crimscapes\/wp-json\/wp\/v2\/pages\/3","targetHints":{"allow":["GET"]}}],"collection":[{"href":"https:\/\/www2.hu-berlin.de\/crimscapes\/wp-json\/wp\/v2\/pages"}],"about":[{"href":"https:\/\/www2.hu-berlin.de\/crimscapes\/wp-json\/wp\/v2\/types\/page"}],"author":[{"embeddable":true,"href":"https:\/\/www2.hu-berlin.de\/crimscapes\/wp-json\/wp\/v2\/users\/1"}],"replies":[{"embeddable":true,"href":"https:\/\/www2.hu-berlin.de\/crimscapes\/wp-json\/wp\/v2\/comments?post=3"}],"version-history":[{"count":2,"href":"https:\/\/www2.hu-berlin.de\/crimscapes\/wp-json\/wp\/v2\/pages\/3\/revisions"}],"predecessor-version":[{"id":68,"href":"https:\/\/www2.hu-berlin.de\/crimscapes\/wp-json\/wp\/v2\/pages\/3\/revisions\/68"}],"wp:attachment":[{"href":"https:\/\/www2.hu-berlin.de\/crimscapes\/wp-json\/wp\/v2\/media?parent=3"}],"curies":[{"name":"wp","href":"https:\/\/api.w.org\/{rel}","templated":true}]}}