{"id":340,"date":"2022-02-25T09:08:25","date_gmt":"2022-02-25T08:08:25","guid":{"rendered":"https:\/\/www2.hu-berlin.de\/crimscapes\/?page_id=340"},"modified":"2022-02-25T12:27:59","modified_gmt":"2022-02-25T11:27:59","slug":"easy-to-read-website","status":"publish","type":"page","link":"https:\/\/www2.hu-berlin.de\/crimscapes\/easy-to-read-website\/","title":{"rendered":"Easy-to-Read Website"},"content":{"rendered":"\n<h2 class=\"wp-block-heading\">What <strong>is CrimScapes?<\/strong><\/h2>\n\n\n\n<p>CrimScapes is a research project. The name comes from the words: <strong>\u201ccrime\u201d<\/strong> and <strong>\u201clandscapes\u201d<\/strong>. We research topics that are connected to criminalisation and citizenship.<\/p>\n\n\n\n<p><strong>Criminalisation<\/strong> means: when an activity is not allowed by the government. But also when people are punished by the state. The activity that is not allowed is called a \u201ccrime\u201d. <\/p>\n\n\n\n<p><strong>In our research we try to answer questions like:<\/strong><\/p>\n\n\n\n<ul class=\"wp-block-list\"><li>How are rules about crime changing in Europe?<\/li><li>Why are more and more people punished for certain things?<\/li><li>How is crime controlled?<\/li><li>What is considered \u201clegal\u201d and \u201cillegal\u201d?<\/li><\/ul>\n\n\n\n<p>There is a lot of fear in Europe now. People feel uncertain about the future. And many people are punished or sent to jail. We want to know why people are punished for specific things. We also want to know how this will change society. <\/p>\n\n\n\n<p>In our research<strong>, we learn about topics like:<\/strong><\/p>\n\n\n\n<ul class=\"wp-block-list\"><li>abortion<\/li><li>drug use<\/li><li>hate speech<\/li><li>infectious diseases<\/li><li>sea rescue<\/li><li>sex work<\/li><li>women\u2019s prisons.<\/li><\/ul>\n\n\n\n<p>The CrimScapes research project started in 2020. It will continue until 2023. The CrimScapes team is made up of 11 researchers. They come from 4 different universities:<\/p>\n\n\n\n<ul class=\"wp-block-list\"><li>Humboldt Universit\u00e4t zu Berlin in Germany<\/li><li>Jagiellonian University in Krakow in Poland<\/li><li>Universit\u00e9 Paris Saclay in France<\/li><li>University of Helsinki in Finland.<\/li><\/ul>\n\n\n\n<p>We received money from NORFACE to do this project. That is an agency that helps research like ours.<\/p>\n\n\n\n<p><\/p>\n\n\n\n<h2 class=\"wp-block-heading\"><strong>Research<\/strong><\/h2>\n\n\n\n<p><strong><em>Abortion<\/em><\/strong><\/p>\n\n\n\n<p>This part is about the criminalisation of abortion in Poland. An abortion is a procedure to end a pregnancy. We learn about:<\/p>\n\n\n\n<ul class=\"wp-block-list\"><li>how rules about abortion changed over the years<\/li><li>how abortion is connected to citizenship<\/li><li>how much control a person has over their body<\/li><li>how people fight against the rules<\/li><li>what ideas people have about abortion<\/li><\/ul>\n\n\n\n<p>Agata Che\u0142stowska from Jagiellonian University in Poland researched this topic.<\/p>\n\n\n\n<p><\/p>\n\n\n\n<p><strong><em>Drug use<\/em><\/strong><\/p>\n\n\n\n<p>This part is about the criminalisation of using drugs in Poland.<\/p>\n\n\n\n<p>We learn about:<\/p>\n\n\n\n<ul class=\"wp-block-list\"><li>what ideas people have about certain drugs<\/li><li>what the rules against the drugs are<\/li><li>how the government punishes people for using certain drugs<\/li><li>how people who use the drugs are treated and how they respond to punishment<\/li><li>how people fight against the rules.<\/li><\/ul>\n\n\n\n<p>Jusytna Struzik from Jagiellonian University in Poland researched this topic. A group called the Social Drug Policy Initiative and&nbsp;Foundation for Social Policy PREKURSOR and MONAR Krak\u00f3w&nbsp; also helped.<\/p>\n\n\n\n<p><\/p>\n\n\n\n<p><strong><em>Hate speech<\/em><\/strong><\/p>\n\n\n\n<p>This part is about how people are punished for hate speech in Germany and Europe. Hate speech means: saying bad things about other people.<\/p>\n\n\n\n<p>We learn about:<\/p>\n\n\n\n<ul class=\"wp-block-list\"><li>the meaning of hate speechhow people who use hate speech are found and punished<\/li><li>the difference between hate speech in a physical space and hate speech that is online<\/li><li>how hate speech changes relationships between the government, citizens, and different types of groups, companies or organisations.&nbsp;<\/li><\/ul>\n\n\n\n<p>Todd Sekuler from Humboldt Universit\u00e4t in Germany researched this topic. A group called the <a href=\"https:\/\/www.fsm.de\/en\">Freiwillige Selbstkontrolle Multimedia-Diensteanbieter<\/a> also helped.<\/p>\n\n\n\n<p><\/p>\n\n\n\n<p><strong><em>Infectious diseases<\/em><\/strong><\/p>\n\n\n\n<p>This part is about the connections between laws and medicine in Finland.<\/p>\n\n\n\n<p>We learn about:<\/p>\n\n\n\n<ul class=\"wp-block-list\"><li>how laws about diseases have changed over the years<\/li><li>how people can be punished for having an infectious disease<\/li><li>how medical information is used in laws and in court.<\/li><\/ul>\n\n\n\n<p>Juulia Kela from the University of Helsinki in Finland researched this topic.<\/p>\n\n\n\n<p><\/p>\n\n\n\n<p><strong><em>Migrant solidarity<\/em><\/strong><\/p>\n\n\n\n<p>This part is about the criminalisation of helping migrants and refugees in Europe.<\/p>\n\n\n\n<p>We learn about:<\/p>\n\n\n\n<ul class=\"wp-block-list\"><li>what ideas people have about helping migrants and refugees<\/li><li>how people who help migrants and refugees learn about the rules<\/li><li>how people can be punished for helping migrants and refugees<\/li><li>what the government thinks about people who help migrants and refugees.<\/li><\/ul>\n\n\n\n<p>J\u00e9r\u00e9my Geeraert from Universit\u00e9 Paris Saclay in France researched this topic. A group called <a href=\"https:\/\/mission-lifeline.de\/en\/\">Mission Lifeline e.V<\/a>.&nbsp;also helped.<\/p>\n\n\n\n<p><strong><em>Sex work<\/em><\/strong><\/p>\n\n\n\n<p>This part is about the criminalisation of sex work in Poland. Sex work means: when a person is paid to have sex with someone else. Sex work means: having sex in exchange for money or other goods.&nbsp;<\/p>\n\n\n\n<p>We learn about:<\/p>\n\n\n\n<ul class=\"wp-block-list\"><li>how sex workers live and work<\/li><li>how sex work and migration are connected<\/li><li>how criminalisation of sex work affects national and migrant sex workers<\/li><li>what rights and protection sex workers have.<\/li><\/ul>\n\n\n\n<p>Agata Dziuban from Jagiellonian University in Poland researched this topic. A group called <a href=\"https:\/\/swpkontakt.org\/\">Sex Work Polska<\/a> also helped.<\/p>\n\n\n\n<p><strong><em>Women\u2019s prisons<\/em><\/strong><\/p>\n\n\n\n<p>This part is about women\u2019s prisons in Germany.<\/p>\n\n\n\n<p>We learn about:<\/p>\n\n\n\n<ul class=\"wp-block-list\"><li>what kinds of security and punishments are in women\u2019s prisons<\/li><li>what kind of life female prisoners hope for<\/li><li>who is involved in keeping certain women in prison<\/li><li>how female prisoners feel about citizenship and politics.<\/li><\/ul>\n\n\n\n<p>Friederike Faust from Humboldt Universit\u00e4t in Germany researched this topic. A group called <a href=\"http:\/\/berliner-vollzugsbeirat.de\/?page_id=62&amp;lang=en\">Berliner Vollzugsbeirat<\/a> also helped.<\/p>\n","protected":false},"excerpt":{"rendered":"<p>What is CrimScapes? CrimScapes is a research project. The name comes from the words: \u201ccrime\u201d and \u201clandscapes\u201d. We research topics that are connected to criminalisation and citizenship. Criminalisation means: when an activity is not allowed by the government. But also when people are punished by the state. The activity that is not allowed is called &hellip; <a href=\"https:\/\/www2.hu-berlin.de\/crimscapes\/easy-to-read-website\/\" class=\"more-link\">Continue reading <span class=\"screen-reader-text\">Easy-to-Read Website<\/span><\/a><\/p>\n","protected":false},"author":2,"featured_media":0,"parent":0,"menu_order":0,"comment_status":"closed","ping_status":"closed","template":"","meta":{"footnotes":""},"class_list":["post-340","page","type-page","status-publish","hentry"],"_links":{"self":[{"href":"https:\/\/www2.hu-berlin.de\/crimscapes\/wp-json\/wp\/v2\/pages\/340","targetHints":{"allow":["GET"]}}],"collection":[{"href":"https:\/\/www2.hu-berlin.de\/crimscapes\/wp-json\/wp\/v2\/pages"}],"about":[{"href":"https:\/\/www2.hu-berlin.de\/crimscapes\/wp-json\/wp\/v2\/types\/page"}],"author":[{"embeddable":true,"href":"https:\/\/www2.hu-berlin.de\/crimscapes\/wp-json\/wp\/v2\/users\/2"}],"replies":[{"embeddable":true,"href":"https:\/\/www2.hu-berlin.de\/crimscapes\/wp-json\/wp\/v2\/comments?post=340"}],"version-history":[{"count":3,"href":"https:\/\/www2.hu-berlin.de\/crimscapes\/wp-json\/wp\/v2\/pages\/340\/revisions"}],"predecessor-version":[{"id":349,"href":"https:\/\/www2.hu-berlin.de\/crimscapes\/wp-json\/wp\/v2\/pages\/340\/revisions\/349"}],"wp:attachment":[{"href":"https:\/\/www2.hu-berlin.de\/crimscapes\/wp-json\/wp\/v2\/media?parent=340"}],"curies":[{"name":"wp","href":"https:\/\/api.w.org\/{rel}","templated":true}]}}