{"id":901,"date":"2020-07-16T17:34:11","date_gmt":"2020-07-16T15:34:11","guid":{"rendered":"https:\/\/www2.hu-berlin.de\/curatingthedigital\/?page_id=901"},"modified":"2020-07-16T17:34:11","modified_gmt":"2020-07-16T15:34:11","slug":"feedback-best-practices","status":"publish","type":"page","link":"https:\/\/www2.hu-berlin.de\/curatingthedigital\/feedback-best-practices\/","title":{"rendered":"Feedback &#038; Best Practices"},"content":{"rendered":"\n<div class=\"wp-block-themeisle-blocks-advanced-columns has-1-columns has-desktop-equal-layout has-tablet-equal-layout has-mobile-equal-layout has-default-gap has-vertical-unset\" id=\"wp-block-themeisle-blocks-advanced-columns-9ccc8795\"><div class=\"wp-block-themeisle-blocks-advanced-columns-overlay\"><\/div><div class=\"innerblocks-wrap\">\n<div class=\"wp-block-themeisle-blocks-advanced-column\" id=\"wp-block-themeisle-blocks-advanced-column-9a9e7634\">\n<p>Die Macher*innen der digitalen Ausstellung freuen sich jederzeit \u00fcber Ihr\/Euer Feedback jeglicher Art! <\/p>\n\n\n\n<p><br>Insbesondere f\u00fcr Lehrende interessant: durch finanzielle Mittel des\u00a0<a class=\"\" href=\"https:\/\/bolognalab.hu-berlin.de\/de\">bologna.lab<\/a>\u00a0gef\u00f6rdert, erstellt der studentische Mitarbeiter Jonas Wahmkow in der zweiten H\u00e4lfte 2020 ein Best Practice-Portfolio zur Dokumentation des inhaltlichen und technischen Gestaltungsprozesses der digitalen Ausstellung. Ziel ist es, anderen Lehrenden und Studierenden einen Einblick in den Arbeitsablauf und ggf. Inspirationen sowie konkrete Handreichungen f\u00fcr vergleichbare Ausstellungen an die Hand zu geben. Falls Sie Interesse am Best Practice-Portfolio haben, sind Sie herzlich eingeladen, uns individuelle Interessen mitzuteilen (bspw. spezifische Fragen zur technischen Umsetzung, zur didaktischen Einbettung als Teil eines Projektseminar, etc.). Wir werden uns bem\u00fchen, diese in das Best Practice-Portfolio einzubinden. Sie k\u00f6nnen uns ebenfalls eine kurze Nachricht schreiben, wenn Sie das Portfolio nach Fertigstellung gerne erhalten m\u00f6chten. <\/p>\n\n\n\n<p>Kontakt:<\/p>\n\n\n\n<p>j<strong>onas.wahmkow |\u00e4t| hu-berlin.de<\/strong><\/p>\n<\/div>\n<\/div><\/div>\n","protected":false},"excerpt":{"rendered":"","protected":false},"author":1,"featured_media":0,"parent":0,"menu_order":0,"comment_status":"closed","ping_status":"closed","template":"","meta":[],"_links":{"self":[{"href":"https:\/\/www2.hu-berlin.de\/curatingthedigital\/wp-json\/wp\/v2\/pages\/901"}],"collection":[{"href":"https:\/\/www2.hu-berlin.de\/curatingthedigital\/wp-json\/wp\/v2\/pages"}],"about":[{"href":"https:\/\/www2.hu-berlin.de\/curatingthedigital\/wp-json\/wp\/v2\/types\/page"}],"author":[{"embeddable":true,"href":"https:\/\/www2.hu-berlin.de\/curatingthedigital\/wp-json\/wp\/v2\/users\/1"}],"replies":[{"embeddable":true,"href":"https:\/\/www2.hu-berlin.de\/curatingthedigital\/wp-json\/wp\/v2\/comments?post=901"}],"version-history":[{"count":2,"href":"https:\/\/www2.hu-berlin.de\/curatingthedigital\/wp-json\/wp\/v2\/pages\/901\/revisions"}],"predecessor-version":[{"id":1425,"href":"https:\/\/www2.hu-berlin.de\/curatingthedigital\/wp-json\/wp\/v2\/pages\/901\/revisions\/1425"}],"wp:attachment":[{"href":"https:\/\/www2.hu-berlin.de\/curatingthedigital\/wp-json\/wp\/v2\/media?parent=901"}],"curies":[{"name":"wp","href":"https:\/\/api.w.org\/{rel}","templated":true}]}}