{"id":1736,"date":"2017-06-03T11:17:24","date_gmt":"2017-06-03T11:17:24","guid":{"rendered":"http:\/\/www.anarieldesign.com\/themedemos\/liberlite\/?page_id=1736"},"modified":"2022-01-25T11:16:50","modified_gmt":"2022-01-25T10:16:50","slug":"building-a-better-feature-with-care-love-for-animals","status":"publish","type":"page","link":"https:\/\/www2.hu-berlin.de\/extraterritorial\/forschung\/building-a-better-feature-with-care-love-for-animals\/","title":{"rendered":"Extraterritorial. Das andere Europa."},"content":{"rendered":"<blockquote><p><em>Es gibt ein Land, das auf keiner Weltkarte verzeichnet ist, ein verkanntes und fremdes Land, von einem unglaublichen, fast irrealem Ausma\u00df, mit st\u00e4ndig wechselnden Grenzen, die alle Kontinente \u00fcberschreiten und alle Meere umsp\u00fclen \u2013 Jiddischland.<\/em><\/p>\n<p><!--more--><\/p>\n<p><em>Wie viele sind es, die sich dieser Sprache zugeh\u00f6rig f\u00fchlen, von New York bis nach Moskau, von Buenos Aires bis nach Warschau, von Jerusalem bis nach Paris, bis nach Melbourne und bis nach Johannesburg? Millionen! <\/em><em>Chajm Sloves (1913)<\/em><\/p><\/blockquote>\n<div class=\"page\" title=\"Page 6\">\n<div class=\"layoutArea\">\n<div class=\"column\">\n<p>Entgegen dem national-r\u00e4umlichen Denken beleuchtet das Forschungsprojekt \u201edas andere Europa\u201c, das in den \u201eExilen\u201c \u00fcberlebt und mit ihnen entscheidende Teile der europ\u00e4ischen Kultur vor dem Totalitarismus gerettet hat.<\/p>\n<p>Es besch\u00e4ftigt sich mit Konzeption der Grenze in den verschiedenen F\u00e4chern bzw. Kulturen, mit einer kritische Beleuchtung des \u201espatial turn\u201c sowie ihre Anwendung auf die geographischen Diskurse (\u201emapping\u201c, \u201espaces of terror\u201c, etc.). Dies erlaubt es, Europa als Kultur(en) in der Zeit und nicht- oder nicht nur in geographischer Perspektive zu erblicken.<\/p>\n<div class=\"page\" title=\"Page 2\">\n<div class=\"layoutArea\">\n<div class=\"column\">\n<p>Schwerpunkte der Forschung sind das Judentum, im Sinne einer non-national nation (Arendt), das eine Kultur ohne Land \u00fcber tausend Jahre am Leben erhalten hat (mit Heine gesprochen, das im Buch ein \u201eportatives Vaterland\u201c fand). \u00c4hnlich wie die Juden haben auch Sinti und Roma in Europa eine transkulturelle Geschichte, die die Ideologien der Nationalstaaten ins Wanken bringt. Als Verk\u00f6rperung des \u201eKosmopolitismus\u201c sind beide V\u00f6lker verfolgt und ermordet worden. Aus diesem Grund thematisiert dieses Forschungprojekt auch beide Gruppen in Verbindung miteinander.<\/p>\n<\/div>\n<\/div>\n<\/div>\n<\/div>\n<\/div>\n<\/div>\n","protected":false},"excerpt":{"rendered":"<p>Es gibt ein Land, das auf keiner Weltkarte verzeichnet ist, ein verkanntes und fremdes Land, von einem unglaublichen, fast irrealem Ausma\u00df, mit st\u00e4ndig wechselnden Grenzen, die alle Kontinente \u00fcberschreiten und alle Meere umsp\u00fclen \u2013 Jiddischland.<\/p>\n","protected":false},"author":1,"featured_media":6614,"parent":6584,"menu_order":6,"comment_status":"closed","ping_status":"closed","template":"templates\/grid-page.php","meta":{"footnotes":""},"_links":{"self":[{"href":"https:\/\/www2.hu-berlin.de\/extraterritorial\/wp-json\/wp\/v2\/pages\/1736"}],"collection":[{"href":"https:\/\/www2.hu-berlin.de\/extraterritorial\/wp-json\/wp\/v2\/pages"}],"about":[{"href":"https:\/\/www2.hu-berlin.de\/extraterritorial\/wp-json\/wp\/v2\/types\/page"}],"author":[{"embeddable":true,"href":"https:\/\/www2.hu-berlin.de\/extraterritorial\/wp-json\/wp\/v2\/users\/1"}],"replies":[{"embeddable":true,"href":"https:\/\/www2.hu-berlin.de\/extraterritorial\/wp-json\/wp\/v2\/comments?post=1736"}],"version-history":[{"count":5,"href":"https:\/\/www2.hu-berlin.de\/extraterritorial\/wp-json\/wp\/v2\/pages\/1736\/revisions"}],"predecessor-version":[{"id":6613,"href":"https:\/\/www2.hu-berlin.de\/extraterritorial\/wp-json\/wp\/v2\/pages\/1736\/revisions\/6613"}],"up":[{"embeddable":true,"href":"https:\/\/www2.hu-berlin.de\/extraterritorial\/wp-json\/wp\/v2\/pages\/6584"}],"wp:featuredmedia":[{"embeddable":true,"href":"https:\/\/www2.hu-berlin.de\/extraterritorial\/wp-json\/wp\/v2\/media\/6614"}],"wp:attachment":[{"href":"https:\/\/www2.hu-berlin.de\/extraterritorial\/wp-json\/wp\/v2\/media?parent=1736"}],"curies":[{"name":"wp","href":"https:\/\/api.w.org\/{rel}","templated":true}]}}