{"id":2119,"date":"2017-06-09T06:27:10","date_gmt":"2017-06-09T06:27:10","guid":{"rendered":"http:\/\/www.anarieldesign.com\/themedemos\/zeko\/?page_id=2119"},"modified":"2024-11-22T19:05:28","modified_gmt":"2024-11-22T18:05:28","slug":"zeko-doe","status":"publish","type":"page","link":"https:\/\/www2.hu-berlin.de\/extraterritorial\/team\/lehrstuhl\/zeko-doe\/","title":{"rendered":"Prof. Dr. Liliana Ruth Feierstein"},"content":{"rendered":"<p>Liliana Ruth Feierstein ist in Argentinien geboren. Sie hat in Buenos Aires, Vancouver und Mexiko-City studiert. Im Jahr 2007 promovierte sie an der Heinrich-Heine-Universit\u00e4t D\u00fcsseldorf im Fachbereich Philosophie. Ihre Dissertation wurde mit dem Augsburger Wissenschaftspreis f\u00fcr Interkulturelle Studien ausgezeichnet. Sie war Postdoktorandin des European Research Council und \u00a0Fellow am Seminario Rab\u00ednico Latinoamericano in Buenos Aires.\u00a0Ihre Forschungsschwerpunkte sind j\u00fcdische Kultur, Geschichte und Literatur in romanischsprachigen L\u00e4ndern \u00a0(v.a. Lateinamerika) sowie Theorien der Diaspora.<\/p>\n<p><!--more--><\/p>\n<p>Von Oktober 2014 bis April 2017\u00a0war sie Juniorprofessorin und seit Mai 2017 ist sie Professorin f\u00fcr die transkulturelle Geschichte des Judentums am Institut f\u00fcr Kulturwissenschaft der Humboldt-Universit\u00e4t zu Berlin.<\/p>\n<p><a href=\"https:\/\/www.juedische-allgemeine.de\/gemeinden\/mit-gespuer-fuer-das-fragile\/\" target=\"_blank\" rel=\"noopener\">Interview in der J\u00fcdischen Allgemeinen Zeitung (29.11.2018)<\/a><\/p>\n","protected":false},"excerpt":{"rendered":"<p>Liliana Ruth Feierstein ist in Argentinien geboren. Sie hat in Buenos Aires, Vancouver und Mexiko-City studiert. Im Jahr 2007 promovierte sie an der Heinrich-Heine-Universit\u00e4t D\u00fcsseldorf im Fachbereich Philosophie. Ihre Dissertation wurde mit dem Augsburger Wissenschaftspreis f\u00fcr Interkulturelle Studien ausgezeichnet. Sie war Postdoktorandin des European Research Council und \u00a0Fellow am Seminario Rab\u00ednico Latinoamericano in Buenos Aires.\u00a0Ihre [&hellip;]<\/p>\n","protected":false},"author":1,"featured_media":6604,"parent":6704,"menu_order":1,"comment_status":"closed","ping_status":"closed","template":"templates\/grid-page.php","meta":{"footnotes":""},"_links":{"self":[{"href":"https:\/\/www2.hu-berlin.de\/extraterritorial\/wp-json\/wp\/v2\/pages\/2119"}],"collection":[{"href":"https:\/\/www2.hu-berlin.de\/extraterritorial\/wp-json\/wp\/v2\/pages"}],"about":[{"href":"https:\/\/www2.hu-berlin.de\/extraterritorial\/wp-json\/wp\/v2\/types\/page"}],"author":[{"embeddable":true,"href":"https:\/\/www2.hu-berlin.de\/extraterritorial\/wp-json\/wp\/v2\/users\/1"}],"replies":[{"embeddable":true,"href":"https:\/\/www2.hu-berlin.de\/extraterritorial\/wp-json\/wp\/v2\/comments?post=2119"}],"version-history":[{"count":10,"href":"https:\/\/www2.hu-berlin.de\/extraterritorial\/wp-json\/wp\/v2\/pages\/2119\/revisions"}],"predecessor-version":[{"id":7465,"href":"https:\/\/www2.hu-berlin.de\/extraterritorial\/wp-json\/wp\/v2\/pages\/2119\/revisions\/7465"}],"up":[{"embeddable":true,"href":"https:\/\/www2.hu-berlin.de\/extraterritorial\/wp-json\/wp\/v2\/pages\/6704"}],"wp:featuredmedia":[{"embeddable":true,"href":"https:\/\/www2.hu-berlin.de\/extraterritorial\/wp-json\/wp\/v2\/media\/6604"}],"wp:attachment":[{"href":"https:\/\/www2.hu-berlin.de\/extraterritorial\/wp-json\/wp\/v2\/media?parent=2119"}],"curies":[{"name":"wp","href":"https:\/\/api.w.org\/{rel}","templated":true}]}}