{"id":3219,"date":"2018-09-04T17:31:26","date_gmt":"2018-09-04T15:31:26","guid":{"rendered":"https:\/\/www2.hu-berlin.de\/extraterritorial\/?page_id=3219"},"modified":"2022-01-25T11:58:06","modified_gmt":"2022-01-25T10:58:06","slug":"esperanto-2","status":"publish","type":"page","link":"https:\/\/www2.hu-berlin.de\/extraterritorial\/esperanto-2\/","title":{"rendered":"Selma Stern Zentrum f\u00fcr J\u00fcdische Studien Berlin-Brandenburg (ZJS)"},"content":{"rendered":"\r\n<div id=\"rmjs-1\" class=\"veranstaltung_text mt30 readmore\" data-readmore=\"\" aria-expanded=\"true\">\r\n<p>Die Struktur des <a href=\"https:\/\/www.selma-stern-zentrum.de\" target=\"_blank\" rel=\"noopener noreferrer\">Selma Stern Zentrums<\/a> verbindet die sieben wichtigsten Akteure der wissenschaftlichen Untersuchung des Judentums in seinen religi\u00f6sen wie kulturellen Auspr\u00e4gungen der Wissenschaftsregion Berlin-Brandenburg (Humboldt-Universit\u00e4t zu Berlin, Freie Universit\u00e4t Berlin, Technische Universit\u00e4t Berlin, Europa-Universit\u00e4t Viadrina Frankfurt (Oder), Universit\u00e4t Potsdam, Abraham Geiger Kollegs und Moses Mendelssohn Zentrums f\u00fcr europ\u00e4isch-j\u00fcdische Studien in Kooperation mit der Hochschule f\u00fcr Musik Franz Liszt Weimar). Durch die aktive Zusammenarbeit der Wissenschaftlerinnen und Wissenschaftler im Selma Stern Zentrum ist eine herausragende Basis f\u00fcr innovative und zukunftsweisende Forschungen gegeben. Mit der PostDoc-Akademie wird zudem die Nachwuchsf\u00f6rderung in der Phase zwischen Promotion und Professur besonders gef\u00f6rdert. Die PostDocs des Zentrums, die unterschiedlichen Disziplinen verpflichtet sind, werden sowohl inhaltlich als auch im Bereich des Wissenschaftsmanagements ausgebildet und sind aktiv mit der Betreuung von Doktorandinnen und Doktoranden betraut.<\/p>\r\n<\/div>\r\n<p><!--more--><\/p>\r\n<p>Von zentraler Bedeutung f\u00fcr die erfolgreiche Arbeit ist der Umstand zu werten, dass das Zentrum die gesamte Bandbreite des Judentums in den wissenschaftlichen Fokus nimmt. Dies erfordert, dass das Zentrum sich zum einen nicht auf eine Leitdisziplin wie etwa die Geschichtswissenschaft oder die Kulturwissenschaft beschr\u00e4nkt sondern die historischen, philosophischen und religi\u00f6sen Dimensionen des Judentums in den wissenschaftlichen Fokus r\u00fcckt. Gleichzeitig gibt die Multidiversit\u00e4t des Judentums die hermeneutischen, methodischen Fragen und Gegenst\u00e4nde vor, die eine interdisziplin\u00e4re Erforschung erfordern.<\/p>\r\n<p>Historisch und gegenw\u00e4rtig ist in keiner anderen Region Deutschlands die Entwicklung j\u00fcdischer religi\u00f6ser Traditionen \u00fcber die religionswissenschaftliche Selbstreflexion (Exegese, Theologie, Religionsphilosophie) bis zur akademischen Erforschung (Geschichte, Soziologie, Kulturwissenschaft) so umfassend institutionell verankert wie in der Region Berlin\/Brandenburg. Dazu geh\u00f6ren die klassische Judaistik an der FUB, die J\u00fcdischen Studien und die School of Jewish Theology an der UP, das Zentrum f\u00fcr Antisemitismusforschung an der TU, die deutsch-j\u00fcdische Literatur- und Kulturgeschichte an der Viadrina und die in verschiedenen F\u00e4chern angebundenen J\u00fcdischen Studien an der HU und FUB. Mit der Professur f\u00fcr die Geschichte der j\u00fcdischen Musik an der Hochschule f\u00fcr Musik FRANZ LISZT Weimar wird das Spektrum um ein gewichtiges Forschungsfeld erg\u00e4nzt. Durch die Beteiligung des Instituts f\u00fcr J\u00fcdische Theologie der UP am Zentrum ergibt sich europaweit einzigartig die M\u00f6glichkeit zur Zusammenarbeit von konfessionsgebundenen und konfessionsneutralen F\u00e4chern.<\/p>\r\n<p>Unter dem Dach des Selma Stern Zentrums geht die Wissenschaft mit theologischer Ausbildung und religionswissenschaftlicher Selbstreflexion eine fruchtbare und zukunftsweisende Verbindung ein.<\/p>\r\n","protected":false},"excerpt":{"rendered":"<p>Die Struktur des Selma Stern Zentrums verbindet die sieben wichtigsten Akteure der wissenschaftlichen Untersuchung des Judentums in seinen religi\u00f6sen wie kulturellen Auspr\u00e4gungen der Wissenschaftsregion Berlin-Brandenburg (Humboldt-Universit\u00e4t zu Berlin, Freie Universit\u00e4t Berlin, Technische Universit\u00e4t Berlin, Europa-Universit\u00e4t Viadrina Frankfurt (Oder), Universit\u00e4t Potsdam, Abraham Geiger Kollegs und Moses Mendelssohn Zentrums f\u00fcr europ\u00e4isch-j\u00fcdische Studien in Kooperation mit der Hochschule [&hellip;]<\/p>\n","protected":false},"author":14,"featured_media":6628,"parent":0,"menu_order":0,"comment_status":"closed","ping_status":"closed","template":"templates\/grid-page.php","meta":{"footnotes":""},"_links":{"self":[{"href":"https:\/\/www2.hu-berlin.de\/extraterritorial\/wp-json\/wp\/v2\/pages\/3219"}],"collection":[{"href":"https:\/\/www2.hu-berlin.de\/extraterritorial\/wp-json\/wp\/v2\/pages"}],"about":[{"href":"https:\/\/www2.hu-berlin.de\/extraterritorial\/wp-json\/wp\/v2\/types\/page"}],"author":[{"embeddable":true,"href":"https:\/\/www2.hu-berlin.de\/extraterritorial\/wp-json\/wp\/v2\/users\/14"}],"replies":[{"embeddable":true,"href":"https:\/\/www2.hu-berlin.de\/extraterritorial\/wp-json\/wp\/v2\/comments?post=3219"}],"version-history":[{"count":1,"href":"https:\/\/www2.hu-berlin.de\/extraterritorial\/wp-json\/wp\/v2\/pages\/3219\/revisions"}],"predecessor-version":[{"id":6408,"href":"https:\/\/www2.hu-berlin.de\/extraterritorial\/wp-json\/wp\/v2\/pages\/3219\/revisions\/6408"}],"wp:featuredmedia":[{"embeddable":true,"href":"https:\/\/www2.hu-berlin.de\/extraterritorial\/wp-json\/wp\/v2\/media\/6628"}],"wp:attachment":[{"href":"https:\/\/www2.hu-berlin.de\/extraterritorial\/wp-json\/wp\/v2\/media?parent=3219"}],"curies":[{"name":"wp","href":"https:\/\/api.w.org\/{rel}","templated":true}]}}