{"id":4524,"date":"2019-01-24T14:55:04","date_gmt":"2019-01-24T13:55:04","guid":{"rendered":"https:\/\/www2.hu-berlin.de\/extraterritorial\/?page_id=4524"},"modified":"2022-01-26T16:18:14","modified_gmt":"2022-01-26T15:18:14","slug":"publikation","status":"publish","type":"page","link":"https:\/\/www2.hu-berlin.de\/extraterritorial\/publikationen\/publikation\/","title":{"rendered":"Liliana R. Feierstein und Lior Zylberman: Narrativas del terror y la desaparici\u00f3n en Am\u00e9rica Latina."},"content":{"rendered":"<div class=\"description\">\n<div class=\"std\">\n<p><em>S\u00e1enz Pe\u00f1a, Buenos Aires, 2016.<\/em><\/p>\n<p>EL PRESENTE LIBRO ES EL RESULTADO del Simposio Narrativas del terror y la desaparici\u00f3n en Am\u00e9rica Latina realizado en el marco del 54\u00ba Congreso de Americanistas que tuvo lugar en Viena (2012) organizado en forma conjunta por el Grupo de investigaci\u00f3n Narrativas del terror y la desaparici\u00f3n de la Universidad de Constanza (Alemania) y por el Centro de Estudios sobre Genocidio de la Universidad Nacional de Tres de Febrero (Argentina).<\/p>\n<p><!--more--><\/p>\n<p>Esta publicaci\u00f3n no se propone, sin embargo, servir como actas de dicho evento. A partir de los diversos ejes all\u00ed trabajados en forma mancomunada, los autores reelaboraron sus planteos dando luz a nuevos art\u00edculos que pudieran contener los intercambios y conclusiones \u2013nunca definitivas\u2013 de aquel simposio. Los textos aqu\u00ed reunidos tienen como objetivo reflexionar sobre las posibilidades del arte y de las tradiciones religiosas y culturales para ayudar a elaborar el pasado traum\u00e1tico.<\/p>\n<\/div>\n<\/div>\n","protected":false},"excerpt":{"rendered":"<p>S\u00e1enz Pe\u00f1a, Buenos Aires, 2016. EL PRESENTE LIBRO ES EL RESULTADO del Simposio Narrativas del terror y la desaparici\u00f3n en Am\u00e9rica Latina realizado en el marco del 54\u00ba Congreso de Americanistas que tuvo lugar en Viena (2012) organizado en forma conjunta por el Grupo de investigaci\u00f3n Narrativas del terror y la desaparici\u00f3n de la Universidad [&hellip;]<\/p>\n","protected":false},"author":14,"featured_media":6674,"parent":297,"menu_order":9,"comment_status":"closed","ping_status":"closed","template":"templates\/grid-page.php","meta":{"footnotes":""},"_links":{"self":[{"href":"https:\/\/www2.hu-berlin.de\/extraterritorial\/wp-json\/wp\/v2\/pages\/4524"}],"collection":[{"href":"https:\/\/www2.hu-berlin.de\/extraterritorial\/wp-json\/wp\/v2\/pages"}],"about":[{"href":"https:\/\/www2.hu-berlin.de\/extraterritorial\/wp-json\/wp\/v2\/types\/page"}],"author":[{"embeddable":true,"href":"https:\/\/www2.hu-berlin.de\/extraterritorial\/wp-json\/wp\/v2\/users\/14"}],"replies":[{"embeddable":true,"href":"https:\/\/www2.hu-berlin.de\/extraterritorial\/wp-json\/wp\/v2\/comments?post=4524"}],"version-history":[{"count":2,"href":"https:\/\/www2.hu-berlin.de\/extraterritorial\/wp-json\/wp\/v2\/pages\/4524\/revisions"}],"predecessor-version":[{"id":5888,"href":"https:\/\/www2.hu-berlin.de\/extraterritorial\/wp-json\/wp\/v2\/pages\/4524\/revisions\/5888"}],"up":[{"embeddable":true,"href":"https:\/\/www2.hu-berlin.de\/extraterritorial\/wp-json\/wp\/v2\/pages\/297"}],"wp:featuredmedia":[{"embeddable":true,"href":"https:\/\/www2.hu-berlin.de\/extraterritorial\/wp-json\/wp\/v2\/media\/6674"}],"wp:attachment":[{"href":"https:\/\/www2.hu-berlin.de\/extraterritorial\/wp-json\/wp\/v2\/media?parent=4524"}],"curies":[{"name":"wp","href":"https:\/\/api.w.org\/{rel}","templated":true}]}}