{"id":4611,"date":"2019-01-24T18:31:21","date_gmt":"2019-01-24T17:31:21","guid":{"rendered":"https:\/\/www2.hu-berlin.de\/extraterritorial\/?page_id=4611"},"modified":"2025-02-20T22:24:55","modified_gmt":"2025-02-20T21:24:55","slug":"felix-weil","status":"publish","type":"page","link":"https:\/\/www2.hu-berlin.de\/extraterritorial\/forschung\/felix-weil\/","title":{"rendered":"Felix Weil"},"content":{"rendered":"<p>Wo kommen kritische Theorie, argentinischer Weizen und die j\u00fcdische Geschichte Lateinamerikas zusammen? 1923 entsteht in Frankfurt a.M. das Institut f\u00fcr Sozialforschung als die erste universit\u00e4re Heimat marxistischer Theorie in Deutschland \u2013 unter anderem bezahlt aus dem Verm\u00f6gen, das Hermann Weil im argentinischen Getreidehandel verdient hat. Ber\u00fchmt wurde es als Wiege der Frankfurter Schule, seine Wurzeln in der s\u00fcdlichen Hemisph\u00e4re verk\u00fcmmerten dabei allerdings zu einer Fu\u00dfnote.<!--more--><\/p>\n<p>Das Forschungsprojekt zu Felix Weil nutzt die Biografie des deutsch-j\u00fcdischen Argentiniers und US-Amerikaners als Medium, um Fragen des Transfers &#8211; von Wissen, Geld, Erfahrung &#8211; zwischen Europa und S\u00fcdamerika zu untersuchen. Durch besonderes Augenmerk auf jene Fu\u00dfnote, die allein erst den Zusammenhang von transnationaler Verflechtung, j\u00fcdischer Biografie und Theorieproduktion zu verraten vermag, soll ein neuer Blick auf die Kritische Theorie und ihre Entstehungsgeschichte geworfen werden.<\/p>\n<p><!-- \/wp:paragraph --><\/p>\n","protected":false},"excerpt":{"rendered":"<p>Wo kommen kritische Theorie, argentinischer Weizen und die j\u00fcdische Geschichte Lateinamerikas zusammen? 1923 entsteht in Frankfurt a.M. das Institut f\u00fcr Sozialforschung als die erste universit\u00e4re Heimat marxistischer Theorie in Deutschland \u2013 unter anderem bezahlt aus dem Verm\u00f6gen, das Hermann Weil im argentinischen Getreidehandel verdient hat. Ber\u00fchmt wurde es als Wiege der Frankfurter Schule, seine Wurzeln [&hellip;]<\/p>\n","protected":false},"author":14,"featured_media":6039,"parent":6584,"menu_order":2,"comment_status":"closed","ping_status":"closed","template":"templates\/grid-page.php","meta":{"footnotes":""},"_links":{"self":[{"href":"https:\/\/www2.hu-berlin.de\/extraterritorial\/wp-json\/wp\/v2\/pages\/4611"}],"collection":[{"href":"https:\/\/www2.hu-berlin.de\/extraterritorial\/wp-json\/wp\/v2\/pages"}],"about":[{"href":"https:\/\/www2.hu-berlin.de\/extraterritorial\/wp-json\/wp\/v2\/types\/page"}],"author":[{"embeddable":true,"href":"https:\/\/www2.hu-berlin.de\/extraterritorial\/wp-json\/wp\/v2\/users\/14"}],"replies":[{"embeddable":true,"href":"https:\/\/www2.hu-berlin.de\/extraterritorial\/wp-json\/wp\/v2\/comments?post=4611"}],"version-history":[{"count":14,"href":"https:\/\/www2.hu-berlin.de\/extraterritorial\/wp-json\/wp\/v2\/pages\/4611\/revisions"}],"predecessor-version":[{"id":7549,"href":"https:\/\/www2.hu-berlin.de\/extraterritorial\/wp-json\/wp\/v2\/pages\/4611\/revisions\/7549"}],"up":[{"embeddable":true,"href":"https:\/\/www2.hu-berlin.de\/extraterritorial\/wp-json\/wp\/v2\/pages\/6584"}],"wp:featuredmedia":[{"embeddable":true,"href":"https:\/\/www2.hu-berlin.de\/extraterritorial\/wp-json\/wp\/v2\/media\/6039"}],"wp:attachment":[{"href":"https:\/\/www2.hu-berlin.de\/extraterritorial\/wp-json\/wp\/v2\/media?parent=4611"}],"curies":[{"name":"wp","href":"https:\/\/api.w.org\/{rel}","templated":true}]}}