{"id":5664,"date":"2019-06-05T14:05:48","date_gmt":"2019-06-05T12:05:48","guid":{"rendered":"https:\/\/www2.hu-berlin.de\/extraterritorial\/?page_id=5664"},"modified":"2026-01-21T10:01:13","modified_gmt":"2026-01-21T09:01:13","slug":"ellen-rinner","status":"publish","type":"page","link":"https:\/\/www2.hu-berlin.de\/extraterritorial\/team\/post-docs\/ellen-rinner\/","title":{"rendered":"Ellen Rinner"},"content":{"rendered":"<p><strong>\u201e<\/strong><strong>Die Fackel deutsch-j\u00fcdischer Geistigkeit<\/strong><strong> \u201c. Der Einfluss j\u00fcdischer Kultur und Kulturtheorie auf die Entwicklung <\/strong><strong>von Aby Warburgs Kulturwissenschaft<\/strong><\/p>\n<p>Doktorandin am Selma Stern Zentrum f\u00fcr J\u00fcdische Studien Berlin Brandenburg und der Humboldt-Universit\u00e4t zu Berlin; Mitglied der Forschungsgruppe \u201eBilderverbot und Theorie der Kunst\u201c<\/p>\n<p><a href=\"https:\/\/www.selma-stern-zentrum.de\/mitglieder\/wiss-ma\/promovenden\/rinner-ellen\/index.html\">Profil am Selma Stern Zentrum<\/a><\/p>\n<p>Der Einfluss des Judentums auf die kulturwissenschaftliche Methode Aby M. Warburgs stellt trotz des ungebrochenen Interesses am Begr\u00fcnder moderner Kultur- und Bildgeschichte nach wie vor ein Forschungsdesiderat dar. Ausgehend von Warburgs Formulierung der \u201edeutsch-j\u00fcdischen Geistigkeit\u201c, in deren Tradition er seine Arbeit verortete, untersucht die Dissertation, auf welche Weise j\u00fcdische kulturelle Traditionen Eingang in sein Denken und Forschen gefunden haben. Dazu werden die Schriften Warburgs, sein Nachlass und vor allem der Briefwechsel untersucht, um herauszuarbeiten, welchen Niederschlag Warburgs j\u00fcdische Sozialisation in seiner wissenschaftlichen Arbeit und der Programmatik der <em>Kulturwissenschaftlichen Bibliothek Warburg<\/em> gefunden hat. <!--more-->Von besonderem Interesse ist seine Auseinandersetzung mit dem Idolatrieverbot, dessen Spuren sich nicht nur in seiner Methode und ihrem Forschungsgegenstand, dem Nachleben der Antike, finden lassen, sondern auch in seinen Beitr\u00e4gen zu kulturpolitischen Debatten im Zusammenhang des zunehmenden Nationalismus und Antisemitismus seit der Jahrhundertwende und w\u00e4hrend des Ersten Weltkriegs.<\/p>\n","protected":false},"excerpt":{"rendered":"<p>\u201eDie Fackel deutsch-j\u00fcdischer Geistigkeit \u201c. Der Einfluss j\u00fcdischer Kultur und Kulturtheorie auf die Entwicklung von Aby Warburgs Kulturwissenschaft Doktorandin am Selma Stern Zentrum f\u00fcr J\u00fcdische Studien Berlin Brandenburg und der Humboldt-Universit\u00e4t zu Berlin; Mitglied der Forschungsgruppe \u201eBilderverbot und Theorie der Kunst\u201c Profil am Selma Stern Zentrum Der Einfluss des Judentums auf die kulturwissenschaftliche Methode Aby [&hellip;]<\/p>\n","protected":false},"author":14,"featured_media":6049,"parent":6862,"menu_order":4,"comment_status":"closed","ping_status":"closed","template":"templates\/grid-page.php","meta":{"footnotes":""},"_links":{"self":[{"href":"https:\/\/www2.hu-berlin.de\/extraterritorial\/wp-json\/wp\/v2\/pages\/5664"}],"collection":[{"href":"https:\/\/www2.hu-berlin.de\/extraterritorial\/wp-json\/wp\/v2\/pages"}],"about":[{"href":"https:\/\/www2.hu-berlin.de\/extraterritorial\/wp-json\/wp\/v2\/types\/page"}],"author":[{"embeddable":true,"href":"https:\/\/www2.hu-berlin.de\/extraterritorial\/wp-json\/wp\/v2\/users\/14"}],"replies":[{"embeddable":true,"href":"https:\/\/www2.hu-berlin.de\/extraterritorial\/wp-json\/wp\/v2\/comments?post=5664"}],"version-history":[{"count":5,"href":"https:\/\/www2.hu-berlin.de\/extraterritorial\/wp-json\/wp\/v2\/pages\/5664\/revisions"}],"predecessor-version":[{"id":7372,"href":"https:\/\/www2.hu-berlin.de\/extraterritorial\/wp-json\/wp\/v2\/pages\/5664\/revisions\/7372"}],"up":[{"embeddable":true,"href":"https:\/\/www2.hu-berlin.de\/extraterritorial\/wp-json\/wp\/v2\/pages\/6862"}],"wp:featuredmedia":[{"embeddable":true,"href":"https:\/\/www2.hu-berlin.de\/extraterritorial\/wp-json\/wp\/v2\/media\/6049"}],"wp:attachment":[{"href":"https:\/\/www2.hu-berlin.de\/extraterritorial\/wp-json\/wp\/v2\/media?parent=5664"}],"curies":[{"name":"wp","href":"https:\/\/api.w.org\/{rel}","templated":true}]}}