{"id":6867,"date":"2022-07-01T11:23:45","date_gmt":"2022-07-01T09:23:45","guid":{"rendered":"https:\/\/www2.hu-berlin.de\/extraterritorial\/?page_id=6867"},"modified":"2026-01-21T10:01:46","modified_gmt":"2026-01-21T09:01:46","slug":"neu","status":"publish","type":"page","link":"https:\/\/www2.hu-berlin.de\/extraterritorial\/team\/post-docs\/neu\/","title":{"rendered":"Dr. Omer Arad"},"content":{"rendered":"<p>Omer Arad\u00a0ist Postdoc des Selma Stern Zentrums f\u00fcr J\u00fcdische Studien Berlin-Brandenburg. Er forscht unter der Betreuung von Prof. Dr. Liliana Feierstein zu den stilistischen und thematischen Ver\u00e4nderungen zwischen der deutsch-j\u00fcdischen Literatur der Vor- und Nachkriegszeit. Seine Forschungsschwerpunkte liegen im Bereich der modernen hebr\u00e4ischen Literatur und ihrer Auseinandersetzung mit deutscher Literatur, besonders mit Nietzsche.<!--more--><\/p>\n<p>Einen <strong>Abstract<\/strong> seiner\u00a0<strong>Habilitation<\/strong>\u00a0finden Sie hier.<div class=\"ead-preview\"><div class=\"ead-document\" style=\"position: relative;padding-top: 90%;\"><div class=\"ead-iframe-wrapper\"><iframe src=\"\/\/docs.google.com\/viewer?url=https%3A%2F%2Fwww2.hu-berlin.de%2Fextraterritorial%2Fwp-content%2Fuploads%2F2022%2F08%2FOmer-Arad_Abstract.pdf&amp;embedded=true&amp;hl=en\" title=\"Eingebettetes Dokument\" class=\"ead-iframe\" style=\"width: 100%;height: 100%;border: none;position: absolute;left: 0;top: 0;visibility: hidden;\"><\/iframe><\/div>\t\t\t<div class=\"ead-document-loading\" style=\"width:100%;height:100%;position:absolute;left:0;top:0;z-index:10;\">\n\t\t\t\t<div class=\"ead-loading-wrap\">\n\t\t\t\t\t<div class=\"ead-loading-main\">\n\t\t\t\t\t\t<div class=\"ead-loading\">\n\t\t\t\t\t\t\t<img src=\"https:\/\/www2.hu-berlin.de\/extraterritorial\/wp-content\/plugins\/embed-any-document\/images\/loading.svg\" width=\"55\" height=\"55\" alt=\"Loader\">\n\t\t\t\t\t\t\t<span>Wird geladen\u00a0\u2026<\/span>\n\t\t\t\t\t\t<\/div>\n\t\t\t\t\t<\/div>\n\t\t\t\t\t<div class=\"ead-loading-foot\">\n\t\t\t\t\t\t<div class=\"ead-loading-foot-title\">\n\t\t\t\t\t\t\t<img src=\"https:\/\/www2.hu-berlin.de\/extraterritorial\/wp-content\/plugins\/embed-any-document\/images\/EAD-logo.svg\" alt=\"EAD-Logo\" width=\"36\" height=\"23\"\/>\n\t\t\t\t\t\t\t<span>Es dauert zu lange?<\/span>\n\t\t\t\t\t\t<\/div>\n\t\t\t\t\t\t<p>\n\t\t\t\t\t\t\t<div class=\"ead-document-btn ead-reload-btn\" role=\"button\">\n\t\t\t\t\t\t\t\t<img src=\"https:\/\/www2.hu-berlin.de\/extraterritorial\/wp-content\/plugins\/embed-any-document\/images\/reload.svg\" alt=\"Neu laden\" width=\"12\" height=\"12\"\/> Dokument neu laden\t\t\t\t\t\t\t<\/div>\n\t\t\t\t\t\t\t<span>|<\/span>\n\t\t\t\t\t\t\t<a href=\"https:\/\/www2.hu-berlin.de\/extraterritorial\/wp-content\/uploads\/2022\/08\/Omer-Arad_Abstract.pdf\" class=\"ead-document-btn\" target=\"_blank\">\n\t\t\t\t\t\t\t\t<img src=\"https:\/\/www2.hu-berlin.de\/extraterritorial\/wp-content\/plugins\/embed-any-document\/images\/open.svg\" alt=\"\u00d6ffnen\" width=\"12\" height=\"12\"\/> In neuem Tab \u00f6ffnen\t\t\t\t\t\t\t<\/a>\n\t\t\t\t\t<\/div>\n\t\t\t\t<\/div>\n\t\t\t<\/div>\n\t\t<\/div><\/div><\/p>\n<hr \/>\n<p>Omer Arad legte seinen Bachelor und Master in Literatur an der Tel-Aviv Universit\u00e4t ab. Einen zweiten Master in European Studies beendete er an der Heinrich-Heine-Universit\u00e4t. Nach einem von Minerva gef\u00f6rderten 12-monatigen Forschungsaufenthalt an der Ludwig-Maximilians-Universit\u00e4t M\u00fcnchen nahm er 2018 sein Promotionsstudium an der Humboldt Universit\u00e4t zu Berlin auf. Seine Promotion zum Thema Nietzsche und die moderne hebr\u00e4ische Literatur schloss er 2022 bei Prof. Daniel Weidner und Liliana Ruth Feierstein ab.<\/p>\n<p>&nbsp;<\/p>\n","protected":false},"excerpt":{"rendered":"<p>Omer Arad\u00a0ist Postdoc des Selma Stern Zentrums f\u00fcr J\u00fcdische Studien Berlin-Brandenburg. Er forscht unter der Betreuung von Prof. Dr. Liliana Feierstein zu den stilistischen und thematischen Ver\u00e4nderungen zwischen der deutsch-j\u00fcdischen Literatur der Vor- und Nachkriegszeit. Seine Forschungsschwerpunkte liegen im Bereich der modernen hebr\u00e4ischen Literatur und ihrer Auseinandersetzung mit deutscher Literatur, besonders mit Nietzsche.<\/p>\n","protected":false},"author":16,"featured_media":6894,"parent":6862,"menu_order":3,"comment_status":"closed","ping_status":"closed","template":"templates\/grid-page.php","meta":{"footnotes":""},"_links":{"self":[{"href":"https:\/\/www2.hu-berlin.de\/extraterritorial\/wp-json\/wp\/v2\/pages\/6867"}],"collection":[{"href":"https:\/\/www2.hu-berlin.de\/extraterritorial\/wp-json\/wp\/v2\/pages"}],"about":[{"href":"https:\/\/www2.hu-berlin.de\/extraterritorial\/wp-json\/wp\/v2\/types\/page"}],"author":[{"embeddable":true,"href":"https:\/\/www2.hu-berlin.de\/extraterritorial\/wp-json\/wp\/v2\/users\/16"}],"replies":[{"embeddable":true,"href":"https:\/\/www2.hu-berlin.de\/extraterritorial\/wp-json\/wp\/v2\/comments?post=6867"}],"version-history":[{"count":12,"href":"https:\/\/www2.hu-berlin.de\/extraterritorial\/wp-json\/wp\/v2\/pages\/6867\/revisions"}],"predecessor-version":[{"id":7545,"href":"https:\/\/www2.hu-berlin.de\/extraterritorial\/wp-json\/wp\/v2\/pages\/6867\/revisions\/7545"}],"up":[{"embeddable":true,"href":"https:\/\/www2.hu-berlin.de\/extraterritorial\/wp-json\/wp\/v2\/pages\/6862"}],"wp:featuredmedia":[{"embeddable":true,"href":"https:\/\/www2.hu-berlin.de\/extraterritorial\/wp-json\/wp\/v2\/media\/6894"}],"wp:attachment":[{"href":"https:\/\/www2.hu-berlin.de\/extraterritorial\/wp-json\/wp\/v2\/media?parent=6867"}],"curies":[{"name":"wp","href":"https:\/\/api.w.org\/{rel}","templated":true}]}}