{"id":7047,"date":"2023-03-23T22:53:10","date_gmt":"2023-03-23T21:53:10","guid":{"rendered":"https:\/\/www2.hu-berlin.de\/extraterritorial\/?page_id=7047"},"modified":"2023-03-27T21:52:46","modified_gmt":"2023-03-27T19:52:46","slug":"angela-braun","status":"publish","type":"page","link":"https:\/\/www2.hu-berlin.de\/extraterritorial\/team\/promovierende-2\/angela-braun\/","title":{"rendered":"Angela Braum"},"content":{"rendered":"<p><strong>Der Paria \u2013 Literarisches Motiv und Figur der Moderne. Untersuchung zu einem europ\u00e4ischen Diskurs \u00fcber Marginalisierung und Ausgrenzung in der ersten H\u00e4lfte des 19. Jahrhunderts<\/strong><\/p>\n<p>Wird in Frankreich dem Paria als einer Figur gesellschaftlicher Marginalisierung und Ausgrenzung \u2013 im Verst\u00e4ndnis von gesellschaftlicher Exklusion als eines Webfehlers der Moderne \u2013 aufgrund seiner historischen Best\u00e4ndigkeit und Adaptionsf\u00e4higkeit bis in die Gegenwart gerade in den Sozialwissenschaften erh\u00f6hte Aufmerksamkeit gewidmet, so gilt dies f\u00fcr Deutschland, wo der Begriff nahezu exklusiv f\u00fcr den Kontext der j\u00fcdischen Emanzipation im 19. Jh. reserviert ist, weniger. Allerdings erf\u00e4hrt der Paria bereits zum Ende des 18. Jh. und im Kontext der Forderung nach allgemeinen Menschen- und B\u00fcrgerrechten eine von Frankreich ausgehende intensive politische und k\u00fcnstlerische Popularisierung. Diese m\u00fcndet zum Beginn des 19. Jh. in einem europaweit proliferierenden Diskurs \u00fcber Marginalisierung und Ausgrenzung von Frauen, Juden, Sinti und Roma, der seinen Widerhall in der zeitgen\u00f6ssischen Literatur und in der Oper findet und in dessen Zentrum die sich als hoch plastisch und widerspr\u00fcchlich erweisende Figur des Parias steht \u2013 eine Figur der Differenz, die auch die M\u00f6glichkeit des Wahrsprechens integriert. <!--more-->Diese Wandelbarkeit der Figur des Parias und die vielschichtige und ambivalente Produktivit\u00e4t des ihn durchquerenden sozialen und \u00e4sthetischen Diskurses in der ersten H\u00e4lfte des 19. Jh. nimmt das Dissertationsprojekt in den Blick. Die Untersuchung geht von der Annahme aus, dass sowohl die Interaktion von Diskurs und Erscheinungsformen des Parias wie auch die Plastizit\u00e4t desselben einer gewissen Regelhaftigkeit folgen und dass die Analyse der strukturellen und semantischen Tiefenfaltungen des Parias diskursive Mechanismen gesellschaftlicher Ausgrenzung und Marginalisierung zeigen kann, die sich im historischen Verlauf der \u201eNormalisierung\u201c von gesellschaftlicher Exklusion dem bewussten Zugriff entzogen haben.<\/p>\n","protected":false},"excerpt":{"rendered":"<p>Der Paria \u2013 Literarisches Motiv und Figur der Moderne. Untersuchung zu einem europ\u00e4ischen Diskurs \u00fcber Marginalisierung und Ausgrenzung in der ersten H\u00e4lfte des 19. Jahrhunderts Wird in Frankreich dem Paria als einer Figur gesellschaftlicher Marginalisierung und Ausgrenzung \u2013 im Verst\u00e4ndnis von gesellschaftlicher Exklusion als eines Webfehlers der Moderne \u2013 aufgrund seiner historischen Best\u00e4ndigkeit und Adaptionsf\u00e4higkeit [&hellip;]<\/p>\n","protected":false},"author":16,"featured_media":7050,"parent":6570,"menu_order":0,"comment_status":"closed","ping_status":"closed","template":"templates\/grid-page.php","meta":{"footnotes":""},"_links":{"self":[{"href":"https:\/\/www2.hu-berlin.de\/extraterritorial\/wp-json\/wp\/v2\/pages\/7047"}],"collection":[{"href":"https:\/\/www2.hu-berlin.de\/extraterritorial\/wp-json\/wp\/v2\/pages"}],"about":[{"href":"https:\/\/www2.hu-berlin.de\/extraterritorial\/wp-json\/wp\/v2\/types\/page"}],"author":[{"embeddable":true,"href":"https:\/\/www2.hu-berlin.de\/extraterritorial\/wp-json\/wp\/v2\/users\/16"}],"replies":[{"embeddable":true,"href":"https:\/\/www2.hu-berlin.de\/extraterritorial\/wp-json\/wp\/v2\/comments?post=7047"}],"version-history":[{"count":3,"href":"https:\/\/www2.hu-berlin.de\/extraterritorial\/wp-json\/wp\/v2\/pages\/7047\/revisions"}],"predecessor-version":[{"id":7059,"href":"https:\/\/www2.hu-berlin.de\/extraterritorial\/wp-json\/wp\/v2\/pages\/7047\/revisions\/7059"}],"up":[{"embeddable":true,"href":"https:\/\/www2.hu-berlin.de\/extraterritorial\/wp-json\/wp\/v2\/pages\/6570"}],"wp:featuredmedia":[{"embeddable":true,"href":"https:\/\/www2.hu-berlin.de\/extraterritorial\/wp-json\/wp\/v2\/media\/7050"}],"wp:attachment":[{"href":"https:\/\/www2.hu-berlin.de\/extraterritorial\/wp-json\/wp\/v2\/media?parent=7047"}],"curies":[{"name":"wp","href":"https:\/\/api.w.org\/{rel}","templated":true}]}}