{"id":7541,"date":"2025-02-20T22:12:19","date_gmt":"2025-02-20T21:12:19","guid":{"rendered":"https:\/\/www2.hu-berlin.de\/extraterritorial\/?page_id=7541"},"modified":"2026-01-21T10:01:39","modified_gmt":"2026-01-21T09:01:39","slug":"7541-2","status":"publish","type":"page","link":"https:\/\/www2.hu-berlin.de\/extraterritorial\/team\/post-docs\/7541-2\/","title":{"rendered":"Dr. Cynthia Gabbay"},"content":{"rendered":"<p><strong>Argentina: Carlos M. Gru\u0308nberg\u2019s Cosmopolitan Poetry and Polyglot Translation\u201d (2022 to 2025).\u00a0<\/strong><br \/>\n<span style=\"font-family: arial, sans-serif;\">Cynthia Gabbay completed her PhD at the Department of Romance and Latin American Studies at the Hebrew University of Jerusalem in 2012. She subsequently carried out postdoctoral research at the Harry S. Truman Institute (2011 to 2013) at the Hebrew University, the University of Haifa (2013 to 2015), and Ben Gurion University of the Negev (2015 to 2018). <\/span><br \/>\n<!--more--><span style=\"font-family: arial, sans-serif; font-size: 1rem;\">Between 2015 and 2018, she also worked as a Senior Research Associate of the ERC project &#8222;Apartheid-Stops&#8220; directed by Prof. Louise Bethlehem, in the fields of Comparative Literature and Cultural Studies at the Hebrew University where she worked on Cuban and Latin American poetry in contact with South African literature. Dr. Gabbay arrived in Germany in 2018 as an Alexander von Humboldt Experienced Researcher at\u00a0 the Department of Romance Languages at the Freie Universit\u00e4t Berlin where she worked on feminist Hispanic Jewish memoirs of the Spanish Civil war.<\/span><\/p>\n<div class=\"column\">\n<p><span style=\"font-family: arial, sans-serif;\">Until November 2022, she is a Le Studium &#8211; Institute for Advanced Studies Loire Valley research fellow working at the laboratory REMELICE at the University of Orleans, France on topics related to Jewish contemporary translation.\u00a0<\/span><\/p>\n<p><span style=\"font-family: arial, sans-serif;\">She is also co-editor of the scientific journal\u00a0<em>Lingua Franca\u00a0<\/em>(SHARP), member of the Board of Directors of the Latin American Jewish Studies Association and the Association of Hispanists of Israel, and coordinator of\u00a0<em>Simania: Salon Readings<\/em>\u00a0(LAJSA).<br \/>\nHer published books are:\u00a0<em>Los r\u00edos metaf\u00edsicos de Julio Cort\u00e1zar: De la l\u00edrica al di\u00e1logo <\/em>(2015) and as an editor,\u00a0<em>Jewish Imaginaries of the Spanish Civil War: In Search of Poetic Justice<\/em>\u00a0(N.Y: Bloomsbury, in press, October 6, 2022).<\/span><\/p>\n<p><span style=\"font-family: arial, sans-serif;\">The title of her French Habilitati<\/span><span style=\"font-family: arial, sans-serif;\">on (HDR), expected by the end of 2022 is &#8222;Litt\u00e9rature jud\u00e9o-latino-am\u00e9ricaine de la guerre civile espagnole : m\u00e9moire, genre et traduction&#8220;.<\/span><\/p>\n<\/div>\n<p><strong>Abstract of DFG-Project<\/strong> <div class=\"ead-preview\"><div class=\"ead-document\" style=\"position: relative;padding-top: 90%;\"><div class=\"ead-iframe-wrapper\"><iframe src=\"\/\/docs.google.com\/viewer?url=https%3A%2F%2Fwww2.hu-berlin.de%2Fextraterritorial%2Fwp-content%2Fuploads%2F2022%2F07%2FResumenes-Grunberg-ingles-y-aleman-Gabbay.pdf&amp;embedded=true&amp;hl=en\" title=\"Eingebettetes Dokument\" class=\"ead-iframe\" style=\"width: 100%;height: 100%;border: none;position: absolute;left: 0;top: 0;visibility: hidden;\"><\/iframe><\/div>\t\t\t<div class=\"ead-document-loading\" style=\"width:100%;height:100%;position:absolute;left:0;top:0;z-index:10;\">\n\t\t\t\t<div class=\"ead-loading-wrap\">\n\t\t\t\t\t<div class=\"ead-loading-main\">\n\t\t\t\t\t\t<div class=\"ead-loading\">\n\t\t\t\t\t\t\t<img src=\"https:\/\/www2.hu-berlin.de\/extraterritorial\/wp-content\/plugins\/embed-any-document\/images\/loading.svg\" width=\"55\" height=\"55\" alt=\"Loader\">\n\t\t\t\t\t\t\t<span>Wird geladen\u00a0\u2026<\/span>\n\t\t\t\t\t\t<\/div>\n\t\t\t\t\t<\/div>\n\t\t\t\t\t<div class=\"ead-loading-foot\">\n\t\t\t\t\t\t<div class=\"ead-loading-foot-title\">\n\t\t\t\t\t\t\t<img src=\"https:\/\/www2.hu-berlin.de\/extraterritorial\/wp-content\/plugins\/embed-any-document\/images\/EAD-logo.svg\" alt=\"EAD-Logo\" width=\"36\" height=\"23\"\/>\n\t\t\t\t\t\t\t<span>Es dauert zu lange?<\/span>\n\t\t\t\t\t\t<\/div>\n\t\t\t\t\t\t<p>\n\t\t\t\t\t\t\t<div class=\"ead-document-btn ead-reload-btn\" role=\"button\">\n\t\t\t\t\t\t\t\t<img src=\"https:\/\/www2.hu-berlin.de\/extraterritorial\/wp-content\/plugins\/embed-any-document\/images\/reload.svg\" alt=\"Neu laden\" width=\"12\" height=\"12\"\/> Dokument neu laden\t\t\t\t\t\t\t<\/div>\n\t\t\t\t\t\t\t<span>|<\/span>\n\t\t\t\t\t\t\t<a href=\"https:\/\/www2.hu-berlin.de\/extraterritorial\/wp-content\/uploads\/2022\/07\/Resumenes-Grunberg-ingles-y-aleman-Gabbay.pdf\" class=\"ead-document-btn\" target=\"_blank\">\n\t\t\t\t\t\t\t\t<img src=\"https:\/\/www2.hu-berlin.de\/extraterritorial\/wp-content\/plugins\/embed-any-document\/images\/open.svg\" alt=\"\u00d6ffnen\" width=\"12\" height=\"12\"\/> In neuem Tab \u00f6ffnen\t\t\t\t\t\t\t<\/a>\n\t\t\t\t\t<\/div>\n\t\t\t\t<\/div>\n\t\t\t<\/div>\n\t\t<\/div><\/div><\/p>\n<p><strong>curriculum vitae<\/strong> <div class=\"ead-preview\"><div class=\"ead-document\" style=\"position: relative;padding-top: 90%;\"><div class=\"ead-iframe-wrapper\"><iframe src=\"\/\/docs.google.com\/viewer?url=https%3A%2F%2Fwww2.hu-berlin.de%2Fextraterritorial%2Fwp-content%2Fuploads%2F2022%2F07%2FAcademic-Curriculum-vitae-Cynthia-Gabbay-and-list-of-publications-English.pdf&amp;embedded=true&amp;hl=en\" title=\"Eingebettetes Dokument\" class=\"ead-iframe\" style=\"width: 100%;height: 100%;border: none;position: absolute;left: 0;top: 0;visibility: hidden;\"><\/iframe><\/div>\t\t\t<div class=\"ead-document-loading\" style=\"width:100%;height:100%;position:absolute;left:0;top:0;z-index:10;\">\n\t\t\t\t<div class=\"ead-loading-wrap\">\n\t\t\t\t\t<div class=\"ead-loading-main\">\n\t\t\t\t\t\t<div class=\"ead-loading\">\n\t\t\t\t\t\t\t<img src=\"https:\/\/www2.hu-berlin.de\/extraterritorial\/wp-content\/plugins\/embed-any-document\/images\/loading.svg\" width=\"55\" height=\"55\" alt=\"Loader\">\n\t\t\t\t\t\t\t<span>Wird geladen\u00a0\u2026<\/span>\n\t\t\t\t\t\t<\/div>\n\t\t\t\t\t<\/div>\n\t\t\t\t\t<div class=\"ead-loading-foot\">\n\t\t\t\t\t\t<div class=\"ead-loading-foot-title\">\n\t\t\t\t\t\t\t<img src=\"https:\/\/www2.hu-berlin.de\/extraterritorial\/wp-content\/plugins\/embed-any-document\/images\/EAD-logo.svg\" alt=\"EAD-Logo\" width=\"36\" height=\"23\"\/>\n\t\t\t\t\t\t\t<span>Es dauert zu lange?<\/span>\n\t\t\t\t\t\t<\/div>\n\t\t\t\t\t\t<p>\n\t\t\t\t\t\t\t<div class=\"ead-document-btn ead-reload-btn\" role=\"button\">\n\t\t\t\t\t\t\t\t<img src=\"https:\/\/www2.hu-berlin.de\/extraterritorial\/wp-content\/plugins\/embed-any-document\/images\/reload.svg\" alt=\"Neu laden\" width=\"12\" height=\"12\"\/> Dokument neu laden\t\t\t\t\t\t\t<\/div>\n\t\t\t\t\t\t\t<span>|<\/span>\n\t\t\t\t\t\t\t<a href=\"https:\/\/www2.hu-berlin.de\/extraterritorial\/wp-content\/uploads\/2022\/07\/Academic-Curriculum-vitae-Cynthia-Gabbay-and-list-of-publications-English.pdf\" class=\"ead-document-btn\" target=\"_blank\">\n\t\t\t\t\t\t\t\t<img src=\"https:\/\/www2.hu-berlin.de\/extraterritorial\/wp-content\/plugins\/embed-any-document\/images\/open.svg\" alt=\"\u00d6ffnen\" width=\"12\" height=\"12\"\/> In neuem Tab \u00f6ffnen\t\t\t\t\t\t\t<\/a>\n\t\t\t\t\t<\/div>\n\t\t\t\t<\/div>\n\t\t\t<\/div>\n\t\t<\/div><\/div><\/p>\n","protected":false},"excerpt":{"rendered":"<p>Argentina: Carlos M. Gru\u0308nberg\u2019s Cosmopolitan Poetry and Polyglot Translation\u201d (2022 to 2025).\u00a0 Cynthia Gabbay completed her PhD at the Department of Romance and Latin American Studies at the Hebrew University of Jerusalem in 2012. She subsequently carried out postdoctoral research at the Harry S. Truman Institute (2011 to 2013) at the Hebrew University, the University [&hellip;]<\/p>\n","protected":false},"author":14,"featured_media":6860,"parent":6862,"menu_order":2,"comment_status":"closed","ping_status":"closed","template":"templates\/grid-page.php","meta":{"footnotes":""},"_links":{"self":[{"href":"https:\/\/www2.hu-berlin.de\/extraterritorial\/wp-json\/wp\/v2\/pages\/7541"}],"collection":[{"href":"https:\/\/www2.hu-berlin.de\/extraterritorial\/wp-json\/wp\/v2\/pages"}],"about":[{"href":"https:\/\/www2.hu-berlin.de\/extraterritorial\/wp-json\/wp\/v2\/types\/page"}],"author":[{"embeddable":true,"href":"https:\/\/www2.hu-berlin.de\/extraterritorial\/wp-json\/wp\/v2\/users\/14"}],"replies":[{"embeddable":true,"href":"https:\/\/www2.hu-berlin.de\/extraterritorial\/wp-json\/wp\/v2\/comments?post=7541"}],"version-history":[{"count":3,"href":"https:\/\/www2.hu-berlin.de\/extraterritorial\/wp-json\/wp\/v2\/pages\/7541\/revisions"}],"predecessor-version":[{"id":7595,"href":"https:\/\/www2.hu-berlin.de\/extraterritorial\/wp-json\/wp\/v2\/pages\/7541\/revisions\/7595"}],"up":[{"embeddable":true,"href":"https:\/\/www2.hu-berlin.de\/extraterritorial\/wp-json\/wp\/v2\/pages\/6862"}],"wp:featuredmedia":[{"embeddable":true,"href":"https:\/\/www2.hu-berlin.de\/extraterritorial\/wp-json\/wp\/v2\/media\/6860"}],"wp:attachment":[{"href":"https:\/\/www2.hu-berlin.de\/extraterritorial\/wp-json\/wp\/v2\/media?parent=7541"}],"curies":[{"name":"wp","href":"https:\/\/api.w.org\/{rel}","templated":true}]}}