{"id":7709,"date":"2025-03-14T14:24:03","date_gmt":"2025-03-14T13:24:03","guid":{"rendered":"https:\/\/www2.hu-berlin.de\/extraterritorial\/?page_id=7709"},"modified":"2025-03-14T14:24:03","modified_gmt":"2025-03-14T13:24:03","slug":"dr-lutz-fiedler-professurvertretung","status":"publish","type":"page","link":"https:\/\/www2.hu-berlin.de\/extraterritorial\/team\/lehrstuhl\/dr-lutz-fiedler-professurvertretung\/","title":{"rendered":"Dr. Lutz Fiedler (Professurvertretung)"},"content":{"rendered":"<p>Professurvertreter am Lehrstuhl. Studium von Mittlerer und Neuerer Geschichte und Philosophie in Leipzig und Jerusalem. Von 2006 bis 2013 war er wissenschaftlicher Mitarbeiter am Simon-Dubnow-Institut f\u00fcr j\u00fcdische Geschichte und Kultur; 2015 erfolgte die Promotion an der Universit\u00e4t Leipzig bei Dan Diner. Seit Oktober 2021 Wissenschaftlicher Mitarbeiter und Referent der Direktorin am Moses Mendelssohn Zentrum in Potsdam (beurlaubt vom 1.10.2024 bis 30.9.2025). <!--more-->Von 2014 bis 2017 war er Postdoc im ERC-Projekt \u201eJudgingHistories: Experience, Judgement, and Representation of World War II in an Age of Globalization&#8220; an der Hebr\u00e4ischen Universit\u00e4t Jerusalem. Seine Forschungsschwerpunkte sind die moderne j\u00fcdische und israelische Geschichte sowie die j\u00fcdische Ideen- und Kulturgeschichte. Er ist Mitherausgeber des Bandes \u201eEichmann in Jerusalem&#8220; in der Kritischen Gesamtausgabe der Werke Hannah Arendts.<\/p>\n<p>Kontakt: <a href=\"mailto:fiedlelu@hu-berlin.de\">fiedlelu@hu-berlin.de<\/a><\/p>\n","protected":false},"excerpt":{"rendered":"<p>Professurvertreter am Lehrstuhl. Studium von Mittlerer und Neuerer Geschichte und Philosophie in Leipzig und Jerusalem. Von 2006 bis 2013 war er wissenschaftlicher Mitarbeiter am Simon-Dubnow-Institut f\u00fcr j\u00fcdische Geschichte und Kultur; 2015 erfolgte die Promotion an der Universit\u00e4t Leipzig bei Dan Diner. Seit Oktober 2021 Wissenschaftlicher Mitarbeiter und Referent der Direktorin am Moses Mendelssohn Zentrum in [&hellip;]<\/p>\n","protected":false},"author":17,"featured_media":7462,"parent":6704,"menu_order":2,"comment_status":"closed","ping_status":"closed","template":"templates\/grid-page.php","meta":{"footnotes":""},"_links":{"self":[{"href":"https:\/\/www2.hu-berlin.de\/extraterritorial\/wp-json\/wp\/v2\/pages\/7709"}],"collection":[{"href":"https:\/\/www2.hu-berlin.de\/extraterritorial\/wp-json\/wp\/v2\/pages"}],"about":[{"href":"https:\/\/www2.hu-berlin.de\/extraterritorial\/wp-json\/wp\/v2\/types\/page"}],"author":[{"embeddable":true,"href":"https:\/\/www2.hu-berlin.de\/extraterritorial\/wp-json\/wp\/v2\/users\/17"}],"replies":[{"embeddable":true,"href":"https:\/\/www2.hu-berlin.de\/extraterritorial\/wp-json\/wp\/v2\/comments?post=7709"}],"version-history":[{"count":1,"href":"https:\/\/www2.hu-berlin.de\/extraterritorial\/wp-json\/wp\/v2\/pages\/7709\/revisions"}],"predecessor-version":[{"id":7710,"href":"https:\/\/www2.hu-berlin.de\/extraterritorial\/wp-json\/wp\/v2\/pages\/7709\/revisions\/7710"}],"up":[{"embeddable":true,"href":"https:\/\/www2.hu-berlin.de\/extraterritorial\/wp-json\/wp\/v2\/pages\/6704"}],"wp:featuredmedia":[{"embeddable":true,"href":"https:\/\/www2.hu-berlin.de\/extraterritorial\/wp-json\/wp\/v2\/media\/7462"}],"wp:attachment":[{"href":"https:\/\/www2.hu-berlin.de\/extraterritorial\/wp-json\/wp\/v2\/media?parent=7709"}],"curies":[{"name":"wp","href":"https:\/\/api.w.org\/{rel}","templated":true}]}}