{"id":7740,"date":"2025-04-30T09:59:17","date_gmt":"2025-04-30T07:59:17","guid":{"rendered":"https:\/\/www2.hu-berlin.de\/extraterritorial\/?page_id=7740"},"modified":"2025-05-07T17:58:27","modified_gmt":"2025-05-07T15:58:27","slug":"kooperation-mit-der-universidad-de-lanus-gespraech-von-prof-kandel-prof-feierstein","status":"publish","type":"page","link":"https:\/\/www2.hu-berlin.de\/extraterritorial\/aktuelles\/kooperation-mit-der-universidad-de-lanus-gespraech-von-prof-kandel-prof-feierstein\/","title":{"rendered":"Kooperation mit der Universidad de Lan\u00fas &#8211; Gespr\u00e4ch von Prof. Kandel\/ Prof. Feierstein"},"content":{"rendered":"<p><a href=\"https:\/\/www.instagram.com\/reel\/DIPk0y1i2eK\/?igsh=X1pFX2RLWmVQ\">Link zum Video<\/a><\/p>\n<p>Dieses Gespr\u00e4ch fand im Rahmen der Science Week statt mit dem Titel: \u201eGespr\u00e4che im Vergleichsschl\u00fcssel: Aktuelle Herausforderungen der Lehre und Forschung in Deutschland und Argentinien\u201c zusammen mit<strong> Prof. Dr. Liliana Feierstein<\/strong> (HU Berlin) und <strong>Dr. Victoria Kandel<\/strong>, Koordinatorin des Observatorium.<\/p>\n<p><!--more--><\/p>\n<p>Das Higher Education Observatory wurde ins Leben gerufen als ein neuer Raum f\u00fcr Forschung und Analyse zum Hochschulsystem, der Studien, Daten und Berichte unserer und anderer Hochschulen zusammenf\u00fchrt.<\/p>\n<p>Das Observatorium wird au\u00dferdem eng mit den Programmen und Bildungsangeboten der UNLa zusammenarbeiten und so unser Engagement f\u00fcr eine qualitativ hochwertige Bildung bekr\u00e4ftigen.<\/p>\n<p>&nbsp;<\/p>\n","protected":false},"excerpt":{"rendered":"<p>Link zum Video Dieses Gespr\u00e4ch fand im Rahmen der Science Week statt mit dem Titel: \u201eGespr\u00e4che im Vergleichsschl\u00fcssel: Aktuelle Herausforderungen der Lehre und Forschung in Deutschland und Argentinien\u201c zusammen mit Prof. Dr. Liliana Feierstein (HU Berlin) und Dr. Victoria Kandel, Koordinatorin des Observatorium.<\/p>\n","protected":false},"author":17,"featured_media":7742,"parent":5488,"menu_order":467,"comment_status":"closed","ping_status":"closed","template":"templates\/grid-page.php","meta":{"footnotes":""},"_links":{"self":[{"href":"https:\/\/www2.hu-berlin.de\/extraterritorial\/wp-json\/wp\/v2\/pages\/7740"}],"collection":[{"href":"https:\/\/www2.hu-berlin.de\/extraterritorial\/wp-json\/wp\/v2\/pages"}],"about":[{"href":"https:\/\/www2.hu-berlin.de\/extraterritorial\/wp-json\/wp\/v2\/types\/page"}],"author":[{"embeddable":true,"href":"https:\/\/www2.hu-berlin.de\/extraterritorial\/wp-json\/wp\/v2\/users\/17"}],"replies":[{"embeddable":true,"href":"https:\/\/www2.hu-berlin.de\/extraterritorial\/wp-json\/wp\/v2\/comments?post=7740"}],"version-history":[{"count":1,"href":"https:\/\/www2.hu-berlin.de\/extraterritorial\/wp-json\/wp\/v2\/pages\/7740\/revisions"}],"predecessor-version":[{"id":7743,"href":"https:\/\/www2.hu-berlin.de\/extraterritorial\/wp-json\/wp\/v2\/pages\/7740\/revisions\/7743"}],"up":[{"embeddable":true,"href":"https:\/\/www2.hu-berlin.de\/extraterritorial\/wp-json\/wp\/v2\/pages\/5488"}],"wp:featuredmedia":[{"embeddable":true,"href":"https:\/\/www2.hu-berlin.de\/extraterritorial\/wp-json\/wp\/v2\/media\/7742"}],"wp:attachment":[{"href":"https:\/\/www2.hu-berlin.de\/extraterritorial\/wp-json\/wp\/v2\/media?parent=7740"}],"curies":[{"name":"wp","href":"https:\/\/api.w.org\/{rel}","templated":true}]}}