{"id":7869,"date":"2026-02-20T13:05:28","date_gmt":"2026-02-20T12:05:28","guid":{"rendered":"https:\/\/www2.hu-berlin.de\/extraterritorial\/?page_id=7869"},"modified":"2026-02-20T19:20:25","modified_gmt":"2026-02-20T18:20:25","slug":"juedisch-sein-arabisch-werden","status":"publish","type":"page","link":"https:\/\/www2.hu-berlin.de\/extraterritorial\/lehre\/lv-sommersemester-2026\/juedisch-sein-arabisch-werden\/","title":{"rendered":"J\u00fcdisch-Sein, Arabisch-Werden"},"content":{"rendered":"<p><em>Prof. Dr. Galili Shahar (Gastprofessor)<\/em><\/p>\n<p><a href=\"https:\/\/agnes.hu-berlin.de\/lupo\/rds?state=verpublish&amp;status=init&amp;vmfile=no&amp;publishid=241955&amp;moduleCall=webInfo&amp;publishConfFile=webInfo&amp;publishSubDir=veranstaltung\">Vorlesung (Link zu Agnes)<\/a><\/p>\n<p>Die Vorlesung untersucht die Affinit\u00e4ten zwischen der j\u00fcdischen und der arabischen (bzw. muslimischen) Kultur. Dabei wird die kulturelle Erfahrung von J\u00fcdinnen und Juden im Al-Andalus, im Maschriq (Nahost), im Maghreb (Nordafrika), in Israel-Pal\u00e4stina sowie im heutigen Europa im Kontext j\u00fcdisch-arabischer Verh\u00e4ltnisse diskutiert. Diese Erfahrung ist gepr\u00e4gt von Spaltung und Zusammengeh\u00f6rigkeit \u2013 von Riss und Fuge.<!--more--><\/p>\n<p>Es ist die Erfahrung einer Spiegelung (Selbstreflexion, Doppelg\u00e4ngertum), einer Unheimlichkeit, \u00fcber die sich das J\u00fcdische in Abgrenzung zu sowie in Verbindung mit dem Arabischen definiert. Die Vorlesung hinterfragt dabei die Bedingungen, die historischen Zusammenh\u00e4nge und die Zukunft j\u00fcdisch-arabischer Nachbarschaft.<\/p>\n","protected":false},"excerpt":{"rendered":"<p>Prof. Dr. Galili Shahar (Gastprofessor) Vorlesung (Link zu Agnes) Die Vorlesung untersucht die Affinit\u00e4ten zwischen der j\u00fcdischen und der arabischen (bzw. muslimischen) Kultur. Dabei wird die kulturelle Erfahrung von J\u00fcdinnen und Juden im Al-Andalus, im Maschriq (Nahost), im Maghreb (Nordafrika), in Israel-Pal\u00e4stina sowie im heutigen Europa im Kontext j\u00fcdisch-arabischer Verh\u00e4ltnisse diskutiert. Diese Erfahrung ist gepr\u00e4gt [&hellip;]<\/p>\n","protected":false},"author":19,"featured_media":0,"parent":7852,"menu_order":1,"comment_status":"closed","ping_status":"closed","template":"templates\/grid-page.php","meta":{"footnotes":""},"_links":{"self":[{"href":"https:\/\/www2.hu-berlin.de\/extraterritorial\/wp-json\/wp\/v2\/pages\/7869"}],"collection":[{"href":"https:\/\/www2.hu-berlin.de\/extraterritorial\/wp-json\/wp\/v2\/pages"}],"about":[{"href":"https:\/\/www2.hu-berlin.de\/extraterritorial\/wp-json\/wp\/v2\/types\/page"}],"author":[{"embeddable":true,"href":"https:\/\/www2.hu-berlin.de\/extraterritorial\/wp-json\/wp\/v2\/users\/19"}],"replies":[{"embeddable":true,"href":"https:\/\/www2.hu-berlin.de\/extraterritorial\/wp-json\/wp\/v2\/comments?post=7869"}],"version-history":[{"count":1,"href":"https:\/\/www2.hu-berlin.de\/extraterritorial\/wp-json\/wp\/v2\/pages\/7869\/revisions"}],"predecessor-version":[{"id":7870,"href":"https:\/\/www2.hu-berlin.de\/extraterritorial\/wp-json\/wp\/v2\/pages\/7869\/revisions\/7870"}],"up":[{"embeddable":true,"href":"https:\/\/www2.hu-berlin.de\/extraterritorial\/wp-json\/wp\/v2\/pages\/7852"}],"wp:attachment":[{"href":"https:\/\/www2.hu-berlin.de\/extraterritorial\/wp-json\/wp\/v2\/media?parent=7869"}],"curies":[{"name":"wp","href":"https:\/\/api.w.org\/{rel}","templated":true}]}}