{"id":485,"date":"2025-11-28T19:02:47","date_gmt":"2025-11-28T18:02:47","guid":{"rendered":"https:\/\/www2.hu-berlin.de\/multimodalappreciation\/?page_id=485"},"modified":"2025-11-30T10:39:22","modified_gmt":"2025-11-30T09:39:22","slug":"kit","status":"publish","type":"page","link":"https:\/\/www2.hu-berlin.de\/multimodalappreciation\/kit\/","title":{"rendered":"The Kit"},"content":{"rendered":"\n<figure class=\"wp-block-image size-large\"><img loading=\"lazy\" decoding=\"async\" width=\"1024\" height=\"704\" src=\"https:\/\/www2.hu-berlin.de\/multimodalappreciation\/wp-content\/uploads\/2025\/11\/multimodalappreciation_kit-1024x704.png\" alt=\"\" class=\"wp-image-529\" srcset=\"https:\/\/www2.hu-berlin.de\/multimodalappreciation\/wp-content\/uploads\/2025\/11\/multimodalappreciation_kit-1024x704.png 1024w, https:\/\/www2.hu-berlin.de\/multimodalappreciation\/wp-content\/uploads\/2025\/11\/multimodalappreciation_kit-300x206.png 300w, https:\/\/www2.hu-berlin.de\/multimodalappreciation\/wp-content\/uploads\/2025\/11\/multimodalappreciation_kit-768x528.png 768w, https:\/\/www2.hu-berlin.de\/multimodalappreciation\/wp-content\/uploads\/2025\/11\/multimodalappreciation_kit-1536x1056.png 1536w, https:\/\/www2.hu-berlin.de\/multimodalappreciation\/wp-content\/uploads\/2025\/11\/multimodalappreciation_kit-2048x1408.png 2048w\" sizes=\"auto, (max-width: 1024px) 100vw, 1024px\" \/><\/figure>\n\n\n\n<h2 class=\"wp-block-heading\"><strong>Multimodal Appreciation: A Kit for Evaluating Multimodal Works in Anthropology and Beyond<\/strong><\/h2>\n\n\n\n<p>Written by Judith Albrecht, Tom\u00e1s Criado, Ignacio Far\u00edas, Andrew Gilbert, Carla J Maier. <br>Published CC BY SA Institut f\u00fcr Europ\u00e4ische Ethnologie \u00b7 HU Berlin, 2025 [ISBN 978-3-00-084575-8]<\/p>\n\n\n\n<p>Cover and layout design: <a href=\"https:\/\/www.dinafluck.com\/\" data-type=\"link\" data-id=\"https:\/\/www.dinafluck.com\/\" target=\"_blank\" rel=\"noreferrer noopener\">Dina Fluck<\/a><\/p>\n\n\n\n<h4 class=\"wp-block-heading\">Acknowledgements<\/h4>\n\n\n\n<p>This book has been made possible with the generous support of the Volkswagen Foundation (project number 0069945-00) as well additional funding from Humboldt-Universit\u00e4t zu Berlin and Burg Giebichenstein University of Art and Design Halle.<\/p>\n\n\n\n<h4 class=\"wp-block-heading\">Summary<\/h4>\n\n\n\n<p>This kit provides a set of \u00ad practical exercises and a framework for valuing and assessing multimodal works. It recognizes their unique capacity to weave together and activate diverse media forms, collaborative practices, and public engagement while expanding the traditional boundaries of anthropological knowledge production.<\/p>\n\n\n\n<p>This kit is intentionally designed as an open-ended, dynamic resource. We are certain that there are dimensions we have overlooked and anticipate that new dimensions will emerge through its use. This is why you\u2019ll find blank cards, expandable lists, adaptable templates, and blank pages throughout the kit \u2013 they are invitations for you to contribute your own insights, document new approaches, and expand the kit based on your experiences in appreciating and evaluating multimodal works. Your engagement with the kit actively shapes its evolution, making it a lively and collectively enriched resource rather than a fixed set of instructions.<\/p>\n\n\n\n<h4 class=\"wp-block-heading\">Download<\/h4>\n\n\n\n<p>Here you could download the kit in full. Below you could also check and download the seven components of the kit as separate elements.<\/p>\n\n\n\n<div data-wp-interactive=\"core\/file\" class=\"wp-block-file\"><object data-wp-bind--hidden=\"!state.hasPdfPreview\" hidden class=\"wp-block-file__embed\" data=\"https:\/\/www2.hu-berlin.de\/multimodalappreciation\/wp-content\/uploads\/2025\/11\/multimodalappreciation_kit.pdf\" type=\"application\/pdf\" style=\"width:100%;height:600px\" aria-label=\"Embed of PDF (full kit).\"><\/object><a id=\"wp-block-file--media-2dcc2dfd-6f3a-4c68-89dd-9935b9129f50\" href=\"https:\/\/www2.hu-berlin.de\/multimodalappreciation\/wp-content\/uploads\/2025\/11\/multimodalappreciation_kit.pdf\">PDF (full kit)<\/a><a href=\"https:\/\/www2.hu-berlin.de\/multimodalappreciation\/wp-content\/uploads\/2025\/11\/multimodalappreciation_kit.pdf\" class=\"wp-block-file__button wp-element-button\" download aria-describedby=\"wp-block-file--media-2dcc2dfd-6f3a-4c68-89dd-9935b9129f50\">Download<\/a><\/div>\n\n\n\n<p><\/p>\n\n\n\n<h2 class=\"wp-block-heading\">The kit&#8217;s components<\/h2>\n\n\n\n<p>1) The<strong> List of Multimodal Reference Works<\/strong> presents notable examples collected in 2023 in order to study and \u00ad compare the aesthetic, multisensory, and methodological affordances of more-than-textual and multimodal works, serving not as an exhaustive collection but as an inspirational starting point for further exploration | <a href=\"https:\/\/www2.hu-berlin.de\/multimodalappreciation\/wp-content\/uploads\/2025\/11\/1-multimodalappreciation_guide_referenceworks.pdf\" target=\"_blank\" rel=\"noreferrer noopener\">PDF<\/a><\/p>\n\n\n\n<p><\/p>\n\n\n\n<p>2) The<strong> Manifesto<\/strong> is a ode to multimodality, a discursive framework and a handy companion on your journey to appreciate and evaluate more-than-textual research. Or, to put it more bluntly: With it, you may change the landscape of evaluation as you know it. The manifesto provides the groundwork essential for understanding the challenges and opportunities that multimodality brings to anthropological research. It introduces and unpacks critical concepts \u2013 from collaboration and immersion to the multiplicity of versions and public engagement \u2013 that provide the theoretical depth and practical insights needed to contextualize and activate the other kit elements | <a href=\"https:\/\/www2.hu-berlin.de\/multimodalappreciation\/wp-content\/uploads\/2025\/11\/2-multimodalappreciation_manifesto.pdf\" target=\"_blank\" rel=\"noreferrer noopener\">PDF<\/a><\/p>\n\n\n\n<p><\/p>\n\n\n\n<p><\/p>\n\n\n\n<p>3) The <strong>Values Inventory<\/strong>: Learning to more fully appreciate and thus properly evaluate multimodal works requires that we extend or push conventional standards of what counts as academic, relevant, and original beyond their association with text and writing. This kit component thus offers users an expanded set of valuation \u00ad criteria for how to appreciate and evaluate multimodal works | <a href=\"https:\/\/www2.hu-berlin.de\/multimodalappreciation\/wp-content\/uploads\/2025\/11\/3-multimodalappreciation_valuecards.pdf\" data-type=\"link\" data-id=\"https:\/\/www2.hu-berlin.de\/multimodalappreciation\/wp-content\/uploads\/2025\/11\/3-multimodalappreciation_valuecards.pdf\" target=\"_blank\" rel=\"noreferrer noopener\">PDF<\/a><\/p>\n\n\n\n<p><\/p>\n\n\n\n<p><\/p>\n\n\n\n<p>4) These <strong>Instructions for Immersion<\/strong> will help users to \u00ad identify the manifold affordances of multi\u00admodal works, something that \u00ad requires paying close attention to the \u00ad aesthetic or sensuous dimensions of knowledge forms as well as both \u00ad unlearning media conventions and newly sensitizing our\u00ad selves to what a research work is and can be | <a href=\"https:\/\/www2.hu-berlin.de\/multimodalappreciation\/wp-content\/uploads\/2025\/11\/4-multimodalappreciation_immersion.pdf\" data-type=\"link\" data-id=\"https:\/\/www2.hu-berlin.de\/multimodalappreciation\/wp-content\/uploads\/2025\/11\/4-multimodalappreciation_immersion.pdf\" target=\"_blank\" rel=\"noreferrer noopener\">PDF<\/a><\/p>\n\n\n\n<p><\/p>\n\n\n\n<p><\/p>\n\n\n\n<p>5) The <strong>Dialogic Evaluation Protocol <\/strong>guides users through a joint assessment of a multimodal work. It is designed to bring evaluators into heightened awareness of the standards and decision-making processes they use when evaluating or reviewing a multimodal work or project. This in turn should advance the goal of identifying and articulating standards of what constitutes a \u201cgood\u201d multimodal work, as well as improving the multimodal work or \u00ad project under review | <a href=\"https:\/\/www2.hu-berlin.de\/multimodalappreciation\/wp-content\/uploads\/2025\/11\/5-multimodalappreciation_dialogicevaluation.pdf\" data-type=\"link\" data-id=\"https:\/\/www2.hu-berlin.de\/multimodalappreciation\/wp-content\/uploads\/2025\/11\/5-multimodalappreciation_dialogicevaluation.pdf\" target=\"_blank\" rel=\"noreferrer noopener\">PDF<\/a><\/p>\n\n\n\n<p><\/p>\n\n\n\n<p><\/p>\n\n\n\n<p>6) This <strong>Chart of Situated Challenges<\/strong> will help users to \u00ad identify, articulate, and relate common\u00ad challenges that arise from producing multi\u00admodal research. It offers an\u00ad exercise that will aid in navigating these challenges, while also refining your understanding of what working multimodally entails | <a href=\"https:\/\/www2.hu-berlin.de\/multimodalappreciation\/wp-content\/uploads\/2025\/11\/6-multimodalappreciation_situatedchallenges.pdf\" data-type=\"link\" data-id=\"https:\/\/www2.hu-berlin.de\/multimodalappreciation\/wp-content\/uploads\/2025\/11\/6-multimodalappreciation_situatedchallenges.pdf\" target=\"_blank\" rel=\"noreferrer noopener\">PDF<\/a><\/p>\n\n\n\n<p><\/p>\n\n\n\n<p><\/p>\n\n\n\n<p>7) <strong>Map of Interventions<\/strong>: This guide to collective mapping primarily aims to help makers of multimodal works to identify the collaborators, allies, networks, and other resources they need to thrive in the larger ecosystems of knowledge \u00adproduction in which they are enmeshed | <a href=\"https:\/\/www2.hu-berlin.de\/multimodalappreciation\/wp-content\/uploads\/2025\/11\/7-multimodalappreciation_mapofinterventions.pdf\" data-type=\"link\" data-id=\"https:\/\/www2.hu-berlin.de\/multimodalappreciation\/wp-content\/uploads\/2025\/11\/7-multimodalappreciation_mapofinterventions.pdf\" target=\"_blank\" rel=\"noreferrer noopener\">PDF<\/a><\/p>\n\n\n\n<p><\/p>\n","protected":false},"excerpt":{"rendered":"<p>Multimodal Appreciation: A Kit for Evaluating Multimodal Works in Anthropology and Beyond Written by Judith Albrecht, Tom\u00e1s Criado, Ignacio Far\u00edas, Andrew Gilbert, Carla J Maier. Published CC BY SA Institut f\u00fcr Europ\u00e4ische Ethnologie \u00b7 HU Berlin, 2025 [ISBN 978-3-00-084575-8] Cover and layout design: Dina Fluck Acknowledgements This book has been made possible with the generous [&hellip;]<\/p>\n","protected":false},"author":2,"featured_media":0,"parent":0,"menu_order":0,"comment_status":"closed","ping_status":"closed","template":"","meta":{"footnotes":""},"class_list":["post-485","page","type-page","status-publish","hentry","entry"],"jetpack_sharing_enabled":true,"_links":{"self":[{"href":"https:\/\/www2.hu-berlin.de\/multimodalappreciation\/wp-json\/wp\/v2\/pages\/485","targetHints":{"allow":["GET"]}}],"collection":[{"href":"https:\/\/www2.hu-berlin.de\/multimodalappreciation\/wp-json\/wp\/v2\/pages"}],"about":[{"href":"https:\/\/www2.hu-berlin.de\/multimodalappreciation\/wp-json\/wp\/v2\/types\/page"}],"author":[{"embeddable":true,"href":"https:\/\/www2.hu-berlin.de\/multimodalappreciation\/wp-json\/wp\/v2\/users\/2"}],"replies":[{"embeddable":true,"href":"https:\/\/www2.hu-berlin.de\/multimodalappreciation\/wp-json\/wp\/v2\/comments?post=485"}],"version-history":[{"count":20,"href":"https:\/\/www2.hu-berlin.de\/multimodalappreciation\/wp-json\/wp\/v2\/pages\/485\/revisions"}],"predecessor-version":[{"id":530,"href":"https:\/\/www2.hu-berlin.de\/multimodalappreciation\/wp-json\/wp\/v2\/pages\/485\/revisions\/530"}],"wp:attachment":[{"href":"https:\/\/www2.hu-berlin.de\/multimodalappreciation\/wp-json\/wp\/v2\/media?parent=485"}],"curies":[{"name":"wp","href":"https:\/\/api.w.org\/{rel}","templated":true}]}}