{"id":574,"date":"2022-09-18T10:50:19","date_gmt":"2022-09-18T08:50:19","guid":{"rendered":"https:\/\/www2.hu-berlin.de\/pcpmodellprojekte\/?page_id=574"},"modified":"2022-10-19T22:01:47","modified_gmt":"2022-10-19T20:01:47","slug":"barrierefreiheit","status":"publish","type":"page","link":"https:\/\/www2.hu-berlin.de\/pcpmodellprojekte\/en\/barrierefreiheit\/","title":{"rendered":"Erkl\u00e4rung zur digitalen Barrierefreiheit"},"content":{"rendered":"<div data-elementor-type=\"wp-page\" data-elementor-id=\"574\" class=\"elementor elementor-574\" data-elementor-post-type=\"page\">\n\t\t\t\t\t\t<section class=\"elementor-section elementor-top-section elementor-element elementor-element-dac72e1 elementor-section-full_width elementor-section-height-default elementor-section-height-default\" data-id=\"dac72e1\" data-element_type=\"section\" data-e-type=\"section\">\n\t\t\t\t\t\t<div class=\"elementor-container elementor-column-gap-default\">\n\t\t\t\t\t<div class=\"elementor-column elementor-col-100 elementor-top-column elementor-element elementor-element-6a7ae0c\" data-id=\"6a7ae0c\" data-element_type=\"column\" data-e-type=\"column\">\n\t\t\t<div class=\"elementor-widget-wrap elementor-element-populated\">\n\t\t\t\t\t\t<div class=\"elementor-element elementor-element-d4cfec1 elementor-widget elementor-widget-heading\" data-id=\"d4cfec1\" data-element_type=\"widget\" data-e-type=\"widget\" data-widget_type=\"heading.default\">\n\t\t\t\t<div class=\"elementor-widget-container\">\n\t\t\t\t\t<h1 class=\"elementor-heading-title elementor-size-default\">Erkl\u00e4rung zur digitalen Barrierefreiheit<\/h1>\t\t\t\t<\/div>\n\t\t\t\t<\/div>\n\t\t\t\t\t<\/div>\n\t\t<\/div>\n\t\t\t\t\t<\/div>\n\t\t<\/section>\n\t\t\t\t<section class=\"elementor-section elementor-top-section elementor-element elementor-element-f4e8a02 elementor-section-full_width elementor-section-height-default elementor-section-height-default\" data-id=\"f4e8a02\" data-element_type=\"section\" data-e-type=\"section\">\n\t\t\t\t\t\t<div class=\"elementor-container elementor-column-gap-default\">\n\t\t\t\t\t<div class=\"elementor-column elementor-col-100 elementor-top-column elementor-element elementor-element-a6de5b5\" data-id=\"a6de5b5\" data-element_type=\"column\" data-e-type=\"column\">\n\t\t\t<div class=\"elementor-widget-wrap elementor-element-populated\">\n\t\t\t\t\t\t<div class=\"elementor-element elementor-element-8f33e61 elementor-widget elementor-widget-text-editor\" data-id=\"8f33e61\" data-element_type=\"widget\" data-e-type=\"widget\" data-widget_type=\"text-editor.default\">\n\t\t\t\t<div class=\"elementor-widget-container\">\n\t\t\t\t\t\t\t\t\t<p>Das PCP-Modellprojekte ist jederzeit bem\u00fcht, ihren Webauftritt so barrierefrei wie m\u00f6glich zu gestalten. Vorgaben dazu werden im <a href=\"http:\/\/gesetze.berlin.de\/jportal\/?quelle=jlink&amp;query=BIKTG+BE&amp;psml=bsbeprod.psml&amp;max=true&amp;aiz=true\" target=\"_blank\" rel=\"noopener\">Gesetz \u00fcber die barrierefreie Informations- und Kommunikationstechnik Berlin<\/a> (BIKTG Bln) festgeschrieben. Die technischen Anforderungen zur Barrierefreiheit ergeben sich aus der <a href=\"https:\/\/www.gesetze-im-internet.de\/bitv_2_0\/BJNR184300011.html\" target=\"_blank\" rel=\"noopener\">BITV 2.0<\/a>.<\/p><p>Diese Erkl\u00e4rung zur digitalen Barrierefreiheit gilt f\u00fcr die Angebote unter <a href=\"https:\/\/www2.hu-berlin.de\/pcpmodellprojekte\/en\/\" target=\"_blank\" rel=\"noopener\">www2.hu-berlin.de\/pcpmodellprojekte<\/a><\/p>\t\t\t\t\t\t\t\t<\/div>\n\t\t\t\t<\/div>\n\t\t\t\t\t<\/div>\n\t\t<\/div>\n\t\t\t\t\t<\/div>\n\t\t<\/section>\n\t\t\t\t<section class=\"elementor-section elementor-top-section elementor-element elementor-element-c76e471 elementor-section-full_width elementor-section-height-default elementor-section-height-default\" data-id=\"c76e471\" data-element_type=\"section\" data-e-type=\"section\">\n\t\t\t\t\t\t<div class=\"elementor-container elementor-column-gap-default\">\n\t\t\t\t\t<div class=\"elementor-column elementor-col-100 elementor-top-column elementor-element elementor-element-cea2064\" data-id=\"cea2064\" data-element_type=\"column\" data-e-type=\"column\">\n\t\t\t<div class=\"elementor-widget-wrap elementor-element-populated\">\n\t\t\t\t\t\t<div class=\"elementor-element elementor-element-4363707 elementor-widget elementor-widget-heading\" data-id=\"4363707\" data-element_type=\"widget\" data-e-type=\"widget\" data-widget_type=\"heading.default\">\n\t\t\t\t<div class=\"elementor-widget-container\">\n\t\t\t\t\t<h2 class=\"elementor-heading-title elementor-size-default\">Wann wurde die Erkl\u00e4rung zur Barrierefreiheit erstellt bzw. aktualisiert?<\/h2>\t\t\t\t<\/div>\n\t\t\t\t<\/div>\n\t\t\t\t<div class=\"elementor-element elementor-element-7cbe7df elementor-widget elementor-widget-text-editor\" data-id=\"7cbe7df\" data-element_type=\"widget\" data-e-type=\"widget\" data-widget_type=\"text-editor.default\">\n\t\t\t\t<div class=\"elementor-widget-container\">\n\t\t\t\t\t\t\t\t\t<p>Diese Erkl\u00e4rung wurde am 18.10.2022 erstellt bzw. \u00fcberarbeitet.<\/p>\t\t\t\t\t\t\t\t<\/div>\n\t\t\t\t<\/div>\n\t\t\t\t\t<\/div>\n\t\t<\/div>\n\t\t\t\t\t<\/div>\n\t\t<\/section>\n\t\t\t\t<section class=\"elementor-section elementor-top-section elementor-element elementor-element-5da7066 elementor-section-full_width elementor-section-height-default elementor-section-height-default\" data-id=\"5da7066\" data-element_type=\"section\" data-e-type=\"section\">\n\t\t\t\t\t\t<div class=\"elementor-container elementor-column-gap-default\">\n\t\t\t\t\t<div class=\"elementor-column elementor-col-100 elementor-top-column elementor-element elementor-element-80d7e7d\" data-id=\"80d7e7d\" data-element_type=\"column\" data-e-type=\"column\">\n\t\t\t<div class=\"elementor-widget-wrap elementor-element-populated\">\n\t\t\t\t\t\t<div class=\"elementor-element elementor-element-f110d66 elementor-widget elementor-widget-heading\" data-id=\"f110d66\" data-element_type=\"widget\" data-e-type=\"widget\" data-widget_type=\"heading.default\">\n\t\t\t\t<div class=\"elementor-widget-container\">\n\t\t\t\t\t<h2 class=\"elementor-heading-title elementor-size-default\">Stand der Barrierefreiheit des Angebots<\/h2>\t\t\t\t<\/div>\n\t\t\t\t<\/div>\n\t\t\t\t<div class=\"elementor-element elementor-element-65fad10 elementor-widget elementor-widget-text-editor\" data-id=\"65fad10\" data-element_type=\"widget\" data-e-type=\"widget\" data-widget_type=\"text-editor.default\">\n\t\t\t\t<div class=\"elementor-widget-container\">\n\t\t\t\t\t\t\t\t\t<p>Die letzte \u00dcberpr\u00fcfung wurde am 18.10.2022 durchgef\u00fchrt. Dabei wurde festgestellt, dass Teile des Webauftritts nicht vollst\u00e4ndig den Anforderungen entsprechen. Dazu geh\u00f6ren:<\/p><ul><li><strong>Sprachen<\/strong>: Nicht alle Inhalte konnten bisher ins Englische \u00fcbersetzt werden. Die Verf\u00fcgbarkeit der Inhalte in deutscher Geb\u00e4rdensprache sind bisher nicht umsgesetzt.<\/li><li><strong>Einfache Sprache<\/strong>: es werden Fachtermini verwendet, die nur mit Vorwissen verst\u00e4ndlich sind.<\/li><li><strong>Bilder<\/strong>: Bilder, die in Seiten eingebunden wurden, wurden an einigen Stellen nicht durch textliche Beschreibungen erg\u00e4nzt.<\/li><li><strong>PDF-Dokumente<\/strong>: Einige PDF-Dokumente konnten noch nicht auf ein barrierefreies Format umgestellt werden.<\/li><li><b>Kontraste<\/b> von Texten sind teilweise nicht ausreichend.<\/li><\/ul>\t\t\t\t\t\t\t\t<\/div>\n\t\t\t\t<\/div>\n\t\t\t\t<div class=\"elementor-element elementor-element-e158062 elementor-widget elementor-widget-heading\" data-id=\"e158062\" data-element_type=\"widget\" data-e-type=\"widget\" data-widget_type=\"heading.default\">\n\t\t\t\t<div class=\"elementor-widget-container\">\n\t\t\t\t\t<h2 class=\"elementor-heading-title elementor-size-default\">Hilfe bei Zugangsproblemen<\/h2>\t\t\t\t<\/div>\n\t\t\t\t<\/div>\n\t\t\t\t<div class=\"elementor-element elementor-element-c13c2df elementor-widget elementor-widget-heading\" data-id=\"c13c2df\" data-element_type=\"widget\" data-e-type=\"widget\" data-widget_type=\"heading.default\">\n\t\t\t\t<div class=\"elementor-widget-container\">\n\t\t\t\t\t<h3 class=\"elementor-heading-title elementor-size-default\">Hinweise auf unzureichend barrierefreie Inhalte k\u00f6nnen Sie senden an:<\/h3>\t\t\t\t<\/div>\n\t\t\t\t<\/div>\n\t\t\t\t<div class=\"elementor-element elementor-element-6b28c85 elementor-widget elementor-widget-text-editor\" data-id=\"6b28c85\" data-element_type=\"widget\" data-e-type=\"widget\" data-widget_type=\"text-editor.default\">\n\t\t\t\t<div class=\"elementor-widget-container\">\n\t\t\t\t\t\t\t\t\t<p>Nastassja Mrozinski<br \/>PCP Modellprojekte<\/p><div class=\"elementor-element elementor-element-5c46a02 elementor-widget elementor-widget-text-editor\" data-id=\"5c46a02\" data-element_type=\"widget\" data-widget_type=\"text-editor.default\"><div class=\"elementor-widget-container\"><p><a href=\"mailto:pcp.modellprojekte@hu-berlin.de\">pcp.modellprojekte@hu-berlin.de<\/a><\/p><\/div><\/div><div class=\"elementor-element elementor-element-35d7f87 elementor-widget elementor-widget-text-editor\" data-id=\"35d7f87\" data-element_type=\"widget\" data-widget_type=\"text-editor.default\"><div class=\"elementor-widget-container\"><p>Raum 303, Institut f\u00fcr Europ\u00e4ische Ethnologie<br \/>Humboldt-Universit\u00e4t zu Berlin<br \/>Anton-Wilhelm-Amo-Stra\u00dfe 41<br \/>10117 Berlin<\/p><\/div><\/div>\t\t\t\t\t\t\t\t<\/div>\n\t\t\t\t<\/div>\n\t\t\t\t<div class=\"elementor-element elementor-element-f760847 elementor-widget elementor-widget-heading\" data-id=\"f760847\" data-element_type=\"widget\" data-e-type=\"widget\" data-widget_type=\"heading.default\">\n\t\t\t\t<div class=\"elementor-widget-container\">\n\t\t\t\t\t<h3 class=\"elementor-heading-title elementor-size-default\">Kontakt zur\/zum Landesbeauftragten f\u00fcr digitale Barrierefreiheit<\/h3>\t\t\t\t<\/div>\n\t\t\t\t<\/div>\n\t\t\t\t<div class=\"elementor-element elementor-element-ff72685 elementor-widget elementor-widget-text-editor\" data-id=\"ff72685\" data-element_type=\"widget\" data-e-type=\"widget\" data-widget_type=\"text-editor.default\">\n\t\t\t\t<div class=\"elementor-widget-container\">\n\t\t\t\t\t\t\t\t\t<div id=\"c44065\" class=\"frame frame--type-text\"><header><ul><li><a href=\"https:\/\/www.berlin.de\/sen\/inneres\/moderne-verwaltung\/digitale-barrierefreiheit\/landesbeauftragte\/\" target=\"_blank\" rel=\"noopener\">Informationen zur Landesbeauftragten f\u00fcr digitale Barrierefreiheit<\/a><\/li><\/ul><\/header><ul class=\"list-normal\"><li><a href=\"https:\/\/www.berlin.de\/sen\/inneres\/moderne-verwaltung\/digitale-barrierefreiheit\/landesbeauftragte\/formular.804443.php\" target=\"_blank\" rel=\"noopener\">Kontaktformular<\/a><\/li><\/ul><\/div>\t\t\t\t\t\t\t\t<\/div>\n\t\t\t\t<\/div>\n\t\t\t\t<div class=\"elementor-element elementor-element-a83e47d elementor-widget elementor-widget-heading\" data-id=\"a83e47d\" data-element_type=\"widget\" data-e-type=\"widget\" data-widget_type=\"heading.default\">\n\t\t\t\t<div class=\"elementor-widget-container\">\n\t\t\t\t\t<h3 class=\"elementor-heading-title elementor-size-default\">Sonstige Anlaufstellen<\/h3>\t\t\t\t<\/div>\n\t\t\t\t<\/div>\n\t\t\t\t<div class=\"elementor-element elementor-element-32b37f7 elementor-widget elementor-widget-text-editor\" data-id=\"32b37f7\" data-element_type=\"widget\" data-e-type=\"widget\" data-widget_type=\"text-editor.default\">\n\t\t\t\t<div class=\"elementor-widget-container\">\n\t\t\t\t\t\t\t\t\t<div id=\"c44065\" class=\"frame frame--type-text\"><ul><li><a href=\"https:\/\/www.hu-berlin.de\/de\/studium\/behinderte\" target=\"_blank\" rel=\"noopener\">Beauftragter f\u00fcr behinderte Studentinnen und Studenten<\/a><\/li><li><a href=\"https:\/\/beauftragte.hu-berlin.de\/de\/schwerbehindertenvertretung\" target=\"_blank\" rel=\"noopener\">Schwerbehindertenvertretung<\/a><\/li><li><a href=\"https:\/\/www.hu-berlin.de\/einrichtungen-organisation\/leitung\/praesidialbereich\">Beauftragte f\u00fcr Beschwerden nach dem Allgemeinen Gleichstellungsgesetz (AGG)<\/a><\/li><\/ul><\/div>\t\t\t\t\t\t\t\t<\/div>\n\t\t\t\t<\/div>\n\t\t\t\t\t<\/div>\n\t\t<\/div>\n\t\t\t\t\t<\/div>\n\t\t<\/section>\n\t\t\t\t<section class=\"elementor-section elementor-top-section elementor-element elementor-element-d6864e7 elementor-section-full_width elementor-section-height-default elementor-section-height-default\" data-id=\"d6864e7\" data-element_type=\"section\" data-e-type=\"section\">\n\t\t\t\t\t\t<div class=\"elementor-container elementor-column-gap-default\">\n\t\t\t\t\t<div class=\"elementor-column elementor-col-100 elementor-top-column elementor-element elementor-element-70ef920\" data-id=\"70ef920\" data-element_type=\"column\" data-e-type=\"column\">\n\t\t\t<div class=\"elementor-widget-wrap\">\n\t\t\t\t\t\t\t<\/div>\n\t\t<\/div>\n\t\t\t\t\t<\/div>\n\t\t<\/section>\n\t\t\t\t<\/div>","protected":false},"excerpt":{"rendered":"<p>Erkl\u00e4rung zur digitalen Barrierefreiheit Das PCP-Modellprojekte ist jederzeit bem\u00fcht, ihren Webauftritt so barrierefrei wie m\u00f6glich zu gestalten. Vorgaben dazu werden im Gesetz \u00fcber die barrierefreie Informations- und Kommunikationstechnik Berlin (BIKTG Bln) festgeschrieben. Die technischen Anforderungen zur Barrierefreiheit ergeben sich aus der BITV 2.0. Diese Erkl\u00e4rung zur digitalen Barrierefreiheit gilt f\u00fcr die Angebote unter www2.hu-berlin.de\/pcpmodellprojekte Wann [&hellip;]<\/p>\n","protected":false},"author":4,"featured_media":0,"parent":0,"menu_order":0,"comment_status":"closed","ping_status":"closed","template":"elementor_header_footer","meta":{"footnotes":""},"class_list":["post-574","page","type-page","status-publish","hentry"],"yoast_head":"<!-- This site is optimized with the Yoast SEO plugin v27.4 - https:\/\/yoast.com\/product\/yoast-seo-wordpress\/ -->\n<title>Erkl\u00e4rung zur digitalen Barrierefreiheit - PCP Modellprojekte<\/title>\n<meta name=\"robots\" content=\"index, follow, max-snippet:-1, max-image-preview:large, max-video-preview:-1\" \/>\n<link rel=\"canonical\" href=\"https:\/\/www2.hu-berlin.de\/pcpmodellprojekte\/en\/barrierefreiheit\/\" \/>\n<meta property=\"og:locale\" content=\"en_GB\" \/>\n<meta property=\"og:type\" content=\"article\" \/>\n<meta property=\"og:title\" content=\"Erkl\u00e4rung zur digitalen Barrierefreiheit - PCP Modellprojekte\" \/>\n<meta property=\"og:description\" content=\"Erkl\u00e4rung zur digitalen Barrierefreiheit Das PCP-Modellprojekte ist jederzeit bem\u00fcht, ihren Webauftritt so barrierefrei wie m\u00f6glich zu gestalten. Vorgaben dazu werden im Gesetz \u00fcber die barrierefreie Informations- und Kommunikationstechnik Berlin (BIKTG Bln) festgeschrieben. Die technischen Anforderungen zur Barrierefreiheit ergeben sich aus der BITV 2.0. Diese Erkl\u00e4rung zur digitalen Barrierefreiheit gilt f\u00fcr die Angebote unter www2.hu-berlin.de\/pcpmodellprojekte Wann [&hellip;]\" \/>\n<meta property=\"og:url\" content=\"https:\/\/www2.hu-berlin.de\/pcpmodellprojekte\/en\/barrierefreiheit\/\" \/>\n<meta property=\"og:site_name\" content=\"PCP Modellprojekte\" \/>\n<meta property=\"article:modified_time\" content=\"2022-10-19T20:01:47+00:00\" \/>\n<meta name=\"twitter:card\" content=\"summary_large_image\" \/>\n<meta name=\"twitter:label1\" content=\"Estimated reading time\" \/>\n\t<meta name=\"twitter:data1\" content=\"2 minutes\" \/>\n<script type=\"application\/ld+json\" class=\"yoast-schema-graph\">{\"@context\":\"https:\\\/\\\/schema.org\",\"@graph\":[{\"@type\":\"WebPage\",\"@id\":\"https:\\\/\\\/www2.hu-berlin.de\\\/pcpmodellprojekte\\\/barrierefreiheit\\\/\",\"url\":\"https:\\\/\\\/www2.hu-berlin.de\\\/pcpmodellprojekte\\\/barrierefreiheit\\\/\",\"name\":\"Erkl\u00e4rung zur digitalen Barrierefreiheit - PCP Modellprojekte\",\"isPartOf\":{\"@id\":\"https:\\\/\\\/www2.hu-berlin.de\\\/pcpmodellprojekte\\\/#website\"},\"datePublished\":\"2022-09-18T08:50:19+00:00\",\"dateModified\":\"2022-10-19T20:01:47+00:00\",\"breadcrumb\":{\"@id\":\"https:\\\/\\\/www2.hu-berlin.de\\\/pcpmodellprojekte\\\/barrierefreiheit\\\/#breadcrumb\"},\"inLanguage\":\"en-GB\",\"potentialAction\":[{\"@type\":\"ReadAction\",\"target\":[\"https:\\\/\\\/www2.hu-berlin.de\\\/pcpmodellprojekte\\\/barrierefreiheit\\\/\"]}]},{\"@type\":\"BreadcrumbList\",\"@id\":\"https:\\\/\\\/www2.hu-berlin.de\\\/pcpmodellprojekte\\\/barrierefreiheit\\\/#breadcrumb\",\"itemListElement\":[{\"@type\":\"ListItem\",\"position\":1,\"name\":\"Startseite\",\"item\":\"https:\\\/\\\/www2.hu-berlin.de\\\/pcpmodellprojekte\\\/\"},{\"@type\":\"ListItem\",\"position\":2,\"name\":\"Erkl\u00e4rung zur digitalen Barrierefreiheit\"}]},{\"@type\":\"WebSite\",\"@id\":\"https:\\\/\\\/www2.hu-berlin.de\\\/pcpmodellprojekte\\\/#website\",\"url\":\"https:\\\/\\\/www2.hu-berlin.de\\\/pcpmodellprojekte\\\/\",\"name\":\"PCP Modellprojekte\",\"description\":\"Stadtentwicklung durch Public-Civic-Partnerships: Zusammenarbeit, Kontroversen, Modellierungen\",\"publisher\":{\"@id\":\"https:\\\/\\\/www2.hu-berlin.de\\\/pcpmodellprojekte\\\/#organization\"},\"potentialAction\":[{\"@type\":\"SearchAction\",\"target\":{\"@type\":\"EntryPoint\",\"urlTemplate\":\"https:\\\/\\\/www2.hu-berlin.de\\\/pcpmodellprojekte\\\/?s={search_term_string}\"},\"query-input\":{\"@type\":\"PropertyValueSpecification\",\"valueRequired\":true,\"valueName\":\"search_term_string\"}}],\"inLanguage\":\"en-GB\"},{\"@type\":\"Organization\",\"@id\":\"https:\\\/\\\/www2.hu-berlin.de\\\/pcpmodellprojekte\\\/#organization\",\"name\":\"PCP Modellprojekte\",\"url\":\"https:\\\/\\\/www2.hu-berlin.de\\\/pcpmodellprojekte\\\/\",\"logo\":{\"@type\":\"ImageObject\",\"inLanguage\":\"en-GB\",\"@id\":\"https:\\\/\\\/www2.hu-berlin.de\\\/pcpmodellprojekte\\\/#\\\/schema\\\/logo\\\/image\\\/\",\"url\":\"https:\\\/\\\/www2.hu-berlin.de\\\/pcpmodellprojekte\\\/wp-content\\\/uploads\\\/2022\\\/10\\\/PCP_Website_Logo-1.png\",\"contentUrl\":\"https:\\\/\\\/www2.hu-berlin.de\\\/pcpmodellprojekte\\\/wp-content\\\/uploads\\\/2022\\\/10\\\/PCP_Website_Logo-1.png\",\"width\":47,\"height\":36,\"caption\":\"PCP Modellprojekte\"},\"image\":{\"@id\":\"https:\\\/\\\/www2.hu-berlin.de\\\/pcpmodellprojekte\\\/#\\\/schema\\\/logo\\\/image\\\/\"}}]}<\/script>\n<!-- \/ Yoast SEO plugin. -->","yoast_head_json":{"title":"Erkl\u00e4rung zur digitalen Barrierefreiheit - PCP Modellprojekte","robots":{"index":"index","follow":"follow","max-snippet":"max-snippet:-1","max-image-preview":"max-image-preview:large","max-video-preview":"max-video-preview:-1"},"canonical":"https:\/\/www2.hu-berlin.de\/pcpmodellprojekte\/en\/barrierefreiheit\/","og_locale":"en_GB","og_type":"article","og_title":"Erkl\u00e4rung zur digitalen Barrierefreiheit - PCP Modellprojekte","og_description":"Erkl\u00e4rung zur digitalen Barrierefreiheit Das PCP-Modellprojekte ist jederzeit bem\u00fcht, ihren Webauftritt so barrierefrei wie m\u00f6glich zu gestalten. Vorgaben dazu werden im Gesetz \u00fcber die barrierefreie Informations- und Kommunikationstechnik Berlin (BIKTG Bln) festgeschrieben. Die technischen Anforderungen zur Barrierefreiheit ergeben sich aus der BITV 2.0. Diese Erkl\u00e4rung zur digitalen Barrierefreiheit gilt f\u00fcr die Angebote unter www2.hu-berlin.de\/pcpmodellprojekte Wann [&hellip;]","og_url":"https:\/\/www2.hu-berlin.de\/pcpmodellprojekte\/en\/barrierefreiheit\/","og_site_name":"PCP Modellprojekte","article_modified_time":"2022-10-19T20:01:47+00:00","twitter_card":"summary_large_image","twitter_misc":{"Estimated reading time":"2 minutes"},"schema":{"@context":"https:\/\/schema.org","@graph":[{"@type":"WebPage","@id":"https:\/\/www2.hu-berlin.de\/pcpmodellprojekte\/barrierefreiheit\/","url":"https:\/\/www2.hu-berlin.de\/pcpmodellprojekte\/barrierefreiheit\/","name":"Erkl\u00e4rung zur digitalen Barrierefreiheit - PCP Modellprojekte","isPartOf":{"@id":"https:\/\/www2.hu-berlin.de\/pcpmodellprojekte\/#website"},"datePublished":"2022-09-18T08:50:19+00:00","dateModified":"2022-10-19T20:01:47+00:00","breadcrumb":{"@id":"https:\/\/www2.hu-berlin.de\/pcpmodellprojekte\/barrierefreiheit\/#breadcrumb"},"inLanguage":"en-GB","potentialAction":[{"@type":"ReadAction","target":["https:\/\/www2.hu-berlin.de\/pcpmodellprojekte\/barrierefreiheit\/"]}]},{"@type":"BreadcrumbList","@id":"https:\/\/www2.hu-berlin.de\/pcpmodellprojekte\/barrierefreiheit\/#breadcrumb","itemListElement":[{"@type":"ListItem","position":1,"name":"Startseite","item":"https:\/\/www2.hu-berlin.de\/pcpmodellprojekte\/"},{"@type":"ListItem","position":2,"name":"Erkl\u00e4rung zur digitalen Barrierefreiheit"}]},{"@type":"WebSite","@id":"https:\/\/www2.hu-berlin.de\/pcpmodellprojekte\/#website","url":"https:\/\/www2.hu-berlin.de\/pcpmodellprojekte\/","name":"PCP Modellprojekte","description":"Urban Development via Public-Civic Partnerships. Forms of Cooperation, Controversies and Modelling Attempts","publisher":{"@id":"https:\/\/www2.hu-berlin.de\/pcpmodellprojekte\/#organization"},"potentialAction":[{"@type":"SearchAction","target":{"@type":"EntryPoint","urlTemplate":"https:\/\/www2.hu-berlin.de\/pcpmodellprojekte\/?s={search_term_string}"},"query-input":{"@type":"PropertyValueSpecification","valueRequired":true,"valueName":"search_term_string"}}],"inLanguage":"en-GB"},{"@type":"Organization","@id":"https:\/\/www2.hu-berlin.de\/pcpmodellprojekte\/#organization","name":"PCP Modellprojekte","url":"https:\/\/www2.hu-berlin.de\/pcpmodellprojekte\/","logo":{"@type":"ImageObject","inLanguage":"en-GB","@id":"https:\/\/www2.hu-berlin.de\/pcpmodellprojekte\/#\/schema\/logo\/image\/","url":"https:\/\/www2.hu-berlin.de\/pcpmodellprojekte\/wp-content\/uploads\/2022\/10\/PCP_Website_Logo-1.png","contentUrl":"https:\/\/www2.hu-berlin.de\/pcpmodellprojekte\/wp-content\/uploads\/2022\/10\/PCP_Website_Logo-1.png","width":47,"height":36,"caption":"PCP Modellprojekte"},"image":{"@id":"https:\/\/www2.hu-berlin.de\/pcpmodellprojekte\/#\/schema\/logo\/image\/"}}]}},"_links":{"self":[{"href":"https:\/\/www2.hu-berlin.de\/pcpmodellprojekte\/en\/wp-json\/wp\/v2\/pages\/574","targetHints":{"allow":["GET"]}}],"collection":[{"href":"https:\/\/www2.hu-berlin.de\/pcpmodellprojekte\/en\/wp-json\/wp\/v2\/pages"}],"about":[{"href":"https:\/\/www2.hu-berlin.de\/pcpmodellprojekte\/en\/wp-json\/wp\/v2\/types\/page"}],"author":[{"embeddable":true,"href":"https:\/\/www2.hu-berlin.de\/pcpmodellprojekte\/en\/wp-json\/wp\/v2\/users\/4"}],"replies":[{"embeddable":true,"href":"https:\/\/www2.hu-berlin.de\/pcpmodellprojekte\/en\/wp-json\/wp\/v2\/comments?post=574"}],"version-history":[{"count":36,"href":"https:\/\/www2.hu-berlin.de\/pcpmodellprojekte\/en\/wp-json\/wp\/v2\/pages\/574\/revisions"}],"predecessor-version":[{"id":1963,"href":"https:\/\/www2.hu-berlin.de\/pcpmodellprojekte\/en\/wp-json\/wp\/v2\/pages\/574\/revisions\/1963"}],"wp:attachment":[{"href":"https:\/\/www2.hu-berlin.de\/pcpmodellprojekte\/en\/wp-json\/wp\/v2\/media?parent=574"}],"curies":[{"name":"wp","href":"https:\/\/api.w.org\/{rel}","templated":true}]}}