{"id":832,"date":"2022-10-08T14:16:02","date_gmt":"2022-10-08T12:16:02","guid":{"rendered":"https:\/\/www2.hu-berlin.de\/pcpmodellprojekte\/?page_id=832"},"modified":"2022-10-18T12:35:10","modified_gmt":"2022-10-18T10:35:10","slug":"kontakt","status":"publish","type":"page","link":"https:\/\/www2.hu-berlin.de\/pcpmodellprojekte\/en\/kontakt\/","title":{"rendered":"Contact"},"content":{"rendered":"<div data-elementor-type=\"wp-page\" data-elementor-id=\"832\" class=\"elementor elementor-832\" data-elementor-post-type=\"page\">\n\t\t\t\t\t\t<section class=\"elementor-section elementor-top-section elementor-element elementor-element-0d86325 elementor-section-full_width elementor-section-height-default elementor-section-height-default\" data-id=\"0d86325\" data-element_type=\"section\" data-e-type=\"section\">\n\t\t\t\t\t\t<div class=\"elementor-container elementor-column-gap-default\">\n\t\t\t\t\t<div class=\"elementor-column elementor-col-50 elementor-top-column elementor-element elementor-element-511894c\" data-id=\"511894c\" data-element_type=\"column\" data-e-type=\"column\">\n\t\t\t<div class=\"elementor-widget-wrap elementor-element-populated\">\n\t\t\t\t\t\t<div class=\"elementor-element elementor-element-690ddd0 elementor-widget__width-inherit elementor-widget elementor-widget-heading\" data-id=\"690ddd0\" data-element_type=\"widget\" data-e-type=\"widget\" data-widget_type=\"heading.default\">\n\t\t\t\t<div class=\"elementor-widget-container\">\n\t\t\t\t\t<h2 class=\"elementor-heading-title elementor-size-default\">Contact<\/h2>\t\t\t\t<\/div>\n\t\t\t\t<\/div>\n\t\t\t\t<div class=\"elementor-element elementor-element-2fde7d3 elementor-widget elementor-widget-text-editor\" data-id=\"2fde7d3\" data-element_type=\"widget\" data-e-type=\"widget\" data-widget_type=\"text-editor.default\">\n\t\t\t\t<div class=\"elementor-widget-container\">\n\t\t\t\t\t\t\t\t\t<p>You can reach us by arrangement at the IfEE, at the Zauderbude at Haus der Statistik, or at Rathausblock Kreuzberg.<\/p>\t\t\t\t\t\t\t\t<\/div>\n\t\t\t\t<\/div>\n\t\t\t\t<div class=\"elementor-element elementor-element-af9a3db elementor-widget elementor-widget-text-editor\" data-id=\"af9a3db\" data-element_type=\"widget\" data-e-type=\"widget\" data-widget_type=\"text-editor.default\">\n\t\t\t\t<div class=\"elementor-widget-container\">\n\t\t\t\t\t\t\t\t\t<p><strong>Email:<\/strong> <a href=\"mailto:pcp.modellprojekte@hu-berlin.de\">pcp.modellprojekte@hu-berlin.de<\/a><\/p><p><strong>Telephone:<\/strong> +49 (0)30 2093 70850<\/p><p><strong>By post:<\/strong><\/p><p>Humboldt-Universit\u00e4t zu Berlin<br \/>Institut f\u00fcr Europ\u00e4ische Ethnologie<br \/>Anton-Wilhelm-Amo-Stra\u00dfe 41<br \/>10117 Berlin<br \/>Raum 303<\/p>\t\t\t\t\t\t\t\t<\/div>\n\t\t\t\t<\/div>\n\t\t\t\t\t<\/div>\n\t\t<\/div>\n\t\t\t\t<div class=\"elementor-column elementor-col-50 elementor-top-column elementor-element elementor-element-d29a0f6\" data-id=\"d29a0f6\" data-element_type=\"column\" data-e-type=\"column\">\n\t\t\t<div class=\"elementor-widget-wrap elementor-element-populated\">\n\t\t\t\t\t\t<div class=\"elementor-element elementor-element-1e44432 elementor-widget elementor-widget-image\" data-id=\"1e44432\" data-element_type=\"widget\" data-e-type=\"widget\" data-widget_type=\"image.default\">\n\t\t\t\t<div class=\"elementor-widget-container\">\n\t\t\t\t\t\t\t\t\t\t\t\t<figure class=\"wp-caption\">\n\t\t\t\t\t\t\t\t\t\t<img fetchpriority=\"high\" decoding=\"async\" width=\"1280\" height=\"960\" src=\"https:\/\/www2.hu-berlin.de\/pcpmodellprojekte\/wp-content\/uploads\/2022\/10\/team_kontakt.jpg\" class=\"attachment-full size-full wp-image-1366\" alt=\"\" srcset=\"https:\/\/www2.hu-berlin.de\/pcpmodellprojekte\/wp-content\/uploads\/2022\/10\/team_kontakt.jpg 1280w, https:\/\/www2.hu-berlin.de\/pcpmodellprojekte\/wp-content\/uploads\/2022\/10\/team_kontakt-300x225.jpg 300w, https:\/\/www2.hu-berlin.de\/pcpmodellprojekte\/wp-content\/uploads\/2022\/10\/team_kontakt-1024x768.jpg 1024w, https:\/\/www2.hu-berlin.de\/pcpmodellprojekte\/wp-content\/uploads\/2022\/10\/team_kontakt-768x576.jpg 768w, https:\/\/www2.hu-berlin.de\/pcpmodellprojekte\/wp-content\/uploads\/2022\/10\/team_kontakt-16x12.jpg 16w\" sizes=\"(max-width: 1280px) 100vw, 1280px\" \/>\t\t\t\t\t\t\t\t\t\t\t<figcaption class=\"widget-image-caption wp-caption-text\"><\/figcaption>\n\t\t\t\t\t\t\t\t\t\t<\/figure>\n\t\t\t\t\t\t\t\t\t<\/div>\n\t\t\t\t<\/div>\n\t\t\t\t\t<\/div>\n\t\t<\/div>\n\t\t\t\t\t<\/div>\n\t\t<\/section>\n\t\t\t\t<\/div>","protected":false},"excerpt":{"rendered":"<p>Kontakt Wir sind nach Vereinbarung anzutreffen im Institut f\u00fcr Europ\u00e4ische Ethnologie, in der Zauderbude am Haus der Statistik oder am Rathausblock Kreuzberg. Email: pcp.modellprojekte@hu-berlin.de Telefon: +49 (0)30 2093 70850 Postalische Anschrift: Humboldt-Universit\u00e4t zu BerlinInstitut f\u00fcr Europ\u00e4ische EthnologieAnton-Wilhelm-Amo-Stra\u00dfe 4110117 BerlinRaum 303<\/p>","protected":false},"author":4,"featured_media":0,"parent":0,"menu_order":0,"comment_status":"closed","ping_status":"closed","template":"elementor_header_footer","meta":{"footnotes":""},"class_list":["post-832","page","type-page","status-publish","hentry"],"yoast_head":"<!-- This site is optimized with the Yoast SEO plugin v27.3 - https:\/\/yoast.com\/product\/yoast-seo-wordpress\/ -->\n<title>Kontakt - PCP Modellprojekte<\/title>\n<meta name=\"robots\" content=\"index, follow, max-snippet:-1, max-image-preview:large, max-video-preview:-1\" \/>\n<link rel=\"canonical\" href=\"https:\/\/www2.hu-berlin.de\/pcpmodellprojekte\/en\/kontakt\/\" \/>\n<meta property=\"og:locale\" content=\"en_GB\" \/>\n<meta property=\"og:type\" content=\"article\" \/>\n<meta property=\"og:title\" content=\"Kontakt - PCP Modellprojekte\" \/>\n<meta property=\"og:description\" content=\"Kontakt Wir sind nach Vereinbarung anzutreffen im Institut f\u00fcr Europ\u00e4ische Ethnologie, in der Zauderbude am Haus der Statistik oder am Rathausblock Kreuzberg. Email: pcp.modellprojekte@hu-berlin.de Telefon: +49 (0)30 2093 70850 Postalische Anschrift: Humboldt-Universit\u00e4t zu BerlinInstitut f\u00fcr Europ\u00e4ische EthnologieAnton-Wilhelm-Amo-Stra\u00dfe 4110117 BerlinRaum 303\" \/>\n<meta property=\"og:url\" content=\"https:\/\/www2.hu-berlin.de\/pcpmodellprojekte\/en\/kontakt\/\" \/>\n<meta property=\"og:site_name\" content=\"PCP Modellprojekte\" \/>\n<meta property=\"article:modified_time\" content=\"2022-10-18T10:35:10+00:00\" \/>\n<meta property=\"og:image\" content=\"https:\/\/www2.hu-berlin.de\/pcpmodellprojekte\/wp-content\/uploads\/2022\/10\/team_kontakt.jpg\" \/>\n<meta name=\"twitter:card\" content=\"summary_large_image\" \/>\n<meta name=\"twitter:label1\" content=\"Estimated reading time\" \/>\n\t<meta name=\"twitter:data1\" content=\"1 minute\" \/>\n<script type=\"application\/ld+json\" class=\"yoast-schema-graph\">{\"@context\":\"https:\\\/\\\/schema.org\",\"@graph\":[{\"@type\":\"WebPage\",\"@id\":\"https:\\\/\\\/www2.hu-berlin.de\\\/pcpmodellprojekte\\\/kontakt\\\/\",\"url\":\"https:\\\/\\\/www2.hu-berlin.de\\\/pcpmodellprojekte\\\/kontakt\\\/\",\"name\":\"Kontakt - PCP Modellprojekte\",\"isPartOf\":{\"@id\":\"https:\\\/\\\/www2.hu-berlin.de\\\/pcpmodellprojekte\\\/#website\"},\"primaryImageOfPage\":{\"@id\":\"https:\\\/\\\/www2.hu-berlin.de\\\/pcpmodellprojekte\\\/kontakt\\\/#primaryimage\"},\"image\":{\"@id\":\"https:\\\/\\\/www2.hu-berlin.de\\\/pcpmodellprojekte\\\/kontakt\\\/#primaryimage\"},\"thumbnailUrl\":\"https:\\\/\\\/www2.hu-berlin.de\\\/pcpmodellprojekte\\\/wp-content\\\/uploads\\\/2022\\\/10\\\/team_kontakt.jpg\",\"datePublished\":\"2022-10-08T12:16:02+00:00\",\"dateModified\":\"2022-10-18T10:35:10+00:00\",\"breadcrumb\":{\"@id\":\"https:\\\/\\\/www2.hu-berlin.de\\\/pcpmodellprojekte\\\/kontakt\\\/#breadcrumb\"},\"inLanguage\":\"en-GB\",\"potentialAction\":[{\"@type\":\"ReadAction\",\"target\":[\"https:\\\/\\\/www2.hu-berlin.de\\\/pcpmodellprojekte\\\/kontakt\\\/\"]}]},{\"@type\":\"ImageObject\",\"inLanguage\":\"en-GB\",\"@id\":\"https:\\\/\\\/www2.hu-berlin.de\\\/pcpmodellprojekte\\\/kontakt\\\/#primaryimage\",\"url\":\"https:\\\/\\\/www2.hu-berlin.de\\\/pcpmodellprojekte\\\/wp-content\\\/uploads\\\/2022\\\/10\\\/team_kontakt.jpg\",\"contentUrl\":\"https:\\\/\\\/www2.hu-berlin.de\\\/pcpmodellprojekte\\\/wp-content\\\/uploads\\\/2022\\\/10\\\/team_kontakt.jpg\"},{\"@type\":\"BreadcrumbList\",\"@id\":\"https:\\\/\\\/www2.hu-berlin.de\\\/pcpmodellprojekte\\\/kontakt\\\/#breadcrumb\",\"itemListElement\":[{\"@type\":\"ListItem\",\"position\":1,\"name\":\"Startseite\",\"item\":\"https:\\\/\\\/www2.hu-berlin.de\\\/pcpmodellprojekte\\\/\"},{\"@type\":\"ListItem\",\"position\":2,\"name\":\"Kontakt\"}]},{\"@type\":\"WebSite\",\"@id\":\"https:\\\/\\\/www2.hu-berlin.de\\\/pcpmodellprojekte\\\/#website\",\"url\":\"https:\\\/\\\/www2.hu-berlin.de\\\/pcpmodellprojekte\\\/\",\"name\":\"PCP Modellprojekte\",\"description\":\"Stadtentwicklung durch Public-Civic-Partnerships: Zusammenarbeit, Kontroversen, Modellierungen\",\"publisher\":{\"@id\":\"https:\\\/\\\/www2.hu-berlin.de\\\/pcpmodellprojekte\\\/#organization\"},\"potentialAction\":[{\"@type\":\"SearchAction\",\"target\":{\"@type\":\"EntryPoint\",\"urlTemplate\":\"https:\\\/\\\/www2.hu-berlin.de\\\/pcpmodellprojekte\\\/?s={search_term_string}\"},\"query-input\":{\"@type\":\"PropertyValueSpecification\",\"valueRequired\":true,\"valueName\":\"search_term_string\"}}],\"inLanguage\":\"en-GB\"},{\"@type\":\"Organization\",\"@id\":\"https:\\\/\\\/www2.hu-berlin.de\\\/pcpmodellprojekte\\\/#organization\",\"name\":\"PCP Modellprojekte\",\"url\":\"https:\\\/\\\/www2.hu-berlin.de\\\/pcpmodellprojekte\\\/\",\"logo\":{\"@type\":\"ImageObject\",\"inLanguage\":\"en-GB\",\"@id\":\"https:\\\/\\\/www2.hu-berlin.de\\\/pcpmodellprojekte\\\/#\\\/schema\\\/logo\\\/image\\\/\",\"url\":\"https:\\\/\\\/www2.hu-berlin.de\\\/pcpmodellprojekte\\\/wp-content\\\/uploads\\\/2022\\\/10\\\/PCP_Website_Logo-1.png\",\"contentUrl\":\"https:\\\/\\\/www2.hu-berlin.de\\\/pcpmodellprojekte\\\/wp-content\\\/uploads\\\/2022\\\/10\\\/PCP_Website_Logo-1.png\",\"width\":47,\"height\":36,\"caption\":\"PCP Modellprojekte\"},\"image\":{\"@id\":\"https:\\\/\\\/www2.hu-berlin.de\\\/pcpmodellprojekte\\\/#\\\/schema\\\/logo\\\/image\\\/\"}}]}<\/script>\n<!-- \/ Yoast SEO plugin. -->","yoast_head_json":{"title":"Kontakt - PCP Modellprojekte","robots":{"index":"index","follow":"follow","max-snippet":"max-snippet:-1","max-image-preview":"max-image-preview:large","max-video-preview":"max-video-preview:-1"},"canonical":"https:\/\/www2.hu-berlin.de\/pcpmodellprojekte\/en\/kontakt\/","og_locale":"en_GB","og_type":"article","og_title":"Kontakt - PCP Modellprojekte","og_description":"Kontakt Wir sind nach Vereinbarung anzutreffen im Institut f\u00fcr Europ\u00e4ische Ethnologie, in der Zauderbude am Haus der Statistik oder am Rathausblock Kreuzberg. Email: pcp.modellprojekte@hu-berlin.de Telefon: +49 (0)30 2093 70850 Postalische Anschrift: Humboldt-Universit\u00e4t zu BerlinInstitut f\u00fcr Europ\u00e4ische EthnologieAnton-Wilhelm-Amo-Stra\u00dfe 4110117 BerlinRaum 303","og_url":"https:\/\/www2.hu-berlin.de\/pcpmodellprojekte\/en\/kontakt\/","og_site_name":"PCP Modellprojekte","article_modified_time":"2022-10-18T10:35:10+00:00","og_image":[{"url":"https:\/\/www2.hu-berlin.de\/pcpmodellprojekte\/wp-content\/uploads\/2022\/10\/team_kontakt.jpg","type":"","width":"","height":""}],"twitter_card":"summary_large_image","twitter_misc":{"Estimated reading time":"1 minute"},"schema":{"@context":"https:\/\/schema.org","@graph":[{"@type":"WebPage","@id":"https:\/\/www2.hu-berlin.de\/pcpmodellprojekte\/kontakt\/","url":"https:\/\/www2.hu-berlin.de\/pcpmodellprojekte\/kontakt\/","name":"Kontakt - PCP Modellprojekte","isPartOf":{"@id":"https:\/\/www2.hu-berlin.de\/pcpmodellprojekte\/#website"},"primaryImageOfPage":{"@id":"https:\/\/www2.hu-berlin.de\/pcpmodellprojekte\/kontakt\/#primaryimage"},"image":{"@id":"https:\/\/www2.hu-berlin.de\/pcpmodellprojekte\/kontakt\/#primaryimage"},"thumbnailUrl":"https:\/\/www2.hu-berlin.de\/pcpmodellprojekte\/wp-content\/uploads\/2022\/10\/team_kontakt.jpg","datePublished":"2022-10-08T12:16:02+00:00","dateModified":"2022-10-18T10:35:10+00:00","breadcrumb":{"@id":"https:\/\/www2.hu-berlin.de\/pcpmodellprojekte\/kontakt\/#breadcrumb"},"inLanguage":"en-GB","potentialAction":[{"@type":"ReadAction","target":["https:\/\/www2.hu-berlin.de\/pcpmodellprojekte\/kontakt\/"]}]},{"@type":"ImageObject","inLanguage":"en-GB","@id":"https:\/\/www2.hu-berlin.de\/pcpmodellprojekte\/kontakt\/#primaryimage","url":"https:\/\/www2.hu-berlin.de\/pcpmodellprojekte\/wp-content\/uploads\/2022\/10\/team_kontakt.jpg","contentUrl":"https:\/\/www2.hu-berlin.de\/pcpmodellprojekte\/wp-content\/uploads\/2022\/10\/team_kontakt.jpg"},{"@type":"BreadcrumbList","@id":"https:\/\/www2.hu-berlin.de\/pcpmodellprojekte\/kontakt\/#breadcrumb","itemListElement":[{"@type":"ListItem","position":1,"name":"Startseite","item":"https:\/\/www2.hu-berlin.de\/pcpmodellprojekte\/"},{"@type":"ListItem","position":2,"name":"Kontakt"}]},{"@type":"WebSite","@id":"https:\/\/www2.hu-berlin.de\/pcpmodellprojekte\/#website","url":"https:\/\/www2.hu-berlin.de\/pcpmodellprojekte\/","name":"PCP Modellprojekte","description":"Urban Development via Public-Civic Partnerships. Forms of Cooperation, Controversies and Modelling Attempts","publisher":{"@id":"https:\/\/www2.hu-berlin.de\/pcpmodellprojekte\/#organization"},"potentialAction":[{"@type":"SearchAction","target":{"@type":"EntryPoint","urlTemplate":"https:\/\/www2.hu-berlin.de\/pcpmodellprojekte\/?s={search_term_string}"},"query-input":{"@type":"PropertyValueSpecification","valueRequired":true,"valueName":"search_term_string"}}],"inLanguage":"en-GB"},{"@type":"Organization","@id":"https:\/\/www2.hu-berlin.de\/pcpmodellprojekte\/#organization","name":"PCP Modellprojekte","url":"https:\/\/www2.hu-berlin.de\/pcpmodellprojekte\/","logo":{"@type":"ImageObject","inLanguage":"en-GB","@id":"https:\/\/www2.hu-berlin.de\/pcpmodellprojekte\/#\/schema\/logo\/image\/","url":"https:\/\/www2.hu-berlin.de\/pcpmodellprojekte\/wp-content\/uploads\/2022\/10\/PCP_Website_Logo-1.png","contentUrl":"https:\/\/www2.hu-berlin.de\/pcpmodellprojekte\/wp-content\/uploads\/2022\/10\/PCP_Website_Logo-1.png","width":47,"height":36,"caption":"PCP Modellprojekte"},"image":{"@id":"https:\/\/www2.hu-berlin.de\/pcpmodellprojekte\/#\/schema\/logo\/image\/"}}]}},"_links":{"self":[{"href":"https:\/\/www2.hu-berlin.de\/pcpmodellprojekte\/en\/wp-json\/wp\/v2\/pages\/832","targetHints":{"allow":["GET"]}}],"collection":[{"href":"https:\/\/www2.hu-berlin.de\/pcpmodellprojekte\/en\/wp-json\/wp\/v2\/pages"}],"about":[{"href":"https:\/\/www2.hu-berlin.de\/pcpmodellprojekte\/en\/wp-json\/wp\/v2\/types\/page"}],"author":[{"embeddable":true,"href":"https:\/\/www2.hu-berlin.de\/pcpmodellprojekte\/en\/wp-json\/wp\/v2\/users\/4"}],"replies":[{"embeddable":true,"href":"https:\/\/www2.hu-berlin.de\/pcpmodellprojekte\/en\/wp-json\/wp\/v2\/comments?post=832"}],"version-history":[{"count":40,"href":"https:\/\/www2.hu-berlin.de\/pcpmodellprojekte\/en\/wp-json\/wp\/v2\/pages\/832\/revisions"}],"predecessor-version":[{"id":1936,"href":"https:\/\/www2.hu-berlin.de\/pcpmodellprojekte\/en\/wp-json\/wp\/v2\/pages\/832\/revisions\/1936"}],"wp:attachment":[{"href":"https:\/\/www2.hu-berlin.de\/pcpmodellprojekte\/en\/wp-json\/wp\/v2\/media?parent=832"}],"curies":[{"name":"wp","href":"https:\/\/api.w.org\/{rel}","templated":true}]}}