{"id":333,"date":"2022-07-19T15:19:58","date_gmt":"2022-07-19T13:19:58","guid":{"rendered":"https:\/\/www2.hu-berlin.de\/pcpmodellprojekte\/?page_id=333"},"modified":"2022-10-17T18:27:36","modified_gmt":"2022-10-17T16:27:36","slug":"impressum","status":"publish","type":"page","link":"https:\/\/www2.hu-berlin.de\/pcpmodellprojekte\/impressum\/","title":{"rendered":"Impressum"},"content":{"rendered":"\t\t<div data-elementor-type=\"wp-page\" data-elementor-id=\"333\" class=\"elementor elementor-333\" data-elementor-post-type=\"page\">\n\t\t\t\t\t\t<section class=\"elementor-section elementor-top-section elementor-element elementor-element-5d0ba78 elementor-section-full_width elementor-section-height-default elementor-section-height-default\" data-id=\"5d0ba78\" data-element_type=\"section\" data-e-type=\"section\">\n\t\t\t\t\t\t<div class=\"elementor-container elementor-column-gap-default\">\n\t\t\t\t\t<div class=\"elementor-column elementor-col-100 elementor-top-column elementor-element elementor-element-791eebf\" data-id=\"791eebf\" data-element_type=\"column\" data-e-type=\"column\">\n\t\t\t<div class=\"elementor-widget-wrap elementor-element-populated\">\n\t\t\t\t\t\t<div class=\"elementor-element elementor-element-013eb67 elementor-widget__width-inherit elementor-widget elementor-widget-heading\" data-id=\"013eb67\" data-element_type=\"widget\" data-e-type=\"widget\" data-widget_type=\"heading.default\">\n\t\t\t\t<div class=\"elementor-widget-container\">\n\t\t\t\t\t<h1 class=\"elementor-heading-title elementor-size-default\">Impressum<\/h1>\t\t\t\t<\/div>\n\t\t\t\t<\/div>\n\t\t\t\t<div class=\"elementor-element elementor-element-ad93d19 elementor-widget elementor-widget-text-editor\" data-id=\"ad93d19\" data-element_type=\"widget\" data-e-type=\"widget\" data-widget_type=\"text-editor.default\">\n\t\t\t\t<div class=\"elementor-widget-container\">\n\t\t\t\t\t\t\t\t\t<p class=\"MsoNormal\"><strong><span lang=\"DE\">Angaben gem\u00e4\u00df \u00a7 5 TMG:<\/span><\/strong><\/p><p class=\"MsoNormal\"><span lang=\"DE\">Humboldt-Universit\u00e4t zu Berlin<br \/><\/span><span lang=\"DE\">Anton-Wilhelm-Amo-Stra\u00dfe 40<br \/><\/span><span lang=\"DE\">10117 Berlin<\/span><\/p><p class=\"MsoNormal\"><span lang=\"DE\"><strong>Vertreten durch:<\/strong><br \/><\/span><\/p><p class=\"MsoNormal\"><span lang=\"DE\">Felix Marlow<\/span><\/p><p class=\"MsoNormal\"><strong><span lang=\"DE\">Kontakt:<\/span><\/strong><\/p><p class=\"MsoNormal\"><span lang=\"DE\">Telefon: 0049 30-2093 70850<\/span><\/p><p class=\"MsoNormal\"><span lang=\"DE\">E-Mail: <a href=\"mailto:pcp.modellprojekte@hu-berlin.de\">pcp.modellprojekte@hu-berlin.de<\/a><\/span><\/p><p class=\"MsoNormal\"><span lang=\"DE\"><strong>Verantwortlich f\u00fcr den Inhalt nach \u00a7 55 Abs. 2 RStV:<\/strong><\/span><\/p><p class=\"MsoNormal\"><span lang=\"DE\">Humboldt-Universit\u00e4t zu Berlin <br \/><\/span><span lang=\"DE\">Anton-Wilhelm-Amo-Stra\u00dfe 40<br \/><\/span><span lang=\"DE\">10117 Berlin\u00a0<\/span><\/p>\t\t\t\t\t\t\t\t<\/div>\n\t\t\t\t<\/div>\n\t\t\t\t<div class=\"elementor-element elementor-element-f19b402 elementor-widget elementor-widget-heading\" data-id=\"f19b402\" data-element_type=\"widget\" data-e-type=\"widget\" data-widget_type=\"heading.default\">\n\t\t\t\t<div class=\"elementor-widget-container\">\n\t\t\t\t\t<h2 class=\"elementor-heading-title elementor-size-default\">Haftungsausschluss<\/h2>\t\t\t\t<\/div>\n\t\t\t\t<\/div>\n\t\t\t\t<div class=\"elementor-element elementor-element-045302c elementor-widget elementor-widget-heading\" data-id=\"045302c\" data-element_type=\"widget\" data-e-type=\"widget\" data-widget_type=\"heading.default\">\n\t\t\t\t<div class=\"elementor-widget-container\">\n\t\t\t\t\t<h3 class=\"elementor-heading-title elementor-size-default\">Haftung f\u00fcr Inhalte<\/h3>\t\t\t\t<\/div>\n\t\t\t\t<\/div>\n\t\t\t\t<div class=\"elementor-element elementor-element-ac6ae0f elementor-widget elementor-widget-text-editor\" data-id=\"ac6ae0f\" data-element_type=\"widget\" data-e-type=\"widget\" data-widget_type=\"text-editor.default\">\n\t\t\t\t<div class=\"elementor-widget-container\">\n\t\t\t\t\t\t\t\t\t<p>Die Inhalte unserer Seiten wurden mit gr\u00f6\u00dfter Sorgfalt erstellt. F\u00fcr die Richtigkeit, Vollst\u00e4ndigkeit und Aktualit\u00e4t der Inhalte k\u00f6nnen wir jedoch keine Gew\u00e4hr \u00fcbernehmen. Als Diensteanbieter sind wir gem\u00e4\u00df \u00a7 7 Abs.1 TMG f\u00fcr eigene Inhalte auf diesen Seiten nach den allgemeinen Gesetzen verantwortlich. Nach \u00a7\u00a7 8 bis 10 TMG sind wir als Diensteanbieter jedoch nicht verpflichtet, \u00fcbermittelte oder gespeicherte fremde Informationen zu \u00fcberwachen oder nach Umst\u00e4nden zu forschen, die auf eine rechtswidrige T\u00e4tigkeit hinweisen. Verpflichtungen zur Entfernung oder Sperrung der Nutzung von Informationen nach den allgemeinen Gesetzen bleiben hiervon unber\u00fchrt. Eine diesbez\u00fcgliche Haftung ist jedoch erst ab dem Zeitpunkt der Kenntnis einer konkreten Rechtsverletzung m\u00f6glich. Bei Bekanntwerden von entsprechenden Rechtsverletzungen werden wir diese Inhalte umgehend entfernen.<\/p>\t\t\t\t\t\t\t\t<\/div>\n\t\t\t\t<\/div>\n\t\t\t\t<div class=\"elementor-element elementor-element-37b3fb9 elementor-widget elementor-widget-heading\" data-id=\"37b3fb9\" data-element_type=\"widget\" data-e-type=\"widget\" data-widget_type=\"heading.default\">\n\t\t\t\t<div class=\"elementor-widget-container\">\n\t\t\t\t\t<h3 class=\"elementor-heading-title elementor-size-default\">Haftung f\u00fcr Links<\/h3>\t\t\t\t<\/div>\n\t\t\t\t<\/div>\n\t\t\t\t<div class=\"elementor-element elementor-element-a7efd0c elementor-widget elementor-widget-text-editor\" data-id=\"a7efd0c\" data-element_type=\"widget\" data-e-type=\"widget\" data-widget_type=\"text-editor.default\">\n\t\t\t\t<div class=\"elementor-widget-container\">\n\t\t\t\t\t\t\t\t\t<p>Unser Angebot enth\u00e4lt Links zu externen Webseiten Dritter, auf deren Inhalte wir keinen Einfluss haben. Deshalb k\u00f6nnen wir f\u00fcr diese fremden Inhalte auch keine Gew\u00e4hr \u00fcbernehmen. F\u00fcr die Inhalte der verlinkten Seiten ist stets der jeweilige Anbieter oder Betreiber der Seiten verantwortlich. Die verlinkten Seiten wurden zum Zeitpunkt der Verlinkung auf m\u00f6gliche Rechtsverst\u00f6\u00dfe \u00fcberpr\u00fcft. Rechtswidrige Inhalte waren zum Zeitpunkt der Verlinkung nicht erkennbar. Eine permanente inhaltliche Kontrolle der verlinkten Seiten ist jedoch ohne konkrete Anhaltspunkte einer Rechtsverletzung nicht zumutbar. Bei Bekanntwerden von Rechtsverletzungen werden wir derartige Links umgehend entfernen.<\/p>\t\t\t\t\t\t\t\t<\/div>\n\t\t\t\t<\/div>\n\t\t\t\t<div class=\"elementor-element elementor-element-6db2dae elementor-widget elementor-widget-heading\" data-id=\"6db2dae\" data-element_type=\"widget\" data-e-type=\"widget\" data-widget_type=\"heading.default\">\n\t\t\t\t<div class=\"elementor-widget-container\">\n\t\t\t\t\t<h3 class=\"elementor-heading-title elementor-size-default\">Urheberrecht<\/h3>\t\t\t\t<\/div>\n\t\t\t\t<\/div>\n\t\t\t\t<div class=\"elementor-element elementor-element-bf643f7 elementor-widget elementor-widget-text-editor\" data-id=\"bf643f7\" data-element_type=\"widget\" data-e-type=\"widget\" data-widget_type=\"text-editor.default\">\n\t\t\t\t<div class=\"elementor-widget-container\">\n\t\t\t\t\t\t\t\t\t<p>Die durch die Seitenbetreiber erstellten Inhalte und Werke auf diesen Seiten unterliegen dem deutschen Urheberrecht. Die Vervielf\u00e4ltigung, Bearbeitung, Verbreitung und jede Art der Verwertung au\u00dferhalb der Grenzen des Urheberrechtes bed\u00fcrfen der schriftlichen Zustimmung des jeweiligen Autors bzw. Erstellers. Downloads und Kopien dieser Seite sind nur f\u00fcr den privaten, nicht kommerziellen Gebrauch gestattet. Soweit die Inhalte auf dieser Seite nicht vom Betreiber erstellt wurden, werden die Urheberrechte Dritter beachtet. Insbesondere werden Inhalte Dritter als solche gekennzeichnet. Sollten Sie trotzdem auf eine Urheberrechtsverletzung aufmerksam werden, bitten wir um einen entsprechenden Hinweis. Bei Bekanntwerden von Rechtsverletzungen werden wir derartige Inhalte umgehend entfernen.<\/p>\t\t\t\t\t\t\t\t<\/div>\n\t\t\t\t<\/div>\n\t\t\t\t<div class=\"elementor-element elementor-element-4f7b316 elementor-widget elementor-widget-heading\" data-id=\"4f7b316\" data-element_type=\"widget\" data-e-type=\"widget\" data-widget_type=\"heading.default\">\n\t\t\t\t<div class=\"elementor-widget-container\">\n\t\t\t\t\t<h3 class=\"elementor-heading-title elementor-size-default\">Datenschutz<\/h3>\t\t\t\t<\/div>\n\t\t\t\t<\/div>\n\t\t\t\t<div class=\"elementor-element elementor-element-085336a elementor-widget elementor-widget-text-editor\" data-id=\"085336a\" data-element_type=\"widget\" data-e-type=\"widget\" data-widget_type=\"text-editor.default\">\n\t\t\t\t<div class=\"elementor-widget-container\">\n\t\t\t\t\t\t\t\t\t<p>Die Nutzung unserer Webseite ist in der Regel ohne Angabe personenbezogener Daten m\u00f6glich. Soweit auf unseren Seiten personenbezogene Daten (beispielsweise Name, Anschrift oder E-Mail-Adressen) erhoben werden, erfolgt dies, soweit m\u00f6glich, stets auf freiwilliger Basis. Diese Daten werden ohne Ihre ausdr\u00fcckliche Zustimmung nicht an Dritte weitergegeben. <\/p><p>Wir weisen darauf hin, dass die Daten\u00fcbertragung im Internet (z.B. bei der Kommunikation per E-Mail) Sicherheitsl\u00fccken aufweisen kann. Ein l\u00fcckenloser Schutz der Daten vor dem Zugriff durch Dritte ist nicht m\u00f6glich. <\/p><p>Der Nutzung von im Rahmen der Impressumspflicht ver\u00f6ffentlichten Kontaktdaten durch Dritte zur \u00dcbersendung von nicht ausdr\u00fccklich angeforderter Werbung und Informationsmaterialien wird hiermit ausdr\u00fccklich widersprochen. Die Betreiber der Seiten behalten sich ausdr\u00fccklich rechtliche Schritte im Falle der unverlangten Zusendung von Werbeinformationen, etwa durch Spam-Mails, vor.<\/p><p>\u00a0<\/p><p>Website Impressum von <a href=\"https:\/\/www.impressum-generator.de\">https:\/\/www.impressum-generator.de<\/a><\/p>\t\t\t\t\t\t\t\t<\/div>\n\t\t\t\t<\/div>\n\t\t\t\t\t<\/div>\n\t\t<\/div>\n\t\t\t\t\t<\/div>\n\t\t<\/section>\n\t\t\t\t<\/div>\n\t\t","protected":false},"excerpt":{"rendered":"<p>Impressum Angaben gem\u00e4\u00df \u00a7 5 TMG: Humboldt-Universit\u00e4t zu BerlinAnton-Wilhelm-Amo-Stra\u00dfe 4010117 Berlin Vertreten durch: Felix Marlow Kontakt: Telefon: 0049 30-2093 70850 E-Mail: pcp.modellprojekte@hu-berlin.de Verantwortlich f\u00fcr den Inhalt nach \u00a7 55 Abs. 2 RStV: Humboldt-Universit\u00e4t zu Berlin Anton-Wilhelm-Amo-Stra\u00dfe 4010117 Berlin\u00a0 Haftungsausschluss Haftung f\u00fcr Inhalte Die Inhalte unserer Seiten wurden mit gr\u00f6\u00dfter Sorgfalt erstellt. F\u00fcr die Richtigkeit, Vollst\u00e4ndigkeit [&hellip;]<\/p>\n","protected":false},"author":4,"featured_media":0,"parent":0,"menu_order":0,"comment_status":"closed","ping_status":"closed","template":"elementor_header_footer","meta":{"footnotes":""},"class_list":["post-333","page","type-page","status-publish","hentry"],"yoast_head":"<!-- This site is optimized with the Yoast SEO plugin v27.4 - https:\/\/yoast.com\/product\/yoast-seo-wordpress\/ -->\n<title>Impressum - PCP Modellprojekte<\/title>\n<meta name=\"robots\" content=\"index, follow, max-snippet:-1, max-image-preview:large, max-video-preview:-1\" \/>\n<link rel=\"canonical\" href=\"https:\/\/www2.hu-berlin.de\/pcpmodellprojekte\/impressum\/\" \/>\n<meta property=\"og:locale\" content=\"de_DE\" \/>\n<meta property=\"og:type\" content=\"article\" \/>\n<meta property=\"og:title\" content=\"Impressum - PCP Modellprojekte\" \/>\n<meta property=\"og:description\" content=\"Impressum Angaben gem\u00e4\u00df \u00a7 5 TMG: Humboldt-Universit\u00e4t zu BerlinAnton-Wilhelm-Amo-Stra\u00dfe 4010117 Berlin Vertreten durch: Felix Marlow Kontakt: Telefon: 0049 30-2093 70850 E-Mail: pcp.modellprojekte@hu-berlin.de Verantwortlich f\u00fcr den Inhalt nach \u00a7 55 Abs. 2 RStV: Humboldt-Universit\u00e4t zu Berlin Anton-Wilhelm-Amo-Stra\u00dfe 4010117 Berlin\u00a0 Haftungsausschluss Haftung f\u00fcr Inhalte Die Inhalte unserer Seiten wurden mit gr\u00f6\u00dfter Sorgfalt erstellt. F\u00fcr die Richtigkeit, Vollst\u00e4ndigkeit [&hellip;]\" \/>\n<meta property=\"og:url\" content=\"https:\/\/www2.hu-berlin.de\/pcpmodellprojekte\/impressum\/\" \/>\n<meta property=\"og:site_name\" content=\"PCP Modellprojekte\" \/>\n<meta property=\"article:modified_time\" content=\"2022-10-17T16:27:36+00:00\" \/>\n<meta name=\"twitter:card\" content=\"summary_large_image\" \/>\n<meta name=\"twitter:label1\" content=\"Gesch\u00e4tzte Lesezeit\" \/>\n\t<meta name=\"twitter:data1\" content=\"3\u00a0Minuten\" \/>\n<script type=\"application\/ld+json\" class=\"yoast-schema-graph\">{\"@context\":\"https:\\\/\\\/schema.org\",\"@graph\":[{\"@type\":\"WebPage\",\"@id\":\"https:\\\/\\\/www2.hu-berlin.de\\\/pcpmodellprojekte\\\/impressum\\\/\",\"url\":\"https:\\\/\\\/www2.hu-berlin.de\\\/pcpmodellprojekte\\\/impressum\\\/\",\"name\":\"Impressum - PCP Modellprojekte\",\"isPartOf\":{\"@id\":\"https:\\\/\\\/www2.hu-berlin.de\\\/pcpmodellprojekte\\\/#website\"},\"datePublished\":\"2022-07-19T13:19:58+00:00\",\"dateModified\":\"2022-10-17T16:27:36+00:00\",\"breadcrumb\":{\"@id\":\"https:\\\/\\\/www2.hu-berlin.de\\\/pcpmodellprojekte\\\/impressum\\\/#breadcrumb\"},\"inLanguage\":\"de\",\"potentialAction\":[{\"@type\":\"ReadAction\",\"target\":[\"https:\\\/\\\/www2.hu-berlin.de\\\/pcpmodellprojekte\\\/impressum\\\/\"]}]},{\"@type\":\"BreadcrumbList\",\"@id\":\"https:\\\/\\\/www2.hu-berlin.de\\\/pcpmodellprojekte\\\/impressum\\\/#breadcrumb\",\"itemListElement\":[{\"@type\":\"ListItem\",\"position\":1,\"name\":\"Startseite\",\"item\":\"https:\\\/\\\/www2.hu-berlin.de\\\/pcpmodellprojekte\\\/\"},{\"@type\":\"ListItem\",\"position\":2,\"name\":\"Impressum\"}]},{\"@type\":\"WebSite\",\"@id\":\"https:\\\/\\\/www2.hu-berlin.de\\\/pcpmodellprojekte\\\/#website\",\"url\":\"https:\\\/\\\/www2.hu-berlin.de\\\/pcpmodellprojekte\\\/\",\"name\":\"PCP Modellprojekte\",\"description\":\"Stadtentwicklung durch Public-Civic-Partnerships: Zusammenarbeit, Kontroversen, Modellierungen\",\"publisher\":{\"@id\":\"https:\\\/\\\/www2.hu-berlin.de\\\/pcpmodellprojekte\\\/#organization\"},\"potentialAction\":[{\"@type\":\"SearchAction\",\"target\":{\"@type\":\"EntryPoint\",\"urlTemplate\":\"https:\\\/\\\/www2.hu-berlin.de\\\/pcpmodellprojekte\\\/?s={search_term_string}\"},\"query-input\":{\"@type\":\"PropertyValueSpecification\",\"valueRequired\":true,\"valueName\":\"search_term_string\"}}],\"inLanguage\":\"de\"},{\"@type\":\"Organization\",\"@id\":\"https:\\\/\\\/www2.hu-berlin.de\\\/pcpmodellprojekte\\\/#organization\",\"name\":\"PCP Modellprojekte\",\"url\":\"https:\\\/\\\/www2.hu-berlin.de\\\/pcpmodellprojekte\\\/\",\"logo\":{\"@type\":\"ImageObject\",\"inLanguage\":\"de\",\"@id\":\"https:\\\/\\\/www2.hu-berlin.de\\\/pcpmodellprojekte\\\/#\\\/schema\\\/logo\\\/image\\\/\",\"url\":\"https:\\\/\\\/www2.hu-berlin.de\\\/pcpmodellprojekte\\\/wp-content\\\/uploads\\\/2022\\\/10\\\/PCP_Website_Logo-1.png\",\"contentUrl\":\"https:\\\/\\\/www2.hu-berlin.de\\\/pcpmodellprojekte\\\/wp-content\\\/uploads\\\/2022\\\/10\\\/PCP_Website_Logo-1.png\",\"width\":47,\"height\":36,\"caption\":\"PCP Modellprojekte\"},\"image\":{\"@id\":\"https:\\\/\\\/www2.hu-berlin.de\\\/pcpmodellprojekte\\\/#\\\/schema\\\/logo\\\/image\\\/\"}}]}<\/script>\n<!-- \/ Yoast SEO plugin. -->","yoast_head_json":{"title":"Impressum - PCP Modellprojekte","robots":{"index":"index","follow":"follow","max-snippet":"max-snippet:-1","max-image-preview":"max-image-preview:large","max-video-preview":"max-video-preview:-1"},"canonical":"https:\/\/www2.hu-berlin.de\/pcpmodellprojekte\/impressum\/","og_locale":"de_DE","og_type":"article","og_title":"Impressum - PCP Modellprojekte","og_description":"Impressum Angaben gem\u00e4\u00df \u00a7 5 TMG: Humboldt-Universit\u00e4t zu BerlinAnton-Wilhelm-Amo-Stra\u00dfe 4010117 Berlin Vertreten durch: Felix Marlow Kontakt: Telefon: 0049 30-2093 70850 E-Mail: pcp.modellprojekte@hu-berlin.de Verantwortlich f\u00fcr den Inhalt nach \u00a7 55 Abs. 2 RStV: Humboldt-Universit\u00e4t zu Berlin Anton-Wilhelm-Amo-Stra\u00dfe 4010117 Berlin\u00a0 Haftungsausschluss Haftung f\u00fcr Inhalte Die Inhalte unserer Seiten wurden mit gr\u00f6\u00dfter Sorgfalt erstellt. F\u00fcr die Richtigkeit, Vollst\u00e4ndigkeit [&hellip;]","og_url":"https:\/\/www2.hu-berlin.de\/pcpmodellprojekte\/impressum\/","og_site_name":"PCP Modellprojekte","article_modified_time":"2022-10-17T16:27:36+00:00","twitter_card":"summary_large_image","twitter_misc":{"Gesch\u00e4tzte Lesezeit":"3\u00a0Minuten"},"schema":{"@context":"https:\/\/schema.org","@graph":[{"@type":"WebPage","@id":"https:\/\/www2.hu-berlin.de\/pcpmodellprojekte\/impressum\/","url":"https:\/\/www2.hu-berlin.de\/pcpmodellprojekte\/impressum\/","name":"Impressum - PCP Modellprojekte","isPartOf":{"@id":"https:\/\/www2.hu-berlin.de\/pcpmodellprojekte\/#website"},"datePublished":"2022-07-19T13:19:58+00:00","dateModified":"2022-10-17T16:27:36+00:00","breadcrumb":{"@id":"https:\/\/www2.hu-berlin.de\/pcpmodellprojekte\/impressum\/#breadcrumb"},"inLanguage":"de","potentialAction":[{"@type":"ReadAction","target":["https:\/\/www2.hu-berlin.de\/pcpmodellprojekte\/impressum\/"]}]},{"@type":"BreadcrumbList","@id":"https:\/\/www2.hu-berlin.de\/pcpmodellprojekte\/impressum\/#breadcrumb","itemListElement":[{"@type":"ListItem","position":1,"name":"Startseite","item":"https:\/\/www2.hu-berlin.de\/pcpmodellprojekte\/"},{"@type":"ListItem","position":2,"name":"Impressum"}]},{"@type":"WebSite","@id":"https:\/\/www2.hu-berlin.de\/pcpmodellprojekte\/#website","url":"https:\/\/www2.hu-berlin.de\/pcpmodellprojekte\/","name":"PCP Modellprojekte","description":"Stadtentwicklung durch Public-Civic-Partnerships: Zusammenarbeit, Kontroversen, Modellierungen","publisher":{"@id":"https:\/\/www2.hu-berlin.de\/pcpmodellprojekte\/#organization"},"potentialAction":[{"@type":"SearchAction","target":{"@type":"EntryPoint","urlTemplate":"https:\/\/www2.hu-berlin.de\/pcpmodellprojekte\/?s={search_term_string}"},"query-input":{"@type":"PropertyValueSpecification","valueRequired":true,"valueName":"search_term_string"}}],"inLanguage":"de"},{"@type":"Organization","@id":"https:\/\/www2.hu-berlin.de\/pcpmodellprojekte\/#organization","name":"PCP Modellprojekte","url":"https:\/\/www2.hu-berlin.de\/pcpmodellprojekte\/","logo":{"@type":"ImageObject","inLanguage":"de","@id":"https:\/\/www2.hu-berlin.de\/pcpmodellprojekte\/#\/schema\/logo\/image\/","url":"https:\/\/www2.hu-berlin.de\/pcpmodellprojekte\/wp-content\/uploads\/2022\/10\/PCP_Website_Logo-1.png","contentUrl":"https:\/\/www2.hu-berlin.de\/pcpmodellprojekte\/wp-content\/uploads\/2022\/10\/PCP_Website_Logo-1.png","width":47,"height":36,"caption":"PCP Modellprojekte"},"image":{"@id":"https:\/\/www2.hu-berlin.de\/pcpmodellprojekte\/#\/schema\/logo\/image\/"}}]}},"_links":{"self":[{"href":"https:\/\/www2.hu-berlin.de\/pcpmodellprojekte\/wp-json\/wp\/v2\/pages\/333","targetHints":{"allow":["GET"]}}],"collection":[{"href":"https:\/\/www2.hu-berlin.de\/pcpmodellprojekte\/wp-json\/wp\/v2\/pages"}],"about":[{"href":"https:\/\/www2.hu-berlin.de\/pcpmodellprojekte\/wp-json\/wp\/v2\/types\/page"}],"author":[{"embeddable":true,"href":"https:\/\/www2.hu-berlin.de\/pcpmodellprojekte\/wp-json\/wp\/v2\/users\/4"}],"replies":[{"embeddable":true,"href":"https:\/\/www2.hu-berlin.de\/pcpmodellprojekte\/wp-json\/wp\/v2\/comments?post=333"}],"version-history":[{"count":25,"href":"https:\/\/www2.hu-berlin.de\/pcpmodellprojekte\/wp-json\/wp\/v2\/pages\/333\/revisions"}],"predecessor-version":[{"id":1678,"href":"https:\/\/www2.hu-berlin.de\/pcpmodellprojekte\/wp-json\/wp\/v2\/pages\/333\/revisions\/1678"}],"wp:attachment":[{"href":"https:\/\/www2.hu-berlin.de\/pcpmodellprojekte\/wp-json\/wp\/v2\/media?parent=333"}],"curies":[{"name":"wp","href":"https:\/\/api.w.org\/{rel}","templated":true}]}}