{"id":20,"date":"2020-09-21T08:14:11","date_gmt":"2020-09-21T08:14:11","guid":{"rendered":"https:\/\/www2.hu-berlin.de\/plantevolbio\/?page_id=20"},"modified":"2022-03-17T12:37:30","modified_gmt":"2022-03-17T12:37:30","slug":"publications","status":"publish","type":"page","link":"https:\/\/www2.hu-berlin.de\/plantevolbio\/publications\/","title":{"rendered":"Publications"},"content":{"rendered":"\n<p class=\"has-cyan-bluish-gray-color has-text-color has-small-font-size\">[Legend: boldface &#8211; (former) lab members; #shared first authorship; *shared senior authorship]<\/p>\n\n\n\n<h5><strong><span style=\"text-decoration: underline;\">2022<\/span><\/strong> <\/h5>\n\n\n\n<p>Neubauer A, Ruaud S, Waller S, Frangedakis E, Li F-W, <strong>N\u00f6tzold SI,\u00a0Wicke S,<\/strong> Bailly S, Sz\u00f6v\u00e9nyi P. <a href=\"https:\/\/bsapubs.onlinelibrary.wiley.com\/doi\/10.1002\/aps3.11456\" data-type=\"URL\" data-id=\"https:\/\/bsapubs.onlinelibrary.wiley.com\/doi\/10.1002\/aps3.11456\" target=\"_blank\" rel=\"noreferrer noopener\">Step\u2010by\u2010step protocol for the isolation and transient transformation of hornwort protoplasts.<\/a>\u00a0<em>Applications in Plant Sciences<\/em>. doi: 10.1002\/aps3.11456.<\/p>\n\n\n\n<p>Bellis ES, von M\u00fcnchow CS, Odero CO, Kronberger A, Kelly E, Xia T, Huang X,\u00a0<strong>Wicke S,\u00a0<\/strong>\u00a0Runo SM, dePamphilis CW,\u00a0\u00a0Lasky JR. <a href=\"https:\/\/www.biorxiv.org\/content\/biorxiv\/early\/2022\/02\/04\/2022.02.01.478712.full.pdf\" data-type=\"URL\" data-id=\"https:\/\/www.biorxiv.org\/content\/biorxiv\/early\/2022\/02\/04\/2022.02.01.478712.full.pdf\" target=\"_blank\" rel=\"noreferrer noopener\">Genomic signatures of host-specific selection in a parasitic plant.<\/a> bioRXiv. doi: https:\/\/doi.org\/10.1101\/2022.02.01.478712<\/p>\n\n\n\n<hr class=\"wp-block-separator\"\/>\n\n\n\n<h5><strong><span style=\"text-decoration: underline;\">202<\/span><\/strong><span style=\"text-decoration: underline;\"><strong>1<\/strong><\/span><\/h5>\n\n\n\n<p><strong>Lyko P<\/strong>, <strong>Wicke S<\/strong>. <a href=\"https:\/\/academic.oup.com\/plphys\/article\/186\/3\/1412\/6257446\" data-type=\"URL\" data-id=\"https:\/\/academic.oup.com\/plphys\/article\/186\/3\/1412\/6257446\" target=\"_blank\" rel=\"noreferrer noopener\">Genomic reconfiguration in parasitic plants involves considerable gene losses alongside global genome size inflation and gene births.<\/a>\u00a0<em>Plant Physiology<\/em>\u00a0186 (3): 1412\u20131423<\/p>\n\n\n\n<p><strong>Dayou O<\/strong>, Kibet W, Ojola P, Gangashetty PI,\u00a0<strong>Wicke S<\/strong>, Runo S. <a href=\"https:\/\/www.cambridge.org\/core\/journals\/weed-science\/article\/twotier-witchweed-striga-hermonthica-resistance-in-wild-pearl-millet-pennisetum-glaucum-29aw\/8D7371D9B2BB86A536573F547A5E82C3\" data-type=\"URL\" data-id=\"https:\/\/www.cambridge.org\/core\/journals\/weed-science\/article\/twotier-witchweed-striga-hermonthica-resistance-in-wild-pearl-millet-pennisetum-glaucum-29aw\/8D7371D9B2BB86A536573F547A5E82C3\" target=\"_blank\" rel=\"noreferrer noopener\">Two-tier witchweed (<em>Striga hermonthica<\/em>) resistance in wild pearl millet (<em>Pennisetum glaucum<\/em>) 29Aw.<\/a>\u00a0<em>Weed Science<\/em>. 69 (3): 300\u2013306. Doi: 10.1017\/wsc.2021.12<\/p>\n\n\n\n<p><strong>K\u00f6sters LM<\/strong>, Wiechers S, <strong>Lyko P<\/strong>, M\u00fcller KF,\u00a0<strong>Wicke S.<\/strong>\u00a0<a href=\"https:\/\/academic.oup.com\/plphys\/article\/185\/4\/1374\/6094640\" data-type=\"URL\" data-id=\"https:\/\/academic.oup.com\/plphys\/article\/185\/4\/1374\/6094640\" target=\"_blank\" rel=\"noreferrer noopener\"><em>WARPP\u00a0<\/em>\u2013 Web Application for the Research of Parasitic Plants.\u00a0<em>Plant Physiology<\/em>.<\/a> 185(4): 1374\u2013138.\u00a0<\/p>\n\n\n\n<p>de Saint Germain A, Jacobs A, <strong>Brun G<\/strong>, Pouvreau J-B, Braem L, Cornu D, Clav\u00e9 G, Baudu E, Steinmetz V, Servajean V,\u00a0<strong>Wicke S<\/strong>, Gevaert K, Simier P, Goormachtig S, Delavault P, Boyer F-D, 2020. <a href=\"https:\/\/www.sciencedirect.com\/science\/article\/pii\/S2590346221000419\" data-type=\"URL\" data-id=\"https:\/\/www.sciencedirect.com\/science\/article\/pii\/S2590346221000419\" target=\"_blank\" rel=\"noreferrer noopener\">A\u00a0<em>Phelipanche ramosa<\/em>\u00a0KAI2 protein perceives enzymatically strigolactones and isothiocyanates.<\/a>\u00a0<em>Plant Communications<\/em>. doi:<strong>\u00a0<\/strong>10.1016\/j.xplc.2021.100166<\/p>\n\n\n\n<p>Baker WJ, Dodsworth S, Forest F, Graham SW, Johnson MG, McDonnell A, Pokorny L, Tate J,\u00a0<strong>Wicke S<\/strong>, Wickett NJ. <a href=\"https:\/\/bsapubs.onlinelibrary.wiley.com\/doi\/pdf\/10.1002\/ajb2.1703\" data-type=\"URL\" data-id=\"https:\/\/bsapubs.onlinelibrary.wiley.com\/doi\/pdf\/10.1002\/ajb2.1703\" target=\"_blank\" rel=\"noreferrer noopener\">Exploring Angiosperms353: an open, community toolkit for collaborative phylogenomic research on flowering plants.<\/a>\u00a0<em>American Journal of Botany<\/em>\u00a0108 (7): 1059\u20131065.\u00a0<em>Editorial<\/em><\/p>\n\n\n\n<p>McDonnell AJ, Baker WJ, Dodsworth S, Forest F, Graham SW, Johnson MG, Pokorny L, Tate J,\u00a0<strong>Wicke S<\/strong>, Wickett NJ<em>.\u00a0<\/em><a href=\"https:\/\/www.ncbi.nlm.nih.gov\/pmc\/articles\/PMC8312743\/\" data-type=\"URL\" data-id=\"https:\/\/www.ncbi.nlm.nih.gov\/pmc\/articles\/PMC8312743\/\" target=\"_blank\" rel=\"noreferrer noopener\">Exploring Angiosperms353: Developing and applying a universal toolkit for flowering plant phylogenomics.<\/a>\u00a0<em>Applications in Plant Sciences\u00a0<\/em>9 (7): e11443,\u00a0<em>Editorial<\/em><\/p>\n\n\n\n<hr class=\"wp-block-separator\"\/>\n\n\n\n<h5><strong><span style=\"text-decoration: underline;\">2020<\/span><\/strong><\/h5>\n\n\n\n<p>Scharsack J, Wieczorek B, Schmidt-Drewello A, Buescher J, Franke F, Moore A, Branca A, Witten A, Stoll M, Bornberg-Bauer E,\u00a0<strong>Wicke S,<\/strong>\u00a0Kurtz J. <a href=\"https:\/\/onlinelibrary.wiley.com\/doi\/full\/10.1111\/gcb.15402\" data-type=\"URL\" data-id=\"https:\/\/onlinelibrary.wiley.com\/doi\/full\/10.1111\/gcb.15402\" target=\"_blank\" rel=\"noreferrer noopener\">Climate change facilitates a parasite\u2019s host exploitation via temperature-mediated immunometabolic processes.<\/a>\u00a0<em>Global Change Biology<\/em>. 27(1):94\u2013107.\u00a0<\/p>\n\n\n\n<p>\u00a0Jin D-J,\u00a0<strong>Wicke S<\/strong>, Gan L, Yang J-B, Jin J-J, Yi T-S. <a href=\"https:\/\/www.frontiersin.org\/articles\/10.3389\/fpls.2020.00942\/full\" data-type=\"URL\" data-id=\"https:\/\/www.frontiersin.org\/articles\/10.3389\/fpls.2020.00942\/full\" target=\"_blank\" rel=\"noreferrer noopener\">The loss of the inverted repeat in the putranjivoid\u00a0<em>review<\/em>\u00a0clade of Malpighiales.<\/a>\u00a0<em>Frontiers in Plant Science<\/em>\u00a011:942<\/p>\n\n\n\n<p>Li F-W, Nishiyama T, Waller M, Frangedakis E, Keller J, Li Z, Fernandez-Pozo N, Barker MS, Bennett T, Bl\u00e1zquez MA, Cheng S, Cuming AC, de Vries J, de Vries S, Delaux P-M, Diop IS, Harrison J, Hauser D, Hern\u00e1ndez-Garc\u00eda J, Kirbis A, Meeks JC, Monte I, Mutte SK, Neubauer A, Quandt D, Robison T, Shimamura M, Rensing SA, Villarreal JC,\u00a0<strong>Wicke S<\/strong>, Weijers D, Wong GK-S, and Sakakibara K, Sz\u00f6v\u00e9nyi P.\u00a0<a href=\"https:\/\/www.nature.com\/articles\/s41477-020-0618-2\" data-type=\"URL\" data-id=\"https:\/\/www.nature.com\/articles\/s41477-020-0618-2\" target=\"_blank\" rel=\"noreferrer noopener\"><em>Anthoceros\u00a0<\/em>genomes illuminate the origin of land plants and the unique biology of hornworts.<\/a>\u00a0<em>Nature Plants\u00a0<\/em>6(3):259\u2013272\u00a0[authors partly in alphabetical order]<\/p>\n\n\n\n<p>Chen X<sup>#<\/sup>, Fang D<sup>#<\/sup>, Wu C, Liu B, Liu Y, [18 authors],\u00a0<strong>Wicke S*<\/strong>, Liu H<em>*<\/em>. <a href=\"https:\/\/academic.oup.com\/gbe\/article\/12\/1\/3663\/5679775\" data-type=\"URL\" data-id=\"https:\/\/academic.oup.com\/gbe\/article\/12\/1\/3663\/5679775\" target=\"_blank\" rel=\"noreferrer noopener\">Comparative plastome analysis of root- and stem-feeding parasites of Santalales untangle the footprints of feeding mode and lifestyle transitions.<\/a>\u00a0<em>Genome Biology and Evolution<\/em>. 12(1):3663\u20133676<\/p>\n\n\n\n<p>Charoenwattanasatien R<sup>#<\/sup>, Zinzius K<sup>#<\/sup>, Scholz M,\u00a0<strong>Wicke S,<\/strong> Tanaka H, Brandenburg JS, Ikegami T, Matsumoto T, Oda T, Sato M, Hippler M*, Kurisu G*. <a href=\"https:\/\/pubmed.ncbi.nlm.nih.gov\/31776187\/\" data-type=\"URL\" data-id=\"https:\/\/pubmed.ncbi.nlm.nih.gov\/31776187\/\" target=\"_blank\" rel=\"noreferrer noopener\">Calcium sensing via EF-hand 4 enables thioredoxin activity in the sensor-responder protein calredoxin in the green alga\u00a0<em>Chlamydomonas reinhardtii<\/em>.<\/a>\u00a0<em>Journal of Biological Chemistry<\/em>. 295(1):170\u2013180<\/p>\n\n\n\n<hr class=\"wp-block-separator\"\/>\n\n\n\n<p><strong><span style=\"text-decoration: underline;\">2019\u00a0<\/span><\/strong>\u00a0\u00a0\u00a0\u00a0\u00a0\u00a0\u00a0\u00a0<\/p>\n\n\n\n<p>Qu X-J, Jun-Bo Yang JB,\u00a0<strong>Wicke S*,<\/strong> Yi T-S*. <a href=\"https:\/\/pubmed.ncbi.nlm.nih.gov\/31504501\/\" data-type=\"URL\" data-id=\"https:\/\/pubmed.ncbi.nlm.nih.gov\/31504501\/\" target=\"_blank\" rel=\"noreferrer noopener\">Plastome reduction in the parasitic gymnosperm\u00a0<em>Parasitaxus<\/em>\u00a0is due to losses of only photosynthesis but not housekeeping genes and involved the secondary gain of a large inverted repeat.<\/a>\u00a0<em>Genome Biology and Evolution<\/em>\u00a011:2789\u20132796<\/p>\n\n\n\n<p>Aly R, Lati R, Abu-Nassar J, Ziadna H, <strong>von Muenchow CS<\/strong>,\u00a0<strong>Wicke S<\/strong>, Bari VK, Eizenberg H. <a href=\"https:\/\/apsjournals.apsnet.org\/doi\/10.1094\/PDIS-02-19-0285-PDN\" data-type=\"URL\" data-id=\"https:\/\/apsjournals.apsnet.org\/doi\/10.1094\/PDIS-02-19-0285-PDN\" target=\"_blank\" rel=\"noreferrer noopener\">The weedy parasite\u00a0<em>Phelipanche aegyptiaca<\/em>\u00a0attacks\u00a0<em>Brassica rapa<\/em>\u00a0var.\u00a0<em>rapa<\/em>\u00a0L. for the first time in Israel.<\/a>\u00a0<em>Plant Disease<\/em>. Doi: 10.1094\/PDIS-02-19-0285-PDN<\/p>\n\n\n\n<hr class=\"wp-block-separator\"\/>\n\n\n\n<h5><strong><span style=\"text-decoration: underline;\">2018<\/span><\/strong>\u00a0\u00a0\u00a0\u00a0\u00a0\u00a0\u00a0\u00a0\u00a0<\/h5>\n\n\n\n<p>Maul K, Krug M, Nickrent DL, M\u00fcller KF, Quandt D,\u00a0<strong>Wicke S<\/strong>. <a href=\"https:\/\/pubmed.ncbi.nlm.nih.gov\/30399429\/\" data-type=\"URL\" data-id=\"https:\/\/pubmed.ncbi.nlm.nih.gov\/30399429\/\" target=\"_blank\" rel=\"noreferrer noopener\">Morphology, geographic distribution, and host preferences are poor predictors of phylogenetic relatedness in the mistletoe genus\u00a0<em>Viscum<\/em>\u00a0L<\/a>.\u00a0<em>Molecular Phylogenetics and Evolution<\/em>\u00a0131:106\u2013115.<\/p>\n\n\n\n<p><strong>Wicke S<\/strong>, Naumann J. <a href=\"https:\/\/www.sciencedirect.com\/science\/article\/abs\/pii\/S0065229617300861\" data-type=\"URL\" data-id=\"https:\/\/www.sciencedirect.com\/science\/article\/abs\/pii\/S0065229617300861\" target=\"_blank\" rel=\"noreferrer noopener\">Molecular evolution of plastid genomes in parasitic plants.<\/a>\u00a0<em>In<\/em>: Advances in Botanical Research \u2013 Plastid genome evolution. Chaw S-M, Jansen RK (eds.). Elsevier London. Pp. 315\u2013347<\/p>\n\n\n\n<p>Barrett C,\u00a0<strong>Wicke S<\/strong>, Sass C. <a href=\"https:\/\/nph.onlinelibrary.wiley.com\/doi\/10.1111\/nph.15072\" data-type=\"URL\" data-id=\"https:\/\/nph.onlinelibrary.wiley.com\/doi\/10.1111\/nph.15072\" target=\"_blank\" rel=\"noreferrer noopener\">Dense infraspecific sampling reveals rapid and independent trajectories of plastome degradation in a heterotrophic orchid complex.<\/a>\u00a0<em>New Phytologist<\/em>\u00a0218: 1192\u20131204<\/p>\n\n\n\n<p>Wang Y-H,\u00a0<strong>Wicke S<\/strong>, Wang H, Jin J-J, Zhang S-D, Li D-Z, Yi T-S. <a href=\"https:\/\/www.ncbi.nlm.nih.gov\/pmc\/articles\/PMC5812350\/\" data-type=\"URL\" data-id=\"https:\/\/www.ncbi.nlm.nih.gov\/pmc\/articles\/PMC5812350\/\" target=\"_blank\" rel=\"noreferrer noopener\">Plastid genome evolution in the early-diverging legume subfamily Cercidoideae (Fabaceae)<\/a>.\u00a0<em>Frontiers in Plant Science<\/em>\u00a08: 138<\/p>\n\n\n\n<hr class=\"wp-block-separator\"\/>\n\n\n\n<h5><strong><span style=\"text-decoration: underline;\">2017<\/span><\/strong>\u00a0\u00a0\u00a0\u00a0\u00a0\u00a0\u00a0\u00a0\u00a0<\/h5>\n\n\n\n<p>Levy Karin E, Ashkenazy H,\u00a0<strong>Wicke S<\/strong>, Pupko T, Mayrose I. TraitRateProp: <a href=\"https:\/\/pubmed.ncbi.nlm.nih.gov\/28453644\/\" data-type=\"URL\" data-id=\"https:\/\/pubmed.ncbi.nlm.nih.gov\/28453644\/\" target=\"_blank\" rel=\"noreferrer noopener\">A web server for the detection of trait-dependent evolutionary rate shifts in sequence sites.<\/a>\u00a0<em>Nucleic Acids Research<\/em>\u00a045: W260\u2013W264<\/p>\n\n\n\n<p>Levy Karin E,\u00a0<strong>Wicke S<\/strong>, Pupko T, Mayrose I. <a href=\"https:\/\/academic.oup.com\/sysbio\/article\/66\/6\/917\/2978030\" data-type=\"URL\" data-id=\"https:\/\/academic.oup.com\/sysbio\/article\/66\/6\/917\/2978030\" target=\"_blank\" rel=\"noreferrer noopener\">An integrated model of phenotypic trait changes and site-specific sequence evolution.<\/a>\u00a0<em>Systematic Biology<\/em>\u00a066: 917\u2013933<\/p>\n\n\n\n<p>Noben S, Kessler M, Quandt D, Weigand A,\u00a0<strong>Wicke S<\/strong>, Krug M, Lehnert M. <a href=\"https:\/\/onlinelibrary.wiley.com\/doi\/10.1111\/jbi.13056\" data-type=\"URL\" data-id=\"https:\/\/onlinelibrary.wiley.com\/doi\/10.1111\/jbi.13056\" target=\"_blank\" rel=\"noreferrer noopener\">Biogeography of the Gondwanan tree fern family Dicksoniaceae \u2013 a tale of vicariance, dispersal, and extinction.<\/a>\u00a0<em>Journal of Biogeography<\/em>\u00a044: 2648\u20132659<\/p>\n\n\n\n<hr class=\"wp-block-separator\"\/>\n\n\n\n<h5><span style=\"text-decoration: underline;\"><strong>2016<\/strong><\/span>\u00a0\u00a0\u00a0\u00a0\u00a0\u00a0\u00a0\u00a0\u00a0<\/h5>\n\n\n\n<p><strong>Wicke S<\/strong>, M\u00fcller KF, dePamphilis CW, Quandt D, Bellot S, Schneeweiss GM. <a href=\"https:\/\/www.pnas.org\/doi\/full\/10.1073\/pnas.1607576113\" data-type=\"URL\" data-id=\"https:\/\/www.pnas.org\/doi\/full\/10.1073\/pnas.1607576113\" target=\"_blank\" rel=\"noreferrer noopener\">Mechanistic model of evolutionary rate variation en route to a nonphotosynthetic lifestyle in plants.<\/a>\u00a0<em>Proceedings of the National Academy of Sciences of the United States of America\u00a0<\/em>113: 9045\u20139050.\u00a0<strong><em>Cover Article<\/em><\/strong><\/p>\n\n\n\n<p><strong>Feng Y<sup>#<\/sup><\/strong>,\u00a0<strong>Wicke S<sup>#<\/sup><\/strong>, Zhou T-T, Ma X, Lin C-S, Li J-W, Li D-Z, Huang W-C, Huang L-Q, Jin X. <a href=\"https:\/\/www.ncbi.nlm.nih.gov\/pmc\/articles\/PMC4987110\/\" data-type=\"URL\" data-id=\"https:\/\/www.ncbi.nlm.nih.gov\/pmc\/articles\/PMC4987110\/\" target=\"_blank\" rel=\"noreferrer noopener\">Multiple independent reductions of plastid genomes in an orchid tribe with autotrophic and heterotrophic species.<\/a>\u00a0<em>Genome Biology and Evolution<\/em>\u00a08: 2164\u20132175<\/p>\n\n\n\n<p>R\u00f6schenbleck J<sup>#<\/sup>,\u00a0<strong>Wicke S<\/strong><sup>#<\/sup>, Weinl S, Kudla J, M\u00fcller KF. <a href=\"https:\/\/www.ncbi.nlm.nih.gov\/pmc\/articles\/PMC5381562\/\" data-type=\"URL\" data-id=\"https:\/\/www.ncbi.nlm.nih.gov\/pmc\/articles\/PMC5381562\/\" target=\"_blank\" rel=\"noreferrer noopener\">Genus-wide screening reveals four distinct types of structural plastid genome organization in\u00a0<em>Pelargonium<\/em>\u00a0(Geraniaceae).<\/a>\u00a0<em>Genome Biology and Evolution<\/em>9: 64\u201376<\/p>\n\n\n\n<hr class=\"wp-block-separator\"\/>\n\n\n\n<h5><strong><span style=\"text-decoration: underline;\">2015<\/span><\/strong>\u00a0\u00a0\u00a0\u00a0\u00a0\u00a0\u00a0\u00a0\u00a0<\/h5>\n\n\n\n<p>Cusimano N,\u00a0<strong>Wicke S<\/strong>. <a href=\"https:\/\/nph.onlinelibrary.wiley.com\/doi\/10.1111\/nph.13784\" data-type=\"URL\" data-id=\"https:\/\/nph.onlinelibrary.wiley.com\/doi\/10.1111\/nph.13784\" target=\"_blank\" rel=\"noreferrer noopener\">Massive intracellular gene transfer during plastid genome reduction in nongreen Orobanchaceae.<\/a>\u00a0<em>New Phytologist<\/em>\u00a0210: 680\u2013693<\/p>\n\n\n\n<p><strong>Wicke S<\/strong>, Schneeweiss GM. <a href=\"https:\/\/www.researchgate.net\/publication\/281933624_Next-generation_organellar_genomics_Potentials_and_pitfalls_of_high-throughput_technologies_for_molecular_evolutionary_studies_and_plant_systematics\" data-type=\"URL\" data-id=\"https:\/\/www.researchgate.net\/publication\/281933624_Next-generation_organellar_genomics_Potentials_and_pitfalls_of_high-throughput_technologies_for_molecular_evolutionary_studies_and_plant_systematics\" target=\"_blank\" rel=\"noreferrer noopener\">Next generation organellar genomics: Potentials and\u00a0pitfalls of high-throughput technologies for molecular evolutionary studies and plant systematics.<\/a>\u00a0<em>In<\/em>: Regnum Vegetabile \u2013 Next generation sequencing in plant systematics. H\u00f6randl E, Appelhans M (eds.). Koeltz Scientific Books Oberreifenberg, Pp. 9\u201350<\/p>\n\n\n\n<p>Sz\u00f6v\u00e9nyi P, Frangedakis E, Ricca M, Quandt D,\u00a0<strong>Wicke S<\/strong>, Langdale JA. <a href=\"https:\/\/bmcplantbiol.biomedcentral.com\/articles\/10.1186\/s12870-015-0481-x\" data-type=\"URL\" data-id=\"https:\/\/bmcplantbiol.biomedcentral.com\/articles\/10.1186\/s12870-015-0481-x\" target=\"_blank\" rel=\"noreferrer noopener\">Establishment of\u00a0<em>Anthoceros agrestis<\/em>\u00a0as a model species for studying the biology of hornworts.<\/a>\u00a0<em>BMC Plant Biology<\/em>\u00a015: 98<\/p>\n\n\n\n<hr class=\"wp-block-separator\"\/>\n\n\n\n<h5><strong><span style=\"text-decoration: underline;\">2014<\/span><\/strong>\u00a0\u00a0\u00a0\u00a0\u00a0\u00a0\u00a0\u00a0<\/h5>\n\n\n\n<p><strong>Wicke S<\/strong>, Sch\u00e4ferhoff B, dePamphilis CW, M\u00fcller KF. <a href=\"https:\/\/academic.oup.com\/mbe\/article\/31\/3\/529\/1010553\" data-type=\"URL\" data-id=\"https:\/\/academic.oup.com\/mbe\/article\/31\/3\/529\/1010553\" target=\"_blank\" rel=\"noreferrer noopener\">Disproportional plastome-wide increase of substitution rates and relaxed purifying selection in genes of carnivorous Lentibulariaceae.<\/a>\u00a0<em>Molecular Biology and Evolution<\/em>\u00a031: 529\u2013545<\/p>\n\n\n\n<hr class=\"wp-block-separator\"\/>\n\n\n\n<h5><strong><span style=\"text-decoration: underline;\">2013\u00a0<\/span><\/strong>\u00a0\u00a0\u00a0\u00a0\u00a0\u00a0\u00a0\u00a0<\/h5>\n\n\n\n<p><strong>Wicke S<\/strong>, M\u00fcller KF, dePamphilis CW, Quandt D, Wickett NJ, Zhang Y, Renner SS, Schneeweiss GM. <a href=\"https:\/\/academic.oup.com\/plcell\/article\/25\/10\/3711\/6099544\" data-type=\"URL\" data-id=\"https:\/\/academic.oup.com\/plcell\/article\/25\/10\/3711\/6099544\" target=\"_blank\" rel=\"noreferrer noopener\">Mechanisms of functional and physical genome reduction in photosynthetic and nonphotosynthetic parasitic plants of the broomrape family.\u00a0<\/a><em>The Plant Cell<\/em>\u00a025: 3711\u20133725.\u00a0<strong><em>Large-Scale Biology Article with Editorial Commentary<\/em><\/strong><\/p>\n\n\n\n<p><strong>Wicke S<\/strong>. <a href=\"https:\/\/www.researchgate.net\/publication\/255990904_Genomic_Evolution_in_Orobanchaceae\" data-type=\"URL\" data-id=\"https:\/\/www.researchgate.net\/publication\/255990904_Genomic_Evolution_in_Orobanchaceae\" target=\"_blank\" rel=\"noreferrer noopener\">Genomic evolution in Orobanchaceae.\u00a0<em>In<\/em>: Parasitic Orobanchaceae \u2013 Parasitic Mechanisms and Control Strategies.<\/a> Joel DM, et al. (eds.). Springer Berlin, Pp. 267\u2013286<\/p>\n\n\n\n<hr class=\"wp-block-separator\"\/>\n\n\n\n<h5><strong><span style=\"text-decoration: underline;\">2012<\/span><\/strong>\u00a0\u00a0\u00a0\u00a0\u00a0\u00a0\u00a0\u00a0\u00a0<\/h5>\n\n\n\n<p>Damayanti L, Mu\u00f1oz J,\u00a0<strong>Wicke S<\/strong>, Symmank L, Shaw B, Frahm J-P, Quandt D. <a href=\"https:\/\/www.researchgate.net\/publication\/237064832_Common_but_new_Bartramia_rosamrosiae_a_%27new%27_widespread_species_of_apple_mosses_Bartramiales_Bryophytina_from_the_Mediterranean_and_western_North_America\" data-type=\"URL\" data-id=\"https:\/\/www.researchgate.net\/publication\/237064832_Common_but_new_Bartramia_rosamrosiae_a_%27new%27_widespread_species_of_apple_mosses_Bartramiales_Bryophytina_from_the_Mediterranean_and_western_North_America\" target=\"_blank\" rel=\"noreferrer noopener\">Common but new:\u00a0<em>Bartramia rosamrosiae<\/em>, a &#8216;new&#8217; widespread species of apple mosses (Bartramiales, Bryophytina) from the Mediterranean and western North America.<\/a>\u00a0<em>Phytotaxa<\/em>\u00a073: 37\u201359<\/p>\n\n\n\n<hr class=\"wp-block-separator\"\/>\n\n\n\n<h5><strong><span style=\"text-decoration: underline;\">2011<\/span><\/strong>\u00a0\u00a0\u00a0\u00a0\u00a0\u00a0\u00a0\u00a0<\/h5>\n\n\n\n<p><strong>Wicke S<\/strong>, Schneeweiss GM, M\u00fcller KM, dePamphilis CW, Quandt D. <a href=\"https:\/\/pubmed.ncbi.nlm.nih.gov\/21424877\/\" data-type=\"URL\" data-id=\"https:\/\/pubmed.ncbi.nlm.nih.gov\/21424877\/\" target=\"_blank\" rel=\"noreferrer noopener\">Evolution of the plastid chromosome in land plants: gene content, gene order, gene function.<\/a>\u00a0<em>Plant Molecular Biology<\/em>\u00a076: 273\u2013297.\u00a0<strong><em>Cover Article<\/em><\/strong><\/p>\n\n\n\n<p><strong>Wicke S<\/strong>, Costa A, Mu\u00f1oz J, Quandt D. Restless 5S \u2013 <a href=\"https:\/\/www.sciencedirect.com\/science\/article\/pii\/S1055790311003125?via%3Dihub\" data-type=\"URL\" data-id=\"https:\/\/www.sciencedirect.com\/science\/article\/pii\/S1055790311003125?via%3Dihub\" target=\"_blank\" rel=\"noreferrer noopener\">The re-arrange-ment(s) and evolution of the nuclear ribosomal DNA in land plants.<\/a>\u00a0<em>Molecular Phylogenetics and Evolution<\/em>\u00a061: 321\u2013332<\/p>\n\n\n\n<hr class=\"wp-block-separator\"\/>\n\n\n\n<h5><strong><span style=\"text-decoration: underline;\">2010<\/span><\/strong>\u00a0\u00a0\u00a0\u00a0\u00a0\u00a0\u00a0\u00a0\u00a0<\/h5>\n\n\n\n<p>Preu\u00dfing M, Olsson S, Sch\u00e4fer-Verwimp A, Wickett NJ,\u00a0<strong>Wicke S<\/strong>, Quandt D, Nebel M. <a href=\"https:\/\/www.researchgate.net\/publication\/225279990_New_insights_in_the_evolution_of_the_liverwort_family_Aneuraceae_Metzgeriales_Marchantiophyta_with_emphasis_on_the_genus_Lobatiriccardia\" data-type=\"URL\" data-id=\"https:\/\/www.researchgate.net\/publication\/225279990_New_insights_in_the_evolution_of_the_liverwort_family_Aneuraceae_Metzgeriales_Marchantiophyta_with_emphasis_on_the_genus_Lobatiriccardia\" target=\"_blank\" rel=\"noreferrer noopener\">New insights into the evolution of the liverwort family Aneuraceae (Metzgeriales, Marchantiophyta), with emphasis on the genus\u00a0<em>Lobatiriccardia<\/em>.<\/a>\u00a0<em>Taxon\u00a0<\/em>59: 1424\u20131440<\/p>\n\n\n\n<hr class=\"wp-block-separator\"\/>\n\n\n\n<h5><strong><span style=\"text-decoration: underline;\">2009<\/span><\/strong><\/h5>\n\n\n\n<p><strong>Wicke S<\/strong>, Quandt D. <a href=\"https:\/\/www.redalyc.org\/pdf\/556\/55612913007.pdf\" data-type=\"URL\" data-id=\"https:\/\/www.redalyc.org\/pdf\/556\/55612913007.pdf\" target=\"_blank\" rel=\"noreferrer noopener\">Universal primers for the amplification of the plastid\u00a0<em>trnK<\/em>\/<em>matK<\/em>\u00a0region in land plants.<\/a>\u00a0<em>Anales del Jard\u00edn Bot\u00e1nico de Madrid\u00a0<\/em>66: 285\u2013288<\/p>\n","protected":false},"excerpt":{"rendered":"<p>[Legend: boldface &#8211; (former) lab members; #shared first authorship; *shared senior authorship] 2022 Neubauer A, Ruaud S, Waller S, Frangedakis E, Li F-W, N\u00f6tzold SI,\u00a0Wicke S, Bailly S, Sz\u00f6v\u00e9nyi P. Step\u2010by\u2010step protocol for the isolation and transient transformation of hornwort protoplasts.\u00a0Applications in Plant Sciences. doi: 10.1002\/aps3.11456. Bellis ES, von M\u00fcnchow CS, Odero CO, Kronberger A, [&hellip;]<\/p>\n","protected":false},"author":1,"featured_media":0,"parent":0,"menu_order":0,"comment_status":"closed","ping_status":"closed","template":"","meta":[],"_links":{"self":[{"href":"https:\/\/www2.hu-berlin.de\/plantevolbio\/wp-json\/wp\/v2\/pages\/20"}],"collection":[{"href":"https:\/\/www2.hu-berlin.de\/plantevolbio\/wp-json\/wp\/v2\/pages"}],"about":[{"href":"https:\/\/www2.hu-berlin.de\/plantevolbio\/wp-json\/wp\/v2\/types\/page"}],"author":[{"embeddable":true,"href":"https:\/\/www2.hu-berlin.de\/plantevolbio\/wp-json\/wp\/v2\/users\/1"}],"replies":[{"embeddable":true,"href":"https:\/\/www2.hu-berlin.de\/plantevolbio\/wp-json\/wp\/v2\/comments?post=20"}],"version-history":[{"count":11,"href":"https:\/\/www2.hu-berlin.de\/plantevolbio\/wp-json\/wp\/v2\/pages\/20\/revisions"}],"predecessor-version":[{"id":463,"href":"https:\/\/www2.hu-berlin.de\/plantevolbio\/wp-json\/wp\/v2\/pages\/20\/revisions\/463"}],"wp:attachment":[{"href":"https:\/\/www2.hu-berlin.de\/plantevolbio\/wp-json\/wp\/v2\/media?parent=20"}],"curies":[{"name":"wp","href":"https:\/\/api.w.org\/{rel}","templated":true}]}}