{"id":676,"date":"2021-10-06T18:09:58","date_gmt":"2021-10-06T16:09:58","guid":{"rendered":"https:\/\/www2.hu-berlin.de\/schaut-verbund\/wordpress\/?page_id=676"},"modified":"2024-07-03T13:17:13","modified_gmt":"2024-07-03T11:17:13","slug":"home","status":"publish","type":"page","link":"https:\/\/www2.hu-berlin.de\/schaut-verbund\/wordpress\/","title":{"rendered":"Home"},"content":{"rendered":"\n<style type=\"text\/css\" id=\"style-css-av-17rybg-0df72e8c767ef2f8aa4dc28401a9cf77\">\n#top .flex_column.av-17rybg-0df72e8c767ef2f8aa4dc28401a9cf77{\nborder-radius:0px;\n-webkit-border-radius:0px;\n-moz-border-radius:0px;\npadding:0px;\n}\n<\/style>\n<div class='flex_column av-17rybg-0df72e8c767ef2f8aa4dc28401a9cf77 av_one_fifth  avia-builder-el-0  el_before_av_three_fifth  avia-builder-el-first  first flex_column_div av-zero-column-padding '   ><\/div>\n\n<style type=\"text\/css\" id=\"style-css-av-128tc4-60a8b036b36fb6c46353e265135a6791\">\n#top .flex_column.av-128tc4-60a8b036b36fb6c46353e265135a6791{\nborder-radius:0px;\n-webkit-border-radius:0px;\n-moz-border-radius:0px;\npadding:0px;\n}\n<\/style>\n<div class='flex_column av-128tc4-60a8b036b36fb6c46353e265135a6791 av_three_fifth  avia-builder-el-1  el_after_av_one_fifth  el_before_av_one_fifth  flex_column_div av-zero-column-padding '   ><style type=\"text\/css\" id=\"style-css-av-kufpyq0q-da0762945fa89f3e4876c78565e32339\">\n.avia-image-container.av-kufpyq0q-da0762945fa89f3e4876c78565e32339 .av-image-caption-overlay-center{\ncolor:#ffffff;\n}\n<\/style>\n<div  class='avia-image-container av-kufpyq0q-da0762945fa89f3e4876c78565e32339 av-styling- avia-align-center  avia-builder-el-2  avia-builder-el-no-sibling  '  itemprop=\"image\" itemscope=\"itemscope\" itemtype=\"https:\/\/schema.org\/ImageObject\" ><div class=\"avia-image-container-inner\"><div class=\"avia-image-overlay-wrap\"><img decoding=\"async\" class='wp-image-246 avia-img-lazy-loading-not-246 avia_image' src=\"https:\/\/www2.hu-berlin.de\/schaut-verbund\/wordpress\/wp-content\/uploads\/2021\/07\/schaut-Logo-1030x434.jpg\" alt='Logo schAUT in farbig' title='schaut Logo'  height=\"434\" width=\"1030\"  itemprop=\"thumbnailUrl\" srcset=\"https:\/\/www2.hu-berlin.de\/schaut-verbund\/wordpress\/wp-content\/uploads\/2021\/07\/schaut-Logo-1030x434.jpg 1030w, https:\/\/www2.hu-berlin.de\/schaut-verbund\/wordpress\/wp-content\/uploads\/2021\/07\/schaut-Logo-300x126.jpg 300w, https:\/\/www2.hu-berlin.de\/schaut-verbund\/wordpress\/wp-content\/uploads\/2021\/07\/schaut-Logo-768x324.jpg 768w, https:\/\/www2.hu-berlin.de\/schaut-verbund\/wordpress\/wp-content\/uploads\/2021\/07\/schaut-Logo-1536x648.jpg 1536w, https:\/\/www2.hu-berlin.de\/schaut-verbund\/wordpress\/wp-content\/uploads\/2021\/07\/schaut-Logo-1500x632.jpg 1500w, https:\/\/www2.hu-berlin.de\/schaut-verbund\/wordpress\/wp-content\/uploads\/2021\/07\/schaut-Logo-705x297.jpg 705w, https:\/\/www2.hu-berlin.de\/schaut-verbund\/wordpress\/wp-content\/uploads\/2021\/07\/schaut-Logo.jpg 1888w\" sizes=\"(max-width: 1030px) 100vw, 1030px\" \/><\/div><\/div><\/div><\/div>\n\n<style type=\"text\/css\" id=\"style-css-av-w8un8-44ee2a42fef17b751067a9ef48d92b06\">\n#top .flex_column.av-w8un8-44ee2a42fef17b751067a9ef48d92b06{\nborder-radius:0px;\n-webkit-border-radius:0px;\n-moz-border-radius:0px;\npadding:0px;\n}\n<\/style>\n<div class='flex_column av-w8un8-44ee2a42fef17b751067a9ef48d92b06 av_one_fifth  avia-builder-el-3  el_after_av_three_fifth  el_before_av_section  avia-builder-el-last  flex_column_div av-zero-column-padding '   ><\/div>\n<\/div><\/div><\/div><!-- close content main div --><\/div><\/div>\n<style type=\"text\/css\" id=\"style-css-av-nqado-959fae10e6618c60856e9df9d8ad3a89\">\n.avia-section.av-nqado-959fae10e6618c60856e9df9d8ad3a89{\nbackground-color:#009ee8;\n}\n<\/style>\n<div id='av_section_1'  class='avia-section av-nqado-959fae10e6618c60856e9df9d8ad3a89 main_color avia-section-default avia-no-border-styling  avia-builder-el-4  el_after_av_one_fifth  el_before_av_one_third  avia-bg-style-scroll  container_wrap fullsize'  ><div class='container av-section-cont-open' ><div class='template-page content  av-content-full alpha units'><div class='post-entry post-entry-type-page post-entry-676'><div class='entry-content-wrapper clearfix'><\/div><\/div><\/div><!-- close content main div --><\/div><\/div><div id='after_section_1'  class='main_color av_default_container_wrap container_wrap fullsize'  ><div class='container av-section-cont-open' ><div class='template-page content  av-content-full alpha units'><div class='post-entry post-entry-type-page post-entry-676'><div class='entry-content-wrapper clearfix'>\n\n<style type=\"text\/css\" id=\"style-css-av-lwotpa69-ff68ab2ad280cbedc966307c6297ab4f\">\n#top .flex_column.av-lwotpa69-ff68ab2ad280cbedc966307c6297ab4f{\nborder-radius:0px;\n-webkit-border-radius:0px;\n-moz-border-radius:0px;\npadding:30px;\nbackground-color:#009ee8;\n}\n<\/style>\n<div class='flex_column av-lwotpa69-ff68ab2ad280cbedc966307c6297ab4f av_one_third  avia-builder-el-5  el_after_av_section  el_before_av_one_third  avia-builder-el-first  first flex_column_div '   ><section class=\"av_textblock_section \"  itemscope=\"itemscope\" itemtype=\"https:\/\/schema.org\/CreativeWork\" ><div class='avia_textblock  '   itemprop=\"text\" ><h2 style=\"text-align: center;\"><span style=\"color: white;\">Herzlich Willkommen!<\/span><\/h2>\n<p><span style=\"color: white;\">schAUT ist ein Verbund-Projekt, das Barrieren f\u00fcr autistische und nicht autistische Sch\u00fcler:innen an Schulen erforscht hat. Die Ergebnisse erleichtern es Lehrenden und Lernenden, diese Barrieren im Schulalltag zu erkennen und\u00a0 zu reduzieren.<\/span> <span style=\"color: white;\">Unsere Homepage gibt Informationen \u00fcber Ablauf und Ergebnisse des Projekts und erm\u00f6glicht Zugriff auf die Anwendungsunterlagen.<\/span> <span style=\"color: white;\">schAUT wurde von 2021 bis 2024 vom Bundesministerium f\u00fcr Bildung und Forschung gef\u00f6rdert.<\/span><\/p>\n<p style=\"text-align: center;\"><span style=\"color: white;\">Viel Spa\u00df beim Lesen!<\/span><\/p>\n<\/div><\/section><\/div>\n\n<style type=\"text\/css\" id=\"style-css-av-mpj2s-5638a818568de4ca4d937ed6f6788e9b\">\n#top .flex_column.av-mpj2s-5638a818568de4ca4d937ed6f6788e9b{\nborder-radius:0px;\n-webkit-border-radius:0px;\n-moz-border-radius:0px;\npadding:0px;\n}\n<\/style>\n<div class='flex_column av-mpj2s-5638a818568de4ca4d937ed6f6788e9b av_one_third  avia-builder-el-7  el_after_av_one_third  el_before_av_one_third  flex_column_div av-zero-column-padding '   ><section class=\"av_textblock_section \"  itemscope=\"itemscope\" itemtype=\"https:\/\/schema.org\/CreativeWork\" ><div class='avia_textblock  '   itemprop=\"text\" ><p><strong>Fortbildung und Materialien aus dem schAUT-Projekt &#8211; nicht nur f\u00fcr Schulen interessant!<br \/>\n<\/strong><\/p>\n<p><strong>\u00a0<\/strong><\/p>\n<p>Im Projekt sind verschiedene, nun frei verf\u00fcgbare (cc-Lizenz) <a href=\"https:\/\/www2.hu-berlin.de\/schaut-verbund\/wordpress\/anwendungsmaterial\/\">Materialien <\/a>entstanden:<\/p>\n<ul>\n<li>eine <a href=\"https:\/\/www2.hu-berlin.de\/schaut-verbund\/wordpress\/anwendungsmaterial\/#handreichung\">Handreichung (Buch)<\/a> mit einer theoretischen Einordnung und Hinweisen zur barrieresensiblen Schulgestaltung<\/li>\n<li>ein <a href=\"https:\/\/www2.hu-berlin.de\/schaut-verbund\/wordpress\/anwendungsmaterial\/#schauts\">Selbsteinsch\u00e4tzungsraster<\/a> (schAUT-S) f\u00fcr Schulen f\u00fcr barrieresensible Schulgestaltung<\/li>\n<li>ein <a href=\"https:\/\/www2.hu-berlin.de\/schaut-verbund\/wordpress\/anwendungsmaterial\/#fragebogen\">Sch\u00fcler:innenfragebogen<\/a> f\u00fcr das subjektive Erleben von Barrieren<\/li>\n<li>digitale <a href=\"https:\/\/hu.berlin\/schaut\">Fortbildungsmodule<\/a> zur selbst\u00e4ndigen oder auch durch Fortbildner begleiteten Nutzung zur Schulentwicklung. Die Module enthalten au\u00dfer den Anwendungsmaterialien kurze Lernvideos zur theoretischen Einf\u00fchrung in die Themen Neurodiversit\u00e4t, Schulentwicklung und Autismus sowie Tutorials f\u00fcr die Arbeit mit dem schAUT-Barrierenbogen, der Handreichung und schAUT-S.<\/li>\n<\/ul>\n<\/div><\/section><\/div>\n<style type=\"text\/css\" id=\"style-css-av-ha5wc-24029ba84ec94a89be16a734a5860bd0\">\n#top .flex_column.av-ha5wc-24029ba84ec94a89be16a734a5860bd0{\nborder-radius:0px;\n-webkit-border-radius:0px;\n-moz-border-radius:0px;\npadding:0px;\n}\n<\/style>\n<div class='flex_column av-ha5wc-24029ba84ec94a89be16a734a5860bd0 av_one_third  avia-builder-el-9  el_after_av_one_third  el_before_av_one_fourth  flex_column_div av-zero-column-padding '   ><section class=\"av_textblock_section \"  itemscope=\"itemscope\" itemtype=\"https:\/\/schema.org\/CreativeWork\" ><div class='avia_textblock  '   itemprop=\"text\" ><p><strong>Impressionen und Beitr\u00e4ge aus der<\/strong> <strong>schAUT-Abschlusstagung &#8222;Inklusive Schule und Autismus&#8220;<\/strong><\/p>\n<p><br class=\"avia-permanent-lb\" \/><a href=\"https:\/\/www2.hu-berlin.de\/schaut-verbund\/wordpress\/abschlusstagung\">Videos, Pr\u00e4sentationen und Posterbeitr\u00e4ge<\/a><\/p>\n<p><br class=\"avia-permanent-lb\" \/>Vielen Dank f\u00fcr Ihr Interesse!<\/p>\n<p>Das schAUT-Team<\/p>\n<\/div><\/section><\/div><\/p>\n\n<style type=\"text\/css\" id=\"style-css-av-gftb0-2f67ce0a261ec6e1b47d5c48060b88cc\">\n#top .flex_column.av-gftb0-2f67ce0a261ec6e1b47d5c48060b88cc{\nborder-radius:0px;\n-webkit-border-radius:0px;\n-moz-border-radius:0px;\npadding:0px;\n}\n<\/style>\n<div class='flex_column av-gftb0-2f67ce0a261ec6e1b47d5c48060b88cc av_one_fourth  avia-builder-el-11  el_after_av_one_third  el_before_av_one_half  first flex_column_div av-zero-column-padding column-top-margin'   ><\/div>\n\n<style type=\"text\/css\" id=\"style-css-av-kui9whlv-fc8a61a53023c9f4c7526ca071284d4e\">\n#top .flex_column.av-kui9whlv-fc8a61a53023c9f4c7526ca071284d4e{\nborder-width:1px;\nborder-color:#009ee8;\nborder-style:solid;\nborder-radius:15px;\n-webkit-border-radius:15px;\n-moz-border-radius:15px;\npadding:15px 0px 10px 0px;\nbackground-color:#009ee8;\n}\n<\/style>\n<div class='flex_column av-kui9whlv-fc8a61a53023c9f4c7526ca071284d4e av_one_half  avia-builder-el-12  el_after_av_one_fourth  el_before_av_one_fourth  flex_column_div avia-link-column av-column-link column-top-margin'  data-link-column-url=\"https:\/\/www2.hu-berlin.de\/schaut-verbund\/wordpress\/allgemein\/\"   ><a class=\"av-screen-reader-only\" href=https:\/\/www2.hu-berlin.de\/schaut-verbund\/wordpress\/allgemein\/ >Link zu: schAUT &#8211; das Projekt<\/a><section class=\"av_textblock_section \"  itemscope=\"itemscope\" itemtype=\"https:\/\/schema.org\/CreativeWork\" ><div class='avia_textblock  '   itemprop=\"text\" ><h3 style=\"text-align: center;\"><a href=\"https:\/\/www2.hu-berlin.de\/schaut-verbund\/wordpress\/allgemein\/\"><span style=\"color: white;\">Mehr erfahren<\/span><\/a><\/h3>\n<\/div><\/section><\/div>\n\n<style type=\"text\/css\" id=\"style-css-av-98n24-043162de316717a3336f8d0c56846ad0\">\n#top .flex_column.av-98n24-043162de316717a3336f8d0c56846ad0{\nborder-radius:0px;\n-webkit-border-radius:0px;\n-moz-border-radius:0px;\npadding:0px;\n}\n<\/style>\n<div class='flex_column av-98n24-043162de316717a3336f8d0c56846ad0 av_one_fourth  avia-builder-el-14  el_after_av_one_half  el_before_av_one_fourth  flex_column_div av-zero-column-padding column-top-margin'   ><\/div>\n\n<style type=\"text\/css\" id=\"style-css-av-7vjb8-25bea3b12ce55eabbd1e59ee172fa1e8\">\n#top .flex_column.av-7vjb8-25bea3b12ce55eabbd1e59ee172fa1e8{\nborder-radius:0px;\n-webkit-border-radius:0px;\n-moz-border-radius:0px;\npadding:0px;\n}\n<\/style>\n<div class='flex_column av-7vjb8-25bea3b12ce55eabbd1e59ee172fa1e8 av_one_fourth  avia-builder-el-15  el_after_av_one_fourth  el_before_av_one_half  first flex_column_div av-zero-column-padding column-top-margin'   ><\/div>\n\n<style type=\"text\/css\" id=\"style-css-av-16c4ks-bdfbcd235f11c2af4c330deddd6e9aa7\">\n#top .flex_column.av-16c4ks-bdfbcd235f11c2af4c330deddd6e9aa7{\nborder-radius:0px;\n-webkit-border-radius:0px;\n-moz-border-radius:0px;\npadding:0px;\n}\n<\/style>\n<div class='flex_column av-16c4ks-bdfbcd235f11c2af4c330deddd6e9aa7 av_one_half  avia-builder-el-16  el_after_av_one_fourth  el_before_av_one_fourth  flex_column_div av-zero-column-padding column-top-margin'   ><div   data-autoplay='false'  data-interval='5'  data-animation='slide'  class='avia-logo-element-container av-border-deactivate avia-logo-grid avia-content-slider avia-smallarrow-slider avia-content-grid-active noHover avia-content-slider1 avia-content-slider-even  avia-builder-el-17  avia-builder-el-no-sibling  ' ><div class='avia-smallarrow-slider-heading '><div class='new-special-heading'><h3 class=''>Verbundpartner:<\/h3><\/div><\/div><div class='avia-content-slider-inner'><div class='slide-entry-wrap' ><div  class='slide-entry flex_column no_margin post-entry slide-entry-overview slide-loop-1 slide-parity-odd  av_one_fourth first real-thumbnail'><a href=\"https:\/\/www.white-unicorn.org\/\" data-rel='slide-1' class='slide-image' title='' target=\"_blank\" rel=\"noopener noreferrer\"><img loading=\"lazy\" decoding=\"async\" width=\"300\" height=\"294\" src=\"https:\/\/www2.hu-berlin.de\/schaut-verbund\/wordpress\/wp-content\/uploads\/2021\/07\/Partnerlogo_White-Unicorn-300x294.jpg\" class=\"wp-image-313 avia-img-lazy-loading-313 attachment-medium size-medium\" alt=\"Logo vom White Unicorn e. V.\" srcset=\"https:\/\/www2.hu-berlin.de\/schaut-verbund\/wordpress\/wp-content\/uploads\/2021\/07\/Partnerlogo_White-Unicorn-300x294.jpg 300w, https:\/\/www2.hu-berlin.de\/schaut-verbund\/wordpress\/wp-content\/uploads\/2021\/07\/Partnerlogo_White-Unicorn-36x36.jpg 36w, https:\/\/www2.hu-berlin.de\/schaut-verbund\/wordpress\/wp-content\/uploads\/2021\/07\/Partnerlogo_White-Unicorn.jpg 455w\" sizes=\"auto, (max-width: 300px) 100vw, 300px\" \/><\/a><\/div><div  class='slide-entry flex_column no_margin post-entry slide-entry-overview slide-loop-2 slide-parity-even  av_one_fourth  real-thumbnail'><a href=\"https:\/\/www.hu-berlin.de\" data-rel='slide-1' class='slide-image' title='' target=\"_blank\" rel=\"noopener noreferrer\"><img loading=\"lazy\" decoding=\"async\" width=\"300\" height=\"294\" src=\"https:\/\/www2.hu-berlin.de\/schaut-verbund\/wordpress\/wp-content\/uploads\/2021\/07\/Partnerlogo_Humboldt-Universitaet-300x294.jpg\" class=\"wp-image-312 avia-img-lazy-loading-312 attachment-medium size-medium\" alt=\"Logo der Humboldt-Universit\u00e4t zu Berlin\" srcset=\"https:\/\/www2.hu-berlin.de\/schaut-verbund\/wordpress\/wp-content\/uploads\/2021\/07\/Partnerlogo_Humboldt-Universitaet-300x294.jpg 300w, https:\/\/www2.hu-berlin.de\/schaut-verbund\/wordpress\/wp-content\/uploads\/2021\/07\/Partnerlogo_Humboldt-Universitaet-36x36.jpg 36w, https:\/\/www2.hu-berlin.de\/schaut-verbund\/wordpress\/wp-content\/uploads\/2021\/07\/Partnerlogo_Humboldt-Universitaet.jpg 455w\" sizes=\"auto, (max-width: 300px) 100vw, 300px\" \/><\/a><\/div><div  class='slide-entry flex_column no_margin post-entry slide-entry-overview slide-loop-3 slide-parity-odd  av_one_fourth  real-thumbnail'><a href=\"https:\/\/www.uni-frankfurt.de\/\" data-rel='slide-1' class='slide-image' title='' target=\"_blank\" rel=\"noopener noreferrer\"><img loading=\"lazy\" decoding=\"async\" width=\"300\" height=\"294\" src=\"https:\/\/www2.hu-berlin.de\/schaut-verbund\/wordpress\/wp-content\/uploads\/2021\/07\/Partnerlogo_Goethe-Universitaet-300x294.jpg\" class=\"wp-image-311 avia-img-lazy-loading-311 attachment-medium size-medium\" alt=\"Logo der Goethe Universit\u00e4t Frankfurt am Main\" srcset=\"https:\/\/www2.hu-berlin.de\/schaut-verbund\/wordpress\/wp-content\/uploads\/2021\/07\/Partnerlogo_Goethe-Universitaet-300x294.jpg 300w, https:\/\/www2.hu-berlin.de\/schaut-verbund\/wordpress\/wp-content\/uploads\/2021\/07\/Partnerlogo_Goethe-Universitaet-36x36.jpg 36w, https:\/\/www2.hu-berlin.de\/schaut-verbund\/wordpress\/wp-content\/uploads\/2021\/07\/Partnerlogo_Goethe-Universitaet.jpg 455w\" sizes=\"auto, (max-width: 300px) 100vw, 300px\" \/><\/a><\/div><div  class='slide-entry flex_column no_margin post-entry slide-entry-overview slide-loop-4 slide-parity-even  post-entry-last  av_one_fourth  real-thumbnail'><a href=\"https:\/\/www.bmbf.de\/\" data-rel='slide-1' class='slide-image' title='' target=\"_blank\" rel=\"noopener noreferrer\"><img loading=\"lazy\" decoding=\"async\" width=\"300\" height=\"294\" src=\"https:\/\/www2.hu-berlin.de\/schaut-verbund\/wordpress\/wp-content\/uploads\/2021\/08\/Foerderlogo_BMBF-300x294.jpg\" class=\"wp-image-423 avia-img-lazy-loading-423 attachment-medium size-medium\" alt=\"Logo des Bundesministeriums f\u00fcr Bildung und Forschung\" srcset=\"https:\/\/www2.hu-berlin.de\/schaut-verbund\/wordpress\/wp-content\/uploads\/2021\/08\/Foerderlogo_BMBF-300x294.jpg 300w, https:\/\/www2.hu-berlin.de\/schaut-verbund\/wordpress\/wp-content\/uploads\/2021\/08\/Foerderlogo_BMBF-36x36.jpg 36w, https:\/\/www2.hu-berlin.de\/schaut-verbund\/wordpress\/wp-content\/uploads\/2021\/08\/Foerderlogo_BMBF.jpg 455w\" sizes=\"auto, (max-width: 300px) 100vw, 300px\" \/><\/a><\/div><\/div><\/div><\/div><\/div>\n\n<style type=\"text\/css\" id=\"style-css-av-6zq90-1714450279de3fae9d5e7aae0bd0b8c9\">\n#top .flex_column.av-6zq90-1714450279de3fae9d5e7aae0bd0b8c9{\nborder-radius:0px;\n-webkit-border-radius:0px;\n-moz-border-radius:0px;\npadding:0px;\n}\n<\/style>\n<div class='flex_column av-6zq90-1714450279de3fae9d5e7aae0bd0b8c9 av_one_fourth  avia-builder-el-18  el_after_av_one_half  el_before_av_one_third  flex_column_div av-zero-column-padding column-top-margin'   ><\/div>\n\n<style type=\"text\/css\" id=\"style-css-av-bm4zo-918d449c6fc9496117c71caa048eac25\">\n#top .flex_column.av-bm4zo-918d449c6fc9496117c71caa048eac25{\nborder-radius:0px;\n-webkit-border-radius:0px;\n-moz-border-radius:0px;\npadding:0px;\n}\n<\/style>\n<div class='flex_column av-bm4zo-918d449c6fc9496117c71caa048eac25 av_one_third  avia-builder-el-19  el_after_av_one_fourth  avia-builder-el-last  first flex_column_div av-zero-column-padding column-top-margin'   ><\/div>\n","protected":false},"excerpt":{"rendered":"","protected":false},"author":1,"featured_media":0,"parent":0,"menu_order":0,"comment_status":"closed","ping_status":"closed","template":"","meta":{"footnotes":""},"class_list":["post-676","page","type-page","status-publish","hentry"],"_links":{"self":[{"href":"https:\/\/www2.hu-berlin.de\/schaut-verbund\/wordpress\/wp-json\/wp\/v2\/pages\/676","targetHints":{"allow":["GET"]}}],"collection":[{"href":"https:\/\/www2.hu-berlin.de\/schaut-verbund\/wordpress\/wp-json\/wp\/v2\/pages"}],"about":[{"href":"https:\/\/www2.hu-berlin.de\/schaut-verbund\/wordpress\/wp-json\/wp\/v2\/types\/page"}],"author":[{"embeddable":true,"href":"https:\/\/www2.hu-berlin.de\/schaut-verbund\/wordpress\/wp-json\/wp\/v2\/users\/1"}],"replies":[{"embeddable":true,"href":"https:\/\/www2.hu-berlin.de\/schaut-verbund\/wordpress\/wp-json\/wp\/v2\/comments?post=676"}],"version-history":[{"count":83,"href":"https:\/\/www2.hu-berlin.de\/schaut-verbund\/wordpress\/wp-json\/wp\/v2\/pages\/676\/revisions"}],"predecessor-version":[{"id":1540,"href":"https:\/\/www2.hu-berlin.de\/schaut-verbund\/wordpress\/wp-json\/wp\/v2\/pages\/676\/revisions\/1540"}],"wp:attachment":[{"href":"https:\/\/www2.hu-berlin.de\/schaut-verbund\/wordpress\/wp-json\/wp\/v2\/media?parent=676"}],"curies":[{"name":"wp","href":"https:\/\/api.w.org\/{rel}","templated":true}]}}