
{"id":180,"date":"2022-01-05T22:39:54","date_gmt":"2022-01-05T22:39:54","guid":{"rendered":"https:\/\/www2.hu-berlin.de\/stadtlabor\/?page_id=180"},"modified":"2022-06-14T14:18:11","modified_gmt":"2022-06-14T14:18:11","slug":"contact","status":"publish","type":"page","link":"https:\/\/www2.hu-berlin.de\/stadtlabor\/contact\/","title":{"rendered":"Impressum"},"content":{"rendered":"\n<p><strong>Urban Anthropology \/ Stadtlabor for Multimodal Anthropology<\/strong><\/p>\n\n\n\n<p>Institut f\u00fcr Europ\u00e4ische Ethnologie<\/p>\n\n\n\n<p>Humboldt-Universit\u00e4t zu Berlin<\/p>\n\n\n\n<p>Site: Anton-Wilhelm-Amo Str. 40\/41 10117 Berlin<\/p>\n\n\n\n<p>Postal address: Unter den Linden 6 10099 Berlin<\/p>\n","protected":false},"excerpt":{"rendered":"<p>Urban Anthropology \/ Stadtlabor for Multimodal Anthropology Institut f\u00fcr Europ\u00e4ische Ethnologie Humboldt-Universit\u00e4t zu Berlin Site: Anton-Wilhelm-Amo Str. 40\/41 10117 Berlin Postal address: Unter den Linden 6 10099 Berlin<\/p>\n","protected":false},"author":2,"featured_media":0,"parent":0,"menu_order":0,"comment_status":"closed","ping_status":"closed","template":"","meta":{"footnotes":""},"class_list":["post-180","page","type-page","status-publish","hentry"],"_links":{"self":[{"href":"https:\/\/www2.hu-berlin.de\/stadtlabor\/wp-json\/wp\/v2\/pages\/180","targetHints":{"allow":["GET"]}}],"collection":[{"href":"https:\/\/www2.hu-berlin.de\/stadtlabor\/wp-json\/wp\/v2\/pages"}],"about":[{"href":"https:\/\/www2.hu-berlin.de\/stadtlabor\/wp-json\/wp\/v2\/types\/page"}],"author":[{"embeddable":true,"href":"https:\/\/www2.hu-berlin.de\/stadtlabor\/wp-json\/wp\/v2\/users\/2"}],"replies":[{"embeddable":true,"href":"https:\/\/www2.hu-berlin.de\/stadtlabor\/wp-json\/wp\/v2\/comments?post=180"}],"version-history":[{"count":3,"href":"https:\/\/www2.hu-berlin.de\/stadtlabor\/wp-json\/wp\/v2\/pages\/180\/revisions"}],"predecessor-version":[{"id":1068,"href":"https:\/\/www2.hu-berlin.de\/stadtlabor\/wp-json\/wp\/v2\/pages\/180\/revisions\/1068"}],"wp:attachment":[{"href":"https:\/\/www2.hu-berlin.de\/stadtlabor\/wp-json\/wp\/v2\/media?parent=180"}],"curies":[{"name":"wp","href":"https:\/\/api.w.org\/{rel}","templated":true}]}}