{"id":1254,"date":"2017-06-13T18:21:24","date_gmt":"2017-06-13T16:21:24","guid":{"rendered":"https:\/\/ethnoserver.hu-berlin.de\/ethnoblog\/sts\/?page_id=1254"},"modified":"2021-10-14T09:19:12","modified_gmt":"2021-10-14T07:19:12","slug":"seitz","status":"publish","type":"page","link":"https:\/\/www2.hu-berlin.de\/sts\/people\/associated\/seitz\/","title":{"rendered":"Tim Seitz"},"content":{"rendered":"<div style=\"float: left; clear: left;\">\n<p><img loading=\"lazy\" decoding=\"async\" class=\"alignleft\" src=\"https:\/\/www2.hu-berlin.de\/sts\/wp-content\/uploads\/2020\/01\/seitz.jpg\" alt=\"Tim Seitz\" width=\"170\" height=\"170\">I am a doctoral student at Technical University Berlin.<\/p>\n<p>My research interests lie in science and technology studies, the ethnography of epistemic practices, and the implications of this approach for sociological theory.<\/p>\n<p>I work on a PhD project on the epistemic practices of behavioural governance. I am currently doing fieldwork in Copenhagen with a group of behavioral insights advisors. My primary focus is on their ways of turning policy challenges into behavioral problems and experimental setups. My secondary focus lies on exploring modes of co-laboration with knowledges that ethnography does not sit comfortably with.<\/p>\n<\/div>\n<p style=\"text-align: left; margin-bottom: 5px;\">Contact: <a href=\"mailto:timseitz@hu-berlin.de\">tim.seitz@tu-berlin.de<\/a><\/p>\n<p style=\"text-align: left;\">Find me also at: <a href=\"https:\/\/www.innovation.tu-berlin.de\/v_menue\/kollegiatinnen\/3_kohorte_042018_032021\/seitz_tim\/parameter\/en\/\">Technical University<\/a><\/p>\n<h1 style=\"padding: 10px 0 0 0;\">Publications<\/h1>\n<div class=\"teachpress_pub_list\"><form name=\"tppublistform\" method=\"get\"><a name=\"tppubs\" id=\"tppubs\"><\/a><\/form><div class=\"teachpress_publication_list\"><h3 class=\"tp_h3\" id=\"tp_h3_2020\">2020<\/h3><div class=\"tp_publication tp_publication_article\"><div class=\"tp_pub_info\"><p class=\"tp_pub_author\">Petra Beck, Patrick Bieler, Milena Bister, Adina Dymczyk, Janine Hauer, Anna Heitger, D\u017eeneta Hod\u017ei\u0107, Ruzana Liburkina, Stefan Reinsch, Tim Seitz, Christine Schmid, Krystin Unverzagt<\/p><p class=\"tp_pub_title\"><a class=\"tp_title_link\" onclick=\"teachpress_pub_showhide('714','tp_links')\" style=\"cursor:pointer;\">Rezension zu: Groth, Stefan; Ritter, Christian (Hrsg.): Zusammen arbeiten. Praktiken der Koordination und Kooperation in kollaborativen Prozessen. Bielefeld  2019<\/a> <span class=\"tp_pub_type tp_  article\">Journal Article<\/span> <\/p><p class=\"tp_pub_additional\"><span class=\"tp_pub_additional_in\">In: <\/span><span class=\"tp_pub_additional_journal\">H-Soz-Kult, <\/span><span class=\"tp_pub_additional_year\">2020<\/span>.<\/p><p class=\"tp_pub_menu\"><span class=\"tp_resource_link\"><a id=\"tp_links_sh_714\" class=\"tp_show\" onclick=\"teachpress_pub_showhide('714','tp_links')\" title=\"Show links and resources\" style=\"cursor:pointer;\">Links<\/a><\/span><\/p><div class=\"tp_bibtex\" id=\"tp_bibtex_714\" style=\"display:none;\"><div class=\"tp_bibtex_entry\"><pre>@article{Beck2020,<br \/>\r\ntitle = {Rezension zu: Groth, Stefan; Ritter, Christian (Hrsg.): Zusammen arbeiten. Praktiken der Koordination und Kooperation in kollaborativen Prozessen. Bielefeld  2019},<br \/>\r\nauthor = {Petra Beck and Patrick Bieler and Milena Bister and Adina Dymczyk and Janine Hauer and Anna Heitger and D\u017eeneta Hod\u017ei\u0107 and Ruzana Liburkina and Stefan Reinsch and Tim Seitz and Christine Schmid and Krystin Unverzagt},<br \/>\r\nurl = {https:\/\/www.hsozkult.de\/publicationreview\/id\/reb-29122},<br \/>\r\nyear  = {2020},<br \/>\r\ndate = {2020-02-25},<br \/>\r\njournal = {H-Soz-Kult},<br \/>\r\nkeywords = {},<br \/>\r\npubstate = {published},<br \/>\r\ntppubtype = {article}<br \/>\r\n}<br \/>\r\n<\/pre><\/div><p class=\"tp_close_menu\"><a class=\"tp_close\" onclick=\"teachpress_pub_showhide('714','tp_bibtex')\">Close<\/a><\/p><\/div><div class=\"tp_links\" id=\"tp_links_714\" style=\"display:none;\"><div class=\"tp_links_entry\"><ul class=\"tp_pub_list\"><li><i class=\"fas fa-globe\"><\/i><a class=\"tp_pub_list\" href=\"https:\/\/www.hsozkult.de\/publicationreview\/id\/reb-29122\" title=\"https:\/\/www.hsozkult.de\/publicationreview\/id\/reb-29122\" target=\"_blank\">https:\/\/www.hsozkult.de\/publicationreview\/id\/reb-29122<\/a><\/li><\/ul><\/div><p class=\"tp_close_menu\"><a class=\"tp_close\" onclick=\"teachpress_pub_showhide('714','tp_links')\">Close<\/a><\/p><\/div><\/div><\/div><div class=\"tp_publication tp_publication_book\"><div class=\"tp_pub_info\"><p class=\"tp_pub_author\">Tim Seitz<\/p><p class=\"tp_pub_title\">Design Thinking and the New Spirit of Capitalism. Sociological Reflections on Innovation Culture <span class=\"tp_pub_type tp_  book\">Book<\/span> <\/p><p class=\"tp_pub_additional\"><span class=\"tp_pub_additional_publisher\">Palgrave Pivot, London et al., <\/span><span class=\"tp_pub_additional_year\">2020<\/span>.<\/p><p class=\"tp_pub_menu\"><\/p><div class=\"tp_bibtex\" id=\"tp_bibtex_668\" style=\"display:none;\"><div class=\"tp_bibtex_entry\"><pre>@book{Seitz2020,<br \/>\r\ntitle = {Design Thinking and the New Spirit of Capitalism. Sociological Reflections on Innovation Culture},<br \/>\r\nauthor = {Tim Seitz},<br \/>\r\nyear  = {2020},<br \/>\r\ndate = {2020-01-02},<br \/>\r\npublisher = {Palgrave Pivot, London et al.},<br \/>\r\nkeywords = {},<br \/>\r\npubstate = {published},<br \/>\r\ntppubtype = {book}<br \/>\r\n}<br \/>\r\n<\/pre><\/div><p class=\"tp_close_menu\"><a class=\"tp_close\" onclick=\"teachpress_pub_showhide('668','tp_bibtex')\">Close<\/a><\/p><\/div><\/div><\/div><h3 class=\"tp_h3\" id=\"tp_h3_2019\">2019<\/h3><div class=\"tp_publication tp_publication_collection\"><div class=\"tp_pub_info\"><p class=\"tp_pub_author\">J\u00f6rg Niew\u00f6hner, Patrick Bieler, Milena Bister, Janine Hauer, Maren Heibges, Jonna Josties, Martina Klausner, Anja Klein, Ruzana Liburkina, Julie Sascia Mewes, Christine Schmid, Tim Seitz (Ed.)<\/p><p class=\"tp_pub_title\">After Practice. Thinking through Matter(s) and Meaning Relationally. Volume I <span class=\"tp_pub_type tp_  collection\">Collection<\/span> <\/p><p class=\"tp_pub_additional\"><span class=\"tp_pub_additional_publisher\">Panama Verlag, Berlin, <\/span><span class=\"tp_pub_additional_year\">2019<\/span>.<\/p><p class=\"tp_pub_menu\"><\/p><div class=\"tp_bibtex\" id=\"tp_bibtex_665\" style=\"display:none;\"><div class=\"tp_bibtex_entry\"><pre>@collection{Niew\u00f6hner2019,<br \/>\r\ntitle = {After Practice. Thinking through Matter(s) and Meaning Relationally. Volume I},<br \/>\r\neditor = {J\u00f6rg Niew\u00f6hner and Patrick Bieler and Milena Bister and Janine Hauer and Maren Heibges and Jonna Josties and Martina Klausner and Anja Klein and Ruzana Liburkina and Julie Sascia Mewes and Christine Schmid and Tim Seitz},<br \/>\r\nyear  = {2019},<br \/>\r\ndate = {2019-05-01},<br \/>\r\npublisher = {Panama Verlag, Berlin},<br \/>\r\nkeywords = {},<br \/>\r\npubstate = {published},<br \/>\r\ntppubtype = {collection}<br \/>\r\n}<br \/>\r\n<\/pre><\/div><p class=\"tp_close_menu\"><a class=\"tp_close\" onclick=\"teachpress_pub_showhide('665','tp_bibtex')\">Close<\/a><\/p><\/div><\/div><\/div><div class=\"tp_publication tp_publication_collection\"><div class=\"tp_pub_info\"><p class=\"tp_pub_author\">J\u00f6rg Niew\u00f6hner, Patrick Bieler, Milena Bister, Janine Hauer, Maren Heibges, Jonna Josties, Martina Klausner, Anja Klein, Ruzana Liburkina, Julie Sascia Mewes, Christine Schmid, Tim Seitz (Ed.)<\/p><p class=\"tp_pub_title\">After Practice. Thinking through Matter(s) and Meaning Relationally. Volume II <span class=\"tp_pub_type tp_  collection\">Collection<\/span> <\/p><p class=\"tp_pub_additional\"><span class=\"tp_pub_additional_publisher\">Panama Verlag, Berlin, <\/span><span class=\"tp_pub_additional_year\">2019<\/span>.<\/p><p class=\"tp_pub_menu\"><\/p><div class=\"tp_bibtex\" id=\"tp_bibtex_666\" style=\"display:none;\"><div class=\"tp_bibtex_entry\"><pre>@collection{Niew\u00f6hner2019b,<br \/>\r\ntitle = {After Practice. Thinking through Matter(s) and Meaning Relationally. Volume II},<br \/>\r\neditor = {J\u00f6rg Niew\u00f6hner and Patrick Bieler and Milena Bister and Janine Hauer and Maren Heibges and Jonna Josties and Martina Klausner and Anja Klein and Ruzana Liburkina and Julie Sascia Mewes and Christine Schmid and Tim Seitz},<br \/>\r\nyear  = {2019},<br \/>\r\ndate = {2019-05-01},<br \/>\r\npublisher = {Panama Verlag, Berlin},<br \/>\r\nkeywords = {},<br \/>\r\npubstate = {published},<br \/>\r\ntppubtype = {collection}<br \/>\r\n}<br \/>\r\n<\/pre><\/div><p class=\"tp_close_menu\"><a class=\"tp_close\" onclick=\"teachpress_pub_showhide('666','tp_bibtex')\">Close<\/a><\/p><\/div><\/div><\/div><div class=\"tp_publication tp_publication_article\"><div class=\"tp_pub_info\"><p class=\"tp_pub_author\">Sabine Biedermann, Patrick Bieler, Milena Bister, Sascha Cornejo Puschner, Adina Dymczyk, Dennis Eckhardt, Janine Hauer, Maren Heibges, D\u017eeneta Hod\u017ei\u0107, Jonna Josties, Martina Klausner, Anja Klein, C\u00e9line Lauer, Ruzana Liburkina, J\u00f6rg Niew\u00f6hner, Stefan Reinsch, Christine Schmid, Tim Seitz, Itzell Torres, Krystin Unverzagt, Jorge E. Vega-Marrot<\/p><p class=\"tp_pub_title\"><a class=\"tp_title_link\" onclick=\"teachpress_pub_showhide('670','tp_links')\" style=\"cursor:pointer;\">Current work in the Laboratory: Anthropology of Environment | Human Relations: Doing research in a more-than-thought collective<\/a> <span class=\"tp_pub_type tp_  article\">Journal Article<\/span> <\/p><p class=\"tp_pub_additional\"><span class=\"tp_pub_additional_in\">In: <\/span><span class=\"tp_pub_additional_journal\">EASST Review, <\/span><span class=\"tp_pub_additional_volume\">vol. 38, <\/span><span class=\"tp_pub_additional_number\">no. 2, <\/span><span class=\"tp_pub_additional_year\">2019<\/span>.<\/p><p class=\"tp_pub_menu\"><span class=\"tp_resource_link\"><a id=\"tp_links_sh_670\" class=\"tp_show\" onclick=\"teachpress_pub_showhide('670','tp_links')\" title=\"Show links and resources\" style=\"cursor:pointer;\">Links<\/a><\/span><\/p><div class=\"tp_bibtex\" id=\"tp_bibtex_670\" style=\"display:none;\"><div class=\"tp_bibtex_entry\"><pre>@article{Biedermann2019b,<br \/>\r\ntitle = {Current work in the Laboratory: Anthropology of Environment | Human Relations: Doing research in a more-than-thought collective},<br \/>\r\nauthor = {Sabine Biedermann and Patrick Bieler and Milena Bister and Sascha Cornejo Puschner and Adina Dymczyk and Dennis Eckhardt and Janine Hauer and Maren Heibges and D\u017eeneta Hod\u017ei\u0107 and Jonna Josties and Martina Klausner and Anja Klein and C\u00e9line Lauer and Ruzana Liburkina and J\u00f6rg Niew\u00f6hner and Stefan Reinsch and Christine Schmid and Tim Seitz and Itzell Torres and Krystin Unverzagt and Jorge E. Vega-Marrot},<br \/>\r\nurl = {https:\/\/easst.net\/article\/current-work-in-the-laboratory-anthropology-of-environment-human-relations-doing-research-in-a-more-than-thought-collective\/},<br \/>\r\nyear  = {2019},<br \/>\r\ndate = {2019-05-01},<br \/>\r\njournal = {EASST Review},<br \/>\r\nvolume = {38},<br \/>\r\nnumber = {2},<br \/>\r\nkeywords = {},<br \/>\r\npubstate = {published},<br \/>\r\ntppubtype = {article}<br \/>\r\n}<br \/>\r\n<\/pre><\/div><p class=\"tp_close_menu\"><a class=\"tp_close\" onclick=\"teachpress_pub_showhide('670','tp_bibtex')\">Close<\/a><\/p><\/div><div class=\"tp_links\" id=\"tp_links_670\" style=\"display:none;\"><div class=\"tp_links_entry\"><ul class=\"tp_pub_list\"><li><i class=\"fas fa-globe\"><\/i><a class=\"tp_pub_list\" href=\"https:\/\/easst.net\/article\/current-work-in-the-laboratory-anthropology-of-environment-human-relations-doing-research-in-a-more-than-thought-collective\/\" title=\"https:\/\/easst.net\/article\/current-work-in-the-laboratory-anthropology-of-environ[...]\" target=\"_blank\">https:\/\/easst.net\/article\/current-work-in-the-laboratory-anthropology-of-environ[...]<\/a><\/li><\/ul><\/div><p class=\"tp_close_menu\"><a class=\"tp_close\" onclick=\"teachpress_pub_showhide('670','tp_links')\">Close<\/a><\/p><\/div><\/div><\/div><div class=\"tp_publication tp_publication_article\"><div class=\"tp_pub_info\"><p class=\"tp_pub_author\">Sabine Biedermann, Patrick Bieler, Milena Bister, Sascha Cornejo Puschner, Adina Dymczyk, Dennis Eckhardt, Janine Hauer, Maren Heibges, D\u017eeneta Hod\u017ei\u0107, Jonna Josties, Martina Klausner, Anja Klein, C\u00e9line Lauer, Ruzana Liburkina, J\u00f6rg Niew\u00f6hner, Stefan Reinsch, Christine Schmid, Tim Seitz, Itzell Torres, Krystin Unverzagt, Jorge E. Vega-Marrot<\/p><p class=\"tp_pub_title\"><a class=\"tp_title_link\" onclick=\"teachpress_pub_showhide('669','tp_links')\" style=\"cursor:pointer;\">From the Collaboratory Social Anthropology &amp; Life Sciences to the Laboratory: Anthropology of Environment | Human Relations<\/a> <span class=\"tp_pub_type tp_  article\">Journal Article<\/span> <\/p><p class=\"tp_pub_additional\"><span class=\"tp_pub_additional_in\">In: <\/span><span class=\"tp_pub_additional_journal\">EASST Review, <\/span><span class=\"tp_pub_additional_volume\">vol. 38, <\/span><span class=\"tp_pub_additional_number\">no. 2, <\/span><span class=\"tp_pub_additional_year\">2019<\/span>.<\/p><p class=\"tp_pub_menu\"><span class=\"tp_resource_link\"><a id=\"tp_links_sh_669\" class=\"tp_show\" onclick=\"teachpress_pub_showhide('669','tp_links')\" title=\"Show links and resources\" style=\"cursor:pointer;\">Links<\/a><\/span><\/p><div class=\"tp_bibtex\" id=\"tp_bibtex_669\" style=\"display:none;\"><div class=\"tp_bibtex_entry\"><pre>@article{Biedermann2019,<br \/>\r\ntitle = {From the Collaboratory Social Anthropology & Life Sciences to the Laboratory: Anthropology of Environment | Human Relations},<br \/>\r\nauthor = {Sabine Biedermann and Patrick Bieler and Milena Bister and Sascha Cornejo Puschner and Adina Dymczyk and Dennis Eckhardt and Janine Hauer and Maren Heibges and D\u017eeneta Hod\u017ei\u0107 and Jonna Josties and Martina Klausner and Anja Klein and C\u00e9line Lauer and Ruzana Liburkina and J\u00f6rg Niew\u00f6hner and Stefan Reinsch and Christine Schmid and Tim Seitz and Itzell Torres and Krystin Unverzagt and Jorge E. Vega-Marrot},<br \/>\r\nurl = {https:\/\/easst.net\/article\/laboratory-anthropology-of-environmenthuman-relations\/},<br \/>\r\nyear  = {2019},<br \/>\r\ndate = {2019-05-01},<br \/>\r\njournal = {EASST Review},<br \/>\r\nvolume = {38},<br \/>\r\nnumber = {2},<br \/>\r\nkeywords = {},<br \/>\r\npubstate = {published},<br \/>\r\ntppubtype = {article}<br \/>\r\n}<br \/>\r\n<\/pre><\/div><p class=\"tp_close_menu\"><a class=\"tp_close\" onclick=\"teachpress_pub_showhide('669','tp_bibtex')\">Close<\/a><\/p><\/div><div class=\"tp_links\" id=\"tp_links_669\" style=\"display:none;\"><div class=\"tp_links_entry\"><ul class=\"tp_pub_list\"><li><i class=\"fas fa-globe\"><\/i><a class=\"tp_pub_list\" href=\"https:\/\/easst.net\/article\/laboratory-anthropology-of-environmenthuman-relations\/\" title=\"https:\/\/easst.net\/article\/laboratory-anthropology-of-environmenthuman-relations\/\" target=\"_blank\">https:\/\/easst.net\/article\/laboratory-anthropology-of-environmenthuman-relations\/<\/a><\/li><\/ul><\/div><p class=\"tp_close_menu\"><a class=\"tp_close\" onclick=\"teachpress_pub_showhide('669','tp_links')\">Close<\/a><\/p><\/div><\/div><\/div><h3 class=\"tp_h3\" id=\"tp_h3_2018\">2018<\/h3><div class=\"tp_publication tp_publication_article\"><div class=\"tp_pub_info\"><p class=\"tp_pub_author\">Patrick Bieler, Jonna Josties, Ruzana Liburkina, Julie Sascia Mewes, Martina Klausner, Anja Klein, J\u00f6rg Niew\u00f6hner, Christine Schmid, Tim Seitz<\/p><p class=\"tp_pub_title\"><a class=\"tp_title_link\" onclick=\"teachpress_pub_showhide('659','tp_links')\" style=\"cursor:pointer;\">Assembling Comparators \u2013 Assembling Reflexivities<\/a> <span class=\"tp_pub_type tp_  article\">Journal Article<\/span> <\/p><p class=\"tp_pub_additional\"><span class=\"tp_pub_additional_in\">In: <\/span><span class=\"tp_pub_additional_journal\">Science as Culture, <\/span><span class=\"tp_pub_additional_volume\">vol. 27, <\/span><span class=\"tp_pub_additional_number\">no. 4, <\/span><span class=\"tp_pub_additional_pages\">pp. 563-568, <\/span><span class=\"tp_pub_additional_year\">2018<\/span>.<\/p><p class=\"tp_pub_menu\"><span class=\"tp_abstract_link\"><a id=\"tp_abstract_sh_659\" class=\"tp_show\" onclick=\"teachpress_pub_showhide('659','tp_abstract')\" title=\"Show abstract\" style=\"cursor:pointer;\">Abstract<\/a><\/span> | <span class=\"tp_resource_link\"><a id=\"tp_links_sh_659\" class=\"tp_show\" onclick=\"teachpress_pub_showhide('659','tp_links')\" title=\"Show links and resources\" style=\"cursor:pointer;\">Links<\/a><\/span><\/p><div class=\"tp_bibtex\" id=\"tp_bibtex_659\" style=\"display:none;\"><div class=\"tp_bibtex_entry\"><pre>@article{Bieler2018,<br \/>\r\ntitle = {Assembling Comparators \u2013 Assembling Reflexivities},<br \/>\r\nauthor = {Patrick Bieler and Jonna Josties and Ruzana Liburkina and Julie Sascia Mewes and Martina Klausner and Anja Klein and J\u00f6rg Niew\u00f6hner and Christine Schmid and Tim Seitz},<br \/>\r\neditor = {J\u00f6rg Niew\u00f6hner},<br \/>\r\ndoi = {10.1080\/09505431.2018.1519533},<br \/>\r\nyear  = {2018},<br \/>\r\ndate = {2018-09-01},<br \/>\r\njournal = {Science as Culture},<br \/>\r\nvolume = {27},<br \/>\r\nnumber = {4},<br \/>\r\npages = {563-568},<br \/>\r\nabstract = {Review Article by the Laboratory: Anthropology of Environment | Human Relations of Practising Comparison: Logics, Relations, Collaborations, by Joe Deville, Michael Guggenheim and Zuzana Hrdlikov\u00e1, 2016, Mattering Press, 321 pp.},<br \/>\r\nkeywords = {},<br \/>\r\npubstate = {published},<br \/>\r\ntppubtype = {article}<br \/>\r\n}<br \/>\r\n<\/pre><\/div><p class=\"tp_close_menu\"><a class=\"tp_close\" onclick=\"teachpress_pub_showhide('659','tp_bibtex')\">Close<\/a><\/p><\/div><div class=\"tp_abstract\" id=\"tp_abstract_659\" style=\"display:none;\"><div class=\"tp_abstract_entry\">Review Article by the Laboratory: Anthropology of Environment | Human Relations of Practising Comparison: Logics, Relations, Collaborations, by Joe Deville, Michael Guggenheim and Zuzana Hrdlikov\u00e1, 2016, Mattering Press, 321 pp.<\/div><p class=\"tp_close_menu\"><a class=\"tp_close\" onclick=\"teachpress_pub_showhide('659','tp_abstract')\">Close<\/a><\/p><\/div><div class=\"tp_links\" id=\"tp_links_659\" style=\"display:none;\"><div class=\"tp_links_entry\"><ul class=\"tp_pub_list\"><li><i class=\"ai ai-doi\"><\/i><a class=\"tp_pub_list\" href=\"https:\/\/dx.doi.org\/10.1080\/09505431.2018.1519533\" title=\"Follow DOI:10.1080\/09505431.2018.1519533\" target=\"_blank\">doi:10.1080\/09505431.2018.1519533<\/a><\/li><\/ul><\/div><p class=\"tp_close_menu\"><a class=\"tp_close\" onclick=\"teachpress_pub_showhide('659','tp_links')\">Close<\/a><\/p><\/div><\/div><\/div><h3 class=\"tp_h3\" id=\"tp_h3_2017\">2017<\/h3><div class=\"tp_publication tp_publication_book\"><div class=\"tp_pub_info\"><p class=\"tp_pub_author\">Tim Seitz<\/p><p class=\"tp_pub_title\"><a class=\"tp_title_link\" onclick=\"teachpress_pub_showhide('2','tp_links')\" style=\"cursor:pointer;\">Design Thinking und der neue Geist des Kapitalismus: Soziologische Betrachtungen einer Innovationskultur<\/a> <span class=\"tp_pub_type tp_  book\">Book<\/span> <\/p><p class=\"tp_pub_additional\"><span class=\"tp_pub_additional_publisher\">Transcript Verlag, <\/span><span class=\"tp_pub_additional_address\">Bielefeld, <\/span><span class=\"tp_pub_additional_year\">2017<\/span>.<\/p><p class=\"tp_pub_menu\"><span class=\"tp_abstract_link\"><a id=\"tp_abstract_sh_2\" class=\"tp_show\" onclick=\"teachpress_pub_showhide('2','tp_abstract')\" title=\"Show abstract\" style=\"cursor:pointer;\">Abstract<\/a><\/span> | <span class=\"tp_resource_link\"><a id=\"tp_links_sh_2\" class=\"tp_show\" onclick=\"teachpress_pub_showhide('2','tp_links')\" title=\"Show links and resources\" style=\"cursor:pointer;\">Links<\/a><\/span><\/p><div class=\"tp_bibtex\" id=\"tp_bibtex_2\" style=\"display:none;\"><div class=\"tp_bibtex_entry\"><pre>@book{Seitz2017,<br \/>\r\ntitle = {Design Thinking und der neue Geist des Kapitalismus: Soziologische Betrachtungen einer Innovationskultur},<br \/>\r\nauthor = {Tim Seitz},<br \/>\r\nurl = {http:\/\/www.transcript-verlag.de\/978-3-8376-3963-6\/design-thinking-und-der-neue-geist-des-kapitalismus<br \/>\r\nhttp:\/\/d-nb.info\/1130159035},<br \/>\r\ndoi = {10.14361\/9783839439630},<br \/>\r\nyear  = {2017},<br \/>\r\ndate = {2017-05-01},<br \/>\r\npublisher = {Transcript Verlag},<br \/>\r\naddress = {Bielefeld},<br \/>\r\nseries = {Kulturen der Gesellschaft},<br \/>\r\nabstract = {\u201eDesign Thinking\u201c gilt als universell anwendbares Probleml\u00f6sungskonzept. Durch ein emphatisches Vorgehen sollen Waren und Dienstleistungen entstehen, die wahre Bed\u00fcrfnisse stillen. Damit ist das Selbstverst\u00e4ndnis verbunden, die Welt zu ver\u00e4ndern. Tim Seitz war als Ethnograph in der Welt einer Berliner Innovationsagentur, wo er mit Wissenspraktiken und Transformationsversprechen gleicherma\u00dfen konfrontiert wurde. Er analysiert das Verh\u00e4ltnis dieser Praktiken und Diskurse und kommt in einer theoretischen Suchbewegung von der Praxistheorie zum Pragmatismus. \u201eDesign Thinking\u201c wird so als Ph\u00e4nomen der Gegenwart und als Kind des neuen Geistes des Kapitalismus verstehbar.},<br \/>\r\nkeywords = {},<br \/>\r\npubstate = {published},<br \/>\r\ntppubtype = {book}<br \/>\r\n}<br \/>\r\n<\/pre><\/div><p class=\"tp_close_menu\"><a class=\"tp_close\" onclick=\"teachpress_pub_showhide('2','tp_bibtex')\">Close<\/a><\/p><\/div><div class=\"tp_abstract\" id=\"tp_abstract_2\" style=\"display:none;\"><div class=\"tp_abstract_entry\">\u201eDesign Thinking\u201c gilt als universell anwendbares Probleml\u00f6sungskonzept. Durch ein emphatisches Vorgehen sollen Waren und Dienstleistungen entstehen, die wahre Bed\u00fcrfnisse stillen. Damit ist das Selbstverst\u00e4ndnis verbunden, die Welt zu ver\u00e4ndern. Tim Seitz war als Ethnograph in der Welt einer Berliner Innovationsagentur, wo er mit Wissenspraktiken und Transformationsversprechen gleicherma\u00dfen konfrontiert wurde. Er analysiert das Verh\u00e4ltnis dieser Praktiken und Diskurse und kommt in einer theoretischen Suchbewegung von der Praxistheorie zum Pragmatismus. \u201eDesign Thinking\u201c wird so als Ph\u00e4nomen der Gegenwart und als Kind des neuen Geistes des Kapitalismus verstehbar.<\/div><p class=\"tp_close_menu\"><a class=\"tp_close\" onclick=\"teachpress_pub_showhide('2','tp_abstract')\">Close<\/a><\/p><\/div><div class=\"tp_links\" id=\"tp_links_2\" style=\"display:none;\"><div class=\"tp_links_entry\"><ul class=\"tp_pub_list\"><li><i class=\"fas fa-globe\"><\/i><a class=\"tp_pub_list\" href=\"http:\/\/www.transcript-verlag.de\/978-3-8376-3963-6\/design-thinking-und-der-neue-geist-des-kapitalismus\" title=\"http:\/\/www.transcript-verlag.de\/978-3-8376-3963-6\/design-thinking-und-der-neue-g[...]\" target=\"_blank\">http:\/\/www.transcript-verlag.de\/978-3-8376-3963-6\/design-thinking-und-der-neue-g[...]<\/a><\/li><li><i class=\"fas fa-globe\"><\/i><a class=\"tp_pub_list\" href=\"http:\/\/d-nb.info\/1130159035\" title=\"http:\/\/d-nb.info\/1130159035\" target=\"_blank\">http:\/\/d-nb.info\/1130159035<\/a><\/li><li><i class=\"ai ai-doi\"><\/i><a class=\"tp_pub_list\" href=\"https:\/\/dx.doi.org\/10.14361\/9783839439630\" title=\"Follow DOI:10.14361\/9783839439630\" target=\"_blank\">doi:10.14361\/9783839439630<\/a><\/li><\/ul><\/div><p class=\"tp_close_menu\"><a class=\"tp_close\" onclick=\"teachpress_pub_showhide('2','tp_links')\">Close<\/a><\/p><\/div><\/div><\/div><\/div><\/div>\n","protected":false},"excerpt":{"rendered":"<p>I am a doctoral student at Technical University Berlin. My research interests lie in science and technology studies, the ethnography of epistemic practices, and the implications of this approach for sociological theory. I work on a PhD project on the epistemic practices of behavioural governance. I am currently doing fieldwork &hellip;<\/p>\n","protected":false},"author":12,"featured_media":0,"parent":1949,"menu_order":96,"comment_status":"closed","ping_status":"closed","template":"","meta":{"footnotes":""},"_links":{"self":[{"href":"https:\/\/www2.hu-berlin.de\/sts\/wp-json\/wp\/v2\/pages\/1254"}],"collection":[{"href":"https:\/\/www2.hu-berlin.de\/sts\/wp-json\/wp\/v2\/pages"}],"about":[{"href":"https:\/\/www2.hu-berlin.de\/sts\/wp-json\/wp\/v2\/types\/page"}],"author":[{"embeddable":true,"href":"https:\/\/www2.hu-berlin.de\/sts\/wp-json\/wp\/v2\/users\/12"}],"replies":[{"embeddable":true,"href":"https:\/\/www2.hu-berlin.de\/sts\/wp-json\/wp\/v2\/comments?post=1254"}],"version-history":[{"count":15,"href":"https:\/\/www2.hu-berlin.de\/sts\/wp-json\/wp\/v2\/pages\/1254\/revisions"}],"predecessor-version":[{"id":2541,"href":"https:\/\/www2.hu-berlin.de\/sts\/wp-json\/wp\/v2\/pages\/1254\/revisions\/2541"}],"up":[{"embeddable":true,"href":"https:\/\/www2.hu-berlin.de\/sts\/wp-json\/wp\/v2\/pages\/1949"}],"wp:attachment":[{"href":"https:\/\/www2.hu-berlin.de\/sts\/wp-json\/wp\/v2\/media?parent=1254"}],"curies":[{"name":"wp","href":"https:\/\/api.w.org\/{rel}","templated":true}]}}