{"id":1801,"date":"2018-08-22T08:43:05","date_gmt":"2018-08-22T06:43:05","guid":{"rendered":"https:\/\/ethnoserver.hu-berlin.de\/sts\/?page_id=1801"},"modified":"2025-03-27T12:05:58","modified_gmt":"2025-03-27T11:05:58","slug":"unverzagt","status":"publish","type":"page","link":"https:\/\/www2.hu-berlin.de\/sts\/people\/former-members\/unverzagt\/","title":{"rendered":"Krystin Unverzagt"},"content":{"rendered":"<p>I am a doctoral researcher at the Integrative Research Institute on Transformations of Human-Environment Systems at Humboldt-Universit\u00e4t zu Berlin.<\/p>\n<p>My research interests are the co-production of coupled human-environment systems within knowledge processes, underlying assumptions and method choice in participatory environmental modelling, and philosophical implications of public engagement in science. My thesis working title is \u201cKnowing and Making the Climate Citizen: On the Co-Production of Socio-Ecological Modelling and Social Order\u201d.<\/p>\n<p style=\"text-align: left; margin-bottom: 5px;\">Contact: <a href=\"mailto:krystin.unverzagt@hu-berlin.de\">krystin.unverzagt@hu-berlin.de<\/a><\/p>\n<p>Find me also at: <a href=\"https:\/\/www.iri-thesys.org\/people\/krystin_unverzagt\">IRI THESys<\/a><\/p>\n<p><strong>More information on my doctoral research:<\/strong><br \/>\nFor several decades, Science Studies scholars emphasising the contingency and performativity of knowledge have promoted public engagement in science (PES). However, looking at PES practice, an analysis of project rationales and methods used in the field of participatory socio-ecological modelling points towards the persistence of different concepts of participation within public engagement practice. Project reports reproduce a positivist understanding of science and science-society relations alongside postmodern tendencies. Building on the notion of knowledge production as performative practice, I want to gain a more nuanced picture of what participatory research does in society, why participatory modelling is worth pursuing, and how it relates to processes of social ordering.  I study the participatory research process as a social process of symbolic interaction in which ways of knowing the coupled human-environment system are interlinked with ways of producing it. Based on the idea of co-production, socio-ecological modelling is not only political as a site of environmental decision-making. We can widen our understanding of what it means to engage in a participatory scientific practice by inquiring into the ways in which epistemology and ontology \u2013 ways of modelling and of engaging stakeholders, and ideas on the nature of the system, the world, democracy, humans, and human-environment relations \u2013 are co-produced within participatory modelling processes. In order to trace out how social dynamics, power relations and epistemic processes around \u2018socio-ecological systems\u2019 feed into the making of those very systems, I do fieldwork in three participatory modelling projects. My data collection methods involve participant observation, ethnographic interviews, qualitative in-depth interviews, recording of speech events, and focus groups.<\/p>\n<h1>Publications<\/h1>\n<div class=\"teachpress_pub_list\"><form name=\"tppublistform\" method=\"get\"><a name=\"tppubs\" id=\"tppubs\"><\/a><\/form><div class=\"teachpress_publication_list\"><h3 class=\"tp_h3\" id=\"tp_h3_2025\">2025<\/h3><div class=\"tp_publication tp_publication_article\"><div class=\"tp_pub_info\"><p class=\"tp_pub_author\">Krystin Unverzagt, Tobias Krueger, Anja Klein, Rossella Alba, M\u00e1rk Somogyv\u00e1ri<\/p><p class=\"tp_pub_title\"><a class=\"tp_title_link\" onclick=\"teachpress_pub_showhide('771','tp_links')\" style=\"cursor:pointer;\">Situating Bayesian Knowledge: A Case Study of Modelling Pollutant Transfers from Land to Water<\/a> <span class=\"tp_pub_type tp_  article\">Journal Article<\/span> <\/p><p class=\"tp_pub_additional\"><span class=\"tp_pub_additional_in\">In: <\/span><span class=\"tp_pub_additional_journal\">Computational Culture, <\/span><span class=\"tp_pub_additional_year\">2025<\/span>.<\/p><p class=\"tp_pub_menu\"><span class=\"tp_resource_link\"><a id=\"tp_links_sh_771\" class=\"tp_show\" onclick=\"teachpress_pub_showhide('771','tp_links')\" title=\"Show links and resources\" style=\"cursor:pointer;\">Links<\/a><\/span><\/p><div class=\"tp_bibtex\" id=\"tp_bibtex_771\" style=\"display:none;\"><div class=\"tp_bibtex_entry\"><pre>@article{Unverzagt2025,<br \/>\r\ntitle = {Situating Bayesian Knowledge: A Case Study of Modelling Pollutant Transfers from Land to Water},<br \/>\r\nauthor = {Krystin Unverzagt and Tobias Krueger and Anja Klein and Rossella Alba and M\u00e1rk Somogyv\u00e1ri},<br \/>\r\nurl = {http:\/\/computationalculture.net\/situating-bayesian-knowledge\/},<br \/>\r\nyear  = {2025},<br \/>\r\ndate = {2025-07-01},<br \/>\r\njournal = {Computational Culture},<br \/>\r\nkeywords = {},<br \/>\r\npubstate = {published},<br \/>\r\ntppubtype = {article}<br \/>\r\n}<br \/>\r\n<\/pre><\/div><p class=\"tp_close_menu\"><a class=\"tp_close\" onclick=\"teachpress_pub_showhide('771','tp_bibtex')\">Close<\/a><\/p><\/div><div class=\"tp_links\" id=\"tp_links_771\" style=\"display:none;\"><div class=\"tp_links_entry\"><ul class=\"tp_pub_list\"><li><i class=\"fas fa-globe\"><\/i><a class=\"tp_pub_list\" href=\"http:\/\/computationalculture.net\/situating-bayesian-knowledge\/\" title=\"http:\/\/computationalculture.net\/situating-bayesian-knowledge\/\" target=\"_blank\">http:\/\/computationalculture.net\/situating-bayesian-knowledge\/<\/a><\/li><\/ul><\/div><p class=\"tp_close_menu\"><a class=\"tp_close\" onclick=\"teachpress_pub_showhide('771','tp_links')\">Close<\/a><\/p><\/div><\/div><\/div><h3 class=\"tp_h3\" id=\"tp_h3_2024\">2024<\/h3><div class=\"tp_publication tp_publication_article\"><div class=\"tp_pub_info\"><p class=\"tp_pub_author\">Anja Klein, Krystin Unverzagt, Rossella Alba, Jonathan Donges, Tilman Hertz, Tobias Krueger, Emilie Lindkvist, Romina Martin, J\u00f6rg Niew\u00f6hner, Hannah Prawitz, Maja Schl\u00fcter, Luana Schwarz, Nanda Wijermans<\/p><p class=\"tp_pub_title\"><a class=\"tp_title_link\" onclick=\"teachpress_pub_showhide('768','tp_links')\" style=\"cursor:pointer;\">From situated knowledges to situated modelling: a relational framework for simulation modelling<\/a> <span class=\"tp_pub_type tp_  article\">Journal Article<\/span> <\/p><p class=\"tp_pub_additional\"><span class=\"tp_pub_additional_in\">In: <\/span><span class=\"tp_pub_additional_journal\">Ecosystems and People, <\/span><span class=\"tp_pub_additional_volume\">vol. 20, <\/span><span class=\"tp_pub_additional_issue\">iss. 1, <\/span><span class=\"tp_pub_additional_pages\">pp. 2361706, <\/span><span class=\"tp_pub_additional_year\">2024<\/span>.<\/p><p class=\"tp_pub_menu\"><span class=\"tp_abstract_link\"><a id=\"tp_abstract_sh_768\" class=\"tp_show\" onclick=\"teachpress_pub_showhide('768','tp_abstract')\" title=\"Show abstract\" style=\"cursor:pointer;\">Abstract<\/a><\/span> | <span class=\"tp_resource_link\"><a id=\"tp_links_sh_768\" class=\"tp_show\" onclick=\"teachpress_pub_showhide('768','tp_links')\" title=\"Show links and resources\" style=\"cursor:pointer;\">Links<\/a><\/span><\/p><div class=\"tp_bibtex\" id=\"tp_bibtex_768\" style=\"display:none;\"><div class=\"tp_bibtex_entry\"><pre>@article{Klein2024,<br \/>\r\ntitle = {From situated knowledges to situated modelling: a relational framework for simulation modelling},<br \/>\r\nauthor = {Anja Klein and Krystin Unverzagt and Rossella Alba and Jonathan Donges and Tilman Hertz and Tobias Krueger and Emilie Lindkvist and Romina Martin and J\u00f6rg Niew\u00f6hner and Hannah Prawitz and Maja Schl\u00fcter and Luana Schwarz and Nanda Wijermans},<br \/>\r\ndoi = {https:\/\/doi.org\/10.1080\/26395916.2024.2361706},<br \/>\r\nyear  = {2024},<br \/>\r\ndate = {2024-06-01},<br \/>\r\nurldate = {2024-06-01},<br \/>\r\njournal = {Ecosystems and People},<br \/>\r\nvolume = {20},<br \/>\r\nissue = {1},<br \/>\r\npages = {2361706},<br \/>\r\nabstract = {In this paper we extend the use of a relational approach to simulation modelling, a widely used knowledge practice in sustainability science. Among modellers, there is awareness that model results can only be interpreted in view of the assumptions that inform model construction and analysis, but less systematic questioning of those assumptions. Moreover, current methodological discussions tend to focus on integrating social and ecological dynamics or diverse knowledges and data within a model. Yet choices regarding types of modelling, model structure, data handling, interpretation of results and model validation are not purely epistemic. They are entangled with values, contexts of production and use, power relations, and pragmatic considerations. Situated Modelling extends a relational understanding of the world to scientific knowledge production and with that to modelling itself in order to enable a systematic interrogation of these choices and to research social-ecological transformations relationally. To make tangible the situatedness of simulation modelling, we build on existing practices and describe the situatedness of three distinct modelling approaches. We then suggest four guiding principles for Situated Modelling: 1. attending to the apparatus of knowledge production that is socially and materially embedded and produced by e.g. research infrastructures, power relations, and ways of thinking; 2. considering how agency is distributed between model, world, data, modeller in model construction; 3. creating heterogenous collectives which together occupy the formerly individualised subject position; and 4. using agonism as an epistemic virtue to retain and work with significant differentiations of social-ecological dynamics throughout the modelling process.},<br \/>\r\nkeywords = {},<br \/>\r\npubstate = {published},<br \/>\r\ntppubtype = {article}<br \/>\r\n}<br \/>\r\n<\/pre><\/div><p class=\"tp_close_menu\"><a class=\"tp_close\" onclick=\"teachpress_pub_showhide('768','tp_bibtex')\">Close<\/a><\/p><\/div><div class=\"tp_abstract\" id=\"tp_abstract_768\" style=\"display:none;\"><div class=\"tp_abstract_entry\">In this paper we extend the use of a relational approach to simulation modelling, a widely used knowledge practice in sustainability science. Among modellers, there is awareness that model results can only be interpreted in view of the assumptions that inform model construction and analysis, but less systematic questioning of those assumptions. Moreover, current methodological discussions tend to focus on integrating social and ecological dynamics or diverse knowledges and data within a model. Yet choices regarding types of modelling, model structure, data handling, interpretation of results and model validation are not purely epistemic. They are entangled with values, contexts of production and use, power relations, and pragmatic considerations. Situated Modelling extends a relational understanding of the world to scientific knowledge production and with that to modelling itself in order to enable a systematic interrogation of these choices and to research social-ecological transformations relationally. To make tangible the situatedness of simulation modelling, we build on existing practices and describe the situatedness of three distinct modelling approaches. We then suggest four guiding principles for Situated Modelling: 1. attending to the apparatus of knowledge production that is socially and materially embedded and produced by e.g. research infrastructures, power relations, and ways of thinking; 2. considering how agency is distributed between model, world, data, modeller in model construction; 3. creating heterogenous collectives which together occupy the formerly individualised subject position; and 4. using agonism as an epistemic virtue to retain and work with significant differentiations of social-ecological dynamics throughout the modelling process.<\/div><p class=\"tp_close_menu\"><a class=\"tp_close\" onclick=\"teachpress_pub_showhide('768','tp_abstract')\">Close<\/a><\/p><\/div><div class=\"tp_links\" id=\"tp_links_768\" style=\"display:none;\"><div class=\"tp_links_entry\"><ul class=\"tp_pub_list\"><li><i class=\"ai ai-doi\"><\/i><a class=\"tp_pub_list\" href=\"https:\/\/dx.doi.org\/https:\/\/doi.org\/10.1080\/26395916.2024.2361706\" title=\"Follow DOI:https:\/\/doi.org\/10.1080\/26395916.2024.2361706\" target=\"_blank\">doi:https:\/\/doi.org\/10.1080\/26395916.2024.2361706<\/a><\/li><\/ul><\/div><p class=\"tp_close_menu\"><a class=\"tp_close\" onclick=\"teachpress_pub_showhide('768','tp_links')\">Close<\/a><\/p><\/div><\/div><\/div><h3 class=\"tp_h3\" id=\"tp_h3_2020\">2020<\/h3><div class=\"tp_publication tp_publication_article\"><div class=\"tp_pub_info\"><p class=\"tp_pub_author\">Petra Beck, Patrick Bieler, Milena Bister, Adina Dymczyk, Janine Hauer, Anna Heitger, D\u017eeneta Hod\u017ei\u0107, Ruzana Liburkina, Stefan Reinsch, Tim Seitz, Christine Schmid, Krystin Unverzagt<\/p><p class=\"tp_pub_title\"><a class=\"tp_title_link\" onclick=\"teachpress_pub_showhide('714','tp_links')\" style=\"cursor:pointer;\">Rezension zu: Groth, Stefan; Ritter, Christian (Hrsg.): Zusammen arbeiten. Praktiken der Koordination und Kooperation in kollaborativen Prozessen. Bielefeld  2019<\/a> <span class=\"tp_pub_type tp_  article\">Journal Article<\/span> <\/p><p class=\"tp_pub_additional\"><span class=\"tp_pub_additional_in\">In: <\/span><span class=\"tp_pub_additional_journal\">H-Soz-Kult, <\/span><span class=\"tp_pub_additional_year\">2020<\/span>.<\/p><p class=\"tp_pub_menu\"><span class=\"tp_resource_link\"><a id=\"tp_links_sh_714\" class=\"tp_show\" onclick=\"teachpress_pub_showhide('714','tp_links')\" title=\"Show links and resources\" style=\"cursor:pointer;\">Links<\/a><\/span><\/p><div class=\"tp_bibtex\" id=\"tp_bibtex_714\" style=\"display:none;\"><div class=\"tp_bibtex_entry\"><pre>@article{Beck2020,<br \/>\r\ntitle = {Rezension zu: Groth, Stefan; Ritter, Christian (Hrsg.): Zusammen arbeiten. Praktiken der Koordination und Kooperation in kollaborativen Prozessen. Bielefeld  2019},<br \/>\r\nauthor = {Petra Beck and Patrick Bieler and Milena Bister and Adina Dymczyk and Janine Hauer and Anna Heitger and D\u017eeneta Hod\u017ei\u0107 and Ruzana Liburkina and Stefan Reinsch and Tim Seitz and Christine Schmid and Krystin Unverzagt},<br \/>\r\nurl = {https:\/\/www.hsozkult.de\/publicationreview\/id\/reb-29122},<br \/>\r\nyear  = {2020},<br \/>\r\ndate = {2020-02-25},<br \/>\r\njournal = {H-Soz-Kult},<br \/>\r\nkeywords = {},<br \/>\r\npubstate = {published},<br \/>\r\ntppubtype = {article}<br \/>\r\n}<br \/>\r\n<\/pre><\/div><p class=\"tp_close_menu\"><a class=\"tp_close\" onclick=\"teachpress_pub_showhide('714','tp_bibtex')\">Close<\/a><\/p><\/div><div class=\"tp_links\" id=\"tp_links_714\" style=\"display:none;\"><div class=\"tp_links_entry\"><ul class=\"tp_pub_list\"><li><i class=\"fas fa-globe\"><\/i><a class=\"tp_pub_list\" href=\"https:\/\/www.hsozkult.de\/publicationreview\/id\/reb-29122\" title=\"https:\/\/www.hsozkult.de\/publicationreview\/id\/reb-29122\" target=\"_blank\">https:\/\/www.hsozkult.de\/publicationreview\/id\/reb-29122<\/a><\/li><\/ul><\/div><p class=\"tp_close_menu\"><a class=\"tp_close\" onclick=\"teachpress_pub_showhide('714','tp_links')\">Close<\/a><\/p><\/div><\/div><\/div><h3 class=\"tp_h3\" id=\"tp_h3_2019\">2019<\/h3><div class=\"tp_publication tp_publication_article\"><div class=\"tp_pub_info\"><p class=\"tp_pub_author\">Sabine Biedermann, Patrick Bieler, Milena Bister, Sascha Cornejo Puschner, Adina Dymczyk, Dennis Eckhardt, Janine Hauer, Maren Heibges, D\u017eeneta Hod\u017ei\u0107, Jonna Josties, Martina Klausner, Anja Klein, C\u00e9line Lauer, Ruzana Liburkina, J\u00f6rg Niew\u00f6hner, Stefan Reinsch, Christine Schmid, Tim Seitz, Itzell Torres, Krystin Unverzagt, Jorge E. Vega-Marrot<\/p><p class=\"tp_pub_title\"><a class=\"tp_title_link\" onclick=\"teachpress_pub_showhide('670','tp_links')\" style=\"cursor:pointer;\">Current work in the Laboratory: Anthropology of Environment | Human Relations: Doing research in a more-than-thought collective<\/a> <span class=\"tp_pub_type tp_  article\">Journal Article<\/span> <\/p><p class=\"tp_pub_additional\"><span class=\"tp_pub_additional_in\">In: <\/span><span class=\"tp_pub_additional_journal\">EASST Review, <\/span><span class=\"tp_pub_additional_volume\">vol. 38, <\/span><span class=\"tp_pub_additional_number\">no. 2, <\/span><span class=\"tp_pub_additional_year\">2019<\/span>.<\/p><p class=\"tp_pub_menu\"><span class=\"tp_resource_link\"><a id=\"tp_links_sh_670\" class=\"tp_show\" onclick=\"teachpress_pub_showhide('670','tp_links')\" title=\"Show links and resources\" style=\"cursor:pointer;\">Links<\/a><\/span><\/p><div class=\"tp_bibtex\" id=\"tp_bibtex_670\" style=\"display:none;\"><div class=\"tp_bibtex_entry\"><pre>@article{Biedermann2019b,<br \/>\r\ntitle = {Current work in the Laboratory: Anthropology of Environment | Human Relations: Doing research in a more-than-thought collective},<br \/>\r\nauthor = {Sabine Biedermann and Patrick Bieler and Milena Bister and Sascha Cornejo Puschner and Adina Dymczyk and Dennis Eckhardt and Janine Hauer and Maren Heibges and D\u017eeneta Hod\u017ei\u0107 and Jonna Josties and Martina Klausner and Anja Klein and C\u00e9line Lauer and Ruzana Liburkina and J\u00f6rg Niew\u00f6hner and Stefan Reinsch and Christine Schmid and Tim Seitz and Itzell Torres and Krystin Unverzagt and Jorge E. Vega-Marrot},<br \/>\r\nurl = {https:\/\/easst.net\/article\/current-work-in-the-laboratory-anthropology-of-environment-human-relations-doing-research-in-a-more-than-thought-collective\/},<br \/>\r\nyear  = {2019},<br \/>\r\ndate = {2019-05-01},<br \/>\r\njournal = {EASST Review},<br \/>\r\nvolume = {38},<br \/>\r\nnumber = {2},<br \/>\r\nkeywords = {},<br \/>\r\npubstate = {published},<br \/>\r\ntppubtype = {article}<br \/>\r\n}<br \/>\r\n<\/pre><\/div><p class=\"tp_close_menu\"><a class=\"tp_close\" onclick=\"teachpress_pub_showhide('670','tp_bibtex')\">Close<\/a><\/p><\/div><div class=\"tp_links\" id=\"tp_links_670\" style=\"display:none;\"><div class=\"tp_links_entry\"><ul class=\"tp_pub_list\"><li><i class=\"fas fa-globe\"><\/i><a class=\"tp_pub_list\" href=\"https:\/\/easst.net\/article\/current-work-in-the-laboratory-anthropology-of-environment-human-relations-doing-research-in-a-more-than-thought-collective\/\" title=\"https:\/\/easst.net\/article\/current-work-in-the-laboratory-anthropology-of-environ[...]\" target=\"_blank\">https:\/\/easst.net\/article\/current-work-in-the-laboratory-anthropology-of-environ[...]<\/a><\/li><\/ul><\/div><p class=\"tp_close_menu\"><a class=\"tp_close\" onclick=\"teachpress_pub_showhide('670','tp_links')\">Close<\/a><\/p><\/div><\/div><\/div><div class=\"tp_publication tp_publication_article\"><div class=\"tp_pub_info\"><p class=\"tp_pub_author\">Sabine Biedermann, Patrick Bieler, Milena Bister, Sascha Cornejo Puschner, Adina Dymczyk, Dennis Eckhardt, Janine Hauer, Maren Heibges, D\u017eeneta Hod\u017ei\u0107, Jonna Josties, Martina Klausner, Anja Klein, C\u00e9line Lauer, Ruzana Liburkina, J\u00f6rg Niew\u00f6hner, Stefan Reinsch, Christine Schmid, Tim Seitz, Itzell Torres, Krystin Unverzagt, Jorge E. Vega-Marrot<\/p><p class=\"tp_pub_title\"><a class=\"tp_title_link\" onclick=\"teachpress_pub_showhide('669','tp_links')\" style=\"cursor:pointer;\">From the Collaboratory Social Anthropology &amp; Life Sciences to the Laboratory: Anthropology of Environment | Human Relations<\/a> <span class=\"tp_pub_type tp_  article\">Journal Article<\/span> <\/p><p class=\"tp_pub_additional\"><span class=\"tp_pub_additional_in\">In: <\/span><span class=\"tp_pub_additional_journal\">EASST Review, <\/span><span class=\"tp_pub_additional_volume\">vol. 38, <\/span><span class=\"tp_pub_additional_number\">no. 2, <\/span><span class=\"tp_pub_additional_year\">2019<\/span>.<\/p><p class=\"tp_pub_menu\"><span class=\"tp_resource_link\"><a id=\"tp_links_sh_669\" class=\"tp_show\" onclick=\"teachpress_pub_showhide('669','tp_links')\" title=\"Show links and resources\" style=\"cursor:pointer;\">Links<\/a><\/span><\/p><div class=\"tp_bibtex\" id=\"tp_bibtex_669\" style=\"display:none;\"><div class=\"tp_bibtex_entry\"><pre>@article{Biedermann2019,<br \/>\r\ntitle = {From the Collaboratory Social Anthropology & Life Sciences to the Laboratory: Anthropology of Environment | Human Relations},<br \/>\r\nauthor = {Sabine Biedermann and Patrick Bieler and Milena Bister and Sascha Cornejo Puschner and Adina Dymczyk and Dennis Eckhardt and Janine Hauer and Maren Heibges and D\u017eeneta Hod\u017ei\u0107 and Jonna Josties and Martina Klausner and Anja Klein and C\u00e9line Lauer and Ruzana Liburkina and J\u00f6rg Niew\u00f6hner and Stefan Reinsch and Christine Schmid and Tim Seitz and Itzell Torres and Krystin Unverzagt and Jorge E. Vega-Marrot},<br \/>\r\nurl = {https:\/\/easst.net\/article\/laboratory-anthropology-of-environmenthuman-relations\/},<br \/>\r\nyear  = {2019},<br \/>\r\ndate = {2019-05-01},<br \/>\r\njournal = {EASST Review},<br \/>\r\nvolume = {38},<br \/>\r\nnumber = {2},<br \/>\r\nkeywords = {},<br \/>\r\npubstate = {published},<br \/>\r\ntppubtype = {article}<br \/>\r\n}<br \/>\r\n<\/pre><\/div><p class=\"tp_close_menu\"><a class=\"tp_close\" onclick=\"teachpress_pub_showhide('669','tp_bibtex')\">Close<\/a><\/p><\/div><div class=\"tp_links\" id=\"tp_links_669\" style=\"display:none;\"><div class=\"tp_links_entry\"><ul class=\"tp_pub_list\"><li><i class=\"fas fa-globe\"><\/i><a class=\"tp_pub_list\" href=\"https:\/\/easst.net\/article\/laboratory-anthropology-of-environmenthuman-relations\/\" title=\"https:\/\/easst.net\/article\/laboratory-anthropology-of-environmenthuman-relations\/\" target=\"_blank\">https:\/\/easst.net\/article\/laboratory-anthropology-of-environmenthuman-relations\/<\/a><\/li><\/ul><\/div><p class=\"tp_close_menu\"><a class=\"tp_close\" onclick=\"teachpress_pub_showhide('669','tp_links')\">Close<\/a><\/p><\/div><\/div><\/div><\/div><\/div>\n","protected":false},"excerpt":{"rendered":"<p>I am a doctoral researcher at the Integrative Research Institute on Transformations of Human-Environment Systems at Humboldt-Universit\u00e4t zu Berlin. My research interests are the co-production of coupled human-environment systems within knowledge processes, underlying assumptions and method choice in participatory environmental modelling, and philosophical implications of public engagement in science. My &hellip;<\/p>\n","protected":false},"author":21,"featured_media":0,"parent":2237,"menu_order":97,"comment_status":"closed","ping_status":"closed","template":"","meta":{"footnotes":""},"_links":{"self":[{"href":"https:\/\/www2.hu-berlin.de\/sts\/wp-json\/wp\/v2\/pages\/1801"}],"collection":[{"href":"https:\/\/www2.hu-berlin.de\/sts\/wp-json\/wp\/v2\/pages"}],"about":[{"href":"https:\/\/www2.hu-berlin.de\/sts\/wp-json\/wp\/v2\/types\/page"}],"author":[{"embeddable":true,"href":"https:\/\/www2.hu-berlin.de\/sts\/wp-json\/wp\/v2\/users\/21"}],"replies":[{"embeddable":true,"href":"https:\/\/www2.hu-berlin.de\/sts\/wp-json\/wp\/v2\/comments?post=1801"}],"version-history":[{"count":9,"href":"https:\/\/www2.hu-berlin.de\/sts\/wp-json\/wp\/v2\/pages\/1801\/revisions"}],"predecessor-version":[{"id":3713,"href":"https:\/\/www2.hu-berlin.de\/sts\/wp-json\/wp\/v2\/pages\/1801\/revisions\/3713"}],"up":[{"embeddable":true,"href":"https:\/\/www2.hu-berlin.de\/sts\/wp-json\/wp\/v2\/pages\/2237"}],"wp:attachment":[{"href":"https:\/\/www2.hu-berlin.de\/sts\/wp-json\/wp\/v2\/media?parent=1801"}],"curies":[{"name":"wp","href":"https:\/\/api.w.org\/{rel}","templated":true}]}}