{"id":1860,"date":"2019-01-24T13:08:04","date_gmt":"2019-01-24T12:08:04","guid":{"rendered":"https:\/\/ethnoserver.hu-berlin.de\/sts\/?page_id=1860"},"modified":"2021-06-15T12:50:02","modified_gmt":"2021-06-15T10:50:02","slug":"sascha","status":"publish","type":"page","link":"https:\/\/www2.hu-berlin.de\/sts\/people\/current-members\/sascha\/","title":{"rendered":"Sascha Cornejo Puschner"},"content":{"rendered":"<p><img loading=\"lazy\" decoding=\"async\" class=\"alignleft size-full wp-image-1388\" src=\"https:\/\/www2.hu-berlin.de\/sts\/wp-content\/uploads\/2019\/10\/puschner.jpg\" alt=\"\" width=\"170\" height=\"170\">I am a doctoral candidate at the Institute for European Ethnology of Humboldt-Universit\u00e4t zu Berlin since May 2018.<\/p>\n<p>I focus on the intersection of Political Ecology with Science and Technologies Studies. My research interests include local and global connections raised by mining extractivism, as well as human-environmental relations.<\/p>\n<p>My research project consists of an ethnographical approach to investigate the social and ecological conflicts caused by copper mining in the Chilean Region of Tarapaca. The analytical focus is mainly based on diverging understandings of nature among the conflict parties. These value systems, currently understood in literature primarily as \u201cnatural regimes\u201d are gaining in importance because they articulate indigenous and social positions critical of capitalism that have hitherto remained invisible to established economic interests. The case study refers beyond its concrete context to a current debate in Latinoamerica: Human-environment relations are changing rapidly and thus promote new ways of dealing with resource extraction and environmental conservationism.<\/p>\n<p>Contact: <a href=\"mailto:puschnes@student.hu-berlin.de\">puschnes@student.hu-berlin.de<\/a><br \/>\nFind me also at:<a href=\"https:\/\/www.iri-thesys.org\/people\/cornejo\"> IRI THESys<\/a><\/p>\n<h1>Publications<\/h1>\n<h1><div class=\"teachpress_pub_list\"><form name=\"tppublistform\" method=\"get\"><a name=\"tppubs\" id=\"tppubs\"><\/a><\/form><div class=\"teachpress_publication_list\"><h3 class=\"tp_h3\" id=\"tp_h3_2019\">2019<\/h3><div class=\"tp_publication tp_publication_article\"><div class=\"tp_pub_info\"><p class=\"tp_pub_author\">Sabine Biedermann, Patrick Bieler, Milena Bister, Sascha Cornejo Puschner, Adina Dymczyk, Dennis Eckhardt, Janine Hauer, Maren Heibges, D\u017eeneta Hod\u017ei\u0107, Jonna Josties, Martina Klausner, Anja Klein, C\u00e9line Lauer, Ruzana Liburkina, J\u00f6rg Niew\u00f6hner, Stefan Reinsch, Christine Schmid, Tim Seitz, Itzell Torres, Krystin Unverzagt, Jorge E. Vega-Marrot<\/p><p class=\"tp_pub_title\"><a class=\"tp_title_link\" onclick=\"teachpress_pub_showhide('670','tp_links')\" style=\"cursor:pointer;\">Current work in the Laboratory: Anthropology of Environment | Human Relations: Doing research in a more-than-thought collective<\/a> <span class=\"tp_pub_type tp_  article\">Journal Article<\/span> <\/p><p class=\"tp_pub_additional\"><span class=\"tp_pub_additional_in\">In: <\/span><span class=\"tp_pub_additional_journal\">EASST Review, <\/span><span class=\"tp_pub_additional_volume\">vol. 38, <\/span><span class=\"tp_pub_additional_number\">no. 2, <\/span><span class=\"tp_pub_additional_year\">2019<\/span>.<\/p><p class=\"tp_pub_menu\"><span class=\"tp_resource_link\"><a id=\"tp_links_sh_670\" class=\"tp_show\" onclick=\"teachpress_pub_showhide('670','tp_links')\" title=\"Show links and resources\" style=\"cursor:pointer;\">Links<\/a><\/span><\/p><div class=\"tp_bibtex\" id=\"tp_bibtex_670\" style=\"display:none;\"><div class=\"tp_bibtex_entry\"><pre>@article{Biedermann2019b,<br \/>\r\ntitle = {Current work in the Laboratory: Anthropology of Environment | Human Relations: Doing research in a more-than-thought collective},<br \/>\r\nauthor = {Sabine Biedermann and Patrick Bieler and Milena Bister and Sascha Cornejo Puschner and Adina Dymczyk and Dennis Eckhardt and Janine Hauer and Maren Heibges and D\u017eeneta Hod\u017ei\u0107 and Jonna Josties and Martina Klausner and Anja Klein and C\u00e9line Lauer and Ruzana Liburkina and J\u00f6rg Niew\u00f6hner and Stefan Reinsch and Christine Schmid and Tim Seitz and Itzell Torres and Krystin Unverzagt and Jorge E. Vega-Marrot},<br \/>\r\nurl = {https:\/\/easst.net\/article\/current-work-in-the-laboratory-anthropology-of-environment-human-relations-doing-research-in-a-more-than-thought-collective\/},<br \/>\r\nyear  = {2019},<br \/>\r\ndate = {2019-05-01},<br \/>\r\njournal = {EASST Review},<br \/>\r\nvolume = {38},<br \/>\r\nnumber = {2},<br \/>\r\nkeywords = {},<br \/>\r\npubstate = {published},<br \/>\r\ntppubtype = {article}<br \/>\r\n}<br \/>\r\n<\/pre><\/div><p class=\"tp_close_menu\"><a class=\"tp_close\" onclick=\"teachpress_pub_showhide('670','tp_bibtex')\">Close<\/a><\/p><\/div><div class=\"tp_links\" id=\"tp_links_670\" style=\"display:none;\"><div class=\"tp_links_entry\"><ul class=\"tp_pub_list\"><li><i class=\"fas fa-globe\"><\/i><a class=\"tp_pub_list\" href=\"https:\/\/easst.net\/article\/current-work-in-the-laboratory-anthropology-of-environment-human-relations-doing-research-in-a-more-than-thought-collective\/\" title=\"https:\/\/easst.net\/article\/current-work-in-the-laboratory-anthropology-of-environ[...]\" target=\"_blank\">https:\/\/easst.net\/article\/current-work-in-the-laboratory-anthropology-of-environ[...]<\/a><\/li><\/ul><\/div><p class=\"tp_close_menu\"><a class=\"tp_close\" onclick=\"teachpress_pub_showhide('670','tp_links')\">Close<\/a><\/p><\/div><\/div><\/div><div class=\"tp_publication tp_publication_article\"><div class=\"tp_pub_info\"><p class=\"tp_pub_author\">Sabine Biedermann, Patrick Bieler, Milena Bister, Sascha Cornejo Puschner, Adina Dymczyk, Dennis Eckhardt, Janine Hauer, Maren Heibges, D\u017eeneta Hod\u017ei\u0107, Jonna Josties, Martina Klausner, Anja Klein, C\u00e9line Lauer, Ruzana Liburkina, J\u00f6rg Niew\u00f6hner, Stefan Reinsch, Christine Schmid, Tim Seitz, Itzell Torres, Krystin Unverzagt, Jorge E. Vega-Marrot<\/p><p class=\"tp_pub_title\"><a class=\"tp_title_link\" onclick=\"teachpress_pub_showhide('669','tp_links')\" style=\"cursor:pointer;\">From the Collaboratory Social Anthropology &amp; Life Sciences to the Laboratory: Anthropology of Environment | Human Relations<\/a> <span class=\"tp_pub_type tp_  article\">Journal Article<\/span> <\/p><p class=\"tp_pub_additional\"><span class=\"tp_pub_additional_in\">In: <\/span><span class=\"tp_pub_additional_journal\">EASST Review, <\/span><span class=\"tp_pub_additional_volume\">vol. 38, <\/span><span class=\"tp_pub_additional_number\">no. 2, <\/span><span class=\"tp_pub_additional_year\">2019<\/span>.<\/p><p class=\"tp_pub_menu\"><span class=\"tp_resource_link\"><a id=\"tp_links_sh_669\" class=\"tp_show\" onclick=\"teachpress_pub_showhide('669','tp_links')\" title=\"Show links and resources\" style=\"cursor:pointer;\">Links<\/a><\/span><\/p><div class=\"tp_bibtex\" id=\"tp_bibtex_669\" style=\"display:none;\"><div class=\"tp_bibtex_entry\"><pre>@article{Biedermann2019,<br \/>\r\ntitle = {From the Collaboratory Social Anthropology & Life Sciences to the Laboratory: Anthropology of Environment | Human Relations},<br \/>\r\nauthor = {Sabine Biedermann and Patrick Bieler and Milena Bister and Sascha Cornejo Puschner and Adina Dymczyk and Dennis Eckhardt and Janine Hauer and Maren Heibges and D\u017eeneta Hod\u017ei\u0107 and Jonna Josties and Martina Klausner and Anja Klein and C\u00e9line Lauer and Ruzana Liburkina and J\u00f6rg Niew\u00f6hner and Stefan Reinsch and Christine Schmid and Tim Seitz and Itzell Torres and Krystin Unverzagt and Jorge E. Vega-Marrot},<br \/>\r\nurl = {https:\/\/easst.net\/article\/laboratory-anthropology-of-environmenthuman-relations\/},<br \/>\r\nyear  = {2019},<br \/>\r\ndate = {2019-05-01},<br \/>\r\njournal = {EASST Review},<br \/>\r\nvolume = {38},<br \/>\r\nnumber = {2},<br \/>\r\nkeywords = {},<br \/>\r\npubstate = {published},<br \/>\r\ntppubtype = {article}<br \/>\r\n}<br \/>\r\n<\/pre><\/div><p class=\"tp_close_menu\"><a class=\"tp_close\" onclick=\"teachpress_pub_showhide('669','tp_bibtex')\">Close<\/a><\/p><\/div><div class=\"tp_links\" id=\"tp_links_669\" style=\"display:none;\"><div class=\"tp_links_entry\"><ul class=\"tp_pub_list\"><li><i class=\"fas fa-globe\"><\/i><a class=\"tp_pub_list\" href=\"https:\/\/easst.net\/article\/laboratory-anthropology-of-environmenthuman-relations\/\" title=\"https:\/\/easst.net\/article\/laboratory-anthropology-of-environmenthuman-relations\/\" target=\"_blank\">https:\/\/easst.net\/article\/laboratory-anthropology-of-environmenthuman-relations\/<\/a><\/li><\/ul><\/div><p class=\"tp_close_menu\"><a class=\"tp_close\" onclick=\"teachpress_pub_showhide('669','tp_links')\">Close<\/a><\/p><\/div><\/div><\/div><h3 class=\"tp_h3\" id=\"tp_h3_2018\">2018<\/h3><div class=\"tp_publication tp_publication_article\"><div class=\"tp_pub_info\"><p class=\"tp_pub_author\">Sascha Cornejo Puschner, Andr\u00e9s Juan Duran Pereira<\/p><p class=\"tp_pub_title\"><a class=\"tp_title_link\" onclick=\"teachpress_pub_showhide('677','tp_links')\" style=\"cursor:pointer;\">\u201c\u00bfPol\u00edtica de la naturaleza o naturaleza como pol\u00edtica? Claves te\u00f3ricas para repensar la relaci\u00f3n naturaleza y cultura\u201d<\/a> <span class=\"tp_pub_type tp_  article\">Journal Article<\/span> <\/p><p class=\"tp_pub_additional\"><span class=\"tp_pub_additional_in\">In: <\/span><span class=\"tp_pub_additional_journal\">Revista de la Academia, <\/span><span class=\"tp_pub_additional_volume\">vol. 26, <\/span><span class=\"tp_pub_additional_pages\">pp. 7-33, <\/span><span class=\"tp_pub_additional_year\">2018<\/span>.<\/p><p class=\"tp_pub_menu\"><span class=\"tp_resource_link\"><a id=\"tp_links_sh_677\" class=\"tp_show\" onclick=\"teachpress_pub_showhide('677','tp_links')\" title=\"Show links and resources\" style=\"cursor:pointer;\">Links<\/a><\/span><\/p><div class=\"tp_bibtex\" id=\"tp_bibtex_677\" style=\"display:none;\"><div class=\"tp_bibtex_entry\"><pre>@article{Puschner2018,<br \/>\r\ntitle = {\u201c\u00bfPol\u00edtica de la naturaleza o naturaleza como pol\u00edtica? Claves te\u00f3ricas para repensar la relaci\u00f3n naturaleza y cultura\u201d},<br \/>\r\nauthor = {Sascha Cornejo Puschner and Andr\u00e9s Juan Duran Pereira},<br \/>\r\nurl = {http:\/\/revistas.academia.cl\/index.php\/academia\/article\/view\/1018\/pdf1},<br \/>\r\nyear  = {2018},<br \/>\r\ndate = {2018-01-01},<br \/>\r\njournal = {Revista de la Academia},<br \/>\r\nvolume = {26},<br \/>\r\npages = {7-33},<br \/>\r\nkeywords = {},<br \/>\r\npubstate = {published},<br \/>\r\ntppubtype = {article}<br \/>\r\n}<br \/>\r\n<\/pre><\/div><p class=\"tp_close_menu\"><a class=\"tp_close\" onclick=\"teachpress_pub_showhide('677','tp_bibtex')\">Close<\/a><\/p><\/div><div class=\"tp_links\" id=\"tp_links_677\" style=\"display:none;\"><div class=\"tp_links_entry\"><ul class=\"tp_pub_list\"><li><i class=\"fas fa-globe\"><\/i><a class=\"tp_pub_list\" href=\"http:\/\/revistas.academia.cl\/index.php\/academia\/article\/view\/1018\/pdf1\" title=\"http:\/\/revistas.academia.cl\/index.php\/academia\/article\/view\/1018\/pdf1\" target=\"_blank\">http:\/\/revistas.academia.cl\/index.php\/academia\/article\/view\/1018\/pdf1<\/a><\/li><\/ul><\/div><p class=\"tp_close_menu\"><a class=\"tp_close\" onclick=\"teachpress_pub_showhide('677','tp_links')\">Close<\/a><\/p><\/div><\/div><\/div><h3 class=\"tp_h3\" id=\"tp_h3_2017\">2017<\/h3><div class=\"tp_publication tp_publication_book\"><div class=\"tp_pub_info\"><p class=\"tp_pub_author\">Sascha Cornejo Puschner<\/p><p class=\"tp_pub_title\">Pol\u00edticas de la especie: Eugenesia, vida e ingenier\u00eda gen\u00e9tica <span class=\"tp_pub_type tp_  book\">Book<\/span> <\/p><p class=\"tp_pub_additional\"><span class=\"tp_pub_additional_publisher\">Ril editores, <\/span><span class=\"tp_pub_additional_address\">Santiago de Chile, <\/span><span class=\"tp_pub_additional_year\">2017<\/span>.<\/p><p class=\"tp_pub_menu\"><\/p><div class=\"tp_bibtex\" id=\"tp_bibtex_678\" style=\"display:none;\"><div class=\"tp_bibtex_entry\"><pre>@book{Puschner2017,<br \/>\r\ntitle = {Pol\u00edticas de la especie: Eugenesia, vida e ingenier\u00eda gen\u00e9tica},<br \/>\r\nauthor = {Sascha Cornejo Puschner},<br \/>\r\nyear  = {2017},<br \/>\r\ndate = {2017-01-01},<br \/>\r\npublisher = {Ril editores},<br \/>\r\naddress = {Santiago de Chile},<br \/>\r\nkeywords = {},<br \/>\r\npubstate = {published},<br \/>\r\ntppubtype = {book}<br \/>\r\n}<br \/>\r\n<\/pre><\/div><p class=\"tp_close_menu\"><a class=\"tp_close\" onclick=\"teachpress_pub_showhide('678','tp_bibtex')\">Close<\/a><\/p><\/div><\/div><\/div><div class=\"tp_publication tp_publication_article\"><div class=\"tp_pub_info\"><p class=\"tp_pub_author\">Sascha Cornejo Puschner<\/p><p class=\"tp_pub_title\">La relaci\u00f3n naturaleza y ser humano, tecnolog\u00eda y biolog\u00eda bajo la luz del posthumanismo <span class=\"tp_pub_type tp_  article\">Journal Article<\/span> <\/p><p class=\"tp_pub_additional\"><span class=\"tp_pub_additional_in\">In: <\/span><span class=\"tp_pub_additional_journal\">Revista Antropolog\u00edas del Sur, <\/span><span class=\"tp_pub_additional_volume\">vol. 4, <\/span><span class=\"tp_pub_additional_number\">no. 8, <\/span><span class=\"tp_pub_additional_year\">2017<\/span>.<\/p><p class=\"tp_pub_menu\"><\/p><div class=\"tp_bibtex\" id=\"tp_bibtex_679\" style=\"display:none;\"><div class=\"tp_bibtex_entry\"><pre>@article{Puschner2017b,<br \/>\r\ntitle = {La relaci\u00f3n naturaleza y ser humano, tecnolog\u00eda y biolog\u00eda bajo la luz del posthumanismo},<br \/>\r\nauthor = {Sascha Cornejo Puschner},<br \/>\r\nyear  = {2017},<br \/>\r\ndate = {2017-01-01},<br \/>\r\njournal = {Revista Antropolog\u00edas del Sur},<br \/>\r\nvolume = {4},<br \/>\r\nnumber = {8},<br \/>\r\nkeywords = {},<br \/>\r\npubstate = {published},<br \/>\r\ntppubtype = {article}<br \/>\r\n}<br \/>\r\n<\/pre><\/div><p class=\"tp_close_menu\"><a class=\"tp_close\" onclick=\"teachpress_pub_showhide('679','tp_bibtex')\">Close<\/a><\/p><\/div><\/div><\/div><\/div><\/div><\/h1>\n","protected":false},"excerpt":{"rendered":"<p>I am a doctoral candidate at the Institute for European Ethnology of Humboldt-Universit\u00e4t zu Berlin since May 2018. I focus on the intersection of Political Ecology with Science and Technologies Studies. My research interests include local and global connections raised by mining extractivism, as well as human-environmental relations. My research &hellip;<\/p>\n","protected":false},"author":20,"featured_media":0,"parent":3044,"menu_order":92,"comment_status":"closed","ping_status":"closed","template":"","meta":{"footnotes":""},"_links":{"self":[{"href":"https:\/\/www2.hu-berlin.de\/sts\/wp-json\/wp\/v2\/pages\/1860"}],"collection":[{"href":"https:\/\/www2.hu-berlin.de\/sts\/wp-json\/wp\/v2\/pages"}],"about":[{"href":"https:\/\/www2.hu-berlin.de\/sts\/wp-json\/wp\/v2\/types\/page"}],"author":[{"embeddable":true,"href":"https:\/\/www2.hu-berlin.de\/sts\/wp-json\/wp\/v2\/users\/20"}],"replies":[{"embeddable":true,"href":"https:\/\/www2.hu-berlin.de\/sts\/wp-json\/wp\/v2\/comments?post=1860"}],"version-history":[{"count":13,"href":"https:\/\/www2.hu-berlin.de\/sts\/wp-json\/wp\/v2\/pages\/1860\/revisions"}],"predecessor-version":[{"id":2533,"href":"https:\/\/www2.hu-berlin.de\/sts\/wp-json\/wp\/v2\/pages\/1860\/revisions\/2533"}],"up":[{"embeddable":true,"href":"https:\/\/www2.hu-berlin.de\/sts\/wp-json\/wp\/v2\/pages\/3044"}],"wp:attachment":[{"href":"https:\/\/www2.hu-berlin.de\/sts\/wp-json\/wp\/v2\/media?parent=1860"}],"curies":[{"name":"wp","href":"https:\/\/api.w.org\/{rel}","templated":true}]}}