{"id":1869,"date":"2019-01-24T13:33:59","date_gmt":"2019-01-24T12:33:59","guid":{"rendered":"https:\/\/ethnoserver.hu-berlin.de\/sts\/?page_id=1869"},"modified":"2021-06-15T12:48:29","modified_gmt":"2021-06-15T10:48:29","slug":"dymczyk","status":"publish","type":"page","link":"https:\/\/www2.hu-berlin.de\/sts\/people\/current-members\/dymczyk\/","title":{"rendered":"Adina Dymczyk"},"content":{"rendered":"<p><img loading=\"lazy\" decoding=\"async\" class=\"size-full wp-image-1388 alignleft\" src=\"https:\/\/www2.hu-berlin.de\/sts\/wp-content\/uploads\/2020\/01\/Foto_quadratisch__sw.jpg\" alt=\"\" width=\"170\" height=\"170\">I am a doctoral student at the Institute for European Ethnology at Humboldt-Universit\u00e4t zu Berlin. My academic and research background is in European Ethnology, Philosophy and History, which I studied at Freie Universit\u00e4t Berlin, University College Dublin and Humboldt-Universit\u00e4t zu Berlin.<\/p>\n<p>My research interests include social anthropology of science and technology, medical anthropology and memory studies.<\/p>\n<p>In my PhD project I investigate the social, political, economic and technological implications of the phenomenon of transgenerational trauma in the context of medical practice and memory politics.<\/p>\n<p>Contact: <a href=\"mailto:adina.dymczyk@hu-berlin.de\">adina.dymczyk@hu-berlin.de<\/a><\/p>\n<h1>Publications<\/h1>\n<div class=\"teachpress_pub_list\"><form name=\"tppublistform\" method=\"get\"><a name=\"tppubs\" id=\"tppubs\"><\/a><\/form><div class=\"teachpress_publication_list\"><h3 class=\"tp_h3\" id=\"tp_h3_2020\">2020<\/h3><div class=\"tp_publication tp_publication_article\"><div class=\"tp_pub_info\"><p class=\"tp_pub_author\">Petra Beck, Patrick Bieler, Milena Bister, Adina Dymczyk, Janine Hauer, Anna Heitger, D\u017eeneta Hod\u017ei\u0107, Ruzana Liburkina, Stefan Reinsch, Tim Seitz, Christine Schmid, Krystin Unverzagt<\/p><p class=\"tp_pub_title\"><a class=\"tp_title_link\" onclick=\"teachpress_pub_showhide('714','tp_links')\" style=\"cursor:pointer;\">Rezension zu: Groth, Stefan; Ritter, Christian (Hrsg.): Zusammen arbeiten. Praktiken der Koordination und Kooperation in kollaborativen Prozessen. Bielefeld  2019<\/a> <span class=\"tp_pub_type tp_  article\">Journal Article<\/span> <\/p><p class=\"tp_pub_additional\"><span class=\"tp_pub_additional_in\">In: <\/span><span class=\"tp_pub_additional_journal\">H-Soz-Kult, <\/span><span class=\"tp_pub_additional_year\">2020<\/span>.<\/p><p class=\"tp_pub_menu\"><span class=\"tp_resource_link\"><a id=\"tp_links_sh_714\" class=\"tp_show\" onclick=\"teachpress_pub_showhide('714','tp_links')\" title=\"Show links and resources\" style=\"cursor:pointer;\">Links<\/a><\/span><\/p><div class=\"tp_bibtex\" id=\"tp_bibtex_714\" style=\"display:none;\"><div class=\"tp_bibtex_entry\"><pre>@article{Beck2020,<br \/>\r\ntitle = {Rezension zu: Groth, Stefan; Ritter, Christian (Hrsg.): Zusammen arbeiten. Praktiken der Koordination und Kooperation in kollaborativen Prozessen. Bielefeld  2019},<br \/>\r\nauthor = {Petra Beck and Patrick Bieler and Milena Bister and Adina Dymczyk and Janine Hauer and Anna Heitger and D\u017eeneta Hod\u017ei\u0107 and Ruzana Liburkina and Stefan Reinsch and Tim Seitz and Christine Schmid and Krystin Unverzagt},<br \/>\r\nurl = {https:\/\/www.hsozkult.de\/publicationreview\/id\/reb-29122},<br \/>\r\nyear  = {2020},<br \/>\r\ndate = {2020-02-25},<br \/>\r\njournal = {H-Soz-Kult},<br \/>\r\nkeywords = {},<br \/>\r\npubstate = {published},<br \/>\r\ntppubtype = {article}<br \/>\r\n}<br \/>\r\n<\/pre><\/div><p class=\"tp_close_menu\"><a class=\"tp_close\" onclick=\"teachpress_pub_showhide('714','tp_bibtex')\">Close<\/a><\/p><\/div><div class=\"tp_links\" id=\"tp_links_714\" style=\"display:none;\"><div class=\"tp_links_entry\"><ul class=\"tp_pub_list\"><li><i class=\"fas fa-globe\"><\/i><a class=\"tp_pub_list\" href=\"https:\/\/www.hsozkult.de\/publicationreview\/id\/reb-29122\" title=\"https:\/\/www.hsozkult.de\/publicationreview\/id\/reb-29122\" target=\"_blank\">https:\/\/www.hsozkult.de\/publicationreview\/id\/reb-29122<\/a><\/li><\/ul><\/div><p class=\"tp_close_menu\"><a class=\"tp_close\" onclick=\"teachpress_pub_showhide('714','tp_links')\">Close<\/a><\/p><\/div><\/div><\/div><h3 class=\"tp_h3\" id=\"tp_h3_2019\">2019<\/h3><div class=\"tp_publication tp_publication_article\"><div class=\"tp_pub_info\"><p class=\"tp_pub_author\">Sabine Biedermann, Patrick Bieler, Milena Bister, Sascha Cornejo Puschner, Adina Dymczyk, Dennis Eckhardt, Janine Hauer, Maren Heibges, D\u017eeneta Hod\u017ei\u0107, Jonna Josties, Martina Klausner, Anja Klein, C\u00e9line Lauer, Ruzana Liburkina, J\u00f6rg Niew\u00f6hner, Stefan Reinsch, Christine Schmid, Tim Seitz, Itzell Torres, Krystin Unverzagt, Jorge E. Vega-Marrot<\/p><p class=\"tp_pub_title\"><a class=\"tp_title_link\" onclick=\"teachpress_pub_showhide('670','tp_links')\" style=\"cursor:pointer;\">Current work in the Laboratory: Anthropology of Environment | Human Relations: Doing research in a more-than-thought collective<\/a> <span class=\"tp_pub_type tp_  article\">Journal Article<\/span> <\/p><p class=\"tp_pub_additional\"><span class=\"tp_pub_additional_in\">In: <\/span><span class=\"tp_pub_additional_journal\">EASST Review, <\/span><span class=\"tp_pub_additional_volume\">vol. 38, <\/span><span class=\"tp_pub_additional_number\">no. 2, <\/span><span class=\"tp_pub_additional_year\">2019<\/span>.<\/p><p class=\"tp_pub_menu\"><span class=\"tp_resource_link\"><a id=\"tp_links_sh_670\" class=\"tp_show\" onclick=\"teachpress_pub_showhide('670','tp_links')\" title=\"Show links and resources\" style=\"cursor:pointer;\">Links<\/a><\/span><\/p><div class=\"tp_bibtex\" id=\"tp_bibtex_670\" style=\"display:none;\"><div class=\"tp_bibtex_entry\"><pre>@article{Biedermann2019b,<br \/>\r\ntitle = {Current work in the Laboratory: Anthropology of Environment | Human Relations: Doing research in a more-than-thought collective},<br \/>\r\nauthor = {Sabine Biedermann and Patrick Bieler and Milena Bister and Sascha Cornejo Puschner and Adina Dymczyk and Dennis Eckhardt and Janine Hauer and Maren Heibges and D\u017eeneta Hod\u017ei\u0107 and Jonna Josties and Martina Klausner and Anja Klein and C\u00e9line Lauer and Ruzana Liburkina and J\u00f6rg Niew\u00f6hner and Stefan Reinsch and Christine Schmid and Tim Seitz and Itzell Torres and Krystin Unverzagt and Jorge E. Vega-Marrot},<br \/>\r\nurl = {https:\/\/easst.net\/article\/current-work-in-the-laboratory-anthropology-of-environment-human-relations-doing-research-in-a-more-than-thought-collective\/},<br \/>\r\nyear  = {2019},<br \/>\r\ndate = {2019-05-01},<br \/>\r\njournal = {EASST Review},<br \/>\r\nvolume = {38},<br \/>\r\nnumber = {2},<br \/>\r\nkeywords = {},<br \/>\r\npubstate = {published},<br \/>\r\ntppubtype = {article}<br \/>\r\n}<br \/>\r\n<\/pre><\/div><p class=\"tp_close_menu\"><a class=\"tp_close\" onclick=\"teachpress_pub_showhide('670','tp_bibtex')\">Close<\/a><\/p><\/div><div class=\"tp_links\" id=\"tp_links_670\" style=\"display:none;\"><div class=\"tp_links_entry\"><ul class=\"tp_pub_list\"><li><i class=\"fas fa-globe\"><\/i><a class=\"tp_pub_list\" href=\"https:\/\/easst.net\/article\/current-work-in-the-laboratory-anthropology-of-environment-human-relations-doing-research-in-a-more-than-thought-collective\/\" title=\"https:\/\/easst.net\/article\/current-work-in-the-laboratory-anthropology-of-environ[...]\" target=\"_blank\">https:\/\/easst.net\/article\/current-work-in-the-laboratory-anthropology-of-environ[...]<\/a><\/li><\/ul><\/div><p class=\"tp_close_menu\"><a class=\"tp_close\" onclick=\"teachpress_pub_showhide('670','tp_links')\">Close<\/a><\/p><\/div><\/div><\/div><div class=\"tp_publication tp_publication_article\"><div class=\"tp_pub_info\"><p class=\"tp_pub_author\">Sabine Biedermann, Patrick Bieler, Milena Bister, Sascha Cornejo Puschner, Adina Dymczyk, Dennis Eckhardt, Janine Hauer, Maren Heibges, D\u017eeneta Hod\u017ei\u0107, Jonna Josties, Martina Klausner, Anja Klein, C\u00e9line Lauer, Ruzana Liburkina, J\u00f6rg Niew\u00f6hner, Stefan Reinsch, Christine Schmid, Tim Seitz, Itzell Torres, Krystin Unverzagt, Jorge E. Vega-Marrot<\/p><p class=\"tp_pub_title\"><a class=\"tp_title_link\" onclick=\"teachpress_pub_showhide('669','tp_links')\" style=\"cursor:pointer;\">From the Collaboratory Social Anthropology &amp; Life Sciences to the Laboratory: Anthropology of Environment | Human Relations<\/a> <span class=\"tp_pub_type tp_  article\">Journal Article<\/span> <\/p><p class=\"tp_pub_additional\"><span class=\"tp_pub_additional_in\">In: <\/span><span class=\"tp_pub_additional_journal\">EASST Review, <\/span><span class=\"tp_pub_additional_volume\">vol. 38, <\/span><span class=\"tp_pub_additional_number\">no. 2, <\/span><span class=\"tp_pub_additional_year\">2019<\/span>.<\/p><p class=\"tp_pub_menu\"><span class=\"tp_resource_link\"><a id=\"tp_links_sh_669\" class=\"tp_show\" onclick=\"teachpress_pub_showhide('669','tp_links')\" title=\"Show links and resources\" style=\"cursor:pointer;\">Links<\/a><\/span><\/p><div class=\"tp_bibtex\" id=\"tp_bibtex_669\" style=\"display:none;\"><div class=\"tp_bibtex_entry\"><pre>@article{Biedermann2019,<br \/>\r\ntitle = {From the Collaboratory Social Anthropology & Life Sciences to the Laboratory: Anthropology of Environment | Human Relations},<br \/>\r\nauthor = {Sabine Biedermann and Patrick Bieler and Milena Bister and Sascha Cornejo Puschner and Adina Dymczyk and Dennis Eckhardt and Janine Hauer and Maren Heibges and D\u017eeneta Hod\u017ei\u0107 and Jonna Josties and Martina Klausner and Anja Klein and C\u00e9line Lauer and Ruzana Liburkina and J\u00f6rg Niew\u00f6hner and Stefan Reinsch and Christine Schmid and Tim Seitz and Itzell Torres and Krystin Unverzagt and Jorge E. Vega-Marrot},<br \/>\r\nurl = {https:\/\/easst.net\/article\/laboratory-anthropology-of-environmenthuman-relations\/},<br \/>\r\nyear  = {2019},<br \/>\r\ndate = {2019-05-01},<br \/>\r\njournal = {EASST Review},<br \/>\r\nvolume = {38},<br \/>\r\nnumber = {2},<br \/>\r\nkeywords = {},<br \/>\r\npubstate = {published},<br \/>\r\ntppubtype = {article}<br \/>\r\n}<br \/>\r\n<\/pre><\/div><p class=\"tp_close_menu\"><a class=\"tp_close\" onclick=\"teachpress_pub_showhide('669','tp_bibtex')\">Close<\/a><\/p><\/div><div class=\"tp_links\" id=\"tp_links_669\" style=\"display:none;\"><div class=\"tp_links_entry\"><ul class=\"tp_pub_list\"><li><i class=\"fas fa-globe\"><\/i><a class=\"tp_pub_list\" href=\"https:\/\/easst.net\/article\/laboratory-anthropology-of-environmenthuman-relations\/\" title=\"https:\/\/easst.net\/article\/laboratory-anthropology-of-environmenthuman-relations\/\" target=\"_blank\">https:\/\/easst.net\/article\/laboratory-anthropology-of-environmenthuman-relations\/<\/a><\/li><\/ul><\/div><p class=\"tp_close_menu\"><a class=\"tp_close\" onclick=\"teachpress_pub_showhide('669','tp_links')\">Close<\/a><\/p><\/div><\/div><\/div><div class=\"tp_publication tp_publication_book\"><div class=\"tp_pub_info\"><p class=\"tp_pub_author\">Jost Rebentisch, Adina Dymczyk, Thorsten Fehlberg<\/p><p class=\"tp_pub_title\">Trauma, Resilience and Empowerment. Descendants of survivors of Nazi persecution <span class=\"tp_pub_type tp_  book\">Book<\/span> <\/p><p class=\"tp_pub_additional\"><span class=\"tp_pub_additional_publisher\">Mabuse-Verlag, <\/span><span class=\"tp_pub_additional_address\">Frankfurt am Main, <\/span><span class=\"tp_pub_additional_year\">2019<\/span>.<\/p><p class=\"tp_pub_menu\"><\/p><div class=\"tp_bibtex\" id=\"tp_bibtex_706\" style=\"display:none;\"><div class=\"tp_bibtex_entry\"><pre>@book{Rebentisch2019,<br \/>\r\ntitle = {Trauma, Resilience and Empowerment. Descendants of survivors of Nazi persecution},<br \/>\r\nauthor = {Jost Rebentisch and Adina Dymczyk and Thorsten Fehlberg},<br \/>\r\nyear  = {2019},<br \/>\r\ndate = {2019-01-01},<br \/>\r\npublisher = {Mabuse-Verlag},<br \/>\r\naddress = {Frankfurt am Main},<br \/>\r\nkeywords = {},<br \/>\r\npubstate = {published},<br \/>\r\ntppubtype = {book}<br \/>\r\n}<br \/>\r\n<\/pre><\/div><p class=\"tp_close_menu\"><a class=\"tp_close\" onclick=\"teachpress_pub_showhide('706','tp_bibtex')\">Close<\/a><\/p><\/div><\/div><\/div><h3 class=\"tp_h3\" id=\"tp_h3_2018\">2018<\/h3><div class=\"tp_publication tp_publication_incollection\"><div class=\"tp_pub_info\"><p class=\"tp_pub_author\">Adina Dymczyk, Anja Schwalbe<\/p><p class=\"tp_pub_title\">Einsichtige Arbeitszeit | Transparenz in der elektronischen Personalzeiterfassung <span class=\"tp_pub_type tp_  incollection\">Book Section<\/span> <\/p><p class=\"tp_pub_additional\"><span class=\"tp_pub_additional_in\">In: <\/span>Maren Heibges (Ed.): <span class=\"tp_pub_additional_booktitle\">Transparenz. Schl\u00fcsselbegriff einer politischen Anthropologie der Gegenwart, <\/span><span class=\"tp_pub_additional_pages\">pp. 76-91, <\/span><span class=\"tp_pub_additional_publisher\">Panama, <\/span><span class=\"tp_pub_additional_address\">Berlin, <\/span><span class=\"tp_pub_additional_year\">2018<\/span>.<\/p><p class=\"tp_pub_menu\"><\/p><div class=\"tp_bibtex\" id=\"tp_bibtex_704\" style=\"display:none;\"><div class=\"tp_bibtex_entry\"><pre>@incollection{Dymczyk2018,<br \/>\r\ntitle = {Einsichtige Arbeitszeit | Transparenz in der elektronischen Personalzeiterfassung},<br \/>\r\nauthor = {Adina Dymczyk and Anja Schwalbe},<br \/>\r\neditor = {Maren Heibges},<br \/>\r\nyear  = {2018},<br \/>\r\ndate = {2018-01-01},<br \/>\r\nbooktitle = {Transparenz. Schl\u00fcsselbegriff einer politischen Anthropologie der Gegenwart},<br \/>\r\npages = {76-91},<br \/>\r\npublisher = {Panama},<br \/>\r\naddress = {Berlin},<br \/>\r\nkeywords = {},<br \/>\r\npubstate = {published},<br \/>\r\ntppubtype = {incollection}<br \/>\r\n}<br \/>\r\n<\/pre><\/div><p class=\"tp_close_menu\"><a class=\"tp_close\" onclick=\"teachpress_pub_showhide('704','tp_bibtex')\">Close<\/a><\/p><\/div><\/div><\/div><div class=\"tp_publication tp_publication_incollection\"><div class=\"tp_pub_info\"><p class=\"tp_pub_author\">Adina Dymczyk, Thorsten Fehlberg<\/p><p class=\"tp_pub_title\">Forschungsfeld Folgegenerationen. Arbeitsgruppen zur Arbeit von und mit Nachkommen von NS-Verfolgten <span class=\"tp_pub_type tp_  incollection\">Book Section<\/span> <\/p><p class=\"tp_pub_additional\"><span class=\"tp_pub_additional_in\">In: <\/span>\u00dcberleben, Bundesverband Information und Beratung f\u00fcr NS-Verfolgte e.V. (Ed.): <span class=\"tp_pub_additional_volume\">vol. 20, <\/span><span class=\"tp_pub_additional_year\">2018<\/span>.<\/p><p class=\"tp_pub_menu\"><\/p><div class=\"tp_bibtex\" id=\"tp_bibtex_705\" style=\"display:none;\"><div class=\"tp_bibtex_entry\"><pre>@incollection{Dymczyk2018b,<br \/>\r\ntitle = {Forschungsfeld Folgegenerationen. Arbeitsgruppen zur Arbeit von und mit Nachkommen von NS-Verfolgten},<br \/>\r\nauthor = {Adina Dymczyk and Thorsten Fehlberg},<br \/>\r\neditor = {\u00dcberleben, Bundesverband Information und Beratung f\u00fcr NS-Verfolgte e.V.},<br \/>\r\nyear  = {2018},<br \/>\r\ndate = {2018-01-01},<br \/>\r\nvolume = {20},<br \/>\r\nkeywords = {},<br \/>\r\npubstate = {published},<br \/>\r\ntppubtype = {incollection}<br \/>\r\n}<br \/>\r\n<\/pre><\/div><p class=\"tp_close_menu\"><a class=\"tp_close\" onclick=\"teachpress_pub_showhide('705','tp_bibtex')\">Close<\/a><\/p><\/div><\/div><\/div><h3 class=\"tp_h3\" id=\"tp_h3_2012\">2012<\/h3><div class=\"tp_publication tp_publication_incollection\"><div class=\"tp_pub_info\"><p class=\"tp_pub_author\">Adina Dymczyk<\/p><p class=\"tp_pub_title\">Holocaust-Gedenktage in den Mitgliedstaaten der OSZE <span class=\"tp_pub_type tp_  incollection\">Book Section<\/span> <\/p><p class=\"tp_pub_additional\"><span class=\"tp_pub_additional_in\">In: <\/span>Thomas Lutz (Ed.): <span class=\"tp_pub_additional_booktitle\">Gedenkst\u00e4ttenrundbrief, <\/span><span class=\"tp_pub_additional_number\">no. 155, <\/span><span class=\"tp_pub_additional_year\">2012<\/span>.<\/p><p class=\"tp_pub_menu\"><\/p><div class=\"tp_bibtex\" id=\"tp_bibtex_703\" style=\"display:none;\"><div class=\"tp_bibtex_entry\"><pre>@incollection{Dymczyk2012,<br \/>\r\ntitle = {Holocaust-Gedenktage in den Mitgliedstaaten der OSZE},<br \/>\r\nauthor = {Adina Dymczyk},<br \/>\r\neditor = {Thomas Lutz},<br \/>\r\nyear  = {2012},<br \/>\r\ndate = {2012-06-01},<br \/>\r\nbooktitle = {Gedenkst\u00e4ttenrundbrief},<br \/>\r\njournal = {Gedenkst\u00e4ttenrundbrief},<br \/>\r\nnumber = {155},<br \/>\r\nkeywords = {},<br \/>\r\npubstate = {published},<br \/>\r\ntppubtype = {incollection}<br \/>\r\n}<br \/>\r\n<\/pre><\/div><p class=\"tp_close_menu\"><a class=\"tp_close\" onclick=\"teachpress_pub_showhide('703','tp_bibtex')\">Close<\/a><\/p><\/div><\/div><\/div><\/div><\/div>\n","protected":false},"excerpt":{"rendered":"<p>I am a doctoral student at the Institute for European Ethnology at Humboldt-Universit\u00e4t zu Berlin. My academic and research background is in European Ethnology, Philosophy and History, which I studied at Freie Universit\u00e4t Berlin, University College Dublin and Humboldt-Universit\u00e4t zu Berlin. My research interests include social anthropology of science and &hellip;<\/p>\n","protected":false},"author":18,"featured_media":0,"parent":3044,"menu_order":24,"comment_status":"closed","ping_status":"closed","template":"","meta":{"footnotes":""},"_links":{"self":[{"href":"https:\/\/www2.hu-berlin.de\/sts\/wp-json\/wp\/v2\/pages\/1869"}],"collection":[{"href":"https:\/\/www2.hu-berlin.de\/sts\/wp-json\/wp\/v2\/pages"}],"about":[{"href":"https:\/\/www2.hu-berlin.de\/sts\/wp-json\/wp\/v2\/types\/page"}],"author":[{"embeddable":true,"href":"https:\/\/www2.hu-berlin.de\/sts\/wp-json\/wp\/v2\/users\/18"}],"replies":[{"embeddable":true,"href":"https:\/\/www2.hu-berlin.de\/sts\/wp-json\/wp\/v2\/comments?post=1869"}],"version-history":[{"count":8,"href":"https:\/\/www2.hu-berlin.de\/sts\/wp-json\/wp\/v2\/pages\/1869\/revisions"}],"predecessor-version":[{"id":2508,"href":"https:\/\/www2.hu-berlin.de\/sts\/wp-json\/wp\/v2\/pages\/1869\/revisions\/2508"}],"up":[{"embeddable":true,"href":"https:\/\/www2.hu-berlin.de\/sts\/wp-json\/wp\/v2\/pages\/3044"}],"wp:attachment":[{"href":"https:\/\/www2.hu-berlin.de\/sts\/wp-json\/wp\/v2\/media?parent=1869"}],"curies":[{"name":"wp","href":"https:\/\/api.w.org\/{rel}","templated":true}]}}