{"id":1965,"date":"2019-03-09T14:00:21","date_gmt":"2019-03-09T13:00:21","guid":{"rendered":"https:\/\/ethnoserver.hu-berlin.de\/sts\/?page_id=1965"},"modified":"2021-06-15T12:50:02","modified_gmt":"2021-06-15T10:50:02","slug":"reinsch","status":"publish","type":"page","link":"https:\/\/www2.hu-berlin.de\/sts\/people\/current-members\/reinsch\/","title":{"rendered":"Stefan Reinsch"},"content":{"rendered":"<p><img loading=\"lazy\" decoding=\"async\" class=\"alignleft size-full wp-image-1968\" src=\"https:\/\/www2.hu-berlin.de\/sts\/wp-content\/uploads\/2019\/03\/Stefan-Reinsch-e1552135977533.jpg\" alt=\"\" width=\"170\" height=\"170\">I&#8217;m a medical doctor and anthropologist who conducts ethnographic research at the intersection of Clinical Medicine, Medical Anthropology and Science &amp; Technology Studies. A graduate from the Institute for European Ethnology, I currently work as postdoctoral researcher at the<a href=\"http:\/\/www.imgwf.uni-luebeck.de\/333.html?L=1\"> Institute for the History of Medicine &amp; Science Studies<\/a>, University of L\u00fcbeck. As part of a multidisciplinary team&nbsp;I investigate&nbsp;<a href=\"http:\/\/www.imgwf.uni-luebeck.de\/preggi.html\">the Meanings and Practices of non-invasive Prenatal Genetic Diagnostics in Germany and Israel<\/a>. Previously, I worked at the Department of Pediatrics of Charit\u00e9 University Medical Centre in Berlin and at CERMES3 &#8211; The Research Centre on Medicine, Science, Mental Health and Society in Paris.<\/p>\n<p>Since 2006 I am conducting a longterm ethnographic study on the \u201ePractices of everyday life with a chronic illness\u201c in collaboration with a community living and working with cystic fibrosis. In other projects I looked at the entanglements of clinical and scientific work in the negotiations around the emerging diagnostic label \u201eat-risk mental state\u201c in french- and germanspeaking societies, and the Negotiations of agency and deservingness between \u2018improper users\u2019, medical staff and diagnostic infrastructure in the Emergency Department.<\/p>\n<p style=\"text-align: left; margin-bottom: 5px;\">Contact: <a href=\"mailto:reinsch@imgwf.uni-luebeck.de\">reinsch@imgwf.uni-luebeck.de<\/a><\/p>\n<p>Find me also at: <a href=\"https:\/\/uksh.academia.edu\/StefanReinsch\">Academia<\/a> \u0399 <a href=\"https:\/\/www.researchgate.net\/profile\/Stefan_Reinsch2\">Researchgate<\/a><\/p>\n<h1>Publications<\/h1>\n<div class=\"teachpress_pub_list\"><form name=\"tppublistform\" method=\"get\"><a name=\"tppubs\" id=\"tppubs\"><\/a><\/form><div class=\"teachpress_publication_list\"><h3 class=\"tp_h3\" id=\"tp_h3_2021\">2021<\/h3><div class=\"tp_publication tp_publication_article\"><div class=\"tp_pub_info\"><p class=\"tp_pub_author\">Stefan Reinsch, Anika K\u00f6nig, Christoph Rehmann-Sutter<\/p><p class=\"tp_pub_title\"><a class=\"tp_title_link\" onclick=\"teachpress_pub_showhide('717','tp_links')\" style=\"cursor:pointer;\">Decision-making about non-invasive prenatal testing: women\u2019s moral reasoning in the absence of a risk of miscarriage in Germany<\/a> <span class=\"tp_pub_type tp_  article\">Journal Article<\/span> <\/p><p class=\"tp_pub_additional\"><span class=\"tp_pub_additional_in\">In: <\/span><span class=\"tp_pub_additional_journal\">New Genetics and Society, <\/span><span class=\"tp_pub_additional_volume\">vol. 40, <\/span><span class=\"tp_pub_additional_number\">no. 2, <\/span><span class=\"tp_pub_additional_pages\">pp. 199-215 , <\/span><span class=\"tp_pub_additional_year\">2021<\/span>.<\/p><p class=\"tp_pub_menu\"><span class=\"tp_resource_link\"><a id=\"tp_links_sh_717\" class=\"tp_show\" onclick=\"teachpress_pub_showhide('717','tp_links')\" title=\"Show links and resources\" style=\"cursor:pointer;\">Links<\/a><\/span><\/p><div class=\"tp_bibtex\" id=\"tp_bibtex_717\" style=\"display:none;\"><div class=\"tp_bibtex_entry\"><pre>@article{Reinsch2021,<br \/>\r\ntitle = {Decision-making about non-invasive prenatal testing: women\u2019s moral reasoning in the absence of a risk of miscarriage in Germany},<br \/>\r\nauthor = {Stefan Reinsch and Anika K\u00f6nig and Christoph Rehmann-Sutter},<br \/>\r\ndoi = {10.1080\/14636778.2020.1805305},<br \/>\r\nyear  = {2021},<br \/>\r\ndate = {2021-08-01},<br \/>\r\nurldate = {2020-08-16},<br \/>\r\njournal = {New Genetics and Society},<br \/>\r\nvolume = {40},<br \/>\r\nnumber = {2},<br \/>\r\npages = {199-215 },<br \/>\r\nkeywords = {},<br \/>\r\npubstate = {published},<br \/>\r\ntppubtype = {article}<br \/>\r\n}<br \/>\r\n<\/pre><\/div><p class=\"tp_close_menu\"><a class=\"tp_close\" onclick=\"teachpress_pub_showhide('717','tp_bibtex')\">Close<\/a><\/p><\/div><div class=\"tp_links\" id=\"tp_links_717\" style=\"display:none;\"><div class=\"tp_links_entry\"><ul class=\"tp_pub_list\"><li><i class=\"ai ai-doi\"><\/i><a class=\"tp_pub_list\" href=\"https:\/\/dx.doi.org\/10.1080\/14636778.2020.1805305\" title=\"Follow DOI:10.1080\/14636778.2020.1805305\" target=\"_blank\">doi:10.1080\/14636778.2020.1805305<\/a><\/li><\/ul><\/div><p class=\"tp_close_menu\"><a class=\"tp_close\" onclick=\"teachpress_pub_showhide('717','tp_links')\">Close<\/a><\/p><\/div><\/div><\/div><h3 class=\"tp_h3\" id=\"tp_h3_2020\">2020<\/h3><div class=\"tp_publication tp_publication_article\"><div class=\"tp_pub_info\"><p class=\"tp_pub_author\">Petra Beck, Patrick Bieler, Milena Bister, Adina Dymczyk, Janine Hauer, Anna Heitger, D\u017eeneta Hod\u017ei\u0107, Ruzana Liburkina, Stefan Reinsch, Tim Seitz, Christine Schmid, Krystin Unverzagt<\/p><p class=\"tp_pub_title\"><a class=\"tp_title_link\" onclick=\"teachpress_pub_showhide('714','tp_links')\" style=\"cursor:pointer;\">Rezension zu: Groth, Stefan; Ritter, Christian (Hrsg.): Zusammen arbeiten. Praktiken der Koordination und Kooperation in kollaborativen Prozessen. Bielefeld  2019<\/a> <span class=\"tp_pub_type tp_  article\">Journal Article<\/span> <\/p><p class=\"tp_pub_additional\"><span class=\"tp_pub_additional_in\">In: <\/span><span class=\"tp_pub_additional_journal\">H-Soz-Kult, <\/span><span class=\"tp_pub_additional_year\">2020<\/span>.<\/p><p class=\"tp_pub_menu\"><span class=\"tp_resource_link\"><a id=\"tp_links_sh_714\" class=\"tp_show\" onclick=\"teachpress_pub_showhide('714','tp_links')\" title=\"Show links and resources\" style=\"cursor:pointer;\">Links<\/a><\/span><\/p><div class=\"tp_bibtex\" id=\"tp_bibtex_714\" style=\"display:none;\"><div class=\"tp_bibtex_entry\"><pre>@article{Beck2020,<br \/>\r\ntitle = {Rezension zu: Groth, Stefan; Ritter, Christian (Hrsg.): Zusammen arbeiten. Praktiken der Koordination und Kooperation in kollaborativen Prozessen. Bielefeld  2019},<br \/>\r\nauthor = {Petra Beck and Patrick Bieler and Milena Bister and Adina Dymczyk and Janine Hauer and Anna Heitger and D\u017eeneta Hod\u017ei\u0107 and Ruzana Liburkina and Stefan Reinsch and Tim Seitz and Christine Schmid and Krystin Unverzagt},<br \/>\r\nurl = {https:\/\/www.hsozkult.de\/publicationreview\/id\/reb-29122},<br \/>\r\nyear  = {2020},<br \/>\r\ndate = {2020-02-25},<br \/>\r\njournal = {H-Soz-Kult},<br \/>\r\nkeywords = {},<br \/>\r\npubstate = {published},<br \/>\r\ntppubtype = {article}<br \/>\r\n}<br \/>\r\n<\/pre><\/div><p class=\"tp_close_menu\"><a class=\"tp_close\" onclick=\"teachpress_pub_showhide('714','tp_bibtex')\">Close<\/a><\/p><\/div><div class=\"tp_links\" id=\"tp_links_714\" style=\"display:none;\"><div class=\"tp_links_entry\"><ul class=\"tp_pub_list\"><li><i class=\"fas fa-globe\"><\/i><a class=\"tp_pub_list\" href=\"https:\/\/www.hsozkult.de\/publicationreview\/id\/reb-29122\" title=\"https:\/\/www.hsozkult.de\/publicationreview\/id\/reb-29122\" target=\"_blank\">https:\/\/www.hsozkult.de\/publicationreview\/id\/reb-29122<\/a><\/li><\/ul><\/div><p class=\"tp_close_menu\"><a class=\"tp_close\" onclick=\"teachpress_pub_showhide('714','tp_links')\">Close<\/a><\/p><\/div><\/div><\/div><h3 class=\"tp_h3\" id=\"tp_h3_2019\">2019<\/h3><div class=\"tp_publication tp_publication_article\"><div class=\"tp_pub_info\"><p class=\"tp_pub_author\">Sabine Biedermann, Patrick Bieler, Milena Bister, Sascha Cornejo Puschner, Adina Dymczyk, Dennis Eckhardt, Janine Hauer, Maren Heibges, D\u017eeneta Hod\u017ei\u0107, Jonna Josties, Martina Klausner, Anja Klein, C\u00e9line Lauer, Ruzana Liburkina, J\u00f6rg Niew\u00f6hner, Stefan Reinsch, Christine Schmid, Tim Seitz, Itzell Torres, Krystin Unverzagt, Jorge E. Vega-Marrot<\/p><p class=\"tp_pub_title\"><a class=\"tp_title_link\" onclick=\"teachpress_pub_showhide('670','tp_links')\" style=\"cursor:pointer;\">Current work in the Laboratory: Anthropology of Environment | Human Relations: Doing research in a more-than-thought collective<\/a> <span class=\"tp_pub_type tp_  article\">Journal Article<\/span> <\/p><p class=\"tp_pub_additional\"><span class=\"tp_pub_additional_in\">In: <\/span><span class=\"tp_pub_additional_journal\">EASST Review, <\/span><span class=\"tp_pub_additional_volume\">vol. 38, <\/span><span class=\"tp_pub_additional_number\">no. 2, <\/span><span class=\"tp_pub_additional_year\">2019<\/span>.<\/p><p class=\"tp_pub_menu\"><span class=\"tp_resource_link\"><a id=\"tp_links_sh_670\" class=\"tp_show\" onclick=\"teachpress_pub_showhide('670','tp_links')\" title=\"Show links and resources\" style=\"cursor:pointer;\">Links<\/a><\/span><\/p><div class=\"tp_bibtex\" id=\"tp_bibtex_670\" style=\"display:none;\"><div class=\"tp_bibtex_entry\"><pre>@article{Biedermann2019b,<br \/>\r\ntitle = {Current work in the Laboratory: Anthropology of Environment | Human Relations: Doing research in a more-than-thought collective},<br \/>\r\nauthor = {Sabine Biedermann and Patrick Bieler and Milena Bister and Sascha Cornejo Puschner and Adina Dymczyk and Dennis Eckhardt and Janine Hauer and Maren Heibges and D\u017eeneta Hod\u017ei\u0107 and Jonna Josties and Martina Klausner and Anja Klein and C\u00e9line Lauer and Ruzana Liburkina and J\u00f6rg Niew\u00f6hner and Stefan Reinsch and Christine Schmid and Tim Seitz and Itzell Torres and Krystin Unverzagt and Jorge E. Vega-Marrot},<br \/>\r\nurl = {https:\/\/easst.net\/article\/current-work-in-the-laboratory-anthropology-of-environment-human-relations-doing-research-in-a-more-than-thought-collective\/},<br \/>\r\nyear  = {2019},<br \/>\r\ndate = {2019-05-01},<br \/>\r\njournal = {EASST Review},<br \/>\r\nvolume = {38},<br \/>\r\nnumber = {2},<br \/>\r\nkeywords = {},<br \/>\r\npubstate = {published},<br \/>\r\ntppubtype = {article}<br \/>\r\n}<br \/>\r\n<\/pre><\/div><p class=\"tp_close_menu\"><a class=\"tp_close\" onclick=\"teachpress_pub_showhide('670','tp_bibtex')\">Close<\/a><\/p><\/div><div class=\"tp_links\" id=\"tp_links_670\" style=\"display:none;\"><div class=\"tp_links_entry\"><ul class=\"tp_pub_list\"><li><i class=\"fas fa-globe\"><\/i><a class=\"tp_pub_list\" href=\"https:\/\/easst.net\/article\/current-work-in-the-laboratory-anthropology-of-environment-human-relations-doing-research-in-a-more-than-thought-collective\/\" title=\"https:\/\/easst.net\/article\/current-work-in-the-laboratory-anthropology-of-environ[...]\" target=\"_blank\">https:\/\/easst.net\/article\/current-work-in-the-laboratory-anthropology-of-environ[...]<\/a><\/li><\/ul><\/div><p class=\"tp_close_menu\"><a class=\"tp_close\" onclick=\"teachpress_pub_showhide('670','tp_links')\">Close<\/a><\/p><\/div><\/div><\/div><div class=\"tp_publication tp_publication_article\"><div class=\"tp_pub_info\"><p class=\"tp_pub_author\">Sabine Biedermann, Patrick Bieler, Milena Bister, Sascha Cornejo Puschner, Adina Dymczyk, Dennis Eckhardt, Janine Hauer, Maren Heibges, D\u017eeneta Hod\u017ei\u0107, Jonna Josties, Martina Klausner, Anja Klein, C\u00e9line Lauer, Ruzana Liburkina, J\u00f6rg Niew\u00f6hner, Stefan Reinsch, Christine Schmid, Tim Seitz, Itzell Torres, Krystin Unverzagt, Jorge E. Vega-Marrot<\/p><p class=\"tp_pub_title\"><a class=\"tp_title_link\" onclick=\"teachpress_pub_showhide('669','tp_links')\" style=\"cursor:pointer;\">From the Collaboratory Social Anthropology &amp; Life Sciences to the Laboratory: Anthropology of Environment | Human Relations<\/a> <span class=\"tp_pub_type tp_  article\">Journal Article<\/span> <\/p><p class=\"tp_pub_additional\"><span class=\"tp_pub_additional_in\">In: <\/span><span class=\"tp_pub_additional_journal\">EASST Review, <\/span><span class=\"tp_pub_additional_volume\">vol. 38, <\/span><span class=\"tp_pub_additional_number\">no. 2, <\/span><span class=\"tp_pub_additional_year\">2019<\/span>.<\/p><p class=\"tp_pub_menu\"><span class=\"tp_resource_link\"><a id=\"tp_links_sh_669\" class=\"tp_show\" onclick=\"teachpress_pub_showhide('669','tp_links')\" title=\"Show links and resources\" style=\"cursor:pointer;\">Links<\/a><\/span><\/p><div class=\"tp_bibtex\" id=\"tp_bibtex_669\" style=\"display:none;\"><div class=\"tp_bibtex_entry\"><pre>@article{Biedermann2019,<br \/>\r\ntitle = {From the Collaboratory Social Anthropology & Life Sciences to the Laboratory: Anthropology of Environment | Human Relations},<br \/>\r\nauthor = {Sabine Biedermann and Patrick Bieler and Milena Bister and Sascha Cornejo Puschner and Adina Dymczyk and Dennis Eckhardt and Janine Hauer and Maren Heibges and D\u017eeneta Hod\u017ei\u0107 and Jonna Josties and Martina Klausner and Anja Klein and C\u00e9line Lauer and Ruzana Liburkina and J\u00f6rg Niew\u00f6hner and Stefan Reinsch and Christine Schmid and Tim Seitz and Itzell Torres and Krystin Unverzagt and Jorge E. Vega-Marrot},<br \/>\r\nurl = {https:\/\/easst.net\/article\/laboratory-anthropology-of-environmenthuman-relations\/},<br \/>\r\nyear  = {2019},<br \/>\r\ndate = {2019-05-01},<br \/>\r\njournal = {EASST Review},<br \/>\r\nvolume = {38},<br \/>\r\nnumber = {2},<br \/>\r\nkeywords = {},<br \/>\r\npubstate = {published},<br \/>\r\ntppubtype = {article}<br \/>\r\n}<br \/>\r\n<\/pre><\/div><p class=\"tp_close_menu\"><a class=\"tp_close\" onclick=\"teachpress_pub_showhide('669','tp_bibtex')\">Close<\/a><\/p><\/div><div class=\"tp_links\" id=\"tp_links_669\" style=\"display:none;\"><div class=\"tp_links_entry\"><ul class=\"tp_pub_list\"><li><i class=\"fas fa-globe\"><\/i><a class=\"tp_pub_list\" href=\"https:\/\/easst.net\/article\/laboratory-anthropology-of-environmenthuman-relations\/\" title=\"https:\/\/easst.net\/article\/laboratory-anthropology-of-environmenthuman-relations\/\" target=\"_blank\">https:\/\/easst.net\/article\/laboratory-anthropology-of-environmenthuman-relations\/<\/a><\/li><\/ul><\/div><p class=\"tp_close_menu\"><a class=\"tp_close\" onclick=\"teachpress_pub_showhide('669','tp_links')\">Close<\/a><\/p><\/div><\/div><\/div><h3 class=\"tp_h3\" id=\"tp_h3_2018\">2018<\/h3><div class=\"tp_publication tp_publication_article\"><div class=\"tp_pub_info\"><p class=\"tp_pub_author\">Stefan Reinsch, J\u00f6rg Niew\u00f6hner, Doris Staab<\/p><p class=\"tp_pub_title\">The Ecology of Care in Cystic Fibrosis. Identification, decision making and learning in a community living and working with a rare chronic illness <span class=\"tp_pub_type tp_  article\">Journal Article<\/span> <\/p><p class=\"tp_pub_additional\"><span class=\"tp_pub_additional_in\">In: <\/span><span class=\"tp_pub_additional_journal\">Curare \u2013 Journal of Medical Anthropology, <\/span><span class=\"tp_pub_additional_volume\">vol. 41, <\/span><span class=\"tp_pub_additional_number\">no. 1+2, <\/span><span class=\"tp_pub_additional_pages\">pp. 111-129, <\/span><span class=\"tp_pub_additional_year\">2018<\/span>.<\/p><p class=\"tp_pub_menu\"><\/p><div class=\"tp_bibtex\" id=\"tp_bibtex_671\" style=\"display:none;\"><div class=\"tp_bibtex_entry\"><pre>@article{Reinsch2018,<br \/>\r\ntitle = {The Ecology of Care in Cystic Fibrosis. Identification, decision making and learning in a community living and working with a rare chronic illness},<br \/>\r\nauthor = {Stefan Reinsch and J\u00f6rg Niew\u00f6hner and Doris Staab},<br \/>\r\nyear  = {2018},<br \/>\r\ndate = {2018-05-01},<br \/>\r\njournal = {Curare \u2013 Journal of Medical Anthropology},<br \/>\r\nvolume = {41},<br \/>\r\nnumber = {1+2},<br \/>\r\npages = {111-129},<br \/>\r\nkeywords = {},<br \/>\r\npubstate = {published},<br \/>\r\ntppubtype = {article}<br \/>\r\n}<br \/>\r\n<\/pre><\/div><p class=\"tp_close_menu\"><a class=\"tp_close\" onclick=\"teachpress_pub_showhide('671','tp_bibtex')\">Close<\/a><\/p><\/div><\/div><\/div><h3 class=\"tp_h3\" id=\"tp_h3_2016\">2016<\/h3><div class=\"tp_publication tp_publication_article\"><div class=\"tp_pub_info\"><p class=\"tp_pub_author\">Stefan Reinsch, J\u00f6rg Niew\u00f6hner, Doris Staab<\/p><p class=\"tp_pub_title\"><a class=\"tp_title_link\" onclick=\"teachpress_pub_showhide('20','tp_links')\" style=\"cursor:pointer;\">When Care Strikes Back: Some Strategies and Tactics for Dealing with Ambivalence of Visibility in Chronic Illness<\/a> <span class=\"tp_pub_type tp_  article\">Journal Article<\/span> <\/p><p class=\"tp_pub_additional\"><span class=\"tp_pub_additional_in\">In: <\/span><span class=\"tp_pub_additional_journal\">Irish Journal of Anthropology, <\/span><span class=\"tp_pub_additional_volume\">vol. 19, <\/span><span class=\"tp_pub_additional_number\">no. 1, <\/span><span class=\"tp_pub_additional_pages\">pp. 82\u201390, <\/span><span class=\"tp_pub_additional_year\">2016<\/span>.<\/p><p class=\"tp_pub_menu\"><span class=\"tp_resource_link\"><a id=\"tp_links_sh_20\" class=\"tp_show\" onclick=\"teachpress_pub_showhide('20','tp_links')\" title=\"Show links and resources\" style=\"cursor:pointer;\">Links<\/a><\/span><\/p><div class=\"tp_bibtex\" id=\"tp_bibtex_20\" style=\"display:none;\"><div class=\"tp_bibtex_entry\"><pre>@article{ReinschNiewohnerStaab2016,<br \/>\r\ntitle = {When Care Strikes Back: Some Strategies and Tactics for Dealing with Ambivalence of Visibility in Chronic Illness},<br \/>\r\nauthor = {Stefan Reinsch and J\u00f6rg Niew\u00f6hner and Doris Staab},<br \/>\r\nurl = {http:\/\/www.anthropologyireland.org\/index.php\/ija-journal\/journal-archives\/82-2016\/113-2016-1<br \/>\r\nhttps:\/\/edoc.hu-berlin.de\/handle\/18452\/18854},<br \/>\r\nyear  = {2016},<br \/>\r\ndate = {2016-01-01},<br \/>\r\njournal = {Irish Journal of Anthropology},<br \/>\r\nvolume = {19},<br \/>\r\nnumber = {1},<br \/>\r\npages = {82--90},<br \/>\r\nkeywords = {},<br \/>\r\npubstate = {published},<br \/>\r\ntppubtype = {article}<br \/>\r\n}<br \/>\r\n<\/pre><\/div><p class=\"tp_close_menu\"><a class=\"tp_close\" onclick=\"teachpress_pub_showhide('20','tp_bibtex')\">Close<\/a><\/p><\/div><div class=\"tp_links\" id=\"tp_links_20\" style=\"display:none;\"><div class=\"tp_links_entry\"><ul class=\"tp_pub_list\"><li><i class=\"fas fa-globe\"><\/i><a class=\"tp_pub_list\" href=\"http:\/\/www.anthropologyireland.org\/index.php\/ija-journal\/journal-archives\/82-2016\/113-2016-1\" title=\"http:\/\/www.anthropologyireland.org\/index.php\/ija-journal\/journal-archives\/82-201[...]\" target=\"_blank\">http:\/\/www.anthropologyireland.org\/index.php\/ija-journal\/journal-archives\/82-201[...]<\/a><\/li><li><i class=\"fas fa-globe\"><\/i><a class=\"tp_pub_list\" href=\"https:\/\/edoc.hu-berlin.de\/handle\/18452\/18854\" title=\"https:\/\/edoc.hu-berlin.de\/handle\/18452\/18854\" target=\"_blank\">https:\/\/edoc.hu-berlin.de\/handle\/18452\/18854<\/a><\/li><\/ul><\/div><p class=\"tp_close_menu\"><a class=\"tp_close\" onclick=\"teachpress_pub_showhide('20','tp_links')\">Close<\/a><\/p><\/div><\/div><\/div><\/div><\/div>\n","protected":false},"excerpt":{"rendered":"<p>I&#8217;m a medical doctor and anthropologist who conducts ethnographic research at the intersection of Clinical Medicine, Medical Anthropology and Science &amp; Technology Studies. A graduate from the Institute for European Ethnology, I currently work as postdoctoral researcher at the Institute for the History of Medicine &amp; Science Studies, University of &hellip;<\/p>\n","protected":false},"author":24,"featured_media":0,"parent":3044,"menu_order":94,"comment_status":"closed","ping_status":"closed","template":"","meta":{"footnotes":""},"_links":{"self":[{"href":"https:\/\/www2.hu-berlin.de\/sts\/wp-json\/wp\/v2\/pages\/1965"}],"collection":[{"href":"https:\/\/www2.hu-berlin.de\/sts\/wp-json\/wp\/v2\/pages"}],"about":[{"href":"https:\/\/www2.hu-berlin.de\/sts\/wp-json\/wp\/v2\/types\/page"}],"author":[{"embeddable":true,"href":"https:\/\/www2.hu-berlin.de\/sts\/wp-json\/wp\/v2\/users\/24"}],"replies":[{"embeddable":true,"href":"https:\/\/www2.hu-berlin.de\/sts\/wp-json\/wp\/v2\/comments?post=1965"}],"version-history":[{"count":23,"href":"https:\/\/www2.hu-berlin.de\/sts\/wp-json\/wp\/v2\/pages\/1965\/revisions"}],"predecessor-version":[{"id":2535,"href":"https:\/\/www2.hu-berlin.de\/sts\/wp-json\/wp\/v2\/pages\/1965\/revisions\/2535"}],"up":[{"embeddable":true,"href":"https:\/\/www2.hu-berlin.de\/sts\/wp-json\/wp\/v2\/pages\/3044"}],"wp:attachment":[{"href":"https:\/\/www2.hu-berlin.de\/sts\/wp-json\/wp\/v2\/media?parent=1965"}],"curies":[{"name":"wp","href":"https:\/\/api.w.org\/{rel}","templated":true}]}}