{"id":2014,"date":"2019-04-02T13:09:43","date_gmt":"2019-04-02T11:09:43","guid":{"rendered":"https:\/\/ethnoserver.hu-berlin.de\/sts\/?page_id=2014"},"modified":"2021-06-15T12:50:15","modified_gmt":"2021-06-15T10:50:15","slug":"vega","status":"publish","type":"page","link":"https:\/\/www2.hu-berlin.de\/sts\/people\/current-members\/vega\/","title":{"rendered":"Jorge Vega"},"content":{"rendered":"\r\n<div style=\"float: left; clear: left;\">\r\n<p><img loading=\"lazy\" decoding=\"async\" class=\"alignleft\" src=\"https:\/\/www2.hu-berlin.de\/sts\/wp-content\/uploads\/2019\/04\/Vega2-e1554203943669.jpg\" alt=\"Jorge Vega\" width=\"170\" height=\"170\" \/> I am a doctoral researcher at IRI THESys.<\/p>\r\n<p>My research interests cross multiple disciplines and perspectives. I work through Political Philosophy, Social Anthropology, Biology, Psychology, and Arts, to try to understand human-nature relations, especially in contexts of environmental conflicts.<\/p>\r\n<p>My current research deals with the emergence of environmental social movements related to mining in Mexico. I focus on the genealogy of organizations in conflicting scenarios, from a Political Ecology perspective.<\/p>\r\n<\/div>\r\n<p style=\"text-align: left; margin-bottom: 5px;\">Contact: <a href=\"mailto:jorge.vega@hu-berlin.de \">jorge.vega@hu-berlin.de <\/a><\/p>\r\n<p>Find me also at: <a href=\"https:\/\/www.iri-thesys.org\/people\/vega-marrot\"> IRI THESys <\/a><\/p>\r\n<h1>Publications<\/h1>\r\n<div class=\"teachpress_pub_list\"><form name=\"tppublistform\" method=\"get\"><a name=\"tppubs\" id=\"tppubs\"><\/a><\/form><div class=\"teachpress_publication_list\"><h3 class=\"tp_h3\" id=\"tp_h3_2019\">2019<\/h3><div class=\"tp_publication tp_publication_article\"><div class=\"tp_pub_info\"><p class=\"tp_pub_author\">Sabine Biedermann, Patrick Bieler, Milena Bister, Sascha Cornejo Puschner, Adina Dymczyk, Dennis Eckhardt, Janine Hauer, Maren Heibges, D\u017eeneta Hod\u017ei\u0107, Jonna Josties, Martina Klausner, Anja Klein, C\u00e9line Lauer, Ruzana Liburkina, J\u00f6rg Niew\u00f6hner, Stefan Reinsch, Christine Schmid, Tim Seitz, Itzell Torres, Krystin Unverzagt, Jorge E. Vega-Marrot<\/p><p class=\"tp_pub_title\"><a class=\"tp_title_link\" onclick=\"teachpress_pub_showhide('670','tp_links')\" style=\"cursor:pointer;\">Current work in the Laboratory: Anthropology of Environment | Human Relations: Doing research in a more-than-thought collective<\/a> <span class=\"tp_pub_type tp_  article\">Journal Article<\/span> <\/p><p class=\"tp_pub_additional\"><span class=\"tp_pub_additional_in\">In: <\/span><span class=\"tp_pub_additional_journal\">EASST Review, <\/span><span class=\"tp_pub_additional_volume\">vol. 38, <\/span><span class=\"tp_pub_additional_number\">no. 2, <\/span><span class=\"tp_pub_additional_year\">2019<\/span>.<\/p><p class=\"tp_pub_menu\"><span class=\"tp_resource_link\"><a id=\"tp_links_sh_670\" class=\"tp_show\" onclick=\"teachpress_pub_showhide('670','tp_links')\" title=\"Show links and resources\" style=\"cursor:pointer;\">Links<\/a><\/span><\/p><div class=\"tp_bibtex\" id=\"tp_bibtex_670\" style=\"display:none;\"><div class=\"tp_bibtex_entry\"><pre>@article{Biedermann2019b,<br \/>\r\ntitle = {Current work in the Laboratory: Anthropology of Environment | Human Relations: Doing research in a more-than-thought collective},<br \/>\r\nauthor = {Sabine Biedermann and Patrick Bieler and Milena Bister and Sascha Cornejo Puschner and Adina Dymczyk and Dennis Eckhardt and Janine Hauer and Maren Heibges and D\u017eeneta Hod\u017ei\u0107 and Jonna Josties and Martina Klausner and Anja Klein and C\u00e9line Lauer and Ruzana Liburkina and J\u00f6rg Niew\u00f6hner and Stefan Reinsch and Christine Schmid and Tim Seitz and Itzell Torres and Krystin Unverzagt and Jorge E. Vega-Marrot},<br \/>\r\nurl = {https:\/\/easst.net\/article\/current-work-in-the-laboratory-anthropology-of-environment-human-relations-doing-research-in-a-more-than-thought-collective\/},<br \/>\r\nyear  = {2019},<br \/>\r\ndate = {2019-05-01},<br \/>\r\njournal = {EASST Review},<br \/>\r\nvolume = {38},<br \/>\r\nnumber = {2},<br \/>\r\nkeywords = {},<br \/>\r\npubstate = {published},<br \/>\r\ntppubtype = {article}<br \/>\r\n}<br \/>\r\n<\/pre><\/div><p class=\"tp_close_menu\"><a class=\"tp_close\" onclick=\"teachpress_pub_showhide('670','tp_bibtex')\">Close<\/a><\/p><\/div><div class=\"tp_links\" id=\"tp_links_670\" style=\"display:none;\"><div class=\"tp_links_entry\"><ul class=\"tp_pub_list\"><li><i class=\"fas fa-globe\"><\/i><a class=\"tp_pub_list\" href=\"https:\/\/easst.net\/article\/current-work-in-the-laboratory-anthropology-of-environment-human-relations-doing-research-in-a-more-than-thought-collective\/\" title=\"https:\/\/easst.net\/article\/current-work-in-the-laboratory-anthropology-of-environ[...]\" target=\"_blank\">https:\/\/easst.net\/article\/current-work-in-the-laboratory-anthropology-of-environ[...]<\/a><\/li><\/ul><\/div><p class=\"tp_close_menu\"><a class=\"tp_close\" onclick=\"teachpress_pub_showhide('670','tp_links')\">Close<\/a><\/p><\/div><\/div><\/div><div class=\"tp_publication tp_publication_article\"><div class=\"tp_pub_info\"><p class=\"tp_pub_author\">Sabine Biedermann, Patrick Bieler, Milena Bister, Sascha Cornejo Puschner, Adina Dymczyk, Dennis Eckhardt, Janine Hauer, Maren Heibges, D\u017eeneta Hod\u017ei\u0107, Jonna Josties, Martina Klausner, Anja Klein, C\u00e9line Lauer, Ruzana Liburkina, J\u00f6rg Niew\u00f6hner, Stefan Reinsch, Christine Schmid, Tim Seitz, Itzell Torres, Krystin Unverzagt, Jorge E. Vega-Marrot<\/p><p class=\"tp_pub_title\"><a class=\"tp_title_link\" onclick=\"teachpress_pub_showhide('669','tp_links')\" style=\"cursor:pointer;\">From the Collaboratory Social Anthropology &amp; Life Sciences to the Laboratory: Anthropology of Environment | Human Relations<\/a> <span class=\"tp_pub_type tp_  article\">Journal Article<\/span> <\/p><p class=\"tp_pub_additional\"><span class=\"tp_pub_additional_in\">In: <\/span><span class=\"tp_pub_additional_journal\">EASST Review, <\/span><span class=\"tp_pub_additional_volume\">vol. 38, <\/span><span class=\"tp_pub_additional_number\">no. 2, <\/span><span class=\"tp_pub_additional_year\">2019<\/span>.<\/p><p class=\"tp_pub_menu\"><span class=\"tp_resource_link\"><a id=\"tp_links_sh_669\" class=\"tp_show\" onclick=\"teachpress_pub_showhide('669','tp_links')\" title=\"Show links and resources\" style=\"cursor:pointer;\">Links<\/a><\/span><\/p><div class=\"tp_bibtex\" id=\"tp_bibtex_669\" style=\"display:none;\"><div class=\"tp_bibtex_entry\"><pre>@article{Biedermann2019,<br \/>\r\ntitle = {From the Collaboratory Social Anthropology & Life Sciences to the Laboratory: Anthropology of Environment | Human Relations},<br \/>\r\nauthor = {Sabine Biedermann and Patrick Bieler and Milena Bister and Sascha Cornejo Puschner and Adina Dymczyk and Dennis Eckhardt and Janine Hauer and Maren Heibges and D\u017eeneta Hod\u017ei\u0107 and Jonna Josties and Martina Klausner and Anja Klein and C\u00e9line Lauer and Ruzana Liburkina and J\u00f6rg Niew\u00f6hner and Stefan Reinsch and Christine Schmid and Tim Seitz and Itzell Torres and Krystin Unverzagt and Jorge E. Vega-Marrot},<br \/>\r\nurl = {https:\/\/easst.net\/article\/laboratory-anthropology-of-environmenthuman-relations\/},<br \/>\r\nyear  = {2019},<br \/>\r\ndate = {2019-05-01},<br \/>\r\njournal = {EASST Review},<br \/>\r\nvolume = {38},<br \/>\r\nnumber = {2},<br \/>\r\nkeywords = {},<br \/>\r\npubstate = {published},<br \/>\r\ntppubtype = {article}<br \/>\r\n}<br \/>\r\n<\/pre><\/div><p class=\"tp_close_menu\"><a class=\"tp_close\" onclick=\"teachpress_pub_showhide('669','tp_bibtex')\">Close<\/a><\/p><\/div><div class=\"tp_links\" id=\"tp_links_669\" style=\"display:none;\"><div class=\"tp_links_entry\"><ul class=\"tp_pub_list\"><li><i class=\"fas fa-globe\"><\/i><a class=\"tp_pub_list\" href=\"https:\/\/easst.net\/article\/laboratory-anthropology-of-environmenthuman-relations\/\" title=\"https:\/\/easst.net\/article\/laboratory-anthropology-of-environmenthuman-relations\/\" target=\"_blank\">https:\/\/easst.net\/article\/laboratory-anthropology-of-environmenthuman-relations\/<\/a><\/li><\/ul><\/div><p class=\"tp_close_menu\"><a class=\"tp_close\" onclick=\"teachpress_pub_showhide('669','tp_links')\">Close<\/a><\/p><\/div><\/div><\/div><h3 class=\"tp_h3\" id=\"tp_h3_2013\">2013<\/h3><div class=\"tp_publication tp_publication_incollection\"><div class=\"tp_pub_info\"><p class=\"tp_pub_author\">Jorge E. Vega-Marrot<\/p><p class=\"tp_pub_title\">Ensayos. [Essays] <span class=\"tp_pub_type tp_  incollection\">Book Section<\/span> <\/p><p class=\"tp_pub_additional\"><span class=\"tp_pub_additional_in\">In: <\/span><span class=\"tp_pub_additional_booktitle\">Antologi\u0301a de la Fundacio\u0301n para las Letras Mexicanas: Diez an\u0303os. Ciudad de Me\u0301xico: Fundacio\u0301n para las Letras Mexicanas., <\/span><span class=\"tp_pub_additional_year\">2013<\/span>.<\/p><p class=\"tp_pub_menu\"><\/p><div class=\"tp_bibtex\" id=\"tp_bibtex_712\" style=\"display:none;\"><div class=\"tp_bibtex_entry\"><pre>@incollection{Vega-Marrot2013b,<br \/>\r\ntitle = {Ensayos. [Essays]},<br \/>\r\nauthor = {Jorge E. Vega-Marrot},<br \/>\r\nyear  = {2013},<br \/>\r\ndate = {2013-01-02},<br \/>\r\nbooktitle = {Antologi\u0301a de la Fundacio\u0301n para las Letras Mexicanas: Diez an\u0303os. Ciudad de Me\u0301xico: Fundacio\u0301n para las Letras Mexicanas.},<br \/>\r\nkeywords = {},<br \/>\r\npubstate = {published},<br \/>\r\ntppubtype = {incollection}<br \/>\r\n}<br \/>\r\n<\/pre><\/div><p class=\"tp_close_menu\"><a class=\"tp_close\" onclick=\"teachpress_pub_showhide('712','tp_bibtex')\">Close<\/a><\/p><\/div><\/div><\/div><div class=\"tp_publication tp_publication_incollection\"><div class=\"tp_pub_info\"><p class=\"tp_pub_author\">Jorge E. Vega-Marrot<\/p><p class=\"tp_pub_title\">El Zarco: Episodios de la Vida Mexicana 1861-63. [El Zarco: Episodes of Mexican Life 1861-63] <span class=\"tp_pub_type tp_  incollection\">Book Section<\/span> <\/p><p class=\"tp_pub_additional\"><span class=\"tp_pub_additional_in\">In: <\/span><span class=\"tp_pub_additional_booktitle\">Enciclopedia de la Literatura en Me\u0301xico, <\/span><span class=\"tp_pub_additional_publisher\">Ciudad de Me\u0301xico: CONACULTA &amp; Fundacio\u0301n para las Letras Mexicanas, <\/span><span class=\"tp_pub_additional_year\">2013<\/span>.<\/p><p class=\"tp_pub_menu\"><\/p><div class=\"tp_bibtex\" id=\"tp_bibtex_711\" style=\"display:none;\"><div class=\"tp_bibtex_entry\"><pre>@incollection{Vega-Marrot2013,<br \/>\r\ntitle = {El Zarco: Episodios de la Vida Mexicana 1861-63. [El Zarco: Episodes of Mexican Life 1861-63]},<br \/>\r\nauthor = {Jorge E. Vega-Marrot},<br \/>\r\nyear  = {2013},<br \/>\r\ndate = {2013-01-01},<br \/>\r\nbooktitle = {Enciclopedia de la Literatura en Me\u0301xico},<br \/>\r\npublisher = {Ciudad de Me\u0301xico: CONACULTA & Fundacio\u0301n para las Letras Mexicanas},<br \/>\r\nkeywords = {},<br \/>\r\npubstate = {published},<br \/>\r\ntppubtype = {incollection}<br \/>\r\n}<br \/>\r\n<\/pre><\/div><p class=\"tp_close_menu\"><a class=\"tp_close\" onclick=\"teachpress_pub_showhide('711','tp_bibtex')\">Close<\/a><\/p><\/div><\/div><\/div><h3 class=\"tp_h3\" id=\"tp_h3_2012\">2012<\/h3><div class=\"tp_publication tp_publication_article\"><div class=\"tp_pub_info\"><p class=\"tp_pub_author\">Jorge E. Vega-Marrot<\/p><p class=\"tp_pub_title\">Las Moscas. [The flies] <span class=\"tp_pub_type tp_  article\">Journal Article<\/span> <\/p><p class=\"tp_pub_additional\"><span class=\"tp_pub_additional_in\">In: <\/span><span class=\"tp_pub_additional_journal\">Pliego , <\/span><span class=\"tp_pub_additional_volume\">vol. 16, <\/span><span class=\"tp_pub_additional_pages\">pp. 14, <\/span><span class=\"tp_pub_additional_year\">2012<\/span>.<\/p><p class=\"tp_pub_menu\"><\/p><div class=\"tp_bibtex\" id=\"tp_bibtex_710\" style=\"display:none;\"><div class=\"tp_bibtex_entry\"><pre>@article{Vega-Marrot2012b,<br \/>\r\ntitle = {Las Moscas. [The flies]},<br \/>\r\nauthor = {Jorge E. Vega-Marrot},<br \/>\r\nyear  = {2012},<br \/>\r\ndate = {2012-02-01},<br \/>\r\njournal = {Pliego },<br \/>\r\nvolume = {16},<br \/>\r\npages = {14},<br \/>\r\nkeywords = {},<br \/>\r\npubstate = {published},<br \/>\r\ntppubtype = {article}<br \/>\r\n}<br \/>\r\n<\/pre><\/div><p class=\"tp_close_menu\"><a class=\"tp_close\" onclick=\"teachpress_pub_showhide('710','tp_bibtex')\">Close<\/a><\/p><\/div><\/div><\/div><div class=\"tp_publication tp_publication_article\"><div class=\"tp_pub_info\"><p class=\"tp_pub_author\">Jorge E. Vega-Marrot<\/p><p class=\"tp_pub_title\">El secreto bancario. [Bank Secrecy] <span class=\"tp_pub_type tp_  article\">Journal Article<\/span> <\/p><p class=\"tp_pub_additional\"><span class=\"tp_pub_additional_in\">In: <\/span><span class=\"tp_pub_additional_journal\"> Este Pai\u0301s, <\/span><span class=\"tp_pub_additional_number\">no. 252, <\/span><span class=\"tp_pub_additional_pages\">pp. 26-27, <\/span><span class=\"tp_pub_additional_year\">2012<\/span>.<\/p><p class=\"tp_pub_menu\"><\/p><div class=\"tp_bibtex\" id=\"tp_bibtex_709\" style=\"display:none;\"><div class=\"tp_bibtex_entry\"><pre>@article{Vega-Marrot2012,<br \/>\r\ntitle = {El secreto bancario. [Bank Secrecy]},<br \/>\r\nauthor = {Jorge E. Vega-Marrot},<br \/>\r\nyear  = {2012},<br \/>\r\ndate = {2012-01-01},<br \/>\r\njournal = { Este Pai\u0301s},<br \/>\r\nnumber = {252},<br \/>\r\npages = {26-27},<br \/>\r\nkeywords = {},<br \/>\r\npubstate = {published},<br \/>\r\ntppubtype = {article}<br \/>\r\n}<br \/>\r\n<\/pre><\/div><p class=\"tp_close_menu\"><a class=\"tp_close\" onclick=\"teachpress_pub_showhide('709','tp_bibtex')\">Close<\/a><\/p><\/div><\/div><\/div><h3 class=\"tp_h3\" id=\"tp_h3_2011\">2011<\/h3><div class=\"tp_publication tp_publication_article\"><div class=\"tp_pub_info\"><p class=\"tp_pub_author\">Armando Navarrete-Segueda, Elisa del Rosario Talanc\u00f3n-S\u00e1nchez, Alin Nadyely Torres-D\u00edaz, Jorge E. Vega-Marrot<\/p><p class=\"tp_pub_title\">La composici\u00f3n y estructura de palmas (Arecaceae) dependen de las condiciones biof\u00edsicas en la selva Lacandona, M\u00e9xico [The composition and structure of palms (Arecaceae) depend on biophysical conditions in the Lacandon forest, Mexico.]      <span class=\"tp_pub_type tp_  article\">Journal Article<\/span> <\/p><p class=\"tp_pub_additional\"><span class=\"tp_pub_additional_in\">In: <\/span><span class=\"tp_pub_additional_journal\">The Mexican Naturalist, <\/span><span class=\"tp_pub_additional_number\">no. 2, <\/span><span class=\"tp_pub_additional_pages\">pp. 19-14, <\/span><span class=\"tp_pub_additional_year\">2011<\/span>.<\/p><p class=\"tp_pub_menu\"><span class=\"tp_abstract_link\"><a id=\"tp_abstract_sh_708\" class=\"tp_show\" onclick=\"teachpress_pub_showhide('708','tp_abstract')\" title=\"Show abstract\" style=\"cursor:pointer;\">Abstract<\/a><\/span><\/p><div class=\"tp_bibtex\" id=\"tp_bibtex_708\" style=\"display:none;\"><div class=\"tp_bibtex_entry\"><pre>@article{Navarrete-Segueda2011,<br \/>\r\ntitle = {La composici\u00f3n y estructura de palmas (Arecaceae) dependen de las condiciones biof\u00edsicas en la selva Lacandona, M\u00e9xico [The composition and structure of palms (Arecaceae) depend on biophysical conditions in the Lacandon forest, Mexico.]     },<br \/>\r\nauthor = {Armando Navarrete-Segueda and Elisa del Rosario Talanc\u00f3n-S\u00e1nchez and Alin Nadyely Torres-D\u00edaz and Jorge E. Vega-Marrot},<br \/>\r\nyear  = {2011},<br \/>\r\ndate = {2011-03-01},<br \/>\r\njournal = {The Mexican Naturalist},<br \/>\r\nnumber = {2},<br \/>\r\npages = {19-14},<br \/>\r\nabstract = {Entender  las causas que determinan la distribuci\u00f3n y abundancia de las especies es un gran reto en ecolog\u00eda y biolog\u00eda de la conservaci\u00f3n. En el caso de las plantas, existen diversos factores que influyen directa o indirectamente en su establecimiento, supervivencia y capacidad reproductiva. En selvas h\u00famedas, factores abi\u00f3ticos como la luz y la humedad han sido ampliamente estudiados como determinantes en el establecimiento de las especies arb\u00f3reas; sin embargo, el impacto que tienen las propiedades biof\u00edsicas y del suelo sobre la vegetaci\u00f3n han recibido poca atenci\u00f3n. Este trabajo evalu\u00f3 la relaci\u00f3n entre la composici\u00f3n y estructura de la comunidad de palmas (Arecaceae) y las condiciones biof\u00edsicas en tres unidades geomorfol\u00f3gicas de la Selva Lacandona. Los resultados muestran que la variaci\u00f3n en el establecimiento de la comunidad de Arecaceae son explicadas por las condiciones biof\u00edsicas evaluadas en un acumulado de 81%. Esto indica que las poblaciones de esta familia est\u00e1n estrechamente ligadas a la heterogeneidad local del \u00e1rea de estudio, es decir, dependen del microrelieve, la pendiente, la orientaci\u00f3n y las propiedades ed\u00e1ficas. Este conocimiento es \u00fatil para favorecer el crecimiento de estos organismos, ya sea para su producci\u00f3n, restauraci\u00f3n o su introducci\u00f3n para el enriquecimiento de un \u00e1rea.},<br \/>\r\nkeywords = {},<br \/>\r\npubstate = {published},<br \/>\r\ntppubtype = {article}<br \/>\r\n}<br \/>\r\n<\/pre><\/div><p class=\"tp_close_menu\"><a class=\"tp_close\" onclick=\"teachpress_pub_showhide('708','tp_bibtex')\">Close<\/a><\/p><\/div><div class=\"tp_abstract\" id=\"tp_abstract_708\" style=\"display:none;\"><div class=\"tp_abstract_entry\">Entender  las causas que determinan la distribuci\u00f3n y abundancia de las especies es un gran reto en ecolog\u00eda y biolog\u00eda de la conservaci\u00f3n. En el caso de las plantas, existen diversos factores que influyen directa o indirectamente en su establecimiento, supervivencia y capacidad reproductiva. En selvas h\u00famedas, factores abi\u00f3ticos como la luz y la humedad han sido ampliamente estudiados como determinantes en el establecimiento de las especies arb\u00f3reas; sin embargo, el impacto que tienen las propiedades biof\u00edsicas y del suelo sobre la vegetaci\u00f3n han recibido poca atenci\u00f3n. Este trabajo evalu\u00f3 la relaci\u00f3n entre la composici\u00f3n y estructura de la comunidad de palmas (Arecaceae) y las condiciones biof\u00edsicas en tres unidades geomorfol\u00f3gicas de la Selva Lacandona. Los resultados muestran que la variaci\u00f3n en el establecimiento de la comunidad de Arecaceae son explicadas por las condiciones biof\u00edsicas evaluadas en un acumulado de 81%. Esto indica que las poblaciones de esta familia est\u00e1n estrechamente ligadas a la heterogeneidad local del \u00e1rea de estudio, es decir, dependen del microrelieve, la pendiente, la orientaci\u00f3n y las propiedades ed\u00e1ficas. Este conocimiento es \u00fatil para favorecer el crecimiento de estos organismos, ya sea para su producci\u00f3n, restauraci\u00f3n o su introducci\u00f3n para el enriquecimiento de un \u00e1rea.<\/div><p class=\"tp_close_menu\"><a class=\"tp_close\" onclick=\"teachpress_pub_showhide('708','tp_abstract')\">Close<\/a><\/p><\/div><\/div><\/div><\/div><\/div>\r\n<p><\/p>","protected":false},"excerpt":{"rendered":"<p>I am a doctoral researcher at IRI THESys. My research interests cross multiple disciplines and perspectives. I work through Political Philosophy, Social Anthropology, Biology, Psychology, and Arts, to try to understand human-nature relations, especially in contexts of environmental conflicts. My current research deals with the emergence of environmental social movements &hellip;<\/p>\n","protected":false},"author":25,"featured_media":0,"parent":3044,"menu_order":100,"comment_status":"closed","ping_status":"closed","template":"","meta":{"footnotes":""},"_links":{"self":[{"href":"https:\/\/www2.hu-berlin.de\/sts\/wp-json\/wp\/v2\/pages\/2014"}],"collection":[{"href":"https:\/\/www2.hu-berlin.de\/sts\/wp-json\/wp\/v2\/pages"}],"about":[{"href":"https:\/\/www2.hu-berlin.de\/sts\/wp-json\/wp\/v2\/types\/page"}],"author":[{"embeddable":true,"href":"https:\/\/www2.hu-berlin.de\/sts\/wp-json\/wp\/v2\/users\/25"}],"replies":[{"embeddable":true,"href":"https:\/\/www2.hu-berlin.de\/sts\/wp-json\/wp\/v2\/comments?post=2014"}],"version-history":[{"count":19,"href":"https:\/\/www2.hu-berlin.de\/sts\/wp-json\/wp\/v2\/pages\/2014\/revisions"}],"predecessor-version":[{"id":3055,"href":"https:\/\/www2.hu-berlin.de\/sts\/wp-json\/wp\/v2\/pages\/2014\/revisions\/3055"}],"up":[{"embeddable":true,"href":"https:\/\/www2.hu-berlin.de\/sts\/wp-json\/wp\/v2\/pages\/3044"}],"wp:attachment":[{"href":"https:\/\/www2.hu-berlin.de\/sts\/wp-json\/wp\/v2\/media?parent=2014"}],"curies":[{"name":"wp","href":"https:\/\/api.w.org\/{rel}","templated":true}]}}