{"id":2026,"date":"2019-04-02T13:43:22","date_gmt":"2019-04-02T11:43:22","guid":{"rendered":"https:\/\/ethnoserver.hu-berlin.de\/sts\/?page_id=2026"},"modified":"2021-06-15T12:47:58","modified_gmt":"2021-06-15T10:47:58","slug":"biedermann","status":"publish","type":"page","link":"https:\/\/www2.hu-berlin.de\/sts\/people\/current-members\/biedermann\/","title":{"rendered":"Sabine Biedermann"},"content":{"rendered":"<div style=\"float: left; clear: left;\">\n<p><img loading=\"lazy\" decoding=\"async\" class=\"alignleft\" src=\"https:\/\/www2.hu-berlin.de\/sts\/wp-content\/uploads\/2020\/01\/Sabine-Profilfoto.jpg\" alt=\"Sabine Biedermann\" width=\"170\" height=\"170\" \/> I am a doctoral fellow at the Technical University of Berlin.<br \/>\nMy research interests comprise Social Anthropology of Science and Technology, Medical Anthropology, Human-Environment Relations, Multispecies Ethnography and Posthumanism.<br \/>\nMy current research deals with the question of how the human microbiome is enacted in everyday practices and how scientific and lay communities work with it and intervene it. I focus on human-bacterial collaborations towards health and wellbeing.<\/p>\n<\/div>\n<p style=\"text-align: left; margin-bottom: 5px;\">Contact: <a href=\"mailto:sabine.biedermannc@tu-berlin.de\">sabine.biedermannc@tu-berlin.de<\/a><\/p>\n<p style=\"text-align: left;\">Find me also at: <a href=\"https:\/\/www.innovation.tu-berlin.de\/v_menue\/kollegiatinnen\/3_kohorte_042018_032021\/biedermann_camposano_sabine\/parameter\/en\/\">Innovation Society Today, TU Berlin<\/a><\/p>\n<h1>Publications<\/h1>\n<div class=\"teachpress_pub_list\"><form name=\"tppublistform\" method=\"get\"><a name=\"tppubs\" id=\"tppubs\"><\/a><\/form><div class=\"teachpress_publication_list\"><h3 class=\"tp_h3\" id=\"tp_h3_2019\">2019<\/h3><div class=\"tp_publication tp_publication_article\"><div class=\"tp_pub_info\"><p class=\"tp_pub_author\">Sabine Biedermann, Patrick Bieler, Milena Bister, Sascha Cornejo Puschner, Adina Dymczyk, Dennis Eckhardt, Janine Hauer, Maren Heibges, D\u017eeneta Hod\u017ei\u0107, Jonna Josties, Martina Klausner, Anja Klein, C\u00e9line Lauer, Ruzana Liburkina, J\u00f6rg Niew\u00f6hner, Stefan Reinsch, Christine Schmid, Tim Seitz, Itzell Torres, Krystin Unverzagt, Jorge E. Vega-Marrot<\/p><p class=\"tp_pub_title\"><a class=\"tp_title_link\" onclick=\"teachpress_pub_showhide('670','tp_links')\" style=\"cursor:pointer;\">Current work in the Laboratory: Anthropology of Environment | Human Relations: Doing research in a more-than-thought collective<\/a> <span class=\"tp_pub_type tp_  article\">Journal Article<\/span> <\/p><p class=\"tp_pub_additional\"><span class=\"tp_pub_additional_in\">In: <\/span><span class=\"tp_pub_additional_journal\">EASST Review, <\/span><span class=\"tp_pub_additional_volume\">vol. 38, <\/span><span class=\"tp_pub_additional_number\">no. 2, <\/span><span class=\"tp_pub_additional_year\">2019<\/span>.<\/p><p class=\"tp_pub_menu\"><span class=\"tp_resource_link\"><a id=\"tp_links_sh_670\" class=\"tp_show\" onclick=\"teachpress_pub_showhide('670','tp_links')\" title=\"Show links and resources\" style=\"cursor:pointer;\">Links<\/a><\/span><\/p><div class=\"tp_bibtex\" id=\"tp_bibtex_670\" style=\"display:none;\"><div class=\"tp_bibtex_entry\"><pre>@article{Biedermann2019b,<br \/>\r\ntitle = {Current work in the Laboratory: Anthropology of Environment | Human Relations: Doing research in a more-than-thought collective},<br \/>\r\nauthor = {Sabine Biedermann and Patrick Bieler and Milena Bister and Sascha Cornejo Puschner and Adina Dymczyk and Dennis Eckhardt and Janine Hauer and Maren Heibges and D\u017eeneta Hod\u017ei\u0107 and Jonna Josties and Martina Klausner and Anja Klein and C\u00e9line Lauer and Ruzana Liburkina and J\u00f6rg Niew\u00f6hner and Stefan Reinsch and Christine Schmid and Tim Seitz and Itzell Torres and Krystin Unverzagt and Jorge E. Vega-Marrot},<br \/>\r\nurl = {https:\/\/easst.net\/article\/current-work-in-the-laboratory-anthropology-of-environment-human-relations-doing-research-in-a-more-than-thought-collective\/},<br \/>\r\nyear  = {2019},<br \/>\r\ndate = {2019-05-01},<br \/>\r\njournal = {EASST Review},<br \/>\r\nvolume = {38},<br \/>\r\nnumber = {2},<br \/>\r\nkeywords = {},<br \/>\r\npubstate = {published},<br \/>\r\ntppubtype = {article}<br \/>\r\n}<br \/>\r\n<\/pre><\/div><p class=\"tp_close_menu\"><a class=\"tp_close\" onclick=\"teachpress_pub_showhide('670','tp_bibtex')\">Close<\/a><\/p><\/div><div class=\"tp_links\" id=\"tp_links_670\" style=\"display:none;\"><div class=\"tp_links_entry\"><ul class=\"tp_pub_list\"><li><i class=\"fas fa-globe\"><\/i><a class=\"tp_pub_list\" href=\"https:\/\/easst.net\/article\/current-work-in-the-laboratory-anthropology-of-environment-human-relations-doing-research-in-a-more-than-thought-collective\/\" title=\"https:\/\/easst.net\/article\/current-work-in-the-laboratory-anthropology-of-environ[...]\" target=\"_blank\">https:\/\/easst.net\/article\/current-work-in-the-laboratory-anthropology-of-environ[...]<\/a><\/li><\/ul><\/div><p class=\"tp_close_menu\"><a class=\"tp_close\" onclick=\"teachpress_pub_showhide('670','tp_links')\">Close<\/a><\/p><\/div><\/div><\/div><div class=\"tp_publication tp_publication_article\"><div class=\"tp_pub_info\"><p class=\"tp_pub_author\">Sabine Biedermann, Patrick Bieler, Milena Bister, Sascha Cornejo Puschner, Adina Dymczyk, Dennis Eckhardt, Janine Hauer, Maren Heibges, D\u017eeneta Hod\u017ei\u0107, Jonna Josties, Martina Klausner, Anja Klein, C\u00e9line Lauer, Ruzana Liburkina, J\u00f6rg Niew\u00f6hner, Stefan Reinsch, Christine Schmid, Tim Seitz, Itzell Torres, Krystin Unverzagt, Jorge E. Vega-Marrot<\/p><p class=\"tp_pub_title\"><a class=\"tp_title_link\" onclick=\"teachpress_pub_showhide('669','tp_links')\" style=\"cursor:pointer;\">From the Collaboratory Social Anthropology &amp; Life Sciences to the Laboratory: Anthropology of Environment | Human Relations<\/a> <span class=\"tp_pub_type tp_  article\">Journal Article<\/span> <\/p><p class=\"tp_pub_additional\"><span class=\"tp_pub_additional_in\">In: <\/span><span class=\"tp_pub_additional_journal\">EASST Review, <\/span><span class=\"tp_pub_additional_volume\">vol. 38, <\/span><span class=\"tp_pub_additional_number\">no. 2, <\/span><span class=\"tp_pub_additional_year\">2019<\/span>.<\/p><p class=\"tp_pub_menu\"><span class=\"tp_resource_link\"><a id=\"tp_links_sh_669\" class=\"tp_show\" onclick=\"teachpress_pub_showhide('669','tp_links')\" title=\"Show links and resources\" style=\"cursor:pointer;\">Links<\/a><\/span><\/p><div class=\"tp_bibtex\" id=\"tp_bibtex_669\" style=\"display:none;\"><div class=\"tp_bibtex_entry\"><pre>@article{Biedermann2019,<br \/>\r\ntitle = {From the Collaboratory Social Anthropology & Life Sciences to the Laboratory: Anthropology of Environment | Human Relations},<br \/>\r\nauthor = {Sabine Biedermann and Patrick Bieler and Milena Bister and Sascha Cornejo Puschner and Adina Dymczyk and Dennis Eckhardt and Janine Hauer and Maren Heibges and D\u017eeneta Hod\u017ei\u0107 and Jonna Josties and Martina Klausner and Anja Klein and C\u00e9line Lauer and Ruzana Liburkina and J\u00f6rg Niew\u00f6hner and Stefan Reinsch and Christine Schmid and Tim Seitz and Itzell Torres and Krystin Unverzagt and Jorge E. Vega-Marrot},<br \/>\r\nurl = {https:\/\/easst.net\/article\/laboratory-anthropology-of-environmenthuman-relations\/},<br \/>\r\nyear  = {2019},<br \/>\r\ndate = {2019-05-01},<br \/>\r\njournal = {EASST Review},<br \/>\r\nvolume = {38},<br \/>\r\nnumber = {2},<br \/>\r\nkeywords = {},<br \/>\r\npubstate = {published},<br \/>\r\ntppubtype = {article}<br \/>\r\n}<br \/>\r\n<\/pre><\/div><p class=\"tp_close_menu\"><a class=\"tp_close\" onclick=\"teachpress_pub_showhide('669','tp_bibtex')\">Close<\/a><\/p><\/div><div class=\"tp_links\" id=\"tp_links_669\" style=\"display:none;\"><div class=\"tp_links_entry\"><ul class=\"tp_pub_list\"><li><i class=\"fas fa-globe\"><\/i><a class=\"tp_pub_list\" href=\"https:\/\/easst.net\/article\/laboratory-anthropology-of-environmenthuman-relations\/\" title=\"https:\/\/easst.net\/article\/laboratory-anthropology-of-environmenthuman-relations\/\" target=\"_blank\">https:\/\/easst.net\/article\/laboratory-anthropology-of-environmenthuman-relations\/<\/a><\/li><\/ul><\/div><p class=\"tp_close_menu\"><a class=\"tp_close\" onclick=\"teachpress_pub_showhide('669','tp_links')\">Close<\/a><\/p><\/div><\/div><\/div><\/div><\/div>\n","protected":false},"excerpt":{"rendered":"<p>I am a doctoral fellow at the Technical University of Berlin. My research interests comprise Social Anthropology of Science and Technology, Medical Anthropology, Human-Environment Relations, Multispecies Ethnography and Posthumanism. My current research deals with the question of how the human microbiome is enacted in everyday practices and how scientific and &hellip;<\/p>\n","protected":false},"author":26,"featured_media":0,"parent":3044,"menu_order":15,"comment_status":"closed","ping_status":"closed","template":"","meta":{"footnotes":""},"_links":{"self":[{"href":"https:\/\/www2.hu-berlin.de\/sts\/wp-json\/wp\/v2\/pages\/2026"}],"collection":[{"href":"https:\/\/www2.hu-berlin.de\/sts\/wp-json\/wp\/v2\/pages"}],"about":[{"href":"https:\/\/www2.hu-berlin.de\/sts\/wp-json\/wp\/v2\/types\/page"}],"author":[{"embeddable":true,"href":"https:\/\/www2.hu-berlin.de\/sts\/wp-json\/wp\/v2\/users\/26"}],"replies":[{"embeddable":true,"href":"https:\/\/www2.hu-berlin.de\/sts\/wp-json\/wp\/v2\/comments?post=2026"}],"version-history":[{"count":9,"href":"https:\/\/www2.hu-berlin.de\/sts\/wp-json\/wp\/v2\/pages\/2026\/revisions"}],"predecessor-version":[{"id":3054,"href":"https:\/\/www2.hu-berlin.de\/sts\/wp-json\/wp\/v2\/pages\/2026\/revisions\/3054"}],"up":[{"embeddable":true,"href":"https:\/\/www2.hu-berlin.de\/sts\/wp-json\/wp\/v2\/pages\/3044"}],"wp:attachment":[{"href":"https:\/\/www2.hu-berlin.de\/sts\/wp-json\/wp\/v2\/media?parent=2026"}],"curies":[{"name":"wp","href":"https:\/\/api.w.org\/{rel}","templated":true}]}}