{"id":2451,"date":"2019-12-03T12:38:17","date_gmt":"2019-12-03T11:38:17","guid":{"rendered":"https:\/\/www2.hu-berlin.de\/sts\/?page_id=2451"},"modified":"2023-12-15T03:28:34","modified_gmt":"2023-12-15T02:28:34","slug":"marc-lange","status":"publish","type":"page","link":"https:\/\/www2.hu-berlin.de\/sts\/people\/former-members\/marc-lange\/","title":{"rendered":"Marc Lange"},"content":{"rendered":"\r\n<div style=\"float: left;clear: left\">\r\n<p><img loading=\"lazy\" decoding=\"async\" class=\"alignleft\" src=\"https:\/\/www2.hu-berlin.de\/sts\/wp-content\/uploads\/2020\/01\/lange.jpg\" alt=\"Marc Lange\" width=\"170\" height=\"170\" \/> I was a graduate student at the Institute for European Ethnology at Humboldt-Universit\u00e4t zu Berlin until mid 2019. As student assistant, I was responsible for maintaining the lab&#8217;s website and making many of the lab&#8217;s publications open access.<\/p>\r\n<p>For my current whereabouts and activities, check my <a href=\"https:\/\/orcid.org\/0000-0002-7742-3867\">ORCID iD<\/a>.<\/p>\r\n<\/div>\r\n<h1 style=\"padding: 10px 0 0 0\">Publications<\/h1>\r\n<div class=\"teachpress_pub_list\"><form name=\"tppublistform\" method=\"get\"><a name=\"tppubs\" id=\"tppubs\"><\/a><\/form><div class=\"teachpress_publication_list\"><h3 class=\"tp_h3\" id=\"tp_h3_2018\">2018<\/h3><div class=\"tp_publication tp_publication_article\"><div class=\"tp_pub_info\"><p class=\"tp_pub_author\">Marc Lange, Marie-Louise Breinlinger-O'Reilly, Lou Klappenbach, Alexander Bankhofer<\/p><p class=\"tp_pub_title\"><a class=\"tp_title_link\" onclick=\"teachpress_pub_showhide('653','tp_links')\" style=\"cursor:pointer;\">Die Probleme differenziert beschreiben: Ergebnisse der Untersuchung zu Nutzungskonflikten in der N\u00f6rdlichen Luisenstadt liegen vor<\/a> <span class=\"tp_pub_type tp_  article\">Journal Article<\/span> <\/p><p class=\"tp_pub_additional\"><span class=\"tp_pub_additional_in\">In: <\/span><span class=\"tp_pub_additional_journal\">Ecke K\u00f6penicker: Zeitung f\u00fcr das Sanierungsgebiet N\u00f6rdliche Luisenstadt, <\/span><span class=\"tp_pub_additional_number\">no. 7\/2018, <\/span><span class=\"tp_pub_additional_pages\">pp. 4, <\/span><span class=\"tp_pub_additional_year\">2018<\/span>.<\/p><p class=\"tp_pub_menu\"><span class=\"tp_resource_link\"><a id=\"tp_links_sh_653\" class=\"tp_show\" onclick=\"teachpress_pub_showhide('653','tp_links')\" title=\"Show links and resources\" style=\"cursor:pointer;\">Links<\/a><\/span><\/p><div class=\"tp_bibtex\" id=\"tp_bibtex_653\" style=\"display:none;\"><div class=\"tp_bibtex_entry\"><pre>@article{LangeBreinlinger-OReillyKlappenbach2018a,<br \/>\r\ntitle = {Die Probleme differenziert beschreiben: Ergebnisse der Untersuchung zu Nutzungskonflikten in der N\u00f6rdlichen Luisenstadt liegen vor},<br \/>\r\nauthor = {Marc Lange and Marie-Louise Breinlinger-O'Reilly and Lou Klappenbach and Alexander Bankhofer},<br \/>\r\nurl = {https:\/\/www.luisenstadt-mitte.de\/download\/pdf\/akteure\/ecke\/181113_Ecke_07_November_Dezember_2018.pdf<br \/>\r\nhttps:\/\/edoc.hu-berlin.de\/handle\/18452\/20351},<br \/>\r\nyear  = {2018},<br \/>\r\ndate = {2018-11-01},<br \/>\r\njournal = {Ecke K\u00f6penicker: Zeitung f\u00fcr das Sanierungsgebiet N\u00f6rdliche Luisenstadt},<br \/>\r\nnumber = {7\/2018},<br \/>\r\npages = {4},<br \/>\r\nkeywords = {},<br \/>\r\npubstate = {published},<br \/>\r\ntppubtype = {article}<br \/>\r\n}<br \/>\r\n<\/pre><\/div><p class=\"tp_close_menu\"><a class=\"tp_close\" onclick=\"teachpress_pub_showhide('653','tp_bibtex')\">Close<\/a><\/p><\/div><div class=\"tp_links\" id=\"tp_links_653\" style=\"display:none;\"><div class=\"tp_links_entry\"><ul class=\"tp_pub_list\"><li><i class=\"fas fa-file-pdf\"><\/i><a class=\"tp_pub_list\" href=\"https:\/\/www.luisenstadt-mitte.de\/download\/pdf\/akteure\/ecke\/181113_Ecke_07_November_Dezember_2018.pdf\" title=\"https:\/\/www.luisenstadt-mitte.de\/download\/pdf\/akteure\/ecke\/181113_Ecke_07_Novemb[...]\" target=\"_blank\">https:\/\/www.luisenstadt-mitte.de\/download\/pdf\/akteure\/ecke\/181113_Ecke_07_Novemb[...]<\/a><\/li><li><i class=\"fas fa-globe\"><\/i><a class=\"tp_pub_list\" href=\"https:\/\/edoc.hu-berlin.de\/handle\/18452\/20351\" title=\"https:\/\/edoc.hu-berlin.de\/handle\/18452\/20351\" target=\"_blank\">https:\/\/edoc.hu-berlin.de\/handle\/18452\/20351<\/a><\/li><\/ul><\/div><p class=\"tp_close_menu\"><a class=\"tp_close\" onclick=\"teachpress_pub_showhide('653','tp_links')\">Close<\/a><\/p><\/div><\/div><\/div><div class=\"tp_publication tp_publication_misc\"><div class=\"tp_pub_info\"><p class=\"tp_pub_author\">Marc Lange, Marie-Louise Breinlinger-O'Reilly, Lou Klappenbach, Alexander Bankhofer<\/p><p class=\"tp_pub_title\"><a class=\"tp_title_link\" onclick=\"teachpress_pub_showhide('651','tp_links')\" style=\"cursor:pointer;\">Nutzungskonflikte in der N\u00f6rdlichen Luisenstadt in Berlin: Abschlussbericht der Untersuchung zu Nutzungskonflikten in der N\u00f6rdlichen Luisenstadt<\/a> <span class=\"tp_pub_type tp_  misc\">Miscellaneous<\/span> <\/p><p class=\"tp_pub_additional\"><span class=\"tp_pub_additional_howpublished\">Humboldt-Universit\u00e4t zu Berlin, <\/span><span class=\"tp_pub_additional_year\">2018<\/span>.<\/p><p class=\"tp_pub_menu\"><span class=\"tp_abstract_link\"><a id=\"tp_abstract_sh_651\" class=\"tp_show\" onclick=\"teachpress_pub_showhide('651','tp_abstract')\" title=\"Show abstract\" style=\"cursor:pointer;\">Abstract<\/a><\/span> | <span class=\"tp_resource_link\"><a id=\"tp_links_sh_651\" class=\"tp_show\" onclick=\"teachpress_pub_showhide('651','tp_links')\" title=\"Show links and resources\" style=\"cursor:pointer;\">Links<\/a><\/span><\/p><div class=\"tp_bibtex\" id=\"tp_bibtex_651\" style=\"display:none;\"><div class=\"tp_bibtex_entry\"><pre>@misc{Lange2018b,<br \/>\r\ntitle = {Nutzungskonflikte in der N\u00f6rdlichen Luisenstadt in Berlin: Abschlussbericht der Untersuchung zu Nutzungskonflikten in der N\u00f6rdlichen Luisenstadt},<br \/>\r\nauthor = {Marc Lange and Marie-Louise Breinlinger-O'Reilly and Lou Klappenbach and Alexander Bankhofer},<br \/>\r\ndoi = {10.18452\/19477},<br \/>\r\nyear  = {2018},<br \/>\r\ndate = {2018-10-18},<br \/>\r\nabstract = {Dieser Abschlussbericht ist das Ergebnis einer von Oktober 2016 bis Dezember 2017 durchgef\u00fchrten Untersuchung zu Nutzungskonflikten in der N\u00f6rdlichen Luisenstadt im Berliner Bezirk Mitte. Sie entstand in einer Kooperation zwischen Forscher:innen der Humboldt-Universit\u00e4t zu Berlin und dem Pr\u00e4ventionsrat des Bezirksamt Mitte von Berlin. Im Fokus standen Auswirkungen \u00fcberwiegend vergn\u00fcgungsorientierter Nutzungen des Stadtraums: L\u00e4rm, Verschmutzung, Stra\u00dfenverkehrsbeeintr\u00e4chtigungen sowie der Verkauf und Konsum von Bet\u00e4ubungsmitteln. Dar\u00fcber hinaus wurden Aspekte wie Beteiligung und Verwaltungshandeln sowie Gewerbe und Tourismus behandelt. Der Abschlussbericht fasst die Forschungsergebnisse insbesondere in Form einer differenzierten Problembeschreibung zusammen und zeigt daran ankn\u00fcpfende l\u00f6sungsorientierte Handlungspotenziale auf. Dar\u00fcber hinaus gibt er Auskunft \u00fcber das Untersuchungsgebiet, die Ausgangslage und Fragestellung, die angewandten Methoden und die Rahmenbedingungen der Forschung.},<br \/>\r\nhowpublished = {Humboldt-Universit\u00e4t zu Berlin},<br \/>\r\nkeywords = {},<br \/>\r\npubstate = {published},<br \/>\r\ntppubtype = {misc}<br \/>\r\n}<br \/>\r\n<\/pre><\/div><p class=\"tp_close_menu\"><a class=\"tp_close\" onclick=\"teachpress_pub_showhide('651','tp_bibtex')\">Close<\/a><\/p><\/div><div class=\"tp_abstract\" id=\"tp_abstract_651\" style=\"display:none;\"><div class=\"tp_abstract_entry\">Dieser Abschlussbericht ist das Ergebnis einer von Oktober 2016 bis Dezember 2017 durchgef\u00fchrten Untersuchung zu Nutzungskonflikten in der N\u00f6rdlichen Luisenstadt im Berliner Bezirk Mitte. Sie entstand in einer Kooperation zwischen Forscher:innen der Humboldt-Universit\u00e4t zu Berlin und dem Pr\u00e4ventionsrat des Bezirksamt Mitte von Berlin. Im Fokus standen Auswirkungen \u00fcberwiegend vergn\u00fcgungsorientierter Nutzungen des Stadtraums: L\u00e4rm, Verschmutzung, Stra\u00dfenverkehrsbeeintr\u00e4chtigungen sowie der Verkauf und Konsum von Bet\u00e4ubungsmitteln. Dar\u00fcber hinaus wurden Aspekte wie Beteiligung und Verwaltungshandeln sowie Gewerbe und Tourismus behandelt. Der Abschlussbericht fasst die Forschungsergebnisse insbesondere in Form einer differenzierten Problembeschreibung zusammen und zeigt daran ankn\u00fcpfende l\u00f6sungsorientierte Handlungspotenziale auf. Dar\u00fcber hinaus gibt er Auskunft \u00fcber das Untersuchungsgebiet, die Ausgangslage und Fragestellung, die angewandten Methoden und die Rahmenbedingungen der Forschung.<\/div><p class=\"tp_close_menu\"><a class=\"tp_close\" onclick=\"teachpress_pub_showhide('651','tp_abstract')\">Close<\/a><\/p><\/div><div class=\"tp_links\" id=\"tp_links_651\" style=\"display:none;\"><div class=\"tp_links_entry\"><ul class=\"tp_pub_list\"><li><i class=\"ai ai-doi\"><\/i><a class=\"tp_pub_list\" href=\"https:\/\/dx.doi.org\/10.18452\/19477\" title=\"Follow DOI:10.18452\/19477\" target=\"_blank\">doi:10.18452\/19477<\/a><\/li><\/ul><\/div><p class=\"tp_close_menu\"><a class=\"tp_close\" onclick=\"teachpress_pub_showhide('651','tp_links')\">Close<\/a><\/p><\/div><\/div><\/div><div class=\"tp_publication tp_publication_online\"><div class=\"tp_pub_info\"><p class=\"tp_pub_author\">Marc Lange<\/p><p class=\"tp_pub_title\"><a class=\"tp_title_link\" onclick=\"teachpress_pub_showhide('650','tp_links')\" style=\"cursor:pointer;\">Fachspezifische Informationen zu Open Access: Sozial- und kulturanthropologische F\u00e4cher (Ethnologie)<\/a> <span class=\"tp_pub_type tp_  online\">Online<\/span> <\/p><p class=\"tp_pub_additional\"><span class=\"tp_pub_additional_organization\">Informationsplattform Open Access (open-access.net), <\/span><span class=\"tp_pub_additional_year\">2018<\/span><span class=\"tp_pub_additional_note\">, (also available in English as &quot;Open access in individual disciplines: Social and Cultural Anthropology Disciplines (Ethnology)&quot;)<\/span>.<\/p><p class=\"tp_pub_menu\"><span class=\"tp_abstract_link\"><a id=\"tp_abstract_sh_650\" class=\"tp_show\" onclick=\"teachpress_pub_showhide('650','tp_abstract')\" title=\"Show abstract\" style=\"cursor:pointer;\">Abstract<\/a><\/span> | <span class=\"tp_resource_link\"><a id=\"tp_links_sh_650\" class=\"tp_show\" onclick=\"teachpress_pub_showhide('650','tp_links')\" title=\"Show links and resources\" style=\"cursor:pointer;\">Links<\/a><\/span><\/p><div class=\"tp_bibtex\" id=\"tp_bibtex_650\" style=\"display:none;\"><div class=\"tp_bibtex_entry\"><pre>@online{Lange2018,<br \/>\r\ntitle = {Fachspezifische Informationen zu Open Access: Sozial- und kulturanthropologische F\u00e4cher (Ethnologie)},<br \/>\r\nauthor = {Marc Lange},<br \/>\r\nurl = {http:\/\/open-access.net\/informationen-fuer-verschiedene-faecher\/sozial-und-kulturanthropologische-faecher-ethnologie\/<br \/>\r\nhttp:\/\/open-access.net\/DE-EN\/open-access-in-individual-disciplines\/social-and-cultural-anthropology-disciplines-ethnology\/<br \/>\r\nhttps:\/\/edoc.hu-berlin.de\/handle\/18452\/19911},<br \/>\r\nyear  = {2018},<br \/>\r\ndate = {2018-04-06},<br \/>\r\norganization = {Informationsplattform Open Access (open-access.net),},<br \/>\r\nabstract = {Diese Informationen geben einen \u00dcberblick \u00fcber die Verbreitung und Akzeptanz von Open Access in den sozial- und kulturanthropologischen F\u00e4chern sowie \u00fcber relevante Open-Access-Zeitschriften, Publikationsm\u00f6glichkeiten f\u00fcr B\u00fccher, disziplin\u00e4re Repositorien, f\u00e4cherspezifische Rechercheangebote und den f\u00e4cherspezifischen Stand von Open Science.<br \/>\r\n<br \/>\r\nThis contribution provides an overview of the pervasion and acceptance of open access in social and cultural anthropology and its associated fields. It provides information on relevant open access journals, publication options for books, disciplinary repositories, discipline-specific online databases and (re)search tools, and the state of open science in the discipline.},<br \/>\r\nnote = {also available in English as \"Open access in individual disciplines: Social and Cultural Anthropology Disciplines (Ethnology)\"},<br \/>\r\nkeywords = {},<br \/>\r\npubstate = {published},<br \/>\r\ntppubtype = {online}<br \/>\r\n}<br \/>\r\n<\/pre><\/div><p class=\"tp_close_menu\"><a class=\"tp_close\" onclick=\"teachpress_pub_showhide('650','tp_bibtex')\">Close<\/a><\/p><\/div><div class=\"tp_abstract\" id=\"tp_abstract_650\" style=\"display:none;\"><div class=\"tp_abstract_entry\">Diese Informationen geben einen \u00dcberblick \u00fcber die Verbreitung und Akzeptanz von Open Access in den sozial- und kulturanthropologischen F\u00e4chern sowie \u00fcber relevante Open-Access-Zeitschriften, Publikationsm\u00f6glichkeiten f\u00fcr B\u00fccher, disziplin\u00e4re Repositorien, f\u00e4cherspezifische Rechercheangebote und den f\u00e4cherspezifischen Stand von Open Science.<br \/>\r\n<br \/>\r\nThis contribution provides an overview of the pervasion and acceptance of open access in social and cultural anthropology and its associated fields. It provides information on relevant open access journals, publication options for books, disciplinary repositories, discipline-specific online databases and (re)search tools, and the state of open science in the discipline.<\/div><p class=\"tp_close_menu\"><a class=\"tp_close\" onclick=\"teachpress_pub_showhide('650','tp_abstract')\">Close<\/a><\/p><\/div><div class=\"tp_links\" id=\"tp_links_650\" style=\"display:none;\"><div class=\"tp_links_entry\"><ul class=\"tp_pub_list\"><li><i class=\"fas fa-globe\"><\/i><a class=\"tp_pub_list\" href=\"http:\/\/open-access.net\/informationen-fuer-verschiedene-faecher\/sozial-und-kulturanthropologische-faecher-ethnologie\/\" title=\"http:\/\/open-access.net\/informationen-fuer-verschiedene-faecher\/sozial-und-kultur[...]\" target=\"_blank\">http:\/\/open-access.net\/informationen-fuer-verschiedene-faecher\/sozial-und-kultur[...]<\/a><\/li><li><i class=\"fas fa-globe\"><\/i><a class=\"tp_pub_list\" href=\"http:\/\/open-access.net\/DE-EN\/open-access-in-individual-disciplines\/social-and-cultural-anthropology-disciplines-ethnology\/\" title=\"http:\/\/open-access.net\/DE-EN\/open-access-in-individual-disciplines\/social-and-cu[...]\" target=\"_blank\">http:\/\/open-access.net\/DE-EN\/open-access-in-individual-disciplines\/social-and-cu[...]<\/a><\/li><li><i class=\"fas fa-globe\"><\/i><a class=\"tp_pub_list\" href=\"https:\/\/edoc.hu-berlin.de\/handle\/18452\/19911\" title=\"https:\/\/edoc.hu-berlin.de\/handle\/18452\/19911\" target=\"_blank\">https:\/\/edoc.hu-berlin.de\/handle\/18452\/19911<\/a><\/li><\/ul><\/div><p class=\"tp_close_menu\"><a class=\"tp_close\" onclick=\"teachpress_pub_showhide('650','tp_links')\">Close<\/a><\/p><\/div><\/div><\/div><\/div><\/div>\r\n\r\n\r\n\r\n<p>&nbsp;<\/p>\r\n","protected":false},"excerpt":{"rendered":"<p>I was a graduate student at the Institute for European Ethnology at Humboldt-Universit\u00e4t zu Berlin until mid 2019. As student assistant, I was responsible for maintaining the lab&#8217;s website and making many of the lab&#8217;s publications open access. For my current whereabouts and activities, check my ORCID iD. Publications &nbsp;<\/p>\n","protected":false},"author":30,"featured_media":0,"parent":2237,"menu_order":0,"comment_status":"closed","ping_status":"closed","template":"","meta":{"footnotes":""},"_links":{"self":[{"href":"https:\/\/www2.hu-berlin.de\/sts\/wp-json\/wp\/v2\/pages\/2451"}],"collection":[{"href":"https:\/\/www2.hu-berlin.de\/sts\/wp-json\/wp\/v2\/pages"}],"about":[{"href":"https:\/\/www2.hu-berlin.de\/sts\/wp-json\/wp\/v2\/types\/page"}],"author":[{"embeddable":true,"href":"https:\/\/www2.hu-berlin.de\/sts\/wp-json\/wp\/v2\/users\/30"}],"replies":[{"embeddable":true,"href":"https:\/\/www2.hu-berlin.de\/sts\/wp-json\/wp\/v2\/comments?post=2451"}],"version-history":[{"count":18,"href":"https:\/\/www2.hu-berlin.de\/sts\/wp-json\/wp\/v2\/pages\/2451\/revisions"}],"predecessor-version":[{"id":3585,"href":"https:\/\/www2.hu-berlin.de\/sts\/wp-json\/wp\/v2\/pages\/2451\/revisions\/3585"}],"up":[{"embeddable":true,"href":"https:\/\/www2.hu-berlin.de\/sts\/wp-json\/wp\/v2\/pages\/2237"}],"wp:attachment":[{"href":"https:\/\/www2.hu-berlin.de\/sts\/wp-json\/wp\/v2\/media?parent=2451"}],"curies":[{"name":"wp","href":"https:\/\/api.w.org\/{rel}","templated":true}]}}