{"id":2472,"date":"2019-12-03T12:44:58","date_gmt":"2019-12-03T11:44:58","guid":{"rendered":"https:\/\/www2.hu-berlin.de\/sts\/?page_id=2472"},"modified":"2024-09-05T11:03:50","modified_gmt":"2024-09-05T09:03:50","slug":"imprint","status":"publish","type":"page","link":"https:\/\/www2.hu-berlin.de\/sts\/imprint\/","title":{"rendered":"Imprint and accesibility statement"},"content":{"rendered":"\r\n<h1 class=\"wp-block-heading\">Imprint (Impressum)<\/h1>\r\n\r\n\r\n\r\n<h5 class=\"wp-block-heading\">Angaben gem\u00e4\u00df \u00a7 5 TMG:<\/h5>\r\n\r\n\r\n\r\n<p>Institut f\u00fcr Europ\u00e4ische Ethnologie der Humboldt-Universit\u00e4t zu Berlin<br \/>(Laboratory: Anthropology of Environment|Human Relations)<br \/>Anschrift: Unter den Linden 6, 10099 Berlin<br \/>Sitz: Mohrenstra\u00dfe 40\/41, 10117 Berlin<\/p>\r\n\r\n\r\n\r\n<h5 class=\"wp-block-heading\">Vertreten durch:<\/h5>\r\n\r\n\r\n\r\n<p>Milene Bister<\/p>\r\n<p>Kontakt: <a href=\"mailto:milena.bister@hu-berlin.de\">milena.bister@hu-berlin.de<\/a><\/p>\r\n\r\n\r\n\r\n<p>&nbsp;<\/p>\r\n\r\n\r\n\r\n<h5 class=\"wp-block-heading\">Verantwortlich f\u00fcr den Inhalt nach \u00a7 55 Abs. 2 RStV:<\/h5>\r\n\r\n\r\n\r\n<p>wie oben<\/p>\r\n\r\n\r\n\r\n<h1 class=\"wp-block-heading\">Haftungsausschluss (Disclaimer)<\/h1>\r\n\r\n\r\n\r\n<h5 class=\"wp-block-heading\">Haftung f\u00fcr Inhalte<\/h5>\r\n\r\n\r\n\r\n<p>Als Diensteanbieter sind wir gem\u00e4\u00df \u00a7 7 Abs.1 TMG f\u00fcr eigene Inhalte auf diesen Seiten nach den allgemeinen Gesetzen verantwortlich. Nach \u00a7\u00a7 8 bis 10 TMG sind wir als Diensteanbieter jedoch nicht verpflichtet, \u00fcbermittelte oder gespeicherte fremde Informationen zu \u00fcberwachen oder nach Umst\u00e4nden zu forschen, die auf eine rechtswidrige T\u00e4tigkeit hinweisen.<br \/>Verpflichtungen zur Entfernung oder Sperrung der Nutzung von Informationen nach den allgemeinen Gesetzen bleiben hiervon unber\u00fchrt. Eine diesbez\u00fcgliche Haftung ist jedoch erst ab dem Zeitpunkt der Kenntnis einer konkreten Rechtsverletzung m\u00f6glich. Bei Bekanntwerden von entsprechenden Rechtsverletzungen werden wir diese Inhalte umgehend entfernen.<\/p>\r\n\r\n\r\n\r\n<h5 class=\"wp-block-heading\">Haftung f\u00fcr Links<\/h5>\r\n\r\n\r\n\r\n<p>Unser Angebot enth\u00e4lt Links zu externen Webseiten Dritter, auf deren Inhalte wir keinen Einfluss haben. Deshalb k\u00f6nnen wir f\u00fcr diese fremden Inhalte auch keine Gew\u00e4hr \u00fcbernehmen. F\u00fcr die Inhalte der verlinkten Seiten ist stets der jeweilige Anbieter oder Betreiber der Seiten verantwortlich. Die verlinkten Seiten wurden zum Zeitpunkt der Verlinkung auf m\u00f6gliche Rechtsverst\u00f6\u00dfe \u00fcberpr\u00fcft. Rechtswidrige Inhalte waren zum Zeitpunkt der Verlinkung nicht erkennbar.<br \/>Eine permanente inhaltliche Kontrolle der verlinkten Seiten ist jedoch ohne konkrete Anhaltspunkte einer Rechtsverletzung nicht zumutbar. Bei Bekanntwerden von Rechtsverletzungen werden wir derartige Links umgehend entfernen.<\/p>\r\n<p>&nbsp;<\/p>\r\n<h2>Barrierefreiheitserkl\u00e4rung<\/h2>\r\n<p>Diese Erkl\u00e4rung gilt f\u00fcr die Webseite www2.hu-berlin.de\/sts. Vorgaben dazu werden im <a href=\"http:\/\/gesetze.berlin.de\/jportal\/?quelle=jlink&amp;query=BIKTG+BE&amp;psml=bsbeprod.psml&amp;max=true&amp;aiz=true\" target=\"_blank\" rel=\"noopener\">Gesetz \u00fcber die barrierefreie Informations- und Kommunikationstechnik Berlin<\/a> (BIKTG Bln) festgeschrieben. Die technischen Anforderungen zur Barrierefreiheit ergeben sich aus der <a href=\"https:\/\/www.gesetze-im-internet.de\/bitv_2_0\/BJNR184300011.html\" target=\"_blank\" rel=\"noopener\">BITV 2.0<\/a>.<\/p>\r\n<p>Diese Seite entspricht noch nicht in allen Teilen der Barrierefreiheit. Wir bem\u00fchen uns, Bildbeschreibungen und barrierefreie PDFs zur Verf\u00fcgung zu stellen. Wenn Sie Probleme haben, auf Inhalte zuzugreifen, kontaktieren Sie uns bitte direkt (Milena Bister <a href=\"mailto:milena.bister@staff.hu-berlin.de\">milena.bister@staff.hu-berlin.de<\/a>)<\/p>\r\n<p>\r\n\r\n<\/p>\r\n<p>Wir arbeiten daran, unsere Seite barrierefreier zu gestalten, sind aber als zum Teil ehrenamtlich arbeitendes Team zeitlich nur begrenzt dazu in der Lage. F\u00fcr Inhalte von verlinkten Seiten oder uns zur Verf\u00fcgunge gestellten PDFs Dritter kann keine Garantie f\u00fcr Barrierefreiheit \u00fcbernommen werden.<\/p>\r\n<p>Stand der Erkl\u00e4rung: 25.7.2022<\/p>\r\n<p>&nbsp;<\/p>\r\n","protected":false},"excerpt":{"rendered":"<p>Imprint (Impressum) Angaben gem\u00e4\u00df \u00a7 5 TMG: Institut f\u00fcr Europ\u00e4ische Ethnologie der Humboldt-Universit\u00e4t zu Berlin(Laboratory: Anthropology of Environment|Human Relations)Anschrift: Unter den Linden 6, 10099 BerlinSitz: Mohrenstra\u00dfe 40\/41, 10117 Berlin Vertreten durch: Milene Bister Kontakt: milena.bister@hu-berlin.de &nbsp; Verantwortlich f\u00fcr den Inhalt nach \u00a7 55 Abs. 2 RStV: wie oben Haftungsausschluss (Disclaimer) &hellip;<\/p>\n","protected":false},"author":1,"featured_media":0,"parent":0,"menu_order":0,"comment_status":"closed","ping_status":"closed","template":"","meta":{"footnotes":""},"_links":{"self":[{"href":"https:\/\/www2.hu-berlin.de\/sts\/wp-json\/wp\/v2\/pages\/2472"}],"collection":[{"href":"https:\/\/www2.hu-berlin.de\/sts\/wp-json\/wp\/v2\/pages"}],"about":[{"href":"https:\/\/www2.hu-berlin.de\/sts\/wp-json\/wp\/v2\/types\/page"}],"author":[{"embeddable":true,"href":"https:\/\/www2.hu-berlin.de\/sts\/wp-json\/wp\/v2\/users\/1"}],"replies":[{"embeddable":true,"href":"https:\/\/www2.hu-berlin.de\/sts\/wp-json\/wp\/v2\/comments?post=2472"}],"version-history":[{"count":8,"href":"https:\/\/www2.hu-berlin.de\/sts\/wp-json\/wp\/v2\/pages\/2472\/revisions"}],"predecessor-version":[{"id":3625,"href":"https:\/\/www2.hu-berlin.de\/sts\/wp-json\/wp\/v2\/pages\/2472\/revisions\/3625"}],"wp:attachment":[{"href":"https:\/\/www2.hu-berlin.de\/sts\/wp-json\/wp\/v2\/media?parent=2472"}],"curies":[{"name":"wp","href":"https:\/\/api.w.org\/{rel}","templated":true}]}}