{"id":2752,"date":"2020-06-22T11:33:37","date_gmt":"2020-06-22T09:33:37","guid":{"rendered":"https:\/\/www2.hu-berlin.de\/sts\/?page_id=2752"},"modified":"2023-04-16T10:59:11","modified_gmt":"2023-04-16T08:59:11","slug":"cubellis","status":"publish","type":"page","link":"https:\/\/www2.hu-berlin.de\/sts\/people\/current-members\/cubellis\/","title":{"rendered":"Lauren Cubellis"},"content":{"rendered":"<div style=\"float: left;clear: left\">\n<p><img loading=\"lazy\" decoding=\"async\" class=\"alignleft\" src=\"https:\/\/www2.hu-berlin.de\/sts\/wp-content\/uploads\/2020\/06\/Cubellis-photo.jpeg\" alt=\"Lauren Cubellis\" width=\"170\" height=\"170\" \/>I am currently a DFG Postdoctoral researcher in the Institute for European Ethnology at Humboldt University in Berlin and a member of the Laboratory for the Anthropology of Environment | Human Relations. I completed my PhD in Anthropology (Washington University in St. Louis) and my Masters in Public Health (Columbia University). My research focuses on questions of risk, crisis, and care in psychiatric practice.<\/p>\n<p>My doctoral dissertation examined the implementation of alternative psychiatries in Berlin, specifically the Open Dialogue model for the treatment of psychosis. By studying practitioners, hospital doctors, trainers, insurance providers, and clients, the project reflected on the difficulty of attuning to shared goals in the provision of crisis care, and the ways by which imaginaries of \u201cgood care\u201d or \u201cgood outcomes\u201d are tethered to divergent social and economic evaluations of time and responsibility.<\/p>\n<p>My postdoctoral work focuses on the discernment of need for individuals living within the category of \u201cpsychiatric disability\u201d. The implementation of recent changes to German disability law has positioned these service users in novel relationships with structures and institutions of care. The way everyday needs are recognized \u2013 by service users, their family members, their providers, and the state \u2013 is taken up as both an object of study and an emergent practice newly shaped by the incorporation of experience-informed (or peer professional) advising.<\/p>\n<\/div>\n<p>&nbsp;<\/p>\n<h1 style=\"padding: 10px 0 0 0\">Publications<\/h1>\n<div class=\"teachpress_pub_list\"><form name=\"tppublistform\" method=\"get\"><a name=\"tppubs\" id=\"tppubs\"><\/a><\/form><div class=\"teachpress_publication_list\"><h3 class=\"tp_h3\" id=\"tp_h3_2022\">2022<\/h3><div class=\"tp_publication tp_publication_article\"><div class=\"tp_pub_info\"><p class=\"tp_pub_author\">Lauren Cubellis<\/p><p class=\"tp_pub_title\">Competing responsibilities and the distribution of outcome through dialogic practice <span class=\"tp_pub_type tp_  article\">Journal Article<\/span> <\/p><p class=\"tp_pub_additional\"><span class=\"tp_pub_additional_in\">In: <\/span><span class=\"tp_pub_additional_journal\">Medical Anthropology, <\/span><span class=\"tp_pub_additional_issue\">iss. 42, <\/span><span class=\"tp_pub_additional_number\">no. 1, <\/span><span class=\"tp_pub_additional_pages\">pp. 81-93, <\/span><span class=\"tp_pub_additional_year\">2022<\/span>.<\/p><p class=\"tp_pub_menu\"><\/p><div class=\"tp_bibtex\" id=\"tp_bibtex_762\" style=\"display:none;\"><div class=\"tp_bibtex_entry\"><pre>@article{Cubellis2022,<br \/>\r\ntitle = {Competing responsibilities and the distribution of outcome through dialogic practice},<br \/>\r\nauthor = {Lauren Cubellis},<br \/>\r\nyear  = {2022},<br \/>\r\ndate = {2022-04-01},<br \/>\r\njournal = {Medical Anthropology},<br \/>\r\nnumber = {1},<br \/>\r\nissue = {42},<br \/>\r\npages = {81-93},<br \/>\r\nkeywords = {},<br \/>\r\npubstate = {published},<br \/>\r\ntppubtype = {article}<br \/>\r\n}<br \/>\r\n<\/pre><\/div><p class=\"tp_close_menu\"><a class=\"tp_close\" onclick=\"teachpress_pub_showhide('762','tp_bibtex')\">Close<\/a><\/p><\/div><\/div><\/div><h3 class=\"tp_h3\" id=\"tp_h3_2021\">2021<\/h3><div class=\"tp_publication tp_publication_article\"><div class=\"tp_pub_info\"><p class=\"tp_pub_author\">Patrick Bieler, Lauren Cubellis, Jonna Josties, Anja Klein, J\u00f6rg Niew\u00f6hner, Christine Schmid<\/p><p class=\"tp_pub_title\"><a class=\"tp_title_link\" onclick=\"teachpress_pub_showhide('746','tp_links')\" style=\"cursor:pointer;\">Ethnografische Theorie ko-laborativ f\u00fcgen<\/a> <span class=\"tp_pub_type tp_  article\">Journal Article<\/span> <\/p><p class=\"tp_pub_additional\"><span class=\"tp_pub_additional_in\">In: <\/span><span class=\"tp_pub_additional_journal\">Hamburger Journal f\u00fcr Kulturanthropologie (HJK), <\/span><span class=\"tp_pub_additional_volume\">vol. 13, <\/span><span class=\"tp_pub_additional_pages\">pp. 522-555, <\/span><span class=\"tp_pub_additional_year\">2021<\/span>.<\/p><p class=\"tp_pub_menu\"><span class=\"tp_resource_link\"><a id=\"tp_links_sh_746\" class=\"tp_show\" onclick=\"teachpress_pub_showhide('746','tp_links')\" title=\"Show links and resources\" style=\"cursor:pointer;\">Links<\/a><\/span><\/p><div class=\"tp_bibtex\" id=\"tp_bibtex_746\" style=\"display:none;\"><div class=\"tp_bibtex_entry\"><pre>@article{Bieler2021,<br \/>\r\ntitle = {Ethnografische Theorie ko-laborativ f\u00fcgen},<br \/>\r\nauthor = {Patrick Bieler and Lauren Cubellis and Jonna Josties and Anja Klein and J\u00f6rg Niew\u00f6hner and Christine Schmid},<br \/>\r\nurl = {https:\/\/journals.sub.uni-hamburg.de\/hjk\/article\/view\/1785},<br \/>\r\nyear  = {2021},<br \/>\r\ndate = {2021-08-01},<br \/>\r\nbooktitle = {Bieler, P., Cubellis, L., Josties, J., Klein, A., Niew\u00f6hner, J., & Schmid, C. (2021). Ethnografische Theorie ko-laborativ f\u00fcgen. Hamburger Journal f\u00fcr Kulturanthropologie (HJK), (13), 522\u2013555. Abgerufen von https:\/\/journals.sub.uni-hamburg.de\/hjk\/article\/view\/1785},<br \/>\r\njournal = {Hamburger Journal f\u00fcr Kulturanthropologie (HJK)},<br \/>\r\nvolume = {13},<br \/>\r\npages = {522-555},<br \/>\r\nkeywords = {},<br \/>\r\npubstate = {published},<br \/>\r\ntppubtype = {article}<br \/>\r\n}<br \/>\r\n<\/pre><\/div><p class=\"tp_close_menu\"><a class=\"tp_close\" onclick=\"teachpress_pub_showhide('746','tp_bibtex')\">Close<\/a><\/p><\/div><div class=\"tp_links\" id=\"tp_links_746\" style=\"display:none;\"><div class=\"tp_links_entry\"><ul class=\"tp_pub_list\"><li><i class=\"fas fa-globe\"><\/i><a class=\"tp_pub_list\" href=\"https:\/\/journals.sub.uni-hamburg.de\/hjk\/article\/view\/1785\" title=\"https:\/\/journals.sub.uni-hamburg.de\/hjk\/article\/view\/1785\" target=\"_blank\">https:\/\/journals.sub.uni-hamburg.de\/hjk\/article\/view\/1785<\/a><\/li><\/ul><\/div><p class=\"tp_close_menu\"><a class=\"tp_close\" onclick=\"teachpress_pub_showhide('746','tp_links')\">Close<\/a><\/p><\/div><\/div><\/div><div class=\"tp_publication tp_publication_article\"><div class=\"tp_pub_info\"><p class=\"tp_pub_author\">Lauren Cubellis, Christine Schmid, Sebastian von Peter<\/p><p class=\"tp_pub_title\"><a class=\"tp_title_link\" onclick=\"teachpress_pub_showhide('763','tp_links')\" style=\"cursor:pointer;\">Ethnography in health services research: Oscillation between theory and practice<\/a> <span class=\"tp_pub_type tp_  article\">Journal Article<\/span> <\/p><p class=\"tp_pub_additional\"><span class=\"tp_pub_additional_in\">In: <\/span><span class=\"tp_pub_additional_journal\">Qualitative Health Research, <\/span><span class=\"tp_pub_additional_year\">2021<\/span>.<\/p><p class=\"tp_pub_menu\"><span class=\"tp_resource_link\"><a id=\"tp_links_sh_763\" class=\"tp_show\" onclick=\"teachpress_pub_showhide('763','tp_links')\" title=\"Show links and resources\" style=\"cursor:pointer;\">Links<\/a><\/span><\/p><div class=\"tp_bibtex\" id=\"tp_bibtex_763\" style=\"display:none;\"><div class=\"tp_bibtex_entry\"><pre>@article{Cubellis2021,<br \/>\r\ntitle = {Ethnography in health services research: Oscillation between theory and practice},<br \/>\r\nauthor = {Lauren Cubellis and Christine Schmid and Sebastian von Peter},<br \/>\r\ndoi = {http:\/\/doi.org\/10.1177\/10497323211022312},<br \/>\r\nyear  = {2021},<br \/>\r\ndate = {2021-03-01},<br \/>\r\nurldate = {2021-03-01},<br \/>\r\njournal = {Qualitative Health Research},<br \/>\r\nkeywords = {},<br \/>\r\npubstate = {published},<br \/>\r\ntppubtype = {article}<br \/>\r\n}<br \/>\r\n<\/pre><\/div><p class=\"tp_close_menu\"><a class=\"tp_close\" onclick=\"teachpress_pub_showhide('763','tp_bibtex')\">Close<\/a><\/p><\/div><div class=\"tp_links\" id=\"tp_links_763\" style=\"display:none;\"><div class=\"tp_links_entry\"><ul class=\"tp_pub_list\"><li><i class=\"ai ai-doi\"><\/i><a class=\"tp_pub_list\" href=\"https:\/\/dx.doi.org\/http:\/\/doi.org\/10.1177\/10497323211022312\" title=\"Follow DOI:http:\/\/doi.org\/10.1177\/10497323211022312\" target=\"_blank\">doi:http:\/\/doi.org\/10.1177\/10497323211022312<\/a><\/li><\/ul><\/div><p class=\"tp_close_menu\"><a class=\"tp_close\" onclick=\"teachpress_pub_showhide('763','tp_links')\">Close<\/a><\/p><\/div><\/div><\/div><h3 class=\"tp_h3\" id=\"tp_h3_2020\">2020<\/h3><div class=\"tp_publication tp_publication_article\"><div class=\"tp_pub_info\"><p class=\"tp_pub_author\">Lauren Cubellis<\/p><p class=\"tp_pub_title\">Sympathetic Care <span class=\"tp_pub_type tp_  article\">Journal Article<\/span> <\/p><p class=\"tp_pub_additional\"><span class=\"tp_pub_additional_in\">In: <\/span><span class=\"tp_pub_additional_journal\">Cultural Anthropology , <\/span><span class=\"tp_pub_additional_volume\">vol. 35, <\/span><span class=\"tp_pub_additional_number\">no. 1, <\/span><span class=\"tp_pub_additional_pages\">pp. 14-22, <\/span><span class=\"tp_pub_additional_year\">2020<\/span>.<\/p><p class=\"tp_pub_menu\"><\/p><div class=\"tp_bibtex\" id=\"tp_bibtex_720\" style=\"display:none;\"><div class=\"tp_bibtex_entry\"><pre>@article{Cubellis2020b,<br \/>\r\ntitle = {Sympathetic Care},<br \/>\r\nauthor = {Lauren Cubellis},<br \/>\r\nyear  = {2020},<br \/>\r\ndate = {2020-05-01},<br \/>\r\njournal = {Cultural Anthropology },<br \/>\r\nvolume = {35},<br \/>\r\nnumber = {1},<br \/>\r\npages = {14-22},<br \/>\r\nkeywords = {},<br \/>\r\npubstate = {published},<br \/>\r\ntppubtype = {article}<br \/>\r\n}<br \/>\r\n<\/pre><\/div><p class=\"tp_close_menu\"><a class=\"tp_close\" onclick=\"teachpress_pub_showhide('720','tp_bibtex')\">Close<\/a><\/p><\/div><\/div><\/div><div class=\"tp_publication tp_publication_article\"><div class=\"tp_pub_info\"><p class=\"tp_pub_author\">Lauren Cubellis<\/p><p class=\"tp_pub_title\"><a class=\"tp_title_link\" onclick=\"teachpress_pub_showhide('716','tp_links')\" style=\"cursor:pointer;\">Gestures of Care and Recognition: An Introduction<\/a> <span class=\"tp_pub_type tp_  article\">Journal Article<\/span> <\/p><p class=\"tp_pub_additional\"><span class=\"tp_pub_additional_in\">In: <\/span><span class=\"tp_pub_additional_journal\">Cultural Anthropology, <\/span><span class=\"tp_pub_additional_volume\">vol. 35, <\/span><span class=\"tp_pub_additional_number\">no. 1, <\/span><span class=\"tp_pub_additional_pages\">pp. 1-5, <\/span><span class=\"tp_pub_additional_year\">2020<\/span>.<\/p><p class=\"tp_pub_menu\"><span class=\"tp_resource_link\"><a id=\"tp_links_sh_716\" class=\"tp_show\" onclick=\"teachpress_pub_showhide('716','tp_links')\" title=\"Show links and resources\" style=\"cursor:pointer;\">Links<\/a><\/span><\/p><div class=\"tp_bibtex\" id=\"tp_bibtex_716\" style=\"display:none;\"><div class=\"tp_bibtex_entry\"><pre>@article{Cubellis2020,<br \/>\r\ntitle = {Gestures of Care and Recognition: An Introduction},<br \/>\r\nauthor = {Lauren Cubellis},<br \/>\r\neditor = {<br \/>\r\n},<br \/>\r\nurl = {https:\/\/journal.culanth.org\/index.php\/ca\/article\/view\/4432},<br \/>\r\ndoi = {10.14506\/ca35.1.01},<br \/>\r\nyear  = {2020},<br \/>\r\ndate = {2020-01-02},<br \/>\r\njournal = {Cultural Anthropology},<br \/>\r\nvolume = {35},<br \/>\r\nnumber = {1},<br \/>\r\npages = {1-5},<br \/>\r\nkeywords = {},<br \/>\r\npubstate = {published},<br \/>\r\ntppubtype = {article}<br \/>\r\n}<br \/>\r\n<\/pre><\/div><p class=\"tp_close_menu\"><a class=\"tp_close\" onclick=\"teachpress_pub_showhide('716','tp_bibtex')\">Close<\/a><\/p><\/div><div class=\"tp_links\" id=\"tp_links_716\" style=\"display:none;\"><div class=\"tp_links_entry\"><ul class=\"tp_pub_list\"><li><i class=\"fas fa-globe\"><\/i><a class=\"tp_pub_list\" href=\"https:\/\/journal.culanth.org\/index.php\/ca\/article\/view\/4432\" title=\"https:\/\/journal.culanth.org\/index.php\/ca\/article\/view\/4432\" target=\"_blank\">https:\/\/journal.culanth.org\/index.php\/ca\/article\/view\/4432<\/a><\/li><li><i class=\"ai ai-doi\"><\/i><a class=\"tp_pub_list\" href=\"https:\/\/dx.doi.org\/10.14506\/ca35.1.01\" title=\"Follow DOI:10.14506\/ca35.1.01\" target=\"_blank\">doi:10.14506\/ca35.1.01<\/a><\/li><\/ul><\/div><p class=\"tp_close_menu\"><a class=\"tp_close\" onclick=\"teachpress_pub_showhide('716','tp_links')\">Close<\/a><\/p><\/div><\/div><\/div><h3 class=\"tp_h3\" id=\"tp_h3_2018\">2018<\/h3><div class=\"tp_publication tp_publication_article\"><div class=\"tp_pub_info\"><p class=\"tp_pub_author\">Lauren Cubellis<\/p><p class=\"tp_pub_title\"> Care Wounds: Precarious Vulnerability and the Potential of Exposure <span class=\"tp_pub_type tp_  article\">Journal Article<\/span> <\/p><p class=\"tp_pub_additional\"><span class=\"tp_pub_additional_in\">In: <\/span><span class=\"tp_pub_additional_journal\">Culture, Medicine, and Psychiatry, <\/span><span class=\"tp_pub_additional_volume\">vol. 42, <\/span><span class=\"tp_pub_additional_number\">no. 3, <\/span><span class=\"tp_pub_additional_pages\">pp. 628-646, <\/span><span class=\"tp_pub_additional_year\">2018<\/span>.<\/p><p class=\"tp_pub_menu\"><\/p><div class=\"tp_bibtex\" id=\"tp_bibtex_721\" style=\"display:none;\"><div class=\"tp_bibtex_entry\"><pre>@article{Cubellis2018,<br \/>\r\ntitle = { Care Wounds: Precarious Vulnerability and the Potential of Exposure},<br \/>\r\nauthor = {Lauren Cubellis},<br \/>\r\nyear  = {2018},<br \/>\r\ndate = {2018-10-01},<br \/>\r\njournal = {Culture, Medicine, and Psychiatry},<br \/>\r\nvolume = {42},<br \/>\r\nnumber = {3},<br \/>\r\npages = {628-646},<br \/>\r\nkeywords = {},<br \/>\r\npubstate = {published},<br \/>\r\ntppubtype = {article}<br \/>\r\n}<br \/>\r\n<\/pre><\/div><p class=\"tp_close_menu\"><a class=\"tp_close\" onclick=\"teachpress_pub_showhide('721','tp_bibtex')\">Close<\/a><\/p><\/div><\/div><\/div><h3 class=\"tp_h3\" id=\"tp_h3_2016\">2016<\/h3><div class=\"tp_publication tp_publication_article\"><div class=\"tp_pub_info\"><p class=\"tp_pub_author\">Leah G. Pope, Lauren Cubellis, Kim Hopper <\/p><p class=\"tp_pub_title\">Signing on for Dirty Work: Taking Stock of a Public Psychiatry Project from the Inside <span class=\"tp_pub_type tp_  article\">Journal Article<\/span> <\/p><p class=\"tp_pub_additional\"><span class=\"tp_pub_additional_in\">In: <\/span><span class=\"tp_pub_additional_journal\">Transcultural Psychiatry, <\/span><span class=\"tp_pub_additional_volume\">vol. 53, <\/span><span class=\"tp_pub_additional_number\">no. 4, <\/span><span class=\"tp_pub_additional_pages\">pp. 506-526, <\/span><span class=\"tp_pub_additional_year\">2016<\/span>.<\/p><p class=\"tp_pub_menu\"><\/p><div class=\"tp_bibtex\" id=\"tp_bibtex_722\" style=\"display:none;\"><div class=\"tp_bibtex_entry\"><pre>@article{Pope2016,<br \/>\r\ntitle = {Signing on for Dirty Work: Taking Stock of a Public Psychiatry Project from the Inside},<br \/>\r\nauthor = {Leah G. Pope and Lauren Cubellis and Kim Hopper },<br \/>\r\nyear  = {2016},<br \/>\r\ndate = {2016-10-01},<br \/>\r\njournal = {Transcultural Psychiatry},<br \/>\r\nvolume = {53},<br \/>\r\nnumber = {4},<br \/>\r\npages = {506-526},<br \/>\r\nkeywords = {},<br \/>\r\npubstate = {published},<br \/>\r\ntppubtype = {article}<br \/>\r\n}<br \/>\r\n<\/pre><\/div><p class=\"tp_close_menu\"><a class=\"tp_close\" onclick=\"teachpress_pub_showhide('722','tp_bibtex')\">Close<\/a><\/p><\/div><\/div><\/div><\/div><\/div>\n","protected":false},"excerpt":{"rendered":"<p>I am currently a DFG Postdoctoral researcher in the Institute for European Ethnology at Humboldt University in Berlin and a member of the Laboratory for the Anthropology of Environment | Human Relations. I completed my PhD in Anthropology (Washington University in St. Louis) and my Masters in Public Health (Columbia &hellip;<\/p>\n","protected":false},"author":33,"featured_media":0,"parent":3044,"menu_order":11,"comment_status":"closed","ping_status":"closed","template":"","meta":{"footnotes":""},"_links":{"self":[{"href":"https:\/\/www2.hu-berlin.de\/sts\/wp-json\/wp\/v2\/pages\/2752"}],"collection":[{"href":"https:\/\/www2.hu-berlin.de\/sts\/wp-json\/wp\/v2\/pages"}],"about":[{"href":"https:\/\/www2.hu-berlin.de\/sts\/wp-json\/wp\/v2\/types\/page"}],"author":[{"embeddable":true,"href":"https:\/\/www2.hu-berlin.de\/sts\/wp-json\/wp\/v2\/users\/33"}],"replies":[{"embeddable":true,"href":"https:\/\/www2.hu-berlin.de\/sts\/wp-json\/wp\/v2\/comments?post=2752"}],"version-history":[{"count":10,"href":"https:\/\/www2.hu-berlin.de\/sts\/wp-json\/wp\/v2\/pages\/2752\/revisions"}],"predecessor-version":[{"id":3480,"href":"https:\/\/www2.hu-berlin.de\/sts\/wp-json\/wp\/v2\/pages\/2752\/revisions\/3480"}],"up":[{"embeddable":true,"href":"https:\/\/www2.hu-berlin.de\/sts\/wp-json\/wp\/v2\/pages\/3044"}],"wp:attachment":[{"href":"https:\/\/www2.hu-berlin.de\/sts\/wp-json\/wp\/v2\/media?parent=2752"}],"curies":[{"name":"wp","href":"https:\/\/api.w.org\/{rel}","templated":true}]}}