{"id":2814,"date":"2020-11-02T12:20:39","date_gmt":"2020-11-02T11:20:39","guid":{"rendered":"https:\/\/www2.hu-berlin.de\/sts\/?page_id=2814"},"modified":"2022-12-12T08:56:21","modified_gmt":"2022-12-12T07:56:21","slug":"britta-acksel","status":"publish","type":"page","link":"https:\/\/www2.hu-berlin.de\/sts\/people\/current-members\/britta-acksel\/","title":{"rendered":"Britta Acksel"},"content":{"rendered":"\r\n<div style=\"float: left; clear: left;\">\r\n<p><img loading=\"lazy\" decoding=\"async\" class=\"alignleft\" src=\"https:\/\/www2.hu-berlin.de\/sts\/wp-content\/uploads\/2020\/11\/Foto-Acksel-scaled.jpg\" alt=\"Britta Acksel\" width=\"170\" height=\"170\" \/> I am a post-doctoral researcher at the Institute for Media Studies at Ruhr University Bochum.\u00a0<\/p>\r\n<p>My research interests include Anthropology of Policy, Urban Anthropology, Civil Society Engagement and Energy Transition, Science and Technology Studies as well as Human-Environment Relations.<\/p>\r\n<p>The title of my dissertation is \u201cOpening the toolbox\u2026 Cultural anthropological insights into current \u2018sustainability\u2019 efforts\u201d. In this research I am looking at a specific type of policy instruments used by diverse actors in order to further ecological sustainability transformations in cities. My fieldwork focus lay on Almada (PRT), Essen (GER) and Malm\u00f6 (SWE) but I also followed these instruments to Brussels, Aveiro or Frankfurt (Main).<\/p>\r\n<\/div>\r\n<p style=\"text-align: left; margin-bottom: 5px;\">Contact: <a href=\"mailto:Britta.acksel@kwi-nrw.de\">Britta.acksel@rub.de<\/a><\/p>\r\n<p>Find me also at: <a href=\"https:\/\/www.researchgate.net\/profile\/Britta_Acksel\">ResearchGate<\/a> | <a href=\"https:\/\/kulturwissenschaften.de\/en\/person\/britta-acksel\/\">KWI Essen <\/a>|<a href=\"http:\/\/ifm.rub.de\/institut\/personen\/britta-acksel-m-a\/\"> IfM@RUB<\/a><\/p>\r\n<h1 style=\"padding: 10px 0 0 0;\">Publications<\/h1>\r\n<div class=\"teachpress_pub_list\"><form name=\"tppublistform\" method=\"get\"><a name=\"tppubs\" id=\"tppubs\"><\/a><\/form><div class=\"teachpress_publication_list\"><h3 class=\"tp_h3\" id=\"tp_h3_2024\">2024<\/h3><div class=\"tp_publication tp_publication_online\"><div class=\"tp_pub_info\"><p class=\"tp_pub_author\">Anja Klein, Catharina L\u00fcder, Britta Acksel<\/p><p class=\"tp_pub_title\"><a class=\"tp_title_link\" onclick=\"teachpress_pub_showhide('769','tp_links')\" style=\"cursor:pointer;\">Changing toolkits in sustainability research \u2013 a perspective on transformative and transforming methods<\/a> <span class=\"tp_pub_type tp_  online\">Online<\/span> <\/p><p class=\"tp_pub_additional\"><span class=\"tp_pub_additional_year\">2024<\/span><span class=\"tp_pub_additional_urldate\">, visited: 23.12.2024<\/span>.<\/p><p class=\"tp_pub_menu\"><span class=\"tp_resource_link\"><a id=\"tp_links_sh_769\" class=\"tp_show\" onclick=\"teachpress_pub_showhide('769','tp_links')\" title=\"Show links and resources\" style=\"cursor:pointer;\">Links<\/a><\/span><\/p><div class=\"tp_bibtex\" id=\"tp_bibtex_769\" style=\"display:none;\"><div class=\"tp_bibtex_entry\"><pre>@online{Klein2024b,<br \/>\r\ntitle = {Changing toolkits in sustainability research \u2013 a perspective on transformative and transforming methods},<br \/>\r\nauthor = {Anja Klein and Catharina L\u00fcder and Britta Acksel},<br \/>\r\nurl = {https:\/\/4sonline.org\/news_manager.php?page=38848},<br \/>\r\nyear  = {2024},<br \/>\r\ndate = {2024-12-23},<br \/>\r\nurldate = {2024-12-23},<br \/>\r\nhowpublished = {4S Backchannels},<br \/>\r\nkeywords = {},<br \/>\r\npubstate = {published},<br \/>\r\ntppubtype = {online}<br \/>\r\n}<br \/>\r\n<\/pre><\/div><p class=\"tp_close_menu\"><a class=\"tp_close\" onclick=\"teachpress_pub_showhide('769','tp_bibtex')\">Close<\/a><\/p><\/div><div class=\"tp_links\" id=\"tp_links_769\" style=\"display:none;\"><div class=\"tp_links_entry\"><ul class=\"tp_pub_list\"><li><i class=\"fas fa-globe\"><\/i><a class=\"tp_pub_list\" href=\"https:\/\/4sonline.org\/news_manager.php?page=38848\" title=\"https:\/\/4sonline.org\/news_manager.php?page=38848\" target=\"_blank\">https:\/\/4sonline.org\/news_manager.php?page=38848<\/a><\/li><\/ul><\/div><p class=\"tp_close_menu\"><a class=\"tp_close\" onclick=\"teachpress_pub_showhide('769','tp_links')\">Close<\/a><\/p><\/div><\/div><\/div><div class=\"tp_publication tp_publication_article\"><div class=\"tp_pub_info\"><p class=\"tp_pub_author\">Britta Acksel, Jonna Josties, Maxime Le Calv\u00e9<\/p><p class=\"tp_pub_title\"><a class=\"tp_title_link\" onclick=\"teachpress_pub_showhide('767','tp_links')\" style=\"cursor:pointer;\">Beyond Fun: Experiments in Epistemic Dizziness<\/a> <span class=\"tp_pub_type tp_  article\">Journal Article<\/span> <\/p><p class=\"tp_pub_additional\"><span class=\"tp_pub_additional_in\">In: <\/span><span class=\"tp_pub_additional_journal\">EASST Review , <\/span><span class=\"tp_pub_additional_volume\">vol. 43, <\/span><span class=\"tp_pub_additional_issue\">iss. 1, <\/span><span class=\"tp_pub_additional_year\">2024<\/span>.<\/p><p class=\"tp_pub_menu\"><span class=\"tp_resource_link\"><a id=\"tp_links_sh_767\" class=\"tp_show\" onclick=\"teachpress_pub_showhide('767','tp_links')\" title=\"Show links and resources\" style=\"cursor:pointer;\">Links<\/a><\/span><\/p><div class=\"tp_bibtex\" id=\"tp_bibtex_767\" style=\"display:none;\"><div class=\"tp_bibtex_entry\"><pre>@article{nokey,<br \/>\r\ntitle = {Beyond Fun: Experiments in Epistemic Dizziness},<br \/>\r\nauthor = {Britta Acksel and Jonna Josties and Maxime Le Calv\u00e9},<br \/>\r\nurl = {https:\/\/easst.net\/easst-review\/43-1\/beyond-fun-experiments-in-epistemic-dizziness\/},<br \/>\r\nyear  = {2024},<br \/>\r\ndate = {2024-01-01},<br \/>\r\nurldate = {2024-01-01},<br \/>\r\njournal = {EASST Review },<br \/>\r\nvolume = {43},<br \/>\r\nissue = {1},<br \/>\r\nkeywords = {},<br \/>\r\npubstate = {published},<br \/>\r\ntppubtype = {article}<br \/>\r\n}<br \/>\r\n<\/pre><\/div><p class=\"tp_close_menu\"><a class=\"tp_close\" onclick=\"teachpress_pub_showhide('767','tp_bibtex')\">Close<\/a><\/p><\/div><div class=\"tp_links\" id=\"tp_links_767\" style=\"display:none;\"><div class=\"tp_links_entry\"><ul class=\"tp_pub_list\"><li><i class=\"fas fa-globe\"><\/i><a class=\"tp_pub_list\" href=\"https:\/\/easst.net\/easst-review\/43-1\/beyond-fun-experiments-in-epistemic-dizziness\/\" title=\"https:\/\/easst.net\/easst-review\/43-1\/beyond-fun-experiments-in-epistemic-dizzines[...]\" target=\"_blank\">https:\/\/easst.net\/easst-review\/43-1\/beyond-fun-experiments-in-epistemic-dizzines[...]<\/a><\/li><\/ul><\/div><p class=\"tp_close_menu\"><a class=\"tp_close\" onclick=\"teachpress_pub_showhide('767','tp_links')\">Close<\/a><\/p><\/div><\/div><\/div><h3 class=\"tp_h3\" id=\"tp_h3_2022\">2022<\/h3><div class=\"tp_publication tp_publication_article\"><div class=\"tp_pub_info\"><p class=\"tp_pub_author\">Britta Acksel, Catharina L\u00fcder, D\u017eeneta Hod\u017ei\u0107<\/p><p class=\"tp_pub_title\"><a class=\"tp_title_link\" onclick=\"teachpress_pub_showhide('753','tp_links')\" style=\"cursor:pointer;\">Book review: Knox Hannah (2020) Thinking Like a Climate: Governing a City in Times of Environmental Change<\/a> <span class=\"tp_pub_type tp_  article\">Journal Article<\/span> <\/p><p class=\"tp_pub_additional\"><span class=\"tp_pub_additional_in\">In: <\/span><span class=\"tp_pub_additional_journal\">Science &amp; Technology Studies, <\/span><span class=\"tp_pub_additional_volume\">vol. 35, <\/span><span class=\"tp_pub_additional_issue\">iss. 1, <\/span><span class=\"tp_pub_additional_pages\">pp. 80-82, <\/span><span class=\"tp_pub_additional_year\">2022<\/span>.<\/p><p class=\"tp_pub_menu\"><span class=\"tp_resource_link\"><a id=\"tp_links_sh_753\" class=\"tp_show\" onclick=\"teachpress_pub_showhide('753','tp_links')\" title=\"Show links and resources\" style=\"cursor:pointer;\">Links<\/a><\/span><\/p><div class=\"tp_bibtex\" id=\"tp_bibtex_753\" style=\"display:none;\"><div class=\"tp_bibtex_entry\"><pre>@article{Acksel2022,<br \/>\r\ntitle = {Book review: Knox Hannah (2020) Thinking Like a Climate: Governing a City in Times of Environmental Change},<br \/>\r\nauthor = {Britta Acksel and Catharina L\u00fcder and D\u017eeneta Hod\u017ei\u0107},<br \/>\r\nurl = {https:\/\/sciencetechnologystudies.journal.fi\/article\/view\/111092},<br \/>\r\ndoi = {https:\/\/doi.org\/10.23987\/sts.111092},<br \/>\r\nyear  = {2022},<br \/>\r\ndate = {2022-02-15},<br \/>\r\nurldate = {2022-02-15},<br \/>\r\njournal = {Science & Technology Studies},<br \/>\r\nvolume = {35},<br \/>\r\nissue = {1},<br \/>\r\npages = {80-82},<br \/>\r\nkeywords = {},<br \/>\r\npubstate = {published},<br \/>\r\ntppubtype = {article}<br \/>\r\n}<br \/>\r\n<\/pre><\/div><p class=\"tp_close_menu\"><a class=\"tp_close\" onclick=\"teachpress_pub_showhide('753','tp_bibtex')\">Close<\/a><\/p><\/div><div class=\"tp_links\" id=\"tp_links_753\" style=\"display:none;\"><div class=\"tp_links_entry\"><ul class=\"tp_pub_list\"><li><i class=\"fas fa-globe\"><\/i><a class=\"tp_pub_list\" href=\"https:\/\/sciencetechnologystudies.journal.fi\/article\/view\/111092\" title=\"https:\/\/sciencetechnologystudies.journal.fi\/article\/view\/111092\" target=\"_blank\">https:\/\/sciencetechnologystudies.journal.fi\/article\/view\/111092<\/a><\/li><li><i class=\"ai ai-doi\"><\/i><a class=\"tp_pub_list\" href=\"https:\/\/dx.doi.org\/https:\/\/doi.org\/10.23987\/sts.111092\" title=\"Follow DOI:https:\/\/doi.org\/10.23987\/sts.111092\" target=\"_blank\">doi:https:\/\/doi.org\/10.23987\/sts.111092<\/a><\/li><\/ul><\/div><p class=\"tp_close_menu\"><a class=\"tp_close\" onclick=\"teachpress_pub_showhide('753','tp_links')\">Close<\/a><\/p><\/div><\/div><\/div><h3 class=\"tp_h3\" id=\"tp_h3_2020\">2020<\/h3><div class=\"tp_publication tp_publication_misc\"><div class=\"tp_pub_info\"><p class=\"tp_pub_author\">Britta Acksel, Ricarda Menn<\/p><p class=\"tp_pub_title\"><a class=\"tp_title_link\" onclick=\"teachpress_pub_showhide('725','tp_links')\" style=\"cursor:pointer;\">Schreiben und Zeit \/ Schreiben und Corona Zeit. Einige Gedanken und zwei Einladungen<\/a> <span class=\"tp_pub_type tp_  misc\">Miscellaneous<\/span> <\/p><p class=\"tp_pub_additional\"><span class=\"tp_pub_additional_year\">2020<\/span>.<\/p><p class=\"tp_pub_menu\"><span class=\"tp_resource_link\"><a id=\"tp_links_sh_725\" class=\"tp_show\" onclick=\"teachpress_pub_showhide('725','tp_links')\" title=\"Show links and resources\" style=\"cursor:pointer;\">Links<\/a><\/span><\/p><div class=\"tp_bibtex\" id=\"tp_bibtex_725\" style=\"display:none;\"><div class=\"tp_bibtex_entry\"><pre>@misc{Acksel2020,<br \/>\r\ntitle = {Schreiben und Zeit \/ Schreiben und Corona Zeit. Einige Gedanken und zwei Einladungen},<br \/>\r\nauthor = {Britta Acksel and Ricarda Menn},<br \/>\r\nurl = {https:\/\/blog.kulturwissenschaften.de\/schreiben-und-zeit-schreiben-und-corona-zeit\/},<br \/>\r\nyear  = {2020},<br \/>\r\ndate = {2020-09-15},<br \/>\r\norganization = {KWI-Blog},<br \/>\r\nkeywords = {},<br \/>\r\npubstate = {published},<br \/>\r\ntppubtype = {misc}<br \/>\r\n}<br \/>\r\n<\/pre><\/div><p class=\"tp_close_menu\"><a class=\"tp_close\" onclick=\"teachpress_pub_showhide('725','tp_bibtex')\">Close<\/a><\/p><\/div><div class=\"tp_links\" id=\"tp_links_725\" style=\"display:none;\"><div class=\"tp_links_entry\"><ul class=\"tp_pub_list\"><li><i class=\"fas fa-globe\"><\/i><a class=\"tp_pub_list\" href=\"https:\/\/blog.kulturwissenschaften.de\/schreiben-und-zeit-schreiben-und-corona-zeit\/\" title=\"https:\/\/blog.kulturwissenschaften.de\/schreiben-und-zeit-schreiben-und-corona-zei[...]\" target=\"_blank\">https:\/\/blog.kulturwissenschaften.de\/schreiben-und-zeit-schreiben-und-corona-zei[...]<\/a><\/li><\/ul><\/div><p class=\"tp_close_menu\"><a class=\"tp_close\" onclick=\"teachpress_pub_showhide('725','tp_links')\">Close<\/a><\/p><\/div><\/div><\/div><\/div><\/div>\r\n<p>\r\n\r\n<\/p>\r\n<p>&nbsp;<\/p>\r\n<p><\/p>","protected":false},"excerpt":{"rendered":"<p>I am a post-doctoral researcher at the Institute for Media Studies at Ruhr University Bochum.\u00a0 My research interests include Anthropology of Policy, Urban Anthropology, Civil Society Engagement and Energy Transition, Science and Technology Studies as well as Human-Environment Relations. The title of my dissertation is \u201cOpening the toolbox\u2026 Cultural anthropological &hellip;<\/p>\n","protected":false},"author":34,"featured_media":3038,"parent":3044,"menu_order":0,"comment_status":"closed","ping_status":"closed","template":"","meta":{"footnotes":""},"_links":{"self":[{"href":"https:\/\/www2.hu-berlin.de\/sts\/wp-json\/wp\/v2\/pages\/2814"}],"collection":[{"href":"https:\/\/www2.hu-berlin.de\/sts\/wp-json\/wp\/v2\/pages"}],"about":[{"href":"https:\/\/www2.hu-berlin.de\/sts\/wp-json\/wp\/v2\/types\/page"}],"author":[{"embeddable":true,"href":"https:\/\/www2.hu-berlin.de\/sts\/wp-json\/wp\/v2\/users\/34"}],"replies":[{"embeddable":true,"href":"https:\/\/www2.hu-berlin.de\/sts\/wp-json\/wp\/v2\/comments?post=2814"}],"version-history":[{"count":9,"href":"https:\/\/www2.hu-berlin.de\/sts\/wp-json\/wp\/v2\/pages\/2814\/revisions"}],"predecessor-version":[{"id":3420,"href":"https:\/\/www2.hu-berlin.de\/sts\/wp-json\/wp\/v2\/pages\/2814\/revisions\/3420"}],"up":[{"embeddable":true,"href":"https:\/\/www2.hu-berlin.de\/sts\/wp-json\/wp\/v2\/pages\/3044"}],"wp:featuredmedia":[{"embeddable":true,"href":"https:\/\/www2.hu-berlin.de\/sts\/wp-json\/wp\/v2\/media\/3038"}],"wp:attachment":[{"href":"https:\/\/www2.hu-berlin.de\/sts\/wp-json\/wp\/v2\/media?parent=2814"}],"curies":[{"name":"wp","href":"https:\/\/api.w.org\/{rel}","templated":true}]}}