{"id":2947,"date":"2021-06-08T10:49:57","date_gmt":"2021-06-08T08:49:57","guid":{"rendered":"https:\/\/www2.hu-berlin.de\/sts\/?page_id=2947"},"modified":"2021-08-16T14:35:08","modified_gmt":"2021-08-16T12:35:08","slug":"ocakli","status":"publish","type":"page","link":"https:\/\/www2.hu-berlin.de\/sts\/people\/current-members\/ocakli\/","title":{"rendered":"Beril Ocakl\u0131"},"content":{"rendered":"<div style=\"float: left; clear: left;\">\n<p><img loading=\"lazy\" decoding=\"async\" class=\"alignleft\" src=\"https:\/\/www2.hu-berlin.de\/sts\/wp-content\/uploads\/2021\/06\/beril-e1623141545802.jpg\" alt=\"Beril Ocakli\" width=\"170\" height=\"170\" \/> I am a final-stage doctoral researcher at the Integrative Research Institute on Transformations of Human-Environment Systems (IRI THESys) at Humboldt-Universit\u00e4t zu Berlin.<br \/>\nI hold a BA in International Economics from the Corvinus University of Budapest, Hungary (2006) and a MSc in Development Studies from the London School of Economics and Political Sciences (LSE), UK (2007). I have a track record of leading international transdisciplinary cooperation projects on behalf of the German Federal Government, EU and other multinational organisations in resource governance in Eurasia.<br \/>\nChallenged by the realities on the ground, in 2015 I returned to academia. Within the framework of my research project \u201cExtractive socionatures and resistance. The un\/making of Kyrgyzstan\u2019s Gold Rush\u201d, I explore multi-scalar valuations, discourses, practices that at once push and halt Kyrgyzstan\u2019s gold rush. My multi-method research is at the intersection of critical institutional economics, geography and anthropology focusing on extractivisms and alternatives. At IRI THESys, I am a member of the Research Group on \u2018Hydrology &amp; Society\u2019.<\/p>\n<p>Contact: <a href=\"mailto:beril.ocakli@hu-berlin.de\">beril.ocakli@hu-berlin.de<\/a><br \/>\nFind me also at: <a href=\"https:\/\/www.iri-thesys.org\/people\/ocakli\">IRI THESys<\/a> | <a href=\"https:\/\/twitter.com\/berilocakli?lang=en\">Twitter<\/a> | <a href=\"https:\/\/www.researchgate.net\/profile\/Beril-Ocakli\">ResearchGate<\/a> | <a href=\"https:\/\/www.linkedin.com\/in\/beril-ocakl%C4%B1\/\">LinkedIn<\/a><\/p>\n<\/div>\n<h1 style=\"padding: 10px 0 0 0;\">Publications<\/h1>\n<div class=\"teachpress_pub_list\"><form name=\"tppublistform\" method=\"get\"><a name=\"tppubs\" id=\"tppubs\"><\/a><\/form><div class=\"teachpress_publication_list\"><h3 class=\"tp_h3\" id=\"tp_h3_2022\">2022<\/h3><div class=\"tp_publication tp_publication_article\"><div class=\"tp_pub_info\"><p class=\"tp_pub_author\">Beril Ocakl\u0131, J\u00f6rg Niew\u00f6hner<\/p><p class=\"tp_pub_title\"><a class=\"tp_title_link\" onclick=\"teachpress_pub_showhide('749','tp_links')\" style=\"cursor:pointer;\">Making and unmaking gold as a resource. Resistant socionatures in Maidan, Kyrgyzstan<\/a> <span class=\"tp_pub_type tp_  article\">Journal Article<\/span> <\/p><p class=\"tp_pub_additional\"><span class=\"tp_pub_additional_in\">In: <\/span><span class=\"tp_pub_additional_journal\">Geoforum, <\/span><span class=\"tp_pub_additional_volume\">vol. 131, <\/span><span class=\"tp_pub_additional_pages\">pp. 151-162, <\/span><span class=\"tp_pub_additional_year\">2022<\/span>.<\/p><p class=\"tp_pub_menu\"><span class=\"tp_abstract_link\"><a id=\"tp_abstract_sh_749\" class=\"tp_show\" onclick=\"teachpress_pub_showhide('749','tp_abstract')\" title=\"Show abstract\" style=\"cursor:pointer;\">Abstract<\/a><\/span> | <span class=\"tp_resource_link\"><a id=\"tp_links_sh_749\" class=\"tp_show\" onclick=\"teachpress_pub_showhide('749','tp_links')\" title=\"Show links and resources\" style=\"cursor:pointer;\">Links<\/a><\/span><\/p><div class=\"tp_bibtex\" id=\"tp_bibtex_749\" style=\"display:none;\"><div class=\"tp_bibtex_entry\"><pre>@article{Ocakl\u01312021b,<br \/>\r\ntitle = {Making and unmaking gold as a resource. Resistant socionatures in Maidan, Kyrgyzstan},<br \/>\r\nauthor = {Beril Ocakl\u0131 and J\u00f6rg Niew\u00f6hner},<br \/>\r\nurl = {https:\/\/www.researchgate.net\/publication\/359510612_Making_and_unmaking_gold_as_a_resource_Resistant_socionatures_in_Maidan_Kyrgyzstan},<br \/>\r\ndoi = {https:\/\/doi.org\/10.1016\/j.geoforum.2022.03.015},<br \/>\r\nyear  = {2022},<br \/>\r\ndate = {2022-04-01},<br \/>\r\nurldate = {2021-12-01},<br \/>\r\njournal = {Geoforum},<br \/>\r\nvolume = {131},<br \/>\r\npages = {151-162},<br \/>\r\nabstract = {In October 2013, around 200 protestors from the rural settlement Maidan in Kyrgyzstan clashed violently with the representatives of the exploration company as they brought in the first excavator to construct the mining infrastructure for the 'Shambesai' gold deposit. This paper is an attempt to understand the processes and practices that have led to this escalation and that continue to sustain Maidan's rejection of the gold mine to date. Motivated by state and corporate assertions that attribute such actions primarily to material interests, we engage this resistance to gold extractivism in sociomaterial terms trying to understand more deeply the dynamics of ordinary citizens' activism. Based on multi-stage interdisciplinary research, we trace and reconstruct the socionatural conditions and practices that have culminated in Maidan's decade-long struggle to unmake gold as a resource on their territory. Focusing on resource materialities, their valuations and governance, we present an historico-geographical analysis of making and unmaking of a resource frontier. Against the backdrop of the extractive order that has prevailed in Kyrgyzstan over the last three decades, we understand Maidan's struggle to be a form of situated institutional experimentation for shaping meaningful and just more-than-human socionatures.},<br \/>\r\nkeywords = {},<br \/>\r\npubstate = {published},<br \/>\r\ntppubtype = {article}<br \/>\r\n}<br \/>\r\n<\/pre><\/div><p class=\"tp_close_menu\"><a class=\"tp_close\" onclick=\"teachpress_pub_showhide('749','tp_bibtex')\">Close<\/a><\/p><\/div><div class=\"tp_abstract\" id=\"tp_abstract_749\" style=\"display:none;\"><div class=\"tp_abstract_entry\">In October 2013, around 200 protestors from the rural settlement Maidan in Kyrgyzstan clashed violently with the representatives of the exploration company as they brought in the first excavator to construct the mining infrastructure for the 'Shambesai' gold deposit. This paper is an attempt to understand the processes and practices that have led to this escalation and that continue to sustain Maidan's rejection of the gold mine to date. Motivated by state and corporate assertions that attribute such actions primarily to material interests, we engage this resistance to gold extractivism in sociomaterial terms trying to understand more deeply the dynamics of ordinary citizens' activism. Based on multi-stage interdisciplinary research, we trace and reconstruct the socionatural conditions and practices that have culminated in Maidan's decade-long struggle to unmake gold as a resource on their territory. Focusing on resource materialities, their valuations and governance, we present an historico-geographical analysis of making and unmaking of a resource frontier. Against the backdrop of the extractive order that has prevailed in Kyrgyzstan over the last three decades, we understand Maidan's struggle to be a form of situated institutional experimentation for shaping meaningful and just more-than-human socionatures.<\/div><p class=\"tp_close_menu\"><a class=\"tp_close\" onclick=\"teachpress_pub_showhide('749','tp_abstract')\">Close<\/a><\/p><\/div><div class=\"tp_links\" id=\"tp_links_749\" style=\"display:none;\"><div class=\"tp_links_entry\"><ul class=\"tp_pub_list\"><li><i class=\"fas fa-globe\"><\/i><a class=\"tp_pub_list\" href=\"https:\/\/www.researchgate.net\/publication\/359510612_Making_and_unmaking_gold_as_a_resource_Resistant_socionatures_in_Maidan_Kyrgyzstan\" title=\"https:\/\/www.researchgate.net\/publication\/359510612_Making_and_unmaking_gold_as_a[...]\" target=\"_blank\">https:\/\/www.researchgate.net\/publication\/359510612_Making_and_unmaking_gold_as_a[...]<\/a><\/li><li><i class=\"ai ai-doi\"><\/i><a class=\"tp_pub_list\" href=\"https:\/\/dx.doi.org\/https:\/\/doi.org\/10.1016\/j.geoforum.2022.03.015\" title=\"Follow DOI:https:\/\/doi.org\/10.1016\/j.geoforum.2022.03.015\" target=\"_blank\">doi:https:\/\/doi.org\/10.1016\/j.geoforum.2022.03.015<\/a><\/li><\/ul><\/div><p class=\"tp_close_menu\"><a class=\"tp_close\" onclick=\"teachpress_pub_showhide('749','tp_links')\">Close<\/a><\/p><\/div><\/div><\/div><h3 class=\"tp_h3\" id=\"tp_h3_2021\">2021<\/h3><div class=\"tp_publication tp_publication_article\"><div class=\"tp_pub_info\"><p class=\"tp_pub_author\">Beril Ocakl\u0131, Tobias Krueger, Marco A. Janssen, Ulan Kasymov<\/p><p class=\"tp_pub_title\"><a class=\"tp_title_link\" onclick=\"teachpress_pub_showhide('747','tp_links')\" style=\"cursor:pointer;\">Taking the discourse seriously: Rational self-interest and resistance to mining in Kyrgyzstan<\/a> <span class=\"tp_pub_type tp_  article\">Journal Article<\/span> <\/p><p class=\"tp_pub_additional\"><span class=\"tp_pub_additional_in\">In: <\/span><span class=\"tp_pub_additional_journal\">Ecological Economics, <\/span><span class=\"tp_pub_additional_volume\">vol. 189, <\/span><span class=\"tp_pub_additional_number\">no. 107177, <\/span><span class=\"tp_pub_additional_year\">2021<\/span>.<\/p><p class=\"tp_pub_menu\"><span class=\"tp_abstract_link\"><a id=\"tp_abstract_sh_747\" class=\"tp_show\" onclick=\"teachpress_pub_showhide('747','tp_abstract')\" title=\"Show abstract\" style=\"cursor:pointer;\">Abstract<\/a><\/span> | <span class=\"tp_resource_link\"><a id=\"tp_links_sh_747\" class=\"tp_show\" onclick=\"teachpress_pub_showhide('747','tp_links')\" title=\"Show links and resources\" style=\"cursor:pointer;\">Links<\/a><\/span><\/p><div class=\"tp_bibtex\" id=\"tp_bibtex_747\" style=\"display:none;\"><div class=\"tp_bibtex_entry\"><pre>@article{Ocakl\u01312021,<br \/>\r\ntitle = {Taking the discourse seriously: Rational self-interest and resistance to mining in Kyrgyzstan},<br \/>\r\nauthor = {Beril Ocakl\u0131 and Tobias Krueger and Marco A. Janssen and Ulan Kasymov},<br \/>\r\neditor = {Ocakl\u0131, Beril, Tobias Krueger, Marco A. Janssen, and Ulan Kasymov. 2021. \"\" Ecological Economics 189:107177. doi: https:\/\/doi.org\/10.1016\/j.ecolecon.2021.107177.<br \/>\r\n<br \/>\r\n},<br \/>\r\ndoi = {https:\/\/doi.org\/10.1016\/j.ecolecon.2021.107177},<br \/>\r\nyear  = {2021},<br \/>\r\ndate = {2021-08-01},<br \/>\r\njournal = {Ecological Economics},<br \/>\r\nvolume = {189},<br \/>\r\nnumber = {107177},<br \/>\r\nabstract = {-- preprint available form the lead author upon request --<br \/>\r\n<br \/>\r\nFaced with mounting resistance against mining, neoliberal governance resorts to polarising strategies that delegitimise the heterogenous positions people hold regarding mining. In this paper, we contrast and complicate these dichotomies with the lived experiences on the ground in Kyrgyzstan. We focus on the \u2018Taldy-Bulak Levoberezhny\u2019 gold mine near the town of Orlovka that has been lauded by the state and business community as a paragon of company-community \u2018cooperation\u2019. We question how the gold mine has come to be an exemplary case of cooperation in a conflict-rife sector. Based on behavioural experiments, surveys, and in-depth inquiry, we follow and unpack entanglements of valuations, discourses and practices that have repackaged Orlovka from a former Soviet mining town in depression into a putative model of progress. Our interdisciplinary account unravels the contradictory processes of re\/making extractive frontiers and managing resistance to extractivist expansion that interweave neoliberal practices with nationalist discourses. Beneath the discourses praising Orlovka, we find a community that has never stopped resisting despite consenting to the gold mine. The extractive entanglements we unearth exemplify the diversity of exigencies and aspirations behind resisting, negotiating and\/or allowing mining while attesting to the diversified portfolio of tactics that silence and delegitimise these life concerns.},<br \/>\r\nkeywords = {},<br \/>\r\npubstate = {published},<br \/>\r\ntppubtype = {article}<br \/>\r\n}<br \/>\r\n<\/pre><\/div><p class=\"tp_close_menu\"><a class=\"tp_close\" onclick=\"teachpress_pub_showhide('747','tp_bibtex')\">Close<\/a><\/p><\/div><div class=\"tp_abstract\" id=\"tp_abstract_747\" style=\"display:none;\"><div class=\"tp_abstract_entry\">-- preprint available form the lead author upon request --<br \/>\r\n<br \/>\r\nFaced with mounting resistance against mining, neoliberal governance resorts to polarising strategies that delegitimise the heterogenous positions people hold regarding mining. In this paper, we contrast and complicate these dichotomies with the lived experiences on the ground in Kyrgyzstan. We focus on the \u2018Taldy-Bulak Levoberezhny\u2019 gold mine near the town of Orlovka that has been lauded by the state and business community as a paragon of company-community \u2018cooperation\u2019. We question how the gold mine has come to be an exemplary case of cooperation in a conflict-rife sector. Based on behavioural experiments, surveys, and in-depth inquiry, we follow and unpack entanglements of valuations, discourses and practices that have repackaged Orlovka from a former Soviet mining town in depression into a putative model of progress. Our interdisciplinary account unravels the contradictory processes of re\/making extractive frontiers and managing resistance to extractivist expansion that interweave neoliberal practices with nationalist discourses. Beneath the discourses praising Orlovka, we find a community that has never stopped resisting despite consenting to the gold mine. The extractive entanglements we unearth exemplify the diversity of exigencies and aspirations behind resisting, negotiating and\/or allowing mining while attesting to the diversified portfolio of tactics that silence and delegitimise these life concerns.<\/div><p class=\"tp_close_menu\"><a class=\"tp_close\" onclick=\"teachpress_pub_showhide('747','tp_abstract')\">Close<\/a><\/p><\/div><div class=\"tp_links\" id=\"tp_links_747\" style=\"display:none;\"><div class=\"tp_links_entry\"><ul class=\"tp_pub_list\"><li><i class=\"ai ai-doi\"><\/i><a class=\"tp_pub_list\" href=\"https:\/\/dx.doi.org\/https:\/\/doi.org\/10.1016\/j.ecolecon.2021.107177\" title=\"Follow DOI:https:\/\/doi.org\/10.1016\/j.ecolecon.2021.107177\" target=\"_blank\">doi:https:\/\/doi.org\/10.1016\/j.ecolecon.2021.107177<\/a><\/li><\/ul><\/div><p class=\"tp_close_menu\"><a class=\"tp_close\" onclick=\"teachpress_pub_showhide('747','tp_links')\">Close<\/a><\/p><\/div><\/div><\/div><h3 class=\"tp_h3\" id=\"tp_h3_2020\">2020<\/h3><div class=\"tp_publication tp_publication_article\"><div class=\"tp_pub_info\"><p class=\"tp_pub_author\">Beril Ocakl\u0131, Tobias Kr\u00fcger, J\u00f6rg Niew\u00f6hner<\/p><p class=\"tp_pub_title\"><a class=\"tp_title_link\" onclick=\"teachpress_pub_showhide('715','tp_links')\" style=\"cursor:pointer;\">Shades of Conflict in Kyrgyzstan: National Actor Perceptions and Behaviour in Mining<\/a> <span class=\"tp_pub_type tp_  article\">Journal Article<\/span> <\/p><p class=\"tp_pub_additional\"><span class=\"tp_pub_additional_in\">In: <\/span><span class=\"tp_pub_additional_journal\">International Journal of the Commons, <\/span><span class=\"tp_pub_additional_volume\">vol. 14, <\/span><span class=\"tp_pub_additional_number\">no. 1, <\/span><span class=\"tp_pub_additional_pages\">pp. 191-207, <\/span><span class=\"tp_pub_additional_year\">2020<\/span>.<\/p><p class=\"tp_pub_menu\"><span class=\"tp_abstract_link\"><a id=\"tp_abstract_sh_715\" class=\"tp_show\" onclick=\"teachpress_pub_showhide('715','tp_abstract')\" title=\"Show abstract\" style=\"cursor:pointer;\">Abstract<\/a><\/span> | <span class=\"tp_resource_link\"><a id=\"tp_links_sh_715\" class=\"tp_show\" onclick=\"teachpress_pub_showhide('715','tp_links')\" title=\"Show links and resources\" style=\"cursor:pointer;\">Links<\/a><\/span><\/p><div class=\"tp_bibtex\" id=\"tp_bibtex_715\" style=\"display:none;\"><div class=\"tp_bibtex_entry\"><pre>@article{Ocakl\u01312020,<br \/>\r\ntitle = {Shades of Conflict in Kyrgyzstan: National Actor Perceptions and Behaviour in Mining},<br \/>\r\nauthor = {Beril Ocakl\u0131 and Tobias Kr\u00fcger and J\u00f6rg Niew\u00f6hner},<br \/>\r\ndoi = {http:\/\/doi.org\/10.5334\/ijc.988},<br \/>\r\nyear  = {2020},<br \/>\r\ndate = {2020-02-20},<br \/>\r\njournal = {International Journal of the Commons},<br \/>\r\nvolume = {14},<br \/>\r\nnumber = {1},<br \/>\r\npages = {191-207},<br \/>\r\nabstract = {Confronted with advancing resource frontiers, local communities increasingly rely on conflict to re-establish order in the face of problematic interdependences brought about by mining transactions. This article captures the interactions at national level that engender these interdependences in the first place. We explore how national actor groups influence emerging regularities of behaviour in mining through the example of gold mining in Kyrgyzstan \u2013 a fragile resource-dependent country divided by mining conflicts. For the analysis of these emerging patterns of behaviour, we focus on shared beliefs and norms that in interaction with perceived dimensions of transactions provide motivation to act. The identified regularities of behaviour help differentiate the otherwise crude dichotomy of conflict and cooperation, pointing to shades of conflicts. Mining conflicts in Kyrgyzstan are driven by profound structural factors that are rooted in weak governance, lack of institutional trust and limited cooperation across national actor groups. Risks and costs are distributed to outgroups, threatening the local social-ecological systems and further fragmenting Kyrgyz society. If extraction continues in the current mode of governance, resource-based grievances are likely to persist in Kyrgyzstan, as mining will increasingly encroach on local ecosystems, livelihoods and cultural commons \u2013 unless the national perceptions and shared beliefs change.},<br \/>\r\nkeywords = {},<br \/>\r\npubstate = {published},<br \/>\r\ntppubtype = {article}<br \/>\r\n}<br \/>\r\n<\/pre><\/div><p class=\"tp_close_menu\"><a class=\"tp_close\" onclick=\"teachpress_pub_showhide('715','tp_bibtex')\">Close<\/a><\/p><\/div><div class=\"tp_abstract\" id=\"tp_abstract_715\" style=\"display:none;\"><div class=\"tp_abstract_entry\">Confronted with advancing resource frontiers, local communities increasingly rely on conflict to re-establish order in the face of problematic interdependences brought about by mining transactions. This article captures the interactions at national level that engender these interdependences in the first place. We explore how national actor groups influence emerging regularities of behaviour in mining through the example of gold mining in Kyrgyzstan \u2013 a fragile resource-dependent country divided by mining conflicts. For the analysis of these emerging patterns of behaviour, we focus on shared beliefs and norms that in interaction with perceived dimensions of transactions provide motivation to act. The identified regularities of behaviour help differentiate the otherwise crude dichotomy of conflict and cooperation, pointing to shades of conflicts. Mining conflicts in Kyrgyzstan are driven by profound structural factors that are rooted in weak governance, lack of institutional trust and limited cooperation across national actor groups. Risks and costs are distributed to outgroups, threatening the local social-ecological systems and further fragmenting Kyrgyz society. If extraction continues in the current mode of governance, resource-based grievances are likely to persist in Kyrgyzstan, as mining will increasingly encroach on local ecosystems, livelihoods and cultural commons \u2013 unless the national perceptions and shared beliefs change.<\/div><p class=\"tp_close_menu\"><a class=\"tp_close\" onclick=\"teachpress_pub_showhide('715','tp_abstract')\">Close<\/a><\/p><\/div><div class=\"tp_links\" id=\"tp_links_715\" style=\"display:none;\"><div class=\"tp_links_entry\"><ul class=\"tp_pub_list\"><li><i class=\"ai ai-doi\"><\/i><a class=\"tp_pub_list\" href=\"https:\/\/dx.doi.org\/http:\/\/doi.org\/10.5334\/ijc.988\" title=\"Follow DOI:http:\/\/doi.org\/10.5334\/ijc.988\" target=\"_blank\">doi:http:\/\/doi.org\/10.5334\/ijc.988<\/a><\/li><\/ul><\/div><p class=\"tp_close_menu\"><a class=\"tp_close\" onclick=\"teachpress_pub_showhide('715','tp_links')\">Close<\/a><\/p><\/div><\/div><\/div><div class=\"tp_publication tp_publication_misc\"><div class=\"tp_pub_info\"><p class=\"tp_pub_author\">Florian Coppenrath, Lukas D\u00fcnser, Beril Ocakl\u0131, Robin Roth, Julia Tappeiner<\/p><p class=\"tp_pub_title\"><a class=\"tp_title_link\" onclick=\"teachpress_pub_showhide('748','tp_links')\" style=\"cursor:pointer;\">F\u00fcnf Stans auf der Suche<\/a> <span class=\"tp_pub_type tp_  misc\">Miscellaneous<\/span> <\/p><p class=\"tp_pub_additional\"><span class=\"tp_pub_additional_year\">2020<\/span>.<\/p><p class=\"tp_pub_menu\"><span class=\"tp_resource_link\"><a id=\"tp_links_sh_748\" class=\"tp_show\" onclick=\"teachpress_pub_showhide('748','tp_links')\" title=\"Show links and resources\" style=\"cursor:pointer;\">Links<\/a><\/span><\/p><div class=\"tp_bibtex\" id=\"tp_bibtex_748\" style=\"display:none;\"><div class=\"tp_bibtex_entry\"><pre>@misc{Coppenrath2020,<br \/>\r\ntitle = {F\u00fcnf Stans auf der Suche},<br \/>\r\nauthor = {Florian Coppenrath and Lukas D\u00fcnser and Beril Ocakl\u0131 and Robin Roth and Julia Tappeiner},<br \/>\r\nurl = {https:\/\/www.suedwind-magazin.at\/fuenf-stans-auf-der-suche},<br \/>\r\nyear  = {2020},<br \/>\r\ndate = {2020-01-01},<br \/>\r\nkeywords = {},<br \/>\r\npubstate = {published},<br \/>\r\ntppubtype = {misc}<br \/>\r\n}<br \/>\r\n<\/pre><\/div><p class=\"tp_close_menu\"><a class=\"tp_close\" onclick=\"teachpress_pub_showhide('748','tp_bibtex')\">Close<\/a><\/p><\/div><div class=\"tp_links\" id=\"tp_links_748\" style=\"display:none;\"><div class=\"tp_links_entry\"><ul class=\"tp_pub_list\"><li><i class=\"fas fa-globe\"><\/i><a class=\"tp_pub_list\" href=\"https:\/\/www.suedwind-magazin.at\/fuenf-stans-auf-der-suche\" title=\"https:\/\/www.suedwind-magazin.at\/fuenf-stans-auf-der-suche\" target=\"_blank\">https:\/\/www.suedwind-magazin.at\/fuenf-stans-auf-der-suche<\/a><\/li><\/ul><\/div><p class=\"tp_close_menu\"><a class=\"tp_close\" onclick=\"teachpress_pub_showhide('748','tp_links')\">Close<\/a><\/p><\/div><\/div><\/div><\/div><\/div>\n","protected":false},"excerpt":{"rendered":"<p>I am a final-stage doctoral researcher at the Integrative Research Institute on Transformations of Human-Environment Systems (IRI THESys) at Humboldt-Universit\u00e4t zu Berlin. I hold a BA in International Economics from the Corvinus University of Budapest, Hungary (2006) and a MSc in Development Studies from the London School of Economics and &hellip;<\/p>\n","protected":false},"author":36,"featured_media":0,"parent":3044,"menu_order":91,"comment_status":"closed","ping_status":"closed","template":"","meta":{"footnotes":""},"_links":{"self":[{"href":"https:\/\/www2.hu-berlin.de\/sts\/wp-json\/wp\/v2\/pages\/2947"}],"collection":[{"href":"https:\/\/www2.hu-berlin.de\/sts\/wp-json\/wp\/v2\/pages"}],"about":[{"href":"https:\/\/www2.hu-berlin.de\/sts\/wp-json\/wp\/v2\/types\/page"}],"author":[{"embeddable":true,"href":"https:\/\/www2.hu-berlin.de\/sts\/wp-json\/wp\/v2\/users\/36"}],"replies":[{"embeddable":true,"href":"https:\/\/www2.hu-berlin.de\/sts\/wp-json\/wp\/v2\/comments?post=2947"}],"version-history":[{"count":10,"href":"https:\/\/www2.hu-berlin.de\/sts\/wp-json\/wp\/v2\/pages\/2947\/revisions"}],"predecessor-version":[{"id":3187,"href":"https:\/\/www2.hu-berlin.de\/sts\/wp-json\/wp\/v2\/pages\/2947\/revisions\/3187"}],"up":[{"embeddable":true,"href":"https:\/\/www2.hu-berlin.de\/sts\/wp-json\/wp\/v2\/pages\/3044"}],"wp:attachment":[{"href":"https:\/\/www2.hu-berlin.de\/sts\/wp-json\/wp\/v2\/media?parent=2947"}],"curies":[{"name":"wp","href":"https:\/\/api.w.org\/{rel}","templated":true}]}}